{"id":3930,"date":"2025-11-28T12:10:16","date_gmt":"2025-11-28T12:10:16","guid":{"rendered":"https:\/\/www.simtaly.com\/?page_id=3930"},"modified":"2025-12-01T11:06:50","modified_gmt":"2025-12-01T10:06:50","slug":"hakkimizda","status":"publish","type":"page","link":"https:\/\/www.simtaly.com\/tr\/hakkimizda\/","title":{"rendered":"Hakk\u0131m\u0131zda"},"content":{"rendered":"<div data-elementor-type=\"wp-page\" data-elementor-id=\"3930\" class=\"elementor elementor-3930\" data-elementor-post-type=\"page\">\n\t\t\t\t<div class=\"elementor-element elementor-element-913f3fd e-flex e-con-boxed e-con e-parent\" data-id=\"913f3fd\" data-element_type=\"container\" data-settings=\"{&quot;background_background&quot;:&quot;gradient&quot;}\">\n\t\t\t\t\t<div class=\"e-con-inner\">\n\t\t\t\t<div class=\"elementor-element elementor-element-202bf3b elementor-widget elementor-widget-heading\" data-id=\"202bf3b\" data-element_type=\"widget\" data-widget_type=\"heading.default\">\n\t\t\t\t\t<h1 class=\"elementor-heading-title elementor-size-default\">Hakk\u0131m\u0131zda<\/h1>\t\t\t\t<\/div>\n\t\t\t\t\t<\/div>\n\t\t\t\t<\/div>\n\t\t<div class=\"elementor-element elementor-element-9011448 e-flex e-con-boxed e-con e-parent\" data-id=\"9011448\" data-element_type=\"container\">\n\t\t\t\t\t<div class=\"e-con-inner\">\n\t\t\t\t<div class=\"elementor-element elementor-element-22ca553 elementor-widget elementor-widget-spacer\" data-id=\"22ca553\" data-element_type=\"widget\" data-widget_type=\"spacer.default\">\n\t\t\t\t\t\t\t<div class=\"elementor-spacer\">\n\t\t\t<div class=\"elementor-spacer-inner\"><\/div>\n\t\t<\/div>\n\t\t\t\t\t\t<\/div>\n\t\t\t\t\t<\/div>\n\t\t\t\t<\/div>\n\t\t<div class=\"elementor-element elementor-element-eb22c6b e-flex e-con-boxed e-con e-parent\" data-id=\"eb22c6b\" data-element_type=\"container\">\n\t\t\t\t\t<div class=\"e-con-inner\">\n\t\t\t\t<div class=\"elementor-element elementor-element-5784496 elementor-widget elementor-widget-text-editor\" data-id=\"5784496\" data-element_type=\"widget\" data-widget_type=\"text-editor.default\">\n\t\t\t\t\t\t\t\t\t<h3>Hakk\u0131m\u0131zda \u2014 Simtaly Travel eSIM<\/h3><div>Simtaly, Almanya'n\u0131n K\u00f6ln \u015fehrinde bulunan lisansl\u0131 bir telekom\u00fcnikasyon \u015firketi olan DALASON GmbH'nin uluslararas\u0131 seyahat eSIM markas\u0131d\u0131r. 2007 y\u0131l\u0131ndan bu yana, insanlar\u0131n yurt i\u00e7inde ve yurt d\u0131\u015f\u0131nda ba\u011flant\u0131da kalmalar\u0131na yard\u0131mc\u0131 olan dijital ileti\u015fim \u00fcr\u00fcnleri geli\u015ftiriyoruz. Bug\u00fcn, bu uzmanl\u0131\u011f\u0131m\u0131z\u0131 kullanarak, d\u00fcnyay\u0131 ke\u015ffederken basit ve \u015feffaf mobil veri isteyen k\u00fcresel gezginler i\u00e7in g\u00fcvenilir ve uygun fiyatl\u0131 eSIM \u00e7\u00f6z\u00fcmleri sunuyoruz.<\/div><div>\u00a0<\/div><div>Misyonumuz a\u00e7\u0131kt\u0131r:<\/div><div>An\u0131nda etkinle\u015fen h\u0131zl\u0131, \u00f6n \u00f6demeli seyahat eSIM'leri ile yurtd\u0131\u015f\u0131nda mobil veri kullan\u0131m\u0131n\u0131 basit, adil ve stressiz hale getirin.<\/div><div>\u00a0<\/div><h3>Biz Kimiz<\/h3><div>DALASON GmbH, merkezi a\u015fa\u011f\u0131daki adreste bulunan bir Alman limited \u015firketidir (GmbH):<\/div><div>DALASON GmbH<\/div><div>Lindenstra\u00dfe 82<\/div><div>50674 K\u00f6ln<\/div><div>Almanya<\/div><div>\u00a0<\/div><div>Uzun y\u0131llard\u0131r telekom\u00fcnikasyon ve BT sekt\u00f6r\u00fcnde faaliyet g\u00f6steriyor ve markam\u0131z arac\u0131l\u0131\u011f\u0131yla a\u011f planlama ve bulut tabanl\u0131 VoIP\/sanal telefon sistemleri gibi \u00e7\u00f6z\u00fcmler sunuyoruz. <a href=\"http:\/\/www.wirecloud.de\" rel=\"nofollow noopener\" target=\"_blank\">WIRECLOUD<\/a>.<\/div><div>Hizmetlerimiz <a href=\"https:\/\/www.dcalling.com\/\" rel=\"nofollow noopener\" target=\"_blank\">DCalling<\/a> ve <a href=\"https:\/\/www.flatratebooster.com\" rel=\"nofollow noopener\" target=\"_blank\">Sabit \u00dccret Art\u0131r\u0131c\u0131<\/a> 120.000'den fazla m\u00fc\u015fteriye hizmet vererek, uluslararas\u0131 mobil arama maliyetlerini azaltmalar\u0131na yard\u0131mc\u0131 olduk.<\/div><div><span style=\"font-size: 1rem;\">Simtaly, bir sonraki ad\u0131m\u0131 temsil ediyor: telekom teknolojisi, m\u00fc\u015fteri hizmetleri ve dijital ileti\u015fim alan\u0131ndaki derin deneyimlerimiz \u00fczerine in\u015fa edilmi\u015f k\u00fcresel bir seyahat eSIM platformu.<\/span><\/div><div>\u00a0<\/div><h3>Ne Yap\u0131yoruz: K\u00fcresel Ba\u011flant\u0131 i\u00e7in Seyahat eSIM'leri<span style=\"color: #5b5b5b; font-family: Inter, sans-serif; font-size: 1rem; font-weight: 500;\">\u00a0<\/span><\/h3><h3><span style=\"color: #5b5b5b; font-family: Inter, sans-serif; font-size: 1rem; font-weight: 500;\">Simtaly, 100'den fazla \u00fclkede g\u00fcvenilir mobil internet isteyen gezginler i\u00e7in, dola\u015f\u0131m \u00fccreti veya karma\u015f\u0131k s\u00f6zle\u015fmeler olmadan seyahat eSIM'leri ve uluslararas\u0131 eSIM planlar\u0131 sunar.<\/span><\/h3><h4>Odak noktam\u0131z:<\/h4><ul><li>An\u0131nda teslimat: Her eSIM, \u00f6deme ba\u015far\u0131yla tamamland\u0131ktan sonra birka\u00e7 dakika i\u00e7inde e-posta ile g\u00f6nderilir.<\/li><li>\u00d6n \u00f6demeli ve s\u0131n\u0131rs\u0131z planlar: Gizli \u00fccretler i\u00e7ermeyen, basit ve \u015feffaf seyahat eSIM paketleri.<\/li><li>Kolay aktivasyon: Yard\u0131m Merkezimizde ad\u0131m ad\u0131m a\u00e7\u0131k talimatlar i\u00e7eren k\u0131lavuzlu kurulum.<\/li><li>Cihaz uyumlulu\u011fu: Uyumluluk k\u0131lavuzumuzda belirtilen, eSIM \u00f6zellikli modern ak\u0131ll\u0131 telefonlar\u0131 ve tabletleri destekliyoruz.<\/li><\/ul><div>Her Simtaly seyahat eSIM'inin arkas\u0131nda, ger\u00e7ek altyap\u0131ya ve uzun y\u0131llara dayanan uzmanl\u0131\u011fa sahip, d\u00fczenlemelere tabi bir telekom \u015firketi vard\u0131r \u2014 bir sat\u0131c\u0131 veya ge\u00e7ici sa\u011flay\u0131c\u0131 de\u011fil. Alman Bundesnetzagentur (Federal A\u011f Ajans\u0131) taraf\u0131ndan d\u00fczenlenmekteyiz.<\/div><div>\u00a0<\/div><h3>Neden Bize G\u00fcvenebilirsiniz?<\/h3><h4>1. Yirmi Y\u0131l\u0131 A\u015fk\u0131n Telekom Uzmanl\u0131\u011f\u0131<\/h4><div>DALASON GmbH, 2007 y\u0131l\u0131ndan bu yana faaliyet g\u00f6stermekte olup, \u00f6zel ve kurumsal m\u00fc\u015fterilere kan\u0131tlanm\u0131\u015f telekom hizmetleri sunmaktad\u0131r. Uzun y\u0131llara dayanan deneyimimiz, uluslararas\u0131 arama \u00e7\u00f6z\u00fcmleri, bulut telefon ve dijital ba\u011flant\u0131 ara\u00e7lar\u0131n\u0131 kapsamaktad\u0131r. Bu ge\u00e7mi\u015fimiz, seyahat eSIM'inizin a\u011f kalitesi, g\u00fcvenilirlik ve m\u00fc\u015fteri beklentilerini ger\u00e7ekten anlayan bir \u015firketten geldi\u011fini garanti eder.<\/div><div>\u00a0<\/div><h4>2. Kay\u0131tl\u0131 ve D\u00fczenlenmi\u015f Avrupa Telekom Sa\u011flay\u0131c\u0131s\u0131<\/h4><ul><li>Hukuki yap\u0131: DALASON GmbH (Alman GmbH)<\/li><li>Ticaret sicil numaras\u0131: K\u00f6ln Asliye Mahkemesi, HRB 60929<\/li><li>KDV Kimlik Numaras\u0131: DE255749627<\/li><\/ul><div>Alman Bundesnetzagentur taraf\u0131ndan denetlenmekteyiz ve Avusturya telekom\u00fcnikasyon otoritesi taraf\u0131ndan da incelenmi\u015f bulunmaktay\u0131z.<\/div><div>Bu, en y\u00fcksek Avrupa standartlar\u0131nda \u015feffafl\u0131k, uyumluluk ve t\u00fcketici korumas\u0131n\u0131 sa\u011flar.<\/div><div>\u00a0<\/div><h4>3. \u015eeffaf \u0130leti\u015fim ve M\u00fc\u015fteri Deste\u011fi<\/h4><div><span style=\"font-size: 1rem;\">Yard\u0131ma ihtiyac\u0131n\u0131z oldu\u011funda ger\u00e7ek ki\u015filer size yard\u0131mc\u0131 olur:<\/span><\/div><ul><li>E-posta: <a href=\"mailto:support@simtaly.com\">support@simtaly.com<\/a><\/li><li>WhatsApp Canl\u0131 Sohbet: \u202a<a href=\"https:\/\/wa.me\/16505474744\" target=\"_blank\" rel=\"noopener nofollow\">+16505474744<\/a><\/li><li class=\"translation-block\"><a href=\"https:\/\/support.simtaly.com\/hc\" target=\"_blank\" rel=\"noopener\">Yard\u0131m Merkezi<\/a>: sorun giderme, kapsam ayr\u0131nt\u0131lar\u0131, etkinle\u015ftirme k\u0131lavuzlar\u0131, geri \u00f6demeler, \u00f6demeler<\/li><\/ul><div>Ekibimiz m\u00fcmk\u00fcn olan en k\u0131sa s\u00fcrede ve her zaman 24 saat i\u00e7inde yan\u0131t verir.<\/div><div>\u00a0<\/div><h3>Y\u00f6netimle Tan\u0131\u015f\u0131n<\/h3><div><span style=\"font-size: 1rem;\">Genel M\u00fcd\u00fcrler (Gesch\u00e4ftsf\u00fchrer): <\/span>Andreas Damek ve Chung-U Son<\/div><ul><li class=\"translation-block\"><a href=\"https:\/\/www.linkedin.com\/in\/andreas-damek-4a09492\/?locale=en\" target=\"_blank\" rel=\"noopener\">Andreas Damek<\/a>, finans, hukuk ve pazarlama alanlar\u0131nda deneyime sahiptir ve DALASON'a kat\u0131lmadan \u00f6nce Goldman Sachs ve McKinsey'in bir yan kurulu\u015fu olan dan\u0131\u015fmanl\u0131k \u015firketinde \u00e7al\u0131\u015fm\u0131\u015ft\u0131r.<\/li><li><a href=\"https:\/\/www.linkedin.com\/in\/david-c-son-60ba2130\/?locale=en\" rel=\"nofollow noopener\" target=\"_blank\">Chung-U Son<\/a> K\u00f6ln'de, operat\u00f6r hizmetleri ve yaz\u0131l\u0131m geli\u015ftirme alanlar\u0131na odaklanan \u00e7e\u015fitli telekom\u00fcnikasyon ve teknoloji giri\u015fimlerine kat\u0131lm\u0131\u015ft\u0131r.<\/li><\/ul><div>\u00a0<span style=\"font-size: 1rem;\">Birlikte, derin telekom, yaz\u0131l\u0131m ve i\u015f bilgisini bir araya getiriyorlar.<\/span><\/div><div>Sonu\u00e7: Ger\u00e7ek teknik uzmanl\u0131k ve gezginlerin yurtd\u0131\u015f\u0131nda ihtiya\u00e7 duyduklar\u0131 \u015feyleri anlayan insanlar taraf\u0131ndan tasarlanm\u0131\u015f bir seyahat eSIM hizmeti.<\/div><div>\u00a0<\/div><h3>Seyahat Edenlere Verdi\u011fimiz S\u00f6z<\/h3><h4><span style=\"color: #000000; font-family: 'Space Grotesk', sans-serif; font-size: 1.375rem; font-style: inherit; font-weight: bold;\">Mobil verinin ne kadar \u00f6nemli hale geldi\u011fini biliyoruz \u2014 \u00f6zellikle seyahat ederken:<\/span><\/h4><div>\u2022 arkada\u015flar ve aile ile ba\u011flant\u0131da kalmak<\/div><div>\u2022 Tan\u0131mad\u0131\u011f\u0131n\u0131z \u015fehirlerde g\u00fcvenli bir \u015fekilde yol bulmak<\/div><div>\u2022 biletlere, otel rezervasyonlar\u0131na ve haritalara eri\u015fim<\/div><div>\u2022 dola\u015f\u0131m \u00fccretlerinden ka\u00e7\u0131nmak veya var\u0131\u015fta SIM kart sat\u0131\u015f\u0131 yapan d\u00fckkanlar\u0131 aramak zorunda kalmamak<\/div><div>\u00a0<\/div><h4>Bu nedenle Simtaly \u015fu \u00f6zellikler etraf\u0131nda olu\u015fturulmu\u015ftur:<\/h4><div>\u2022 Her seyahat eSIM'i i\u00e7in d\u00fcr\u00fcst ve \u015feffaf fiyatland\u0131rma<\/div><div>\u2022 kapsama alan\u0131, veri, h\u0131z ve ge\u00e7erlilik hakk\u0131nda net bilgiler<\/div><div>\u2022 d\u00fcnya \u00e7ap\u0131nda an\u0131nda e-posta teslimat\u0131<\/div><div>\u2022 Bir \u015fey planland\u0131\u011f\u0131 gibi gitmedi\u011finde adil ve g\u00fcvenilir destek<\/div><div>\u00a0<\/div><div class=\"translation-block\">Simtaly eSIM'iniz hen\u00fcz kurulmam\u0131\u015fsa ve fikrinizi de\u011fi\u015ftirirseniz, a\u00e7\u0131k <a href=\"https:\/\/www.simtaly.com\/tr\/i%cc%87ade-poli%cc%87ti%cc%87kasi\/\" target=\"_self\">iade politikam\u0131z<\/a> sorunsuz bir iptal i\u015flemi sa\u011flar.<\/div><div>\u00a0<\/div><div><h5>Ba\u015fka sorular\u0131n\u0131z varsa, l\u00fctfen bizimle ileti\u015fime ge\u00e7mekten \u00e7ekinmeyin:<\/h5><p><strong>E-posta:<\/strong>\u00a0<a href=\"mailto:support@simtaly.com\">support@simtaly.com<\/a><br \/><strong>WhatsApp Canl\u0131 Sohbet:<\/strong>\u00a0\u202a<a href=\"https:\/\/wa.me\/16505474744\" target=\"_blank\" rel=\"noopener nofollow\">+16505474744<\/a><\/p><\/div>\t\t\t\t\t\t\t\t<\/div>\n\t\t\t\t\t<\/div>\n\t\t\t\t<\/div>\n\t\t\t\t<\/div>","protected":false},"excerpt":{"rendered":"<p>About Us About Us \u2014 Simtaly Travel eSIM Simtaly is the international travel eSIM brand of DALASON GmbH, a licensed [&hellip;]<\/p>","protected":false},"author":5,"featured_media":0,"parent":0,"menu_order":0,"comment_status":"closed","ping_status":"closed","template":"","meta":{"site-sidebar-layout":"no-sidebar","site-content-layout":"","ast-site-content-layout":"full-width-container","site-content-style":"default","site-sidebar-style":"default","ast-global-header-display":"","ast-banner-title-visibility":"","ast-main-header-display":"","ast-hfb-above-header-display":"","ast-hfb-below-header-display":"","ast-hfb-mobile-header-display":"","site-post-title":"disabled","ast-breadcrumbs-content":"","ast-featured-img":"disabled","footer-sml-layout":"","theme-transparent-header-meta":"enabled","adv-header-id-meta":"","stick-header-meta":"","header-above-stick-meta":"","header-main-stick-meta":"","header-below-stick-meta":"","astra-migrate-meta-layouts":"default","ast-page-background-enabled":"default","ast-page-background-meta":{"desktop":{"background-color":"var(--ast-global-color-5)","background-image":"","background-repeat":"repeat","background-position":"center center","background-size":"auto","background-attachment":"scroll","background-type":"","background-media":"","overlay-type":"","overlay-color":"","overlay-opacity":"","overlay-gradient":""},"tablet":{"background-color":"","background-image":"","background-repeat":"repeat","background-position":"center center","background-size":"auto","background-attachment":"scroll","background-type":"","background-media":"","overlay-type":"","overlay-color":"","overlay-opacity":"","overlay-gradient":""},"mobile":{"background-color":"","background-image":"","background-repeat":"repeat","background-position":"center center","background-size":"auto","background-attachment":"scroll","background-type":"","background-media":"","overlay-type":"","overlay-color":"","overlay-opacity":"","overlay-gradient":""}},"ast-content-background-meta":{"desktop":{"background-color":"var(--ast-global-color-4)","background-image":"","background-repeat":"repeat","background-position":"center center","background-size":"auto","background-attachment":"scroll","background-type":"","background-media":"","overlay-type":"","overlay-color":"","overlay-opacity":"","overlay-gradient":""},"tablet":{"background-color":"var(--ast-global-color-4)","background-image":"","background-repeat":"repeat","background-position":"center center","background-size":"auto","background-attachment":"scroll","background-type":"","background-media":"","overlay-type":"","overlay-color":"","overlay-opacity":"","overlay-gradient":""},"mobile":{"background-color":"var(--ast-global-color-4)","background-image":"","background-repeat":"repeat","background-position":"center center","background-size":"auto","background-attachment":"scroll","background-type":"","background-media":"","overlay-type":"","overlay-color":"","overlay-opacity":"","overlay-gradient":""}},"footnotes":""},"class_list":["post-3930","page","type-page","status-publish","hentry"],"_links":{"self":[{"href":"https:\/\/www.simtaly.com\/tr\/wp-json\/wp\/v2\/pages\/3930","targetHints":{"allow":["GET"]}}],"collection":[{"href":"https:\/\/www.simtaly.com\/tr\/wp-json\/wp\/v2\/pages"}],"about":[{"href":"https:\/\/www.simtaly.com\/tr\/wp-json\/wp\/v2\/types\/page"}],"author":[{"embeddable":true,"href":"https:\/\/www.simtaly.com\/tr\/wp-json\/wp\/v2\/users\/5"}],"replies":[{"embeddable":true,"href":"https:\/\/www.simtaly.com\/tr\/wp-json\/wp\/v2\/comments?post=3930"}],"version-history":[{"count":16,"href":"https:\/\/www.simtaly.com\/tr\/wp-json\/wp\/v2\/pages\/3930\/revisions"}],"predecessor-version":[{"id":3972,"href":"https:\/\/www.simtaly.com\/tr\/wp-json\/wp\/v2\/pages\/3930\/revisions\/3972"}],"wp:attachment":[{"href":"https:\/\/www.simtaly.com\/tr\/wp-json\/wp\/v2\/media?parent=3930"}],"curies":[{"name":"wp","href":"https:\/\/api.w.org\/{rel}","templated":true}]}}