{"id":3914,"date":"2025-11-27T15:11:57","date_gmt":"2025-11-27T15:11:57","guid":{"rendered":"https:\/\/www.simtaly.com\/?page_id=3914"},"modified":"2025-11-28T23:02:04","modified_gmt":"2025-11-28T22:02:04","slug":"nakliye-odeme-politikasi","status":"publish","type":"page","link":"https:\/\/www.simtaly.com\/tr\/nakliye-odeme-politikasi\/","title":{"rendered":"Nakliye ve \u00d6deme Politikas\u0131"},"content":{"rendered":"<div data-elementor-type=\"wp-page\" data-elementor-id=\"3914\" class=\"elementor elementor-3914\" data-elementor-post-type=\"page\">\n\t\t\t\t<div class=\"elementor-element elementor-element-913f3fd e-flex e-con-boxed e-con e-parent\" data-id=\"913f3fd\" data-element_type=\"container\" data-settings=\"{&quot;background_background&quot;:&quot;gradient&quot;}\">\n\t\t\t\t\t<div class=\"e-con-inner\">\n\t\t\t\t<div class=\"elementor-element elementor-element-202bf3b elementor-widget elementor-widget-heading\" data-id=\"202bf3b\" data-element_type=\"widget\" data-widget_type=\"heading.default\">\n\t\t\t\t\t<h1 class=\"elementor-heading-title elementor-size-default\">Nakliye ve \u00d6deme Politikas\u0131 \u2013 simtaly.com<\/h1>\t\t\t\t<\/div>\n\t\t\t\t\t<\/div>\n\t\t\t\t<\/div>\n\t\t<div class=\"elementor-element elementor-element-9011448 e-flex e-con-boxed e-con e-parent\" data-id=\"9011448\" data-element_type=\"container\">\n\t\t\t\t\t<div class=\"e-con-inner\">\n\t\t\t\t<div class=\"elementor-element elementor-element-22ca553 elementor-widget elementor-widget-spacer\" data-id=\"22ca553\" data-element_type=\"widget\" data-widget_type=\"spacer.default\">\n\t\t\t\t\t\t\t<div class=\"elementor-spacer\">\n\t\t\t<div class=\"elementor-spacer-inner\"><\/div>\n\t\t<\/div>\n\t\t\t\t\t\t<\/div>\n\t\t\t\t\t<\/div>\n\t\t\t\t<\/div>\n\t\t<div class=\"elementor-element elementor-element-eb22c6b e-flex e-con-boxed e-con e-parent\" data-id=\"eb22c6b\" data-element_type=\"container\">\n\t\t\t\t\t<div class=\"e-con-inner\">\n\t\t\t\t<div class=\"elementor-element elementor-element-5784496 elementor-widget elementor-widget-text-editor\" data-id=\"5784496\" data-element_type=\"widget\" data-widget_type=\"text-editor.default\">\n\t\t\t\t\t\t\t\t\t<p>eSIM ve seyahat eSIM hizmetleri dahil t\u00fcm dijital \u00fcr\u00fcnler i\u00e7in ge\u00e7erlidir.<\/p><h3>1. Nakliye Politikas\u0131<\/h3><h4>eSIM \u00dcr\u00fcnlerinin Dijital Teslimat\u0131<\/h4><p>T\u00fcm eSIM ve seyahat eSIM \u00fcr\u00fcnleri e-posta yoluyla dijital olarak teslim edilir. Fiziksel g\u00f6nderim yap\u0131lmaz.<\/p><h4>Teslimat S\u00fcresi<\/h4><ul><li>\u00d6deme ba\u015far\u0131yla tamamland\u0131ktan sonra \u00fccretsiz ve an\u0131nda teslimat.<\/li><li>eSIM, \u00f6deme s\u0131ras\u0131nda verilen e-posta adresine otomatik olarak g\u00f6nderilir.<\/li><li>\u00c7o\u011fu durumda, e-posta birka\u00e7 dakika i\u00e7inde ula\u015f\u0131r.<\/li><\/ul><h4>E-posta G\u00f6nderimi Hakk\u0131nda \u00d6nemli Bilgiler<\/h4><ul><li>M\u00fc\u015fteri, eSIM'i almak i\u00e7in do\u011fru ve ge\u00e7erli bir e-posta adresi girmekten sorumludur.<\/li><li>E-posta birka\u00e7 dakika i\u00e7inde gelmezse, l\u00fctfen spam veya gereksiz posta klas\u00f6r\u00fcn\u00fc kontrol edin.<\/li><li>eSIM e-postas\u0131 20 dakika i\u00e7inde gelmezse, destek ekibiyle ileti\u015fime ge\u00e7in:<br \/><a href=\"mailto:support@simtaly.com\"><strong>support@simtaly.com<\/strong><\/a><\/li><li>M\u00fc\u015fteri deste\u011fi m\u00fcmk\u00fcn olan en k\u0131sa s\u00fcrede yan\u0131t verir ve 24 saat i\u00e7inde yan\u0131t vermeyi garanti eder.<\/li><\/ul><h3>2. \u00d6deme Politikas\u0131<\/h3><h4>Stripe arac\u0131l\u0131\u011f\u0131yla \u00d6deme \u0130\u015fleme<\/h4><p>T\u00fcm \u00f6demeler Stripe arac\u0131l\u0131\u011f\u0131yla g\u00fcvenli bir \u015fekilde i\u015flenir. \u00d6deme s\u0131ras\u0131nda, m\u00fc\u015fteriler otomatik olarak Stripe'\u0131n kendi \u00fclkelerinde destekledi\u011fi \u00f6deme y\u00f6ntemlerini g\u00f6receklerdir. Bunlar aras\u0131nda \u015funlar yer alabilir:<\/p><ul><li>Kredi kartlar\u0131<\/li><li>Banka kartlar\u0131<\/li><li>Dijital c\u00fczdanlar<\/li><li>Di\u011fer yerel \u00f6deme se\u00e7enekleri<\/li><\/ul><h4>3D G\u00fcvenli Kimlik Do\u011frulama<\/h4><p>M\u00fc\u015fterinin kredi kart\u0131 3D-Secure'u destekliyorsa, bu kimlik do\u011frulama ad\u0131m\u0131 gereklidir ve i\u015flem s\u0131ras\u0131nda uygulanacakt\u0131r.<\/p><h4>Vergiler (KDV \/ Sat\u0131\u015f Vergisi)<\/h4><ul><li>M\u00fc\u015fteriler, do\u011fru vergi tutarlar\u0131n\u0131n uygulanmas\u0131n\u0131 sa\u011flamak i\u00e7in \u00f6deme s\u0131ras\u0131nda fatura \u00fclkesini se\u00e7melidir.<\/li><li>Web sitesinde g\u00f6sterilen t\u00fcm fiyatlar, d\u00fcnya \u00e7ap\u0131ndaki t\u00fcm \u00fclkeler i\u00e7in KDV'yi i\u00e7ermektedir.<\/li><li>Amerika Birle\u015fik Devletleri'ndeki m\u00fc\u015fteriler i\u00e7in, ge\u00e7erli eyalet veya yerel Sat\u0131\u015f Vergileri otomatik olarak hesaplan\u0131r ve \u00f6deme s\u0131ras\u0131nda eklenir.<\/li><\/ul><h5>Ba\u015fka sorular\u0131n\u0131z varsa, l\u00fctfen bizimle ileti\u015fime ge\u00e7mekten \u00e7ekinmeyin:<\/h5><p><strong>E-posta:<\/strong>\u00a0<a href=\"mailto:support@simtaly.com\">support@simtaly.com<\/a><br \/><strong>WhatsApp Canl\u0131 Sohbet:<\/strong>\u00a0\u202a<a href=\"https:\/\/wa.me\/16505474744\" target=\"_blank\" rel=\"noopener nofollow\">+16505474744<\/a><\/p>\t\t\t\t\t\t\t\t<\/div>\n\t\t\t\t<div class=\"elementor-element elementor-element-f48aae3 elementor-widget elementor-widget-spacer\" data-id=\"f48aae3\" data-element_type=\"widget\" data-widget_type=\"spacer.default\">\n\t\t\t\t\t\t\t<div class=\"elementor-spacer\">\n\t\t\t<div class=\"elementor-spacer-inner\"><\/div>\n\t\t<\/div>\n\t\t\t\t\t\t<\/div>\n\t\t\t\t\t<\/div>\n\t\t\t\t<\/div>\n\t\t\t\t<\/div>","protected":false},"excerpt":{"rendered":"<p>Shipping &amp; Payment Policy \u2013 simtaly.com Applies to all digital products, including eSIM and travel eSIM services. 1. Shipping Policy [&hellip;]<\/p>","protected":false},"author":5,"featured_media":0,"parent":0,"menu_order":0,"comment_status":"closed","ping_status":"closed","template":"","meta":{"site-sidebar-layout":"no-sidebar","site-content-layout":"","ast-site-content-layout":"full-width-container","site-content-style":"default","site-sidebar-style":"default","ast-global-header-display":"","ast-banner-title-visibility":"","ast-main-header-display":"","ast-hfb-above-header-display":"","ast-hfb-below-header-display":"","ast-hfb-mobile-header-display":"","site-post-title":"disabled","ast-breadcrumbs-content":"","ast-featured-img":"disabled","footer-sml-layout":"","theme-transparent-header-meta":"enabled","adv-header-id-meta":"","stick-header-meta":"","header-above-stick-meta":"","header-main-stick-meta":"","header-below-stick-meta":"","astra-migrate-meta-layouts":"default","ast-page-background-enabled":"default","ast-page-background-meta":{"desktop":{"background-color":"var(--ast-global-color-5)","background-image":"","background-repeat":"repeat","background-position":"center center","background-size":"auto","background-attachment":"scroll","background-type":"","background-media":"","overlay-type":"","overlay-color":"","overlay-opacity":"","overlay-gradient":""},"tablet":{"background-color":"","background-image":"","background-repeat":"repeat","background-position":"center center","background-size":"auto","background-attachment":"scroll","background-type":"","background-media":"","overlay-type":"","overlay-color":"","overlay-opacity":"","overlay-gradient":""},"mobile":{"background-color":"","background-image":"","background-repeat":"repeat","background-position":"center center","background-size":"auto","background-attachment":"scroll","background-type":"","background-media":"","overlay-type":"","overlay-color":"","overlay-opacity":"","overlay-gradient":""}},"ast-content-background-meta":{"desktop":{"background-color":"var(--ast-global-color-4)","background-image":"","background-repeat":"repeat","background-position":"center center","background-size":"auto","background-attachment":"scroll","background-type":"","background-media":"","overlay-type":"","overlay-color":"","overlay-opacity":"","overlay-gradient":""},"tablet":{"background-color":"var(--ast-global-color-4)","background-image":"","background-repeat":"repeat","background-position":"center center","background-size":"auto","background-attachment":"scroll","background-type":"","background-media":"","overlay-type":"","overlay-color":"","overlay-opacity":"","overlay-gradient":""},"mobile":{"background-color":"var(--ast-global-color-4)","background-image":"","background-repeat":"repeat","background-position":"center center","background-size":"auto","background-attachment":"scroll","background-type":"","background-media":"","overlay-type":"","overlay-color":"","overlay-opacity":"","overlay-gradient":""}},"footnotes":""},"class_list":["post-3914","page","type-page","status-publish","hentry"],"_links":{"self":[{"href":"https:\/\/www.simtaly.com\/tr\/wp-json\/wp\/v2\/pages\/3914","targetHints":{"allow":["GET"]}}],"collection":[{"href":"https:\/\/www.simtaly.com\/tr\/wp-json\/wp\/v2\/pages"}],"about":[{"href":"https:\/\/www.simtaly.com\/tr\/wp-json\/wp\/v2\/types\/page"}],"author":[{"embeddable":true,"href":"https:\/\/www.simtaly.com\/tr\/wp-json\/wp\/v2\/users\/5"}],"replies":[{"embeddable":true,"href":"https:\/\/www.simtaly.com\/tr\/wp-json\/wp\/v2\/comments?post=3914"}],"version-history":[{"count":10,"href":"https:\/\/www.simtaly.com\/tr\/wp-json\/wp\/v2\/pages\/3914\/revisions"}],"predecessor-version":[{"id":3929,"href":"https:\/\/www.simtaly.com\/tr\/wp-json\/wp\/v2\/pages\/3914\/revisions\/3929"}],"wp:attachment":[{"href":"https:\/\/www.simtaly.com\/tr\/wp-json\/wp\/v2\/media?parent=3914"}],"curies":[{"name":"wp","href":"https:\/\/api.w.org\/{rel}","templated":true}]}}