{"id":3631,"date":"2025-11-18T16:20:33","date_gmt":"2025-11-18T16:20:33","guid":{"rendered":"https:\/\/www.simtaly.com\/?page_id=3631"},"modified":"2025-11-28T22:59:19","modified_gmt":"2025-11-28T21:59:19","slug":"i%cc%87ade-poli%cc%87ti%cc%87kasi","status":"publish","type":"page","link":"https:\/\/www.simtaly.com\/tr\/i%cc%87ade-poli%cc%87ti%cc%87kasi\/","title":{"rendered":"\u0130ade Politikas\u0131"},"content":{"rendered":"<div data-elementor-type=\"wp-page\" data-elementor-id=\"3631\" class=\"elementor elementor-3631\" data-elementor-post-type=\"page\">\n\t\t\t\t<div class=\"elementor-element elementor-element-913f3fd e-flex e-con-boxed e-con e-parent\" data-id=\"913f3fd\" data-element_type=\"container\" data-settings=\"{&quot;background_background&quot;:&quot;gradient&quot;}\">\n\t\t\t\t\t<div class=\"e-con-inner\">\n\t\t\t\t<div class=\"elementor-element elementor-element-202bf3b elementor-widget elementor-widget-heading\" data-id=\"202bf3b\" data-element_type=\"widget\" data-widget_type=\"heading.default\">\n\t\t\t\t\t<h1 class=\"elementor-heading-title elementor-size-default\">\u0130ade Politikas\u0131<\/h1>\t\t\t\t<\/div>\n\t\t\t\t\t<\/div>\n\t\t\t\t<\/div>\n\t\t<div class=\"elementor-element elementor-element-9011448 e-flex e-con-boxed e-con e-parent\" data-id=\"9011448\" data-element_type=\"container\">\n\t\t\t\t\t<div class=\"e-con-inner\">\n\t\t\t\t<div class=\"elementor-element elementor-element-22ca553 elementor-widget elementor-widget-spacer\" data-id=\"22ca553\" data-element_type=\"widget\" data-widget_type=\"spacer.default\">\n\t\t\t\t\t\t\t<div class=\"elementor-spacer\">\n\t\t\t<div class=\"elementor-spacer-inner\"><\/div>\n\t\t<\/div>\n\t\t\t\t\t\t<\/div>\n\t\t\t\t\t<\/div>\n\t\t\t\t<\/div>\n\t\t<div class=\"elementor-element elementor-element-eb22c6b e-flex e-con-boxed e-con e-parent\" data-id=\"eb22c6b\" data-element_type=\"container\">\n\t\t\t\t\t<div class=\"e-con-inner\">\n\t\t\t\t<div class=\"elementor-element elementor-element-5784496 elementor-widget elementor-widget-text-editor\" data-id=\"5784496\" data-element_type=\"widget\" data-widget_type=\"text-editor.default\">\n\t\t\t\t\t\t\t\t\t<h3>Para \u0130adeleri ve \u0130ptaller<\/h3><p>Her m\u00fc\u015fterimiz i\u00e7in sorunsuz, g\u00fcvenilir ve adil bir deneyim sunmay\u0131 hedefliyoruz.<\/p><h4>Hangi \u00fcr\u00fcnler iade edilebilir?<\/h4><p>eSIM hen\u00fcz etkinle\u015ftirilmedi\u011fi s\u00fcrece, sat\u0131n alma tarihinden itibaren alt\u0131 (6) ay i\u00e7inde sorgusuz sualsiz garantimiz ile para iadesi talebinde bulunabilirsiniz.<\/p><p>Bir eSIM, desteklenen herhangi bir a\u011fa ilk kez ba\u011fland\u0131\u011f\u0131nda etkinle\u015ftirilmi\u015f say\u0131l\u0131r. Etkinle\u015ftirmeden sonra kullan\u0131lm\u0131\u015f olarak kabul edilir ve normalde para iadesi i\u00e7in uygun de\u011fildir.<\/p><p>Ancak, aktivasyondan sonra teknik sorunlar ya\u015farsan\u0131z (\u00f6rne\u011fin, eSIM gitti\u011finiz \u00fclkede desteklenen a\u011fa ba\u011flanamazsa) destek ekibimizle ileti\u015fime ge\u00e7erek k\u0131smi veya tam para iadesi talep edebilirsiniz. Sorunu adil bir \u015fekilde \u00e7\u00f6zmemize yard\u0131mc\u0131 olmak i\u00e7in sorunu g\u00f6steren kan\u0131tlara (ekran g\u00f6r\u00fcnt\u00fcleri, cihaz bilgileri veya hata mesajlar\u0131 gibi) ihtiyac\u0131m\u0131z vard\u0131r. Teknik sorunlar nedeniyle para iadesi talebinde bulunmadan \u00f6nce, sorunun olas\u0131 \u00e7\u00f6z\u00fcm\u00fc i\u00e7in teknik destek ekibimizle sohbet veya e-posta yoluyla ileti\u015fime ge\u00e7meniz gerekir.<\/p><h4>Zaman \u00c7er\u00e7evesi<\/h4><p>\u0130ade veya de\u011fi\u015fim i\u015flemleriniz 14 g\u00fcn i\u00e7inde ger\u00e7ekle\u015ftirilecektir.<\/p><h4>Geri \u00f6deme s\u00fcreci<\/h4><p>Tam veya k\u0131smi geri \u00f6deme talep etmek i\u00e7in l\u00fctfen support@simtaly.com adresine geri \u00f6deme talep eden bir e-posta g\u00f6nderin. L\u00fctfen sat\u0131n alma tarihi ve saatinin yan\u0131 s\u0131ra sat\u0131n alma i\u015fleminde kullan\u0131lan e-postay\u0131 da belirtin. Sat\u0131n alma i\u015flemi birden fazla \u00fcr\u00fcn i\u00e7eriyorsa, l\u00fctfen iade edilmesini istedi\u011finiz \u00fcr\u00fcnleri belirtin. eSIM zaten etkinle\u015ftirildiyse, l\u00fctfen ortaya \u00e7\u0131kan sorunlar\u0131 g\u00f6steren kan\u0131tlar\u0131 ekleyin.<\/p><p>Onaylanan t\u00fcm iadeler orijinal \u00f6deme y\u00f6ntemine yap\u0131lacakt\u0131r. Para iadesinin onaylanmas\u0131 halinde ilgili eSIM'in ba\u011flant\u0131s\u0131 kesilecektir.<\/p><h4>De\u011fi\u015fimler<\/h4><p>Sat\u0131n alma tarihinden itibaren 6 ay i\u00e7inde eSIM iade edilebilir veya ayn\u0131 fiyattaki ba\u015fka bir \u00fcr\u00fcnle de\u011fi\u015ftirilebilir. Yeni \u00fcr\u00fcnle fiyat fark\u0131 varsa, fazla \u00f6denen tutar orijinal \u00f6deme y\u00f6ntemine iade edilir veya eksik \u00f6denen tutar\u0131n yeni \u00fcr\u00fcn teslim edilmeden \u00f6nce m\u00fc\u015fteri taraf\u0131ndan \u00f6denmesi gerekir.<\/p><h4>\u00dccretler<\/h4><p>\u0130ade talebinde bulunmak veya iadeyi i\u015fleme almak i\u00e7in herhangi bir ek \u00fccret talep ETM\u0130YORUZ.<\/p><h4>\u0130leti\u015fim<\/h4><p>Amac\u0131m\u0131z, her m\u00fc\u015fterinin kendini g\u00fcvende ve iyi bak\u0131lm\u0131\u015f hissetmesini sa\u011flamakt\u0131r. M\u00fcmk\u00fcn olan en iyi al\u0131\u015fveri\u015f deneyimini sunmak i\u00e7in gerekti\u011finde adil ve makul \u00f6d\u00fcnler vermeye kararl\u0131y\u0131z. Her t\u00fcrl\u00fc sorunuz i\u00e7in bize e-posta yoluyla ula\u015f\u0131n <a href=\"mailto:support@simtaly.com\">support@simtaly.com<\/a>.<\/p><h4>Politika G\u00fcncellemeleri Feragatname<\/h4><p>Bu politikay\u0131 zaman zaman g\u00fcncelleyebiliriz. L\u00fctfen bir iade i\u015flemi ba\u015flatmadan \u00f6nce en son s\u00fcr\u00fcm\u00fc inceleyin.<\/p><h4>Ba\u015fka sorular\u0131n\u0131z varsa, l\u00fctfen bizimle ileti\u015fime ge\u00e7mekten \u00e7ekinmeyin:<\/h4><p><strong>E-posta:<\/strong> <a href=\"mailto:support@simtaly.com\">support@simtaly.com<\/a><br \/><strong>WhatsApp Canl\u0131 Sohbet:<\/strong> <a href=\"https:\/\/wa.me\/16505474744\" rel=\"nofollow noopener\" target=\"_blank\">+16505474744<\/a><\/p>\t\t\t\t\t\t\t\t<\/div>\n\t\t\t\t<div class=\"elementor-element elementor-element-f48aae3 elementor-widget elementor-widget-spacer\" data-id=\"f48aae3\" data-element_type=\"widget\" data-widget_type=\"spacer.default\">\n\t\t\t\t\t\t\t<div class=\"elementor-spacer\">\n\t\t\t<div class=\"elementor-spacer-inner\"><\/div>\n\t\t<\/div>\n\t\t\t\t\t\t<\/div>\n\t\t\t\t\t<\/div>\n\t\t\t\t<\/div>\n\t\t\t\t<\/div>","protected":false},"excerpt":{"rendered":"<p>Return Policy Refunds and Cancellations We aim to deliver a smooth, reliable, and fair experience for every customer. What products [&hellip;]<\/p>","protected":false},"author":5,"featured_media":0,"parent":0,"menu_order":0,"comment_status":"closed","ping_status":"closed","template":"","meta":{"site-sidebar-layout":"no-sidebar","site-content-layout":"","ast-site-content-layout":"full-width-container","site-content-style":"default","site-sidebar-style":"default","ast-global-header-display":"","ast-banner-title-visibility":"","ast-main-header-display":"","ast-hfb-above-header-display":"","ast-hfb-below-header-display":"","ast-hfb-mobile-header-display":"","site-post-title":"disabled","ast-breadcrumbs-content":"","ast-featured-img":"disabled","footer-sml-layout":"","theme-transparent-header-meta":"enabled","adv-header-id-meta":"","stick-header-meta":"","header-above-stick-meta":"","header-main-stick-meta":"","header-below-stick-meta":"","astra-migrate-meta-layouts":"default","ast-page-background-enabled":"default","ast-page-background-meta":{"desktop":{"background-color":"var(--ast-global-color-5)","background-image":"","background-repeat":"repeat","background-position":"center center","background-size":"auto","background-attachment":"scroll","background-type":"","background-media":"","overlay-type":"","overlay-color":"","overlay-opacity":"","overlay-gradient":""},"tablet":{"background-color":"","background-image":"","background-repeat":"repeat","background-position":"center center","background-size":"auto","background-attachment":"scroll","background-type":"","background-media":"","overlay-type":"","overlay-color":"","overlay-opacity":"","overlay-gradient":""},"mobile":{"background-color":"","background-image":"","background-repeat":"repeat","background-position":"center center","background-size":"auto","background-attachment":"scroll","background-type":"","background-media":"","overlay-type":"","overlay-color":"","overlay-opacity":"","overlay-gradient":""}},"ast-content-background-meta":{"desktop":{"background-color":"var(--ast-global-color-4)","background-image":"","background-repeat":"repeat","background-position":"center center","background-size":"auto","background-attachment":"scroll","background-type":"","background-media":"","overlay-type":"","overlay-color":"","overlay-opacity":"","overlay-gradient":""},"tablet":{"background-color":"var(--ast-global-color-4)","background-image":"","background-repeat":"repeat","background-position":"center center","background-size":"auto","background-attachment":"scroll","background-type":"","background-media":"","overlay-type":"","overlay-color":"","overlay-opacity":"","overlay-gradient":""},"mobile":{"background-color":"var(--ast-global-color-4)","background-image":"","background-repeat":"repeat","background-position":"center center","background-size":"auto","background-attachment":"scroll","background-type":"","background-media":"","overlay-type":"","overlay-color":"","overlay-opacity":"","overlay-gradient":""}},"footnotes":""},"class_list":["post-3631","page","type-page","status-publish","hentry"],"_links":{"self":[{"href":"https:\/\/www.simtaly.com\/tr\/wp-json\/wp\/v2\/pages\/3631","targetHints":{"allow":["GET"]}}],"collection":[{"href":"https:\/\/www.simtaly.com\/tr\/wp-json\/wp\/v2\/pages"}],"about":[{"href":"https:\/\/www.simtaly.com\/tr\/wp-json\/wp\/v2\/types\/page"}],"author":[{"embeddable":true,"href":"https:\/\/www.simtaly.com\/tr\/wp-json\/wp\/v2\/users\/5"}],"replies":[{"embeddable":true,"href":"https:\/\/www.simtaly.com\/tr\/wp-json\/wp\/v2\/comments?post=3631"}],"version-history":[{"count":34,"href":"https:\/\/www.simtaly.com\/tr\/wp-json\/wp\/v2\/pages\/3631\/revisions"}],"predecessor-version":[{"id":3887,"href":"https:\/\/www.simtaly.com\/tr\/wp-json\/wp\/v2\/pages\/3631\/revisions\/3887"}],"wp:attachment":[{"href":"https:\/\/www.simtaly.com\/tr\/wp-json\/wp\/v2\/media?parent=3631"}],"curies":[{"name":"wp","href":"https:\/\/api.w.org\/{rel}","templated":true}]}}