{"id":1427,"date":"2025-09-12T09:09:38","date_gmt":"2025-09-12T09:09:38","guid":{"rendered":"https:\/\/www.simtaly.com\/?page_id=1427"},"modified":"2025-11-25T13:41:06","modified_gmt":"2025-11-25T13:41:06","slug":"sartlar-ve-kosullar","status":"publish","type":"page","link":"https:\/\/www.simtaly.com\/tr\/sartlar-ve-kosullar\/","title":{"rendered":"\u015eartlar ve Ko\u015fullar"},"content":{"rendered":"<div data-elementor-type=\"wp-page\" data-elementor-id=\"1427\" class=\"elementor elementor-1427\" data-elementor-post-type=\"page\">\n\t\t\t\t<div class=\"elementor-element elementor-element-913f3fd e-flex e-con-boxed e-con e-parent\" data-id=\"913f3fd\" data-element_type=\"container\" data-settings=\"{&quot;background_background&quot;:&quot;gradient&quot;}\">\n\t\t\t\t\t<div class=\"e-con-inner\">\n\t\t\t\t<div class=\"elementor-element elementor-element-202bf3b elementor-widget elementor-widget-heading\" data-id=\"202bf3b\" data-element_type=\"widget\" data-widget_type=\"heading.default\">\n\t\t\t\t\t<h1 class=\"elementor-heading-title elementor-size-default\">Simtaly.com i\u00e7in H\u00fck\u00fcm ve Ko\u015fullar<\/h1>\t\t\t\t<\/div>\n\t\t\t\t\t<\/div>\n\t\t\t\t<\/div>\n\t\t<div class=\"elementor-element elementor-element-9011448 e-flex e-con-boxed e-con e-parent\" data-id=\"9011448\" data-element_type=\"container\">\n\t\t\t\t\t<div class=\"e-con-inner\">\n\t\t\t\t\t<\/div>\n\t\t\t\t<\/div>\n\t\t<div class=\"elementor-element elementor-element-eb22c6b e-flex e-con-boxed e-con e-parent\" data-id=\"eb22c6b\" data-element_type=\"container\">\n\t\t\t\t\t<div class=\"e-con-inner\">\n\t\t\t\t<div class=\"elementor-element elementor-element-34920a3 elementor-widget elementor-widget-spacer\" data-id=\"34920a3\" data-element_type=\"widget\" data-widget_type=\"spacer.default\">\n\t\t\t\t\t\t\t<div class=\"elementor-spacer\">\n\t\t\t<div class=\"elementor-spacer-inner\"><\/div>\n\t\t<\/div>\n\t\t\t\t\t\t<\/div>\n\t\t\t\t<div class=\"elementor-element elementor-element-625ddaa elementor-widget elementor-widget-spacer\" data-id=\"625ddaa\" data-element_type=\"widget\" data-widget_type=\"spacer.default\">\n\t\t\t\t\t\t\t<div class=\"elementor-spacer\">\n\t\t\t<div class=\"elementor-spacer-inner\"><\/div>\n\t\t<\/div>\n\t\t\t\t\t\t<\/div>\n\t\t\t\t<div class=\"elementor-element elementor-element-5784496 elementor-widget elementor-widget-text-editor\" data-id=\"5784496\" data-element_type=\"widget\" data-widget_type=\"text-editor.default\">\n\t\t\t\t\t\t\t\t\t<div class=\"terms\" style=\"font-family: Arial, sans-serif; line-height: 1.6; color: #222;\">\n<p><strong>Son g\u00fcncelleme:<\/strong> 24.10.2025&nbsp;<\/p>\n<p><strong>Sa\u011flay\u0131c\u0131:<\/strong> DALASON GmbH, Lindenstr. 82, 50674 K\u00f6ln, Almanya<br><strong>E-posta:<\/strong> <a href=\"mailto:support@simtaly.com\">support@simtaly.com<\/a><br><strong>WhatsApp Canl\u0131 Sohbet:<\/strong> <a title=\"tel:16505474744\" href=\"tel:16505474744\" target=\"_blank\" rel=\"noopener noreferrer\">+16505474744<\/a><\/p>\n<h3>1. Kapsam ve Uygulanabilirlik<\/h3>\n<p>Bu \u015eartlar ve Ko\u015fullar (\"\u015eartlar\"), DALASON GmbH (\"\u015eirket\", \"biz\", \"bize\" veya \"bizim\") taraf\u0131ndan i\u015fletilen simtaly.com web sitesi (\"Web Sitesi\") arac\u0131l\u0131\u011f\u0131yla sa\u011flanan eSIM \u00fcr\u00fcnlerinin ve ilgili hizmetlerin (\"Hizmetler\") sat\u0131n al\u0131nmas\u0131n\u0131 ve kullan\u0131lmas\u0131n\u0131 y\u00f6netir.<\/p>\n<p>Herhangi bir Hizmeti sat\u0131n alarak veya kullanarak, siz (\"M\u00fc\u015fteri\", \"siz\") bu \u015eartlara tabi olmay\u0131 kabul edersiniz.<\/p>\n<p>M\u00fc\u015fteriler en az 18 ya\u015f\u0131nda olmal\u0131 ve ba\u011flay\u0131c\u0131 s\u00f6zle\u015fmeler yapmak i\u00e7in yasal ehliyete sahip olmal\u0131d\u0131r.<\/p>\n<h3>2. Hizmet Tan\u0131m\u0131<\/h3>\n<p>Simtaly, mobil veri ba\u011flant\u0131s\u0131 i\u00e7in dijital eSIM profilleri (\"eSIM'ler\") sunmaktad\u0131r.<\/p>\n<p>Sat\u0131n alma i\u015fleminden sonra eSIM'ler, QR kodu, do\u011frudan ba\u011flant\u0131 (Apple cihazlar\u0131) veya manuel yap\u0131land\u0131rma yoluyla kurulum se\u00e7enekleri de dahil olmak \u00fczere elektronik olarak e-posta ile teslim edilir.<\/p>\n<p>eSIM'i kullanmak i\u00e7in \u015funlara sahip olman\u0131z gerekir:<\/p>\n<ul>\n<li>eSIM uyumlu ve kilidi a\u00e7\u0131lm\u0131\u015f bir cihaz ve<\/li>\n<li>eSIM profili i\u00e7in dola\u015f\u0131m etkin.<\/li>\n<\/ul>\n<p>eSIM, sat\u0131n al\u0131nan plana dahil olan desteklenen bir a\u011fa ilk kez ba\u011fland\u0131\u011f\u0131nda etkin hale gelir.<\/p>\n<h3>3. Tarife T\u00fcrleri ve Veri Kullan\u0131m\u0131<\/h3>\n<p>Simtaly teklifleri:<\/p>\n<ul>\n<li>G\u00fcnl\u00fck y\u00fcksek h\u0131z hakk\u0131 olan s\u0131n\u0131rs\u0131z veri planlar\u0131. Bu \u00f6denekten sonra, h\u0131z yenilenene kadar azal\u0131r (her 24 saatte bir, ilk etkinle\u015ftirme s\u00fcresine ba\u011fl\u0131 olarak). M\u00fc\u015fteriler, mevcut 24 saatlik s\u00fcrenin geri kalan\u0131nda tam h\u0131zl\u0131 verileri geri y\u00fcklemek i\u00e7in G\u00fcn H\u0131zland\u0131rma Paketleri sat\u0131n alabilirler.<\/li>\n<li>T\u00fcketilene kadar maksimum h\u0131zda kullan\u0131labilen sabit bir veri hacmi i\u00e7eren \u00f6n \u00f6demeli veri paketleri.<\/li>\n<\/ul>\n<p>Planlar, sat\u0131n alma s\u0131ras\u0131nda belirtilen s\u00fcre boyunca ge\u00e7erlidir.<\/p>\n<p>Hedef \u00fclkedeki en az bir a\u011f\u0131n \u00e7al\u0131\u015fmas\u0131 ko\u015fuluyla, belirli yerel a\u011flar\u0131n kullan\u0131lamamas\u0131 bir kusur de\u011fildir.<\/p>\n<h3>4. Sipari\u015f S\u00fcreci ve S\u00f6zle\u015fme Olu\u015fturma<\/h3>\n<p>Simtaly.com'da sat\u0131n alma i\u015flemini tamamlayarak, bir eSIM sat\u0131n almak i\u00e7in ba\u011flay\u0131c\u0131 bir teklif sunmu\u015f olursunuz.<\/p>\n<p>Sipari\u015finizi elektronik olarak onaylad\u0131\u011f\u0131m\u0131zda (e-posta onay\u0131) s\u00f6zle\u015fme imzalanm\u0131\u015f olur.<\/p>\n<p>Sat\u0131n alma i\u015flemini tamamlamak i\u00e7in \u015funlar\u0131 sa\u011flamal\u0131s\u0131n\u0131z:<\/p>\n<ul>\n<li>e-posta adresiniz (eSIM teslimat\u0131 i\u00e7in),<\/li>\n<li>cep telefonu numaran\u0131z ve<\/li>\n<li>ge\u00e7erli Katma De\u011fer Vergisini (KDV) do\u011fru hesaplamak i\u00e7in mevcut konumunuz.<\/li>\n<\/ul>\n<h3>5. \u00d6deme ve Fiyatland\u0131rma<\/h3>\n<p>\u00d6deme Stripe arac\u0131l\u0131\u011f\u0131yla g\u00fcvenli bir \u015fekilde ger\u00e7ekle\u015ftirilir.<\/p>\n<p>T\u00fcm fiyatlar, beyan etti\u011finiz konuma g\u00f6re hesaplanan KDV dahil olarak g\u00f6sterilmektedir.<\/p>\n<p>eSIM ve herhangi bir eklenti paketinin sat\u0131n alma fiyat\u0131n\u0131n \u00f6tesinde hi\u00e7bir ek veya gizli \u00fccret uygulanmaz.<\/p>\n<h3>6. Teslimat<\/h3>\n<p>eSIM'ler \u00f6deme onay\u0131ndan hemen sonra e-posta yoluyla dijital olarak teslim edilir.<\/p>\n<p>E-posta ayarlar\u0131n\u0131n otomatik mesajlar\u0131n ve QR kodlar\u0131n\u0131n al\u0131nmas\u0131na izin verdi\u011finden emin olmak m\u00fc\u015fterinin sorumlulu\u011fundad\u0131r.<\/p>\n<h3>7. Para \u0130adeleri ve \u0130ptaller<\/h3>\n<p>Yaln\u0131zca eSIM etkinle\u015ftirilmediyse, sat\u0131n alma tarihinden itibaren alt\u0131 (6) ay i\u00e7inde para iadesi talep edebilirsiniz.<\/p>\n<p>Etkinle\u015ftirildikten sonra (yani, desteklenen bir a\u011fa ilk kez ba\u011fland\u0131\u011f\u0131nda), \u00fcr\u00fcn kullan\u0131lm\u0131\u015f olarak kabul edilir ve para iadesi yap\u0131lmaz.<\/p>\n<p>Para iadeleri, sat\u0131n alma i\u00e7in kullan\u0131lan ayn\u0131 \u00f6deme y\u00f6ntemi kullan\u0131larak i\u015fleme al\u0131nacakt\u0131r.<\/p>\n<p>Ayr\u0131nt\u0131lar i\u00e7in l\u00fctfen <a href=\"https:\/\/www.simtaly.com\/tr\/i%cc%87ade-poli%cc%87ti%cc%87kasi\/\" rel=\"nofollow noopener\" target=\"_blank\">Para \u0130adesi ve \u0130ptal Politikas\u0131<\/a>.<\/p>\n<\/div>\n<div class=\"terms\" style=\"font-family: Arial, sans-serif; line-height: 1.6; color: #222;\">\n<h3>8. M\u00fc\u015fteri Deste\u011fi<\/h3>\n<p>Simtaly maksimum m\u00fc\u015fteri memnuniyetini hedefler.<\/p>\n<p>\u00dcr\u00fcn\u00fcn\u00fczden memnun kalmazsan\u0131z veya teknik sorunlarla kar\u015f\u0131la\u015f\u0131rsan\u0131z, destek ekibimizle istedi\u011finiz zaman ileti\u015fime ge\u00e7ebilirsiniz:<\/p>\n<ul>\n<li>E-posta:&nbsp;<a href=\"#\" class=\"simtaly-email-obfuscated\" data-email=\"ZmhjY2JlZ0BmdnpnbnlsLnBieg==\" aria-label=\"Email address (requires JavaScript)\">support@simtaly.com<\/a><noscript><span class=\"simtaly-email-noscript\">support [at] simtaly [dot] com <small>(enable JavaScript to view email)<\/small><\/span><\/noscript><\/li>\n<li>Haberci: <a href=\"https:\/\/wa.me\/16505474744\" rel=\"nofollow noopener\" target=\"_blank\">Whatsapp Sohbeti ba\u015flatmak i\u00e7in buraya t\u0131klay\u0131n<\/a><\/li>\n<\/ul>\n<h3>9. Sorumluluk<\/h3>\n<p>Hizmet, herhangi bir garanti olmaks\u0131z\u0131n \"OLDU\u011eU G\u0130B\u0130\" ve \"MEVCUT OLDU\u011eU \u015eEK\u0130LDE\" sa\u011flanmaktad\u0131r.<\/p>\n<p>Yasalar\u0131n izin verdi\u011fi en geni\u015f \u00f6l\u00e7\u00fcde, DALASON GmbH a\u015fa\u011f\u0131dakiler i\u00e7in t\u00fcm sorumlulu\u011fu reddeder:<\/p>\n<ul>\n<li>Hizmetin herhangi bir kesintiye u\u011framas\u0131, kullan\u0131lamamas\u0131 veya ar\u0131zalanmas\u0131,<\/li>\n<li>belirli cihazlar veya yaz\u0131l\u0131mlarla uyumluluk,<\/li>\n<li>a\u011f performans\u0131 veya kapsama alan\u0131 s\u0131n\u0131rlamalar\u0131 ve<\/li>\n<li>dolayli, arizi\u0307 veya sonu\u00e7 olarak ortaya \u00e7ikan zararlar.<\/li>\n<\/ul>\n<p>Kesintisiz veya hatas\u0131z \u00e7al\u0131\u015fmay\u0131 ya da t\u00fcm a\u011flar\u0131n veya h\u0131zlar\u0131n her zaman kullan\u0131labilir olaca\u011f\u0131n\u0131 garanti etmiyoruz.<\/p>\n<p>Baz\u0131 yarg\u0131 b\u00f6lgeleri bu t\u00fcr istisnalara izin vermez, bu durumda sorumluluk yasalar\u0131n gerektirdi\u011fi asgari \u00f6l\u00e7\u00fcde s\u0131n\u0131rl\u0131d\u0131r.<\/p>\n<h3>10. Fikri M\u00fclkiyet<\/h3>\n<p>Bu Web Sitesinde yer alan t\u00fcm ticari markalar, logolar ve marka adlar\u0131 ilgili sahiplerinin m\u00fclkiyetindedir.<\/p>\n<p>Bu i\u015faretlerin kullan\u0131m\u0131, a\u00e7\u0131k\u00e7a belirtilmedi\u011fi s\u00fcrece herhangi bir ba\u011fl\u0131l\u0131k veya onay anlam\u0131na gelmez.<\/p>\n<h3>11. \u00dc\u00e7\u00fcnc\u00fc Taraf Web Sitelerine Ba\u011flant\u0131lar<\/h3>\n<p>Hizmetimiz, \u00fc\u00e7\u00fcnc\u00fc taraflarca i\u015fletilen harici web sitelerine veya hizmetlere ba\u011flant\u0131lar i\u00e7erebilir.<\/p>\n<p>Bunlar\u0131n i\u00e7eri\u011fi, politikalar\u0131 veya uygulamalar\u0131 \u00fczerinde hi\u00e7bir kontrol\u00fcm\u00fcz yoktur ve sorumluluk kabul etmiyoruz.<\/p>\n<p>\u00dc\u00e7\u00fcnc\u00fc taraf hizmetlerinin kullan\u0131m riski size aittir.<\/p>\n<p>Ziyaret etti\u011finiz t\u00fcm \u00fc\u00e7\u00fcnc\u00fc taraf sitelerinin \u015fartlar\u0131n\u0131 ve gizlilik politikalar\u0131n\u0131 okuman\u0131z\u0131 \u00f6neririz.<\/p>\n<h3>12. Yasal Yarg\u0131 Yetkisi ve Uygulanacak Hukuk<\/h3>\n<p>Bu Ko\u015fullar, kanunlar ihtilaf\u0131 h\u00fck\u00fcmleri hari\u00e7 olmak \u00fczere, Federal Almanya Cumhuriyeti kanunlar\u0131na tabidir.<\/p>\n<p>AB d\u00fczenlemeleri uyar\u0131nca yasal olarak m\u00fcmk\u00fcn oldu\u011fu durumlarda, K\u00f6ln (Almanya) yarg\u0131 yeri olacakt\u0131r.<\/p>\n<h3>13. Uyu\u015fmazl\u0131k \u00c7\u00f6z\u00fcm\u00fc<\/h3>\n<p>Hizmetle ilgili bir \u015fikayetiniz veya anla\u015fmazl\u0131\u011f\u0131n\u0131z varsa, \u00f6ncelikle destek ekibimizle ileti\u015fime ge\u00e7erek gayri resmi olarak \u00e7\u00f6zmeye \u00e7al\u0131\u015fmay\u0131 kabul edersiniz.<\/p>\n<p>\u00c7\u00f6z\u00fcmlenmedi\u011fi takdirde, AB \u00e7evrimi\u00e7i uyu\u015fmazl\u0131k \u00e7\u00f6z\u00fcm platformlar\u0131na veya AB yasalar\u0131 kapsam\u0131nda ge\u00e7erli t\u00fcketici tahkim se\u00e7eneklerine eri\u015febilirsiniz.<\/p>\n<h3>14. Birle\u015fik Devletler Yasalar\u0131na Uygunluk<\/h3>\n<p>\u015eunlar\u0131 beyan ve garanti edersiniz:<\/p>\n<ul>\n<li>(i) ABD h\u00fck\u00fcmetinin ambargosuna tabi olan veya ter\u00f6rizmi destekledi\u011fi belirlenen bir \u00fclkede bulunmaman\u0131z ve<\/li>\n<li>(ii) ABD h\u00fck\u00fcmetinin yasakl\u0131 veya k\u0131s\u0131tl\u0131 taraflar listesinde yer alm\u0131yorsunuz.<\/li>\n<\/ul>\n<h3>15. \u015eartlarda Yap\u0131lan De\u011fi\u015fiklikler<\/h3>\n<p>Bu Ko\u015fullar\u0131 tamamen kendi takdirimize ba\u011fl\u0131 olarak istedi\u011fimiz zaman de\u011fi\u015ftirme hakk\u0131m\u0131z\u0131 sakl\u0131 tutar\u0131z.<\/p>\n<p>De\u011fi\u015fikliklerin \u00f6nemli olmas\u0131 halinde, yeni \u015eartlar y\u00fcr\u00fcrl\u00fc\u011fe girmeden \u00f6nce en az 30 g\u00fcn \u00f6nceden bildirimde bulunmak i\u00e7in makul \u00e7abay\u0131 g\u00f6sterece\u011fiz.<\/p>\n<p>Revize edilen \u015eartlar\u0131n y\u00fcr\u00fcrl\u00fc\u011fe girdi\u011fi tarihten sonra Hizmetin kullan\u0131lmaya devam edilmesi, bu de\u011fi\u015fikliklerin kabul edildi\u011fi anlam\u0131na gelir.<\/p>\n<h3>16. B\u00f6l\u00fcnebilirlik<\/h3>\n<p>Bu Ko\u015fullar\u0131n herhangi bir h\u00fckm\u00fcn\u00fcn ge\u00e7ersiz veya uygulanamaz oldu\u011funa karar verilirse, kalan h\u00fck\u00fcmler tam olarak y\u00fcr\u00fcrl\u00fckte kalacakt\u0131r.<\/p>\n<h3>17. Dil ve \u00d6ncelik<\/h3>\n<p>Bu Ko\u015fullar \u0130ngilizce olarak sunulmaktad\u0131r.<\/p>\n<p>Di\u011fer dillere yap\u0131lan \u00e7eviriler sadece kolayl\u0131k sa\u011flamak i\u00e7indir.<\/p>\n<p>\u00c7eli\u015fki veya belirsizlik durumunda \u0130ngilizce versiyon ge\u00e7erli olacakt\u0131r.<\/p>\n<\/div>\n<h5><strong>Ba\u015fka sorular\u0131n\u0131z varsa, l\u00fctfen bizimle ileti\u015fime ge\u00e7mekten \u00e7ekinmeyin:<\/strong><\/h5>\n<p><strong style=\"font-size: 16px;\">E-posta:<\/strong> <a style=\"font-size: 16px; background-color: #ffffff;\" href=\"mailto:support@simtaly.com\">support@simtaly.com<\/a><br><strong>WhatsApp Canl\u0131 Sohbet:<\/strong> <a title=\"tel:16505474744\" href=\"tel:16505474744\" target=\"_blank\" rel=\"noopener noreferrer\">+16505474744<\/a><\/p>\t\t\t\t\t\t\t\t<\/div>\n\t\t\t\t\t<\/div>\n\t\t\t\t<\/div>\n\t\t\t\t<\/div>","protected":false},"excerpt":{"rendered":"<p>Terms and Conditions for simtaly.com Last updated: 24.10.2025&nbsp; Provider: DALASON GmbH, Lindenstr. 82, 50674 Cologne, GermanyEmail: support@simtaly.comWhatsApp Live Chat: +16505474744 [&hellip;]<\/p>","protected":false},"author":5,"featured_media":0,"parent":0,"menu_order":0,"comment_status":"closed","ping_status":"closed","template":"","meta":{"site-sidebar-layout":"no-sidebar","site-content-layout":"","ast-site-content-layout":"full-width-container","site-content-style":"default","site-sidebar-style":"default","ast-global-header-display":"","ast-banner-title-visibility":"","ast-main-header-display":"","ast-hfb-above-header-display":"","ast-hfb-below-header-display":"","ast-hfb-mobile-header-display":"","site-post-title":"disabled","ast-breadcrumbs-content":"","ast-featured-img":"disabled","footer-sml-layout":"","theme-transparent-header-meta":"enabled","adv-header-id-meta":"","stick-header-meta":"","header-above-stick-meta":"","header-main-stick-meta":"","header-below-stick-meta":"","astra-migrate-meta-layouts":"default","ast-page-background-enabled":"default","ast-page-background-meta":{"desktop":{"background-color":"var(--ast-global-color-5)","background-image":"","background-repeat":"repeat","background-position":"center center","background-size":"auto","background-attachment":"scroll","background-type":"","background-media":"","overlay-type":"","overlay-color":"","overlay-opacity":"","overlay-gradient":""},"tablet":{"background-color":"","background-image":"","background-repeat":"repeat","background-position":"center center","background-size":"auto","background-attachment":"scroll","background-type":"","background-media":"","overlay-type":"","overlay-color":"","overlay-opacity":"","overlay-gradient":""},"mobile":{"background-color":"","background-image":"","background-repeat":"repeat","background-position":"center center","background-size":"auto","background-attachment":"scroll","background-type":"","background-media":"","overlay-type":"","overlay-color":"","overlay-opacity":"","overlay-gradient":""}},"ast-content-background-meta":{"desktop":{"background-color":"var(--ast-global-color-4)","background-image":"","background-repeat":"repeat","background-position":"center center","background-size":"auto","background-attachment":"scroll","background-type":"","background-media":"","overlay-type":"","overlay-color":"","overlay-opacity":"","overlay-gradient":""},"tablet":{"background-color":"var(--ast-global-color-4)","background-image":"","background-repeat":"repeat","background-position":"center center","background-size":"auto","background-attachment":"scroll","background-type":"","background-media":"","overlay-type":"","overlay-color":"","overlay-opacity":"","overlay-gradient":""},"mobile":{"background-color":"var(--ast-global-color-4)","background-image":"","background-repeat":"repeat","background-position":"center center","background-size":"auto","background-attachment":"scroll","background-type":"","background-media":"","overlay-type":"","overlay-color":"","overlay-opacity":"","overlay-gradient":""}},"footnotes":""},"class_list":["post-1427","page","type-page","status-publish","hentry"],"_links":{"self":[{"href":"https:\/\/www.simtaly.com\/tr\/wp-json\/wp\/v2\/pages\/1427","targetHints":{"allow":["GET"]}}],"collection":[{"href":"https:\/\/www.simtaly.com\/tr\/wp-json\/wp\/v2\/pages"}],"about":[{"href":"https:\/\/www.simtaly.com\/tr\/wp-json\/wp\/v2\/types\/page"}],"author":[{"embeddable":true,"href":"https:\/\/www.simtaly.com\/tr\/wp-json\/wp\/v2\/users\/5"}],"replies":[{"embeddable":true,"href":"https:\/\/www.simtaly.com\/tr\/wp-json\/wp\/v2\/comments?post=1427"}],"version-history":[{"count":46,"href":"https:\/\/www.simtaly.com\/tr\/wp-json\/wp\/v2\/pages\/1427\/revisions"}],"predecessor-version":[{"id":3770,"href":"https:\/\/www.simtaly.com\/tr\/wp-json\/wp\/v2\/pages\/1427\/revisions\/3770"}],"wp:attachment":[{"href":"https:\/\/www.simtaly.com\/tr\/wp-json\/wp\/v2\/media?parent=1427"}],"curies":[{"name":"wp","href":"https:\/\/api.w.org\/{rel}","templated":true}]}}