{"id":1182,"date":"2025-09-10T09:04:47","date_gmt":"2025-09-10T09:04:47","guid":{"rendered":"https:\/\/www.simtaly.com\/?page_id=1182"},"modified":"2025-11-28T22:55:14","modified_gmt":"2025-11-28T21:55:14","slug":"baski","status":"publish","type":"page","link":"https:\/\/www.simtaly.com\/tr\/baski\/","title":{"rendered":"K\u00fcnye"},"content":{"rendered":"<div data-elementor-type=\"wp-page\" data-elementor-id=\"1182\" class=\"elementor elementor-1182\" data-elementor-post-type=\"page\">\n\t\t\t\t<div class=\"elementor-element elementor-element-913f3fd e-flex e-con-boxed e-con e-parent\" data-id=\"913f3fd\" data-element_type=\"container\" data-settings=\"{&quot;background_background&quot;:&quot;gradient&quot;}\">\n\t\t\t\t\t<div class=\"e-con-inner\">\n\t\t\t\t<div class=\"elementor-element elementor-element-202bf3b elementor-widget elementor-widget-heading\" data-id=\"202bf3b\" data-element_type=\"widget\" data-widget_type=\"heading.default\">\n\t\t\t\t\t<h1 class=\"elementor-heading-title elementor-size-default\">Yasal Uyar\u0131 (K\u00fcnye)<\/h1>\t\t\t\t<\/div>\n\t\t\t\t\t<\/div>\n\t\t\t\t<\/div>\n\t\t<div class=\"elementor-element elementor-element-9011448 e-flex e-con-boxed e-con e-parent\" data-id=\"9011448\" data-element_type=\"container\">\n\t\t\t\t\t<div class=\"e-con-inner\">\n\t\t\t\t<div class=\"elementor-element elementor-element-22ca553 elementor-widget elementor-widget-spacer\" data-id=\"22ca553\" data-element_type=\"widget\" data-widget_type=\"spacer.default\">\n\t\t\t\t\t\t\t<div class=\"elementor-spacer\">\n\t\t\t<div class=\"elementor-spacer-inner\"><\/div>\n\t\t<\/div>\n\t\t\t\t\t\t<\/div>\n\t\t\t\t\t<\/div>\n\t\t\t\t<\/div>\n\t\t<div class=\"elementor-element elementor-element-eb22c6b e-flex e-con-boxed e-con e-parent\" data-id=\"eb22c6b\" data-element_type=\"container\">\n\t\t\t\t\t<div class=\"e-con-inner\">\n\t\t\t\t<div class=\"elementor-element elementor-element-5784496 elementor-widget elementor-widget-text-editor\" data-id=\"5784496\" data-element_type=\"widget\" data-widget_type=\"text-editor.default\">\n\t\t\t\t\t\t\t\t\t<div style=\"line-height: 1.6;\"><h3 style=\"color: #222222; font-family: Arial, sans-serif;\">TMG (Alman Telemedya Yasas\u0131) \u00a75 ve MStV \u00a718 (2) uyar\u0131nca bilgiler:<\/h3><p style=\"color: #222222; font-family: Arial, sans-serif;\"><strong>Simtaly<\/strong><br \/>DALASON GmbH<br \/>Lindenstra\u00dfe 82<br \/>50674 K\u00f6ln<br \/>Almanya<\/p><p style=\"color: #222222; font-family: Arial, sans-serif;\"><strong>Temsilci:<\/strong><br \/>Genel M\u00fcd\u00fcrler: Andreas Damek ve Chung-U Son<\/p><p style=\"color: #222222; font-family: Arial, sans-serif;\"><strong>\u0130leti\u015fim:<\/strong><br \/>E-posta: <a href=\"mailto:support@simtaly.com\">support@simtaly.com<\/a><br \/><span style=\"font-style: inherit; font-weight: inherit;\">WhatsApp Canl\u0131 Sohbet: \u202a<a title=\"\" href=\"tel:16505474744\" target=\"_blank\" rel=\"noopener noreferrer\" data-title=\"tel:16505474744\">+16505474744<\/a><\/span><br \/>Web sitesi<strong>:<\/strong> <a href=\"https:\/\/www.simtaly.com\/tr\/\" target=\"_blank\" rel=\"noopener noreferrer\">https:\/\/www.simtaly.com<\/a><\/p><p style=\"color: #222222; font-family: Arial, sans-serif;\"><strong>Ticaret Sicil Kayd\u0131:<br \/><\/strong>Sicil Mahkemesi: K\u00f6ln Yerel Mahkemesi (Amtsgericht K\u00f6ln)<br \/>Kay\u0131t Numaras\u0131: HRB 60929<\/p><p style=\"color: #222222; font-family: Arial, sans-serif;\"><strong>Alman KDV Kanunu \u00a727a uyar\u0131nca KDV Kimlik Numaras\u0131:<\/strong><br \/>Vergi kimlik numaras\u0131: DE255749627<\/p><p style=\"color: #222222; font-family: Arial, sans-serif;\"><strong>MStV \u00a718 (2) uyar\u0131nca i\u00e7erikten sorumludur:<\/strong><br \/>Andreas Damek<br \/>DALASON GmbH<br \/>Lindenstra\u00dfe 82<br \/>50674 K\u00f6ln<br \/>Almanya<\/p><h3 style=\"color: #222222; font-family: Arial, sans-serif;\">Sorumluluk Reddi<\/h3><p style=\"color: #222222; font-family: Arial, sans-serif;\"><strong>\u0130\u00e7erik i\u00e7in Sorumluluk<\/strong><br \/>Web sitemizin i\u00e7eri\u011fi azami \u00f6zen g\u00f6sterilerek olu\u015fturulmu\u015ftur. Ancak, i\u00e7eri\u011fin do\u011frulu\u011funu, eksiksizli\u011fini veya g\u00fcncelli\u011fini garanti edemeyiz.<br \/>Bir hizmet sa\u011flay\u0131c\u0131 olarak, genel yasa uyar\u0131nca bu sayfalardaki kendi i\u00e7eri\u011fimizden sorumluyuz (\u00a77 Para. 1 TMG).<br \/>TMG \u00a7\u00a78-10'a g\u00f6re, iletilen veya saklanan \u00fc\u00e7\u00fcnc\u00fc taraf bilgilerini izlemek veya yasa d\u0131\u015f\u0131 faaliyet g\u00f6steren durumlar\u0131 ara\u015ft\u0131rmak zorunda de\u011filiz.<br \/>Genel hukuk kapsam\u0131nda bilgilerin kald\u0131r\u0131lmas\u0131 veya kullan\u0131m\u0131n\u0131n engellenmesi y\u00fck\u00fcml\u00fcl\u00fckleri bundan etkilenmez. Bununla birlikte, bu konudaki sorumluluk sadece belirli bir yasal ihlalin fark\u0131na vard\u0131\u011f\u0131m\u0131z andan itibaren m\u00fcmk\u00fcnd\u00fcr. Bu t\u00fcr ihlallerin bildirilmesi \u00fczerine, i\u00e7eri\u011fi derhal kald\u0131raca\u011f\u0131z.<\/p><p style=\"color: #222222; font-family: Arial, sans-serif;\"><strong>Ba\u011flant\u0131lar i\u00e7in Sorumluluk<\/strong><br \/>Web sitemiz, i\u00e7eri\u011fi \u00fczerinde hi\u00e7bir kontrol\u00fcm\u00fcz olmayan harici \u00fc\u00e7\u00fcnc\u00fc taraf web sitelerine ba\u011flant\u0131lar i\u00e7ermektedir. Bu nedenle, bu t\u00fcr harici i\u00e7erikler i\u00e7in herhangi bir sorumluluk kabul edemeyiz.<br \/>Ba\u011flant\u0131 verilen sitelerin ilgili sa\u011flay\u0131c\u0131s\u0131 veya operat\u00f6r\u00fc her zaman i\u00e7eriklerinden sorumludur.<br \/>Ba\u011flant\u0131 verilen siteler, ba\u011flant\u0131 verildi\u011fi s\u0131rada olas\u0131 yasal ihlallere kar\u015f\u0131 kontrol edilmi\u015ftir. Yasa d\u0131\u015f\u0131 i\u00e7erik o s\u0131rada tespit edilememi\u015ftir.<br \/>Somut bir ihlal kan\u0131t\u0131 olmadan ba\u011flant\u0131l\u0131 sayfalar\u0131n s\u00fcrekli olarak izlenmesi makul de\u011fildir. Bu t\u00fcr ihlallerin fark\u0131na vard\u0131\u011f\u0131m\u0131zda, ba\u011flant\u0131lar\u0131 derhal kald\u0131raca\u011f\u0131z.<\/p><p style=\"color: #222222; font-family: Arial, sans-serif;\"><strong>Telif Hakk\u0131<\/strong><br \/><span style=\"font-size: 16px;\">Web sitesi operat\u00f6r\u00fc taraf\u0131ndan olu\u015fturulan t\u00fcm i\u00e7erik ve eserler Alman telif hakk\u0131 yasas\u0131na tabidir.<\/span><\/p><p style=\"color: #222222; font-family: Arial, sans-serif;\">\u00c7o\u011faltma, de\u011fi\u015ftirme, da\u011f\u0131t\u0131m veya telif hakk\u0131 yasas\u0131n\u0131n kapsam\u0131 d\u0131\u015f\u0131ndaki herhangi bir kullan\u0131m \u015fekli, ilgili yazar\u0131n veya yarat\u0131c\u0131n\u0131n yaz\u0131l\u0131 onay\u0131n\u0131 gerektirir.<br \/><span style=\"font-size: 16px;\">Bu sitenin indirilmesine ve kopyalanmas\u0131na yaln\u0131zca \u00f6zel, ticari olmayan kullan\u0131m i\u00e7in izin verilir.<br \/><\/span>Bu web sitesindeki i\u00e7erik operat\u00f6r taraf\u0131ndan olu\u015fturulmam\u0131\u015fsa, \u00fc\u00e7\u00fcnc\u00fc taraflar\u0131n telif haklar\u0131na sayg\u0131 duyulur ve bu i\u00e7erik a\u00e7\u0131k\u00e7a belirtilir.<br \/>Yine de bir telif hakk\u0131 ihlalinden haberdar olursan\u0131z, l\u00fctfen bizi bilgilendirin. Bildirim \u00fczerine, s\u00f6z konusu i\u00e7eri\u011fi gecikmeden kald\u0131raca\u011f\u0131z.<\/p><p style=\"color: #222222; font-family: Arial, sans-serif;\"><strong>\u00c7evrimi\u00e7i Uyu\u015fmazl\u0131k \u00c7\u00f6z\u00fcm\u00fc<\/strong><br \/>Avrupa Komisyonu, \u00e7evrimi\u00e7i uyu\u015fmazl\u0131k \u00e7\u00f6z\u00fcm\u00fc (OS) i\u00e7in bir platform sa\u011flamaktad\u0131r:<br \/><a href=\"https:\/\/ec.europa.eu\/consumers\/odr\" target=\"_blank\" rel=\"noopener noreferrer nofollow\">https:\/\/ec.europa.eu\/consumers\/odr<\/a><\/p><p>E-posta adresimiz yukar\u0131da bu yasal bildirimde bulunabilir.<br \/>Bir t\u00fcketici hakem heyeti nezdindeki uyu\u015fmazl\u0131k \u00e7\u00f6z\u00fcm i\u015flemlerine kat\u0131lmaya istekli veya y\u00fck\u00fcml\u00fc de\u011filiz.<\/p><p style=\"color: #222222; font-family: Arial, sans-serif;\"><strong>\u00dc\u00e7\u00fcnc\u00fc Taraf \u0130\u00e7eri\u011fine \u0130li\u015fkin Bildirim (\u00a710 TMG)<br \/><\/strong>Kullan\u0131c\u0131lar veya \u00fc\u00e7\u00fcnc\u00fc \u015fah\u0131slar taraf\u0131ndan yap\u0131lan katk\u0131lar operat\u00f6r\u00fcn g\u00f6r\u00fc\u015flerini yans\u0131tmayabilir.<br \/>Operat\u00f6r bu t\u00fcr i\u00e7erikler i\u00e7in hi\u00e7bir editoryal sorumluluk kabul etmez.<\/p><p><strong>Bask\u0131 ile ilgili herhangi bir sorunuz varsa, l\u00fctfen bizimle ileti\u015fime ge\u00e7mekten \u00e7ekinmeyin:<\/strong><br \/>E-posta: <a href=\"mailto:support@simtaly.com\">support@simtaly.com<\/a><br \/>WhatsApp Canl\u0131 Sohbet: \u202a<a title=\"\" href=\"https:\/\/wa.me\/16505474744\" target=\"_blank\" rel=\"noopener noreferrer nofollow\" data-title=\"tel:16505474744\">+16505474744<\/a><\/p><\/div>\t\t\t\t\t\t\t\t<\/div>\n\t\t\t\t\t<\/div>\n\t\t\t\t<\/div>\n\t\t\t\t<\/div>","protected":false},"excerpt":{"rendered":"<p>Legal Notice (Imprint) Information according to \u00a75 TMG (German Telemedia Act) and \u00a718 (2) MStV: SimtalyDALASON GmbHLindenstra\u00dfe 8250674 CologneGermany Represented [&hellip;]<\/p>","protected":false},"author":5,"featured_media":0,"parent":0,"menu_order":0,"comment_status":"closed","ping_status":"closed","template":"","meta":{"site-sidebar-layout":"no-sidebar","site-content-layout":"","ast-site-content-layout":"full-width-container","site-content-style":"default","site-sidebar-style":"default","ast-global-header-display":"","ast-banner-title-visibility":"","ast-main-header-display":"","ast-hfb-above-header-display":"","ast-hfb-below-header-display":"","ast-hfb-mobile-header-display":"","site-post-title":"disabled","ast-breadcrumbs-content":"","ast-featured-img":"disabled","footer-sml-layout":"","theme-transparent-header-meta":"enabled","adv-header-id-meta":"","stick-header-meta":"","header-above-stick-meta":"","header-main-stick-meta":"","header-below-stick-meta":"","astra-migrate-meta-layouts":"default","ast-page-background-enabled":"default","ast-page-background-meta":{"desktop":{"background-color":"var(--ast-global-color-5)","background-image":"","background-repeat":"repeat","background-position":"center center","background-size":"auto","background-attachment":"scroll","background-type":"","background-media":"","overlay-type":"","overlay-color":"","overlay-opacity":"","overlay-gradient":""},"tablet":{"background-color":"","background-image":"","background-repeat":"repeat","background-position":"center center","background-size":"auto","background-attachment":"scroll","background-type":"","background-media":"","overlay-type":"","overlay-color":"","overlay-opacity":"","overlay-gradient":""},"mobile":{"background-color":"","background-image":"","background-repeat":"repeat","background-position":"center center","background-size":"auto","background-attachment":"scroll","background-type":"","background-media":"","overlay-type":"","overlay-color":"","overlay-opacity":"","overlay-gradient":""}},"ast-content-background-meta":{"desktop":{"background-color":"var(--ast-global-color-4)","background-image":"","background-repeat":"repeat","background-position":"center center","background-size":"auto","background-attachment":"scroll","background-type":"","background-media":"","overlay-type":"","overlay-color":"","overlay-opacity":"","overlay-gradient":""},"tablet":{"background-color":"var(--ast-global-color-4)","background-image":"","background-repeat":"repeat","background-position":"center center","background-size":"auto","background-attachment":"scroll","background-type":"","background-media":"","overlay-type":"","overlay-color":"","overlay-opacity":"","overlay-gradient":""},"mobile":{"background-color":"var(--ast-global-color-4)","background-image":"","background-repeat":"repeat","background-position":"center center","background-size":"auto","background-attachment":"scroll","background-type":"","background-media":"","overlay-type":"","overlay-color":"","overlay-opacity":"","overlay-gradient":""}},"footnotes":""},"class_list":["post-1182","page","type-page","status-publish","hentry"],"_links":{"self":[{"href":"https:\/\/www.simtaly.com\/tr\/wp-json\/wp\/v2\/pages\/1182","targetHints":{"allow":["GET"]}}],"collection":[{"href":"https:\/\/www.simtaly.com\/tr\/wp-json\/wp\/v2\/pages"}],"about":[{"href":"https:\/\/www.simtaly.com\/tr\/wp-json\/wp\/v2\/types\/page"}],"author":[{"embeddable":true,"href":"https:\/\/www.simtaly.com\/tr\/wp-json\/wp\/v2\/users\/5"}],"replies":[{"embeddable":true,"href":"https:\/\/www.simtaly.com\/tr\/wp-json\/wp\/v2\/comments?post=1182"}],"version-history":[{"count":50,"href":"https:\/\/www.simtaly.com\/tr\/wp-json\/wp\/v2\/pages\/1182\/revisions"}],"predecessor-version":[{"id":3983,"href":"https:\/\/www.simtaly.com\/tr\/wp-json\/wp\/v2\/pages\/1182\/revisions\/3983"}],"wp:attachment":[{"href":"https:\/\/www.simtaly.com\/tr\/wp-json\/wp\/v2\/media?parent=1182"}],"curies":[{"name":"wp","href":"https:\/\/api.w.org\/{rel}","templated":true}]}}