{"id":3914,"date":"2025-11-27T15:11:57","date_gmt":"2025-11-27T15:11:57","guid":{"rendered":"https:\/\/www.simtaly.com\/?page_id=3914"},"modified":"2025-11-28T23:02:04","modified_gmt":"2025-11-28T22:02:04","slug":"frakt-och-betalningspolicy","status":"publish","type":"page","link":"https:\/\/www.simtaly.com\/sv\/frakt-och-betalningspolicy\/","title":{"rendered":"Frakt- och betalningspolicy"},"content":{"rendered":"<div data-elementor-type=\"wp-page\" data-elementor-id=\"3914\" class=\"elementor elementor-3914\" data-elementor-post-type=\"page\">\n\t\t\t\t<div class=\"elementor-element elementor-element-913f3fd e-flex e-con-boxed e-con e-parent\" data-id=\"913f3fd\" data-element_type=\"container\" data-settings=\"{&quot;background_background&quot;:&quot;gradient&quot;}\">\n\t\t\t\t\t<div class=\"e-con-inner\">\n\t\t\t\t<div class=\"elementor-element elementor-element-202bf3b elementor-widget elementor-widget-heading\" data-id=\"202bf3b\" data-element_type=\"widget\" data-widget_type=\"heading.default\">\n\t\t\t\t\t<h1 class=\"elementor-heading-title elementor-size-default\">Frakt- och betalningspolicy \u2013 simtaly.com<\/h1>\t\t\t\t<\/div>\n\t\t\t\t\t<\/div>\n\t\t\t\t<\/div>\n\t\t<div class=\"elementor-element elementor-element-9011448 e-flex e-con-boxed e-con e-parent\" data-id=\"9011448\" data-element_type=\"container\">\n\t\t\t\t\t<div class=\"e-con-inner\">\n\t\t\t\t<div class=\"elementor-element elementor-element-22ca553 elementor-widget elementor-widget-spacer\" data-id=\"22ca553\" data-element_type=\"widget\" data-widget_type=\"spacer.default\">\n\t\t\t\t\t\t\t<div class=\"elementor-spacer\">\n\t\t\t<div class=\"elementor-spacer-inner\"><\/div>\n\t\t<\/div>\n\t\t\t\t\t\t<\/div>\n\t\t\t\t\t<\/div>\n\t\t\t\t<\/div>\n\t\t<div class=\"elementor-element elementor-element-eb22c6b e-flex e-con-boxed e-con e-parent\" data-id=\"eb22c6b\" data-element_type=\"container\">\n\t\t\t\t\t<div class=\"e-con-inner\">\n\t\t\t\t<div class=\"elementor-element elementor-element-5784496 elementor-widget elementor-widget-text-editor\" data-id=\"5784496\" data-element_type=\"widget\" data-widget_type=\"text-editor.default\">\n\t\t\t\t\t\t\t\t\t<p>G\u00e4ller alla digitala produkter, inklusive eSIM- och rese-eSIM-tj\u00e4nster.<\/p><h3>1. Fraktpolicy<\/h3><h4>Digital leverans av eSIM-produkter<\/h4><p>Alla eSIM- och rese-eSIM-produkter levereras digitalt via e-post. Ingen fysisk leverans sker.<\/p><h4>Leveranstid<\/h4><ul><li>Gratis och omedelbar leverans efter godk\u00e4nd betalning.<\/li><li>eSIM skickas automatiskt till den e-postadress som angavs vid utcheckningen.<\/li><li>I de flesta fall kommer e-postmeddelandet inom n\u00e5gra minuter.<\/li><\/ul><h4>Viktig information om e-postleverans<\/h4><ul><li>Kunden ansvarar f\u00f6r att ange en korrekt och giltig e-postadress f\u00f6r att kunna ta emot eSIM-kortet.<\/li><li>Om e-postmeddelandet inte kommer fram inom n\u00e5gra minuter, kontrollera skr\u00e4ppostmappen.<\/li><li>Om e-postmeddelandet med eSIM inte har kommit inom 20 minuter, kontakta supporten:<br \/><a href=\"mailto:support@simtaly.com\"><strong>support@simtaly.com<\/strong><\/a><\/li><li>Kundsupporten svarar s\u00e5 snabbt som m\u00f6jligt och garanterar ett svar inom 24 timmar.<\/li><\/ul><h3>2. Betalningspolicy<\/h3><h4>Betalningshantering via Stripe<\/h4><p>Alla betalningar behandlas s\u00e4kert via Stripe. Vid utcheckningen visas automatiskt de betalningsmetoder som Stripe st\u00f6der i respektive land. Dessa kan inkludera:<\/p><ul><li>Kreditkort<\/li><li>Betalkort<\/li><li>Digitala pl\u00e5nb\u00f6cker<\/li><li>Andra lokala betalningsalternativ<\/li><\/ul><h4>3D-s\u00e4ker autentisering<\/h4><p>Om kundens kreditkort st\u00f6der 3D-Secure kr\u00e4vs detta autentiseringssteg och kommer att till\u00e4mpas under transaktionen.<\/p><h4>Skatter (moms\/f\u00f6rs\u00e4ljningsskatt)<\/h4><ul><li>Kunderna m\u00e5ste v\u00e4lja faktureringsland vid kassan f\u00f6r att s\u00e4kerst\u00e4lla att r\u00e4tt skattebelopp till\u00e4mpas.<\/li><li>Alla priser som visas p\u00e5 webbplatsen inkluderar moms f\u00f6r alla l\u00e4nder v\u00e4rlden \u00f6ver.<\/li><li>F\u00f6r kunder i USA ber\u00e4knas till\u00e4mpliga statliga eller lokala f\u00f6rs\u00e4ljningsskatter automatiskt och l\u00e4ggs till vid kassan.<\/li><\/ul><h5>Om du har ytterligare fr\u00e5gor, tveka inte att kontakta oss:<\/h5><p><strong>E-post:<\/strong>\u00a0<a href=\"mailto:support@simtaly.com\">support@simtaly.com<\/a><br \/><strong>WhatsApp Live Chat:<\/strong>\u00a0\u202a<a href=\"https:\/\/wa.me\/16505474744\" target=\"_blank\" rel=\"noopener nofollow\">+16505474744<\/a><\/p>\t\t\t\t\t\t\t\t<\/div>\n\t\t\t\t<div class=\"elementor-element elementor-element-f48aae3 elementor-widget elementor-widget-spacer\" data-id=\"f48aae3\" data-element_type=\"widget\" data-widget_type=\"spacer.default\">\n\t\t\t\t\t\t\t<div class=\"elementor-spacer\">\n\t\t\t<div class=\"elementor-spacer-inner\"><\/div>\n\t\t<\/div>\n\t\t\t\t\t\t<\/div>\n\t\t\t\t\t<\/div>\n\t\t\t\t<\/div>\n\t\t\t\t<\/div>","protected":false},"excerpt":{"rendered":"<p>Shipping &amp; Payment Policy \u2013 simtaly.com Applies to all digital products, including eSIM and travel eSIM services. 1. Shipping Policy [&hellip;]<\/p>","protected":false},"author":5,"featured_media":0,"parent":0,"menu_order":0,"comment_status":"closed","ping_status":"closed","template":"","meta":{"site-sidebar-layout":"no-sidebar","site-content-layout":"","ast-site-content-layout":"full-width-container","site-content-style":"default","site-sidebar-style":"default","ast-global-header-display":"","ast-banner-title-visibility":"","ast-main-header-display":"","ast-hfb-above-header-display":"","ast-hfb-below-header-display":"","ast-hfb-mobile-header-display":"","site-post-title":"disabled","ast-breadcrumbs-content":"","ast-featured-img":"disabled","footer-sml-layout":"","theme-transparent-header-meta":"enabled","adv-header-id-meta":"","stick-header-meta":"","header-above-stick-meta":"","header-main-stick-meta":"","header-below-stick-meta":"","astra-migrate-meta-layouts":"default","ast-page-background-enabled":"default","ast-page-background-meta":{"desktop":{"background-color":"var(--ast-global-color-5)","background-image":"","background-repeat":"repeat","background-position":"center center","background-size":"auto","background-attachment":"scroll","background-type":"","background-media":"","overlay-type":"","overlay-color":"","overlay-opacity":"","overlay-gradient":""},"tablet":{"background-color":"","background-image":"","background-repeat":"repeat","background-position":"center center","background-size":"auto","background-attachment":"scroll","background-type":"","background-media":"","overlay-type":"","overlay-color":"","overlay-opacity":"","overlay-gradient":""},"mobile":{"background-color":"","background-image":"","background-repeat":"repeat","background-position":"center center","background-size":"auto","background-attachment":"scroll","background-type":"","background-media":"","overlay-type":"","overlay-color":"","overlay-opacity":"","overlay-gradient":""}},"ast-content-background-meta":{"desktop":{"background-color":"var(--ast-global-color-4)","background-image":"","background-repeat":"repeat","background-position":"center center","background-size":"auto","background-attachment":"scroll","background-type":"","background-media":"","overlay-type":"","overlay-color":"","overlay-opacity":"","overlay-gradient":""},"tablet":{"background-color":"var(--ast-global-color-4)","background-image":"","background-repeat":"repeat","background-position":"center center","background-size":"auto","background-attachment":"scroll","background-type":"","background-media":"","overlay-type":"","overlay-color":"","overlay-opacity":"","overlay-gradient":""},"mobile":{"background-color":"var(--ast-global-color-4)","background-image":"","background-repeat":"repeat","background-position":"center center","background-size":"auto","background-attachment":"scroll","background-type":"","background-media":"","overlay-type":"","overlay-color":"","overlay-opacity":"","overlay-gradient":""}},"footnotes":""},"class_list":["post-3914","page","type-page","status-publish","hentry"],"_links":{"self":[{"href":"https:\/\/www.simtaly.com\/sv\/wp-json\/wp\/v2\/pages\/3914","targetHints":{"allow":["GET"]}}],"collection":[{"href":"https:\/\/www.simtaly.com\/sv\/wp-json\/wp\/v2\/pages"}],"about":[{"href":"https:\/\/www.simtaly.com\/sv\/wp-json\/wp\/v2\/types\/page"}],"author":[{"embeddable":true,"href":"https:\/\/www.simtaly.com\/sv\/wp-json\/wp\/v2\/users\/5"}],"replies":[{"embeddable":true,"href":"https:\/\/www.simtaly.com\/sv\/wp-json\/wp\/v2\/comments?post=3914"}],"version-history":[{"count":10,"href":"https:\/\/www.simtaly.com\/sv\/wp-json\/wp\/v2\/pages\/3914\/revisions"}],"predecessor-version":[{"id":3929,"href":"https:\/\/www.simtaly.com\/sv\/wp-json\/wp\/v2\/pages\/3914\/revisions\/3929"}],"wp:attachment":[{"href":"https:\/\/www.simtaly.com\/sv\/wp-json\/wp\/v2\/media?parent=3914"}],"curies":[{"name":"wp","href":"https:\/\/api.w.org\/{rel}","templated":true}]}}