{"id":1182,"date":"2025-09-10T09:04:47","date_gmt":"2025-09-10T09:04:47","guid":{"rendered":"https:\/\/www.simtaly.com\/?page_id=1182"},"modified":"2025-11-28T22:55:14","modified_gmt":"2025-11-28T21:55:14","slug":"avtryck","status":"publish","type":"page","link":"https:\/\/www.simtaly.com\/sv\/avtryck\/","title":{"rendered":"Avtryck"},"content":{"rendered":"<div data-elementor-type=\"wp-page\" data-elementor-id=\"1182\" class=\"elementor elementor-1182\" data-elementor-post-type=\"page\">\n\t\t\t\t<div class=\"elementor-element elementor-element-913f3fd e-flex e-con-boxed e-con e-parent\" data-id=\"913f3fd\" data-element_type=\"container\" data-settings=\"{&quot;background_background&quot;:&quot;gradient&quot;}\">\n\t\t\t\t\t<div class=\"e-con-inner\">\n\t\t\t\t<div class=\"elementor-element elementor-element-202bf3b elementor-widget elementor-widget-heading\" data-id=\"202bf3b\" data-element_type=\"widget\" data-widget_type=\"heading.default\">\n\t\t\t\t\t<h1 class=\"elementor-heading-title elementor-size-default\">R\u00e4ttsligt meddelande (tryck)<\/h1>\t\t\t\t<\/div>\n\t\t\t\t\t<\/div>\n\t\t\t\t<\/div>\n\t\t<div class=\"elementor-element elementor-element-9011448 e-flex e-con-boxed e-con e-parent\" data-id=\"9011448\" data-element_type=\"container\">\n\t\t\t\t\t<div class=\"e-con-inner\">\n\t\t\t\t<div class=\"elementor-element elementor-element-22ca553 elementor-widget elementor-widget-spacer\" data-id=\"22ca553\" data-element_type=\"widget\" data-widget_type=\"spacer.default\">\n\t\t\t\t\t\t\t<div class=\"elementor-spacer\">\n\t\t\t<div class=\"elementor-spacer-inner\"><\/div>\n\t\t<\/div>\n\t\t\t\t\t\t<\/div>\n\t\t\t\t\t<\/div>\n\t\t\t\t<\/div>\n\t\t<div class=\"elementor-element elementor-element-eb22c6b e-flex e-con-boxed e-con e-parent\" data-id=\"eb22c6b\" data-element_type=\"container\">\n\t\t\t\t\t<div class=\"e-con-inner\">\n\t\t\t\t<div class=\"elementor-element elementor-element-5784496 elementor-widget elementor-widget-text-editor\" data-id=\"5784496\" data-element_type=\"widget\" data-widget_type=\"text-editor.default\">\n\t\t\t\t\t\t\t\t\t<div style=\"line-height: 1.6;\"><h3 style=\"color: #222222; font-family: Arial, sans-serif;\">Information enligt \u00a75 TMG (tyska telemedialagen) och \u00a718 (2) MStV:<\/h3><p style=\"color: #222222; font-family: Arial, sans-serif;\"><strong>Simtaly<\/strong><br \/>DALASON GmbH<br \/>Lindenstra\u00dfe 82<br \/>50674 K\u00f6ln<br \/>Tyskland<\/p><p style=\"color: #222222; font-family: Arial, sans-serif;\"><strong>F\u00f6retr\u00e4ds av:<\/strong><br \/>Verkst\u00e4llande direkt\u00f6rer: Andreas Damek och Chung-U Son<\/p><p style=\"color: #222222; font-family: Arial, sans-serif;\"><strong>Kontakta oss:<\/strong><br \/>E-post: <a href=\"mailto:support@simtaly.com\">support@simtaly.com<\/a><br \/><span style=\"font-style: inherit; font-weight: inherit;\">WhatsApp Live Chat: \u202a<a title=\"\" href=\"tel:16505474744\" target=\"_blank\" rel=\"noopener noreferrer\" data-title=\"tel:16505474744\">+16505474744<\/a><\/span><br \/>Webbplats<strong>:<\/strong> <a href=\"https:\/\/www.simtaly.com\/sv\/\" target=\"_blank\" rel=\"noopener noreferrer\">https:\/\/www.simtaly.com<\/a><\/p><p style=\"color: #222222; font-family: Arial, sans-serif;\"><strong>Registrering i handelsregistret:<br \/><\/strong>Registerdomstol: Amtsgericht K\u00f6ln (lokal domstol i K\u00f6ln)<br \/>Registreringsnummer: HRB 60929<\/p><p style=\"color: #222222; font-family: Arial, sans-serif;\"><strong>Momsregistreringsnummer enligt \u00a727a i den tyska momslagen:<\/strong><br \/>Skatteregistreringsnummer: DE255749627<\/p><p style=\"color: #222222; font-family: Arial, sans-serif;\"><strong>Ansvarig f\u00f6r inneh\u00e5llet enligt \u00a718 (2) MStV:<\/strong><br \/>Andreas Damek<br \/>DALASON GmbH<br \/>Lindenstra\u00dfe 82<br \/>50674 K\u00f6ln<br \/>Tyskland<\/p><h3 style=\"color: #222222; font-family: Arial, sans-serif;\">Ansvarsfriskrivning<\/h3><p style=\"color: #222222; font-family: Arial, sans-serif;\"><strong>Ansvar f\u00f6r inneh\u00e5ll<\/strong><br \/>Inneh\u00e5llet p\u00e5 v\u00e5r webbplats har skapats med st\u00f6rsta m\u00f6jliga omsorg. Vi kan dock inte garantera att inneh\u00e5llet \u00e4r korrekt, fullst\u00e4ndigt eller aktuellt.<br \/>Som tj\u00e4nsteleverant\u00f6r \u00e4r vi ansvariga f\u00f6r v\u00e5rt eget inneh\u00e5ll p\u00e5 dessa sidor enligt allm\u00e4n lag (\u00a77 Para. 1 TMG).<br \/>Enligt \u00a7\u00a7 8-10 TMG \u00e4r vi inte skyldiga att \u00f6vervaka \u00f6verf\u00f6rd eller lagrad information fr\u00e5n tredje part eller att unders\u00f6ka omst\u00e4ndigheter som tyder p\u00e5 olaglig verksamhet.<br \/>Skyldigheter att ta bort eller blockera anv\u00e4ndningen av information enligt allm\u00e4n lag f\u00f6rblir op\u00e5verkade. Ansvar i detta avseende \u00e4r dock endast m\u00f6jligt fr\u00e5n och med den tidpunkt d\u00e5 vi blir medvetna om en specifik juridisk \u00f6vertr\u00e4delse. Vid anm\u00e4lan om s\u00e5dana \u00f6vertr\u00e4delser kommer vi att ta bort inneh\u00e5llet omedelbart.<\/p><p style=\"color: #222222; font-family: Arial, sans-serif;\"><strong>Ansvar f\u00f6r l\u00e4nkar<\/strong><br \/>V\u00e5r webbplats inneh\u00e5ller l\u00e4nkar till externa webbplatser fr\u00e5n tredje part, vars inneh\u00e5ll vi inte har n\u00e5gon kontroll \u00f6ver. D\u00e4rf\u00f6r kan vi inte ta n\u00e5got ansvar f\u00f6r s\u00e5dant externt inneh\u00e5ll.<br \/>Respektive leverant\u00f6r eller operat\u00f6r av de l\u00e4nkade webbplatserna \u00e4r alltid ansvarig f\u00f6r deras inneh\u00e5ll.<br \/>De l\u00e4nkade sidorna kontrollerades vid tidpunkten f\u00f6r l\u00e4nkningen med avseende p\u00e5 eventuella lag\u00f6vertr\u00e4delser. Olagligt inneh\u00e5ll kunde inte identifieras vid den tidpunkten.<br \/>En permanent \u00f6vervakning av de l\u00e4nkade sidorna \u00e4r orimlig utan konkreta bevis p\u00e5 en \u00f6vertr\u00e4delse. N\u00e4r vi f\u00e5r k\u00e4nnedom om s\u00e5dana \u00f6vertr\u00e4delser kommer vi att ta bort l\u00e4nkarna omedelbart.<\/p><p style=\"color: #222222; font-family: Arial, sans-serif;\"><strong>Upphovsr\u00e4tt<\/strong><br \/><span style=\"font-size: 16px;\">Allt inneh\u00e5ll och alla verk som skapats av webbplatsoperat\u00f6ren omfattas av tysk upphovsr\u00e4ttslagstiftning.<\/span><\/p><p style=\"color: #222222; font-family: Arial, sans-serif;\">F\u00f6r m\u00e5ngfaldigande, \u00e4ndring, distribution eller annan form av utnyttjande ut\u00f6ver vad som omfattas av upphovsr\u00e4ttslagen kr\u00e4vs skriftligt medgivande fr\u00e5n respektive f\u00f6rfattare eller upphovsman.<br \/><span style=\"font-size: 16px;\">Nedladdning och kopiering av denna webbplats \u00e4r endast till\u00e5ten f\u00f6r privat, icke-kommersiellt bruk.<br \/><\/span>Om inneh\u00e5llet p\u00e5 denna webbplats inte har skapats av operat\u00f6ren, respekteras tredje parts upphovsr\u00e4tt och s\u00e5dant inneh\u00e5ll anges tydligt.<br \/>Om du \u00e4nd\u00e5 skulle f\u00e5 k\u00e4nnedom om ett upphovsr\u00e4ttsintr\u00e5ng ber vi dig att meddela oss. Efter anm\u00e4lan kommer vi att ta bort s\u00e5dant inneh\u00e5ll utan dr\u00f6jsm\u00e5l.<\/p><p style=\"color: #222222; font-family: Arial, sans-serif;\"><strong>Tvistl\u00f6sning online<\/strong><br \/>Europeiska kommissionen tillhandah\u00e5ller en plattform f\u00f6r tvistl\u00f6sning online (OS):<br \/><a href=\"https:\/\/ec.europa.eu\/consumers\/odr\" target=\"_blank\" rel=\"noopener noreferrer nofollow\">https:\/\/ec.europa.eu\/consumers\/odr<\/a><\/p><p>V\u00e5r e-postadress finns ovan i detta juridiska meddelande.<br \/>Vi \u00e4r inte villiga eller skyldiga att delta i tvistl\u00f6sningsf\u00f6rfaranden inf\u00f6r en konsumentskiljedomstol.<\/p><p style=\"color: #222222; font-family: Arial, sans-serif;\"><strong>Meddelande om inneh\u00e5ll fr\u00e5n tredje part (\u00a710 TMG)<br \/><\/strong>Bidrag fr\u00e5n anv\u00e4ndare eller tredje part \u00e5terspeglar inte n\u00f6dv\u00e4ndigtvis operat\u00f6rens \u00e5sikter.<br \/>Operat\u00f6ren tar inte p\u00e5 sig n\u00e5got redaktionellt ansvar f\u00f6r s\u00e5dant inneh\u00e5ll.<\/p><p><strong>Om du har n\u00e5gra fr\u00e5gor ang\u00e5ende avtrycket \u00e4r du v\u00e4lkommen att kontakta oss:<\/strong><br \/>E-post: <a href=\"mailto:support@simtaly.com\">support@simtaly.com<\/a><br \/>WhatsApp Live Chat: \u202a<a title=\"\" href=\"https:\/\/wa.me\/16505474744\" target=\"_blank\" rel=\"noopener noreferrer nofollow\" data-title=\"tel:16505474744\">+16505474744<\/a><\/p><\/div>\t\t\t\t\t\t\t\t<\/div>\n\t\t\t\t\t<\/div>\n\t\t\t\t<\/div>\n\t\t\t\t<\/div>","protected":false},"excerpt":{"rendered":"<p>Legal Notice (Imprint) Information according to \u00a75 TMG (German Telemedia Act) and \u00a718 (2) MStV: SimtalyDALASON GmbHLindenstra\u00dfe 8250674 CologneGermany Represented [&hellip;]<\/p>","protected":false},"author":5,"featured_media":0,"parent":0,"menu_order":0,"comment_status":"closed","ping_status":"closed","template":"","meta":{"site-sidebar-layout":"no-sidebar","site-content-layout":"","ast-site-content-layout":"full-width-container","site-content-style":"default","site-sidebar-style":"default","ast-global-header-display":"","ast-banner-title-visibility":"","ast-main-header-display":"","ast-hfb-above-header-display":"","ast-hfb-below-header-display":"","ast-hfb-mobile-header-display":"","site-post-title":"disabled","ast-breadcrumbs-content":"","ast-featured-img":"disabled","footer-sml-layout":"","theme-transparent-header-meta":"enabled","adv-header-id-meta":"","stick-header-meta":"","header-above-stick-meta":"","header-main-stick-meta":"","header-below-stick-meta":"","astra-migrate-meta-layouts":"default","ast-page-background-enabled":"default","ast-page-background-meta":{"desktop":{"background-color":"var(--ast-global-color-5)","background-image":"","background-repeat":"repeat","background-position":"center center","background-size":"auto","background-attachment":"scroll","background-type":"","background-media":"","overlay-type":"","overlay-color":"","overlay-opacity":"","overlay-gradient":""},"tablet":{"background-color":"","background-image":"","background-repeat":"repeat","background-position":"center center","background-size":"auto","background-attachment":"scroll","background-type":"","background-media":"","overlay-type":"","overlay-color":"","overlay-opacity":"","overlay-gradient":""},"mobile":{"background-color":"","background-image":"","background-repeat":"repeat","background-position":"center center","background-size":"auto","background-attachment":"scroll","background-type":"","background-media":"","overlay-type":"","overlay-color":"","overlay-opacity":"","overlay-gradient":""}},"ast-content-background-meta":{"desktop":{"background-color":"var(--ast-global-color-4)","background-image":"","background-repeat":"repeat","background-position":"center center","background-size":"auto","background-attachment":"scroll","background-type":"","background-media":"","overlay-type":"","overlay-color":"","overlay-opacity":"","overlay-gradient":""},"tablet":{"background-color":"var(--ast-global-color-4)","background-image":"","background-repeat":"repeat","background-position":"center center","background-size":"auto","background-attachment":"scroll","background-type":"","background-media":"","overlay-type":"","overlay-color":"","overlay-opacity":"","overlay-gradient":""},"mobile":{"background-color":"var(--ast-global-color-4)","background-image":"","background-repeat":"repeat","background-position":"center center","background-size":"auto","background-attachment":"scroll","background-type":"","background-media":"","overlay-type":"","overlay-color":"","overlay-opacity":"","overlay-gradient":""}},"footnotes":""},"class_list":["post-1182","page","type-page","status-publish","hentry"],"_links":{"self":[{"href":"https:\/\/www.simtaly.com\/sv\/wp-json\/wp\/v2\/pages\/1182","targetHints":{"allow":["GET"]}}],"collection":[{"href":"https:\/\/www.simtaly.com\/sv\/wp-json\/wp\/v2\/pages"}],"about":[{"href":"https:\/\/www.simtaly.com\/sv\/wp-json\/wp\/v2\/types\/page"}],"author":[{"embeddable":true,"href":"https:\/\/www.simtaly.com\/sv\/wp-json\/wp\/v2\/users\/5"}],"replies":[{"embeddable":true,"href":"https:\/\/www.simtaly.com\/sv\/wp-json\/wp\/v2\/comments?post=1182"}],"version-history":[{"count":50,"href":"https:\/\/www.simtaly.com\/sv\/wp-json\/wp\/v2\/pages\/1182\/revisions"}],"predecessor-version":[{"id":3983,"href":"https:\/\/www.simtaly.com\/sv\/wp-json\/wp\/v2\/pages\/1182\/revisions\/3983"}],"wp:attachment":[{"href":"https:\/\/www.simtaly.com\/sv\/wp-json\/wp\/v2\/media?parent=1182"}],"curies":[{"name":"wp","href":"https:\/\/api.w.org\/{rel}","templated":true}]}}