{"id":3631,"date":"2025-11-18T16:20:33","date_gmt":"2025-11-18T16:20:33","guid":{"rendered":"https:\/\/www.simtaly.com\/?page_id=3631"},"modified":"2025-11-28T22:59:19","modified_gmt":"2025-11-28T21:59:19","slug":"pravilnik-o-vracanju","status":"publish","type":"page","link":"https:\/\/www.simtaly.com\/sl\/pravilnik-o-vracanju\/","title":{"rendered":"Pravilnik o vra\u010danju"},"content":{"rendered":"<div data-elementor-type=\"wp-page\" data-elementor-id=\"3631\" class=\"elementor elementor-3631\" data-elementor-post-type=\"page\">\n\t\t\t\t<div class=\"elementor-element elementor-element-913f3fd e-flex e-con-boxed e-con e-parent\" data-id=\"913f3fd\" data-element_type=\"container\" data-settings=\"{&quot;background_background&quot;:&quot;gradient&quot;}\">\n\t\t\t\t\t<div class=\"e-con-inner\">\n\t\t\t\t<div class=\"elementor-element elementor-element-202bf3b elementor-widget elementor-widget-heading\" data-id=\"202bf3b\" data-element_type=\"widget\" data-widget_type=\"heading.default\">\n\t\t\t\t\t<h1 class=\"elementor-heading-title elementor-size-default\">Pravilnik o vra\u010danju<\/h1>\t\t\t\t<\/div>\n\t\t\t\t\t<\/div>\n\t\t\t\t<\/div>\n\t\t<div class=\"elementor-element elementor-element-9011448 e-flex e-con-boxed e-con e-parent\" data-id=\"9011448\" data-element_type=\"container\">\n\t\t\t\t\t<div class=\"e-con-inner\">\n\t\t\t\t<div class=\"elementor-element elementor-element-22ca553 elementor-widget elementor-widget-spacer\" data-id=\"22ca553\" data-element_type=\"widget\" data-widget_type=\"spacer.default\">\n\t\t\t\t\t\t\t<div class=\"elementor-spacer\">\n\t\t\t<div class=\"elementor-spacer-inner\"><\/div>\n\t\t<\/div>\n\t\t\t\t\t\t<\/div>\n\t\t\t\t\t<\/div>\n\t\t\t\t<\/div>\n\t\t<div class=\"elementor-element elementor-element-eb22c6b e-flex e-con-boxed e-con e-parent\" data-id=\"eb22c6b\" data-element_type=\"container\">\n\t\t\t\t\t<div class=\"e-con-inner\">\n\t\t\t\t<div class=\"elementor-element elementor-element-5784496 elementor-widget elementor-widget-text-editor\" data-id=\"5784496\" data-element_type=\"widget\" data-widget_type=\"text-editor.default\">\n\t\t\t\t\t\t\t\t\t<h3>Nadomestila in odpovedi<\/h3><p>Vsaki stranki \u017eelimo zagotoviti nemoteno, zanesljivo in po\u0161teno izku\u0161njo.<\/p><h4>Katere izdelke je mogo\u010de vrniti?<\/h4><p>Vra\u010dilo lahko zahtevate v \u0161estih (6) mesecih od nakupa z na\u0161im jamstvom brez vpra\u0161anj, \u010de eSIM \u0161e ni bila aktivirana.<\/p><p>eSIM se \u0161teje za aktivirano, ko se prvi\u010d pove\u017ee s katerim koli podprtim omre\u017ejem. Po aktivaciji se \u0161teje za uporabljeno in obi\u010dajno ni upravi\u010dena do povra\u010dila.<\/p><p>\u010ce se po aktivaciji pojavijo tehni\u010dne te\u017eave - na primer, \u010de se eSIM ne more povezati s podprtim omre\u017ejem v ciljni dr\u017eavi -, se lahko obrnete na na\u0161o ekipo za podporo in zahtevate delno ali celotno vra\u010dilo denarja. Da bi nam pomagali pravi\u010dno re\u0161iti te\u017eavo, potrebujemo dokaze, ki prikazujejo te\u017eavo (na primer posnetke zaslona, podatke o napravi ali sporo\u010dila o napakah). Preden zahtevate vra\u010dilo zaradi tehni\u010dnih te\u017eav, se morate prek klepeta ali e-po\u0161te obrniti na na\u0161o ekipo za tehni\u010dno podporo za morebitno re\u0161itev te\u017eave.<\/p><h4>\u010casovni okvir<\/h4><p>Va\u0161e vra\u010dilo ali zamenjava bosta obdelana v 14 dneh.<\/p><h4>Postopek vra\u010dila<\/h4><p>\u010ce \u017eelite zahtevati celotno ali delno povra\u010dilo, po\u0161ljite e-po\u0161tno sporo\u010dilo na naslov support@simtaly.com in zahtevajte povra\u010dilo. Navedite datum in \u010das nakupa ter e-po\u0161to, ki je bila uporabljena pri nakupu. \u010ce je nakup vklju\u010deval ve\u010d kot en izdelek, navedite izdelke, za katere \u017eelite, da se vam povrne denar. \u010ce je bila eSIM \u017ee aktivirana, dodajte dokazila o nastalih te\u017eavah.<\/p><p>Vsa odobrena povra\u010dila bodo nakazana na prvotni na\u010din pla\u010dila. \u010ce je vra\u010dilo odobreno, bo zadevna eSIM v zameno odklopljena.<\/p><h4>Izmenjave<\/h4><p>V 6 mesecih po nakupu lahko eSIM vrnete ali zamenjate za drug izdelek po enaki ceni. \u010ce se cena novega izdelka razlikuje, bo prepla\u010dani znesek vrnjen na prvotni na\u010din pla\u010dila, morebitni premalo pla\u010dani znesek pa mora stranka pla\u010dati pred dostavo novega izdelka.<\/p><h4>Pristojbine<\/h4><p>NE zara\u010dunavamo nobenih dodatnih pristojbin za zahtevek za vra\u010dilo ali obdelavo vra\u010dila.<\/p><h4>Pi\u0161ite na<\/h4><p>Na\u0161 cilj je zagotoviti, da se vsaka stranka po\u010duti samozavestno in da je zanjo dobro poskrbljeno. Prizadevamo si za po\u0161tene in razumne kompromise, kadar koli je to potrebno, da bi zagotovili najbolj\u0161o mo\u017eno nakupovalno izku\u0161njo. Za vsa vpra\u0161anja se obrnite na nas prek e-po\u0161te na naslovu <a href=\"mailto:support@simtaly.com\">support@simtaly.com<\/a>.<\/p><h4>Posodobitve politike Izjava o omejitvi odgovornosti<\/h4><p>Ta pravilnik lahko ob\u010dasno posodobimo. Preden za\u010dnete vra\u010danje, preberite najnovej\u0161o razli\u010dico.<\/p><h4>\u010ce imate dodatna vpra\u0161anja, nas ne oklevajte kontaktirati:<\/h4><p><strong>Elektronska po\u0161ta:<\/strong> <a href=\"mailto:support@simtaly.com\">support@simtaly.com<\/a><br \/><strong>WhatsApp Live Chat:<\/strong> <a href=\"https:\/\/wa.me\/16505474744\" rel=\"nofollow noopener\" target=\"_blank\">+16505474744<\/a><\/p>\t\t\t\t\t\t\t\t<\/div>\n\t\t\t\t<div class=\"elementor-element elementor-element-f48aae3 elementor-widget elementor-widget-spacer\" data-id=\"f48aae3\" data-element_type=\"widget\" data-widget_type=\"spacer.default\">\n\t\t\t\t\t\t\t<div class=\"elementor-spacer\">\n\t\t\t<div class=\"elementor-spacer-inner\"><\/div>\n\t\t<\/div>\n\t\t\t\t\t\t<\/div>\n\t\t\t\t\t<\/div>\n\t\t\t\t<\/div>\n\t\t\t\t<\/div>","protected":false},"excerpt":{"rendered":"<p>Return Policy Refunds and Cancellations We aim to deliver a smooth, reliable, and fair experience for every customer. What products [&hellip;]<\/p>","protected":false},"author":5,"featured_media":0,"parent":0,"menu_order":0,"comment_status":"closed","ping_status":"closed","template":"","meta":{"site-sidebar-layout":"no-sidebar","site-content-layout":"","ast-site-content-layout":"full-width-container","site-content-style":"default","site-sidebar-style":"default","ast-global-header-display":"","ast-banner-title-visibility":"","ast-main-header-display":"","ast-hfb-above-header-display":"","ast-hfb-below-header-display":"","ast-hfb-mobile-header-display":"","site-post-title":"disabled","ast-breadcrumbs-content":"","ast-featured-img":"disabled","footer-sml-layout":"","theme-transparent-header-meta":"enabled","adv-header-id-meta":"","stick-header-meta":"","header-above-stick-meta":"","header-main-stick-meta":"","header-below-stick-meta":"","astra-migrate-meta-layouts":"default","ast-page-background-enabled":"default","ast-page-background-meta":{"desktop":{"background-color":"var(--ast-global-color-5)","background-image":"","background-repeat":"repeat","background-position":"center center","background-size":"auto","background-attachment":"scroll","background-type":"","background-media":"","overlay-type":"","overlay-color":"","overlay-opacity":"","overlay-gradient":""},"tablet":{"background-color":"","background-image":"","background-repeat":"repeat","background-position":"center center","background-size":"auto","background-attachment":"scroll","background-type":"","background-media":"","overlay-type":"","overlay-color":"","overlay-opacity":"","overlay-gradient":""},"mobile":{"background-color":"","background-image":"","background-repeat":"repeat","background-position":"center center","background-size":"auto","background-attachment":"scroll","background-type":"","background-media":"","overlay-type":"","overlay-color":"","overlay-opacity":"","overlay-gradient":""}},"ast-content-background-meta":{"desktop":{"background-color":"var(--ast-global-color-4)","background-image":"","background-repeat":"repeat","background-position":"center center","background-size":"auto","background-attachment":"scroll","background-type":"","background-media":"","overlay-type":"","overlay-color":"","overlay-opacity":"","overlay-gradient":""},"tablet":{"background-color":"var(--ast-global-color-4)","background-image":"","background-repeat":"repeat","background-position":"center center","background-size":"auto","background-attachment":"scroll","background-type":"","background-media":"","overlay-type":"","overlay-color":"","overlay-opacity":"","overlay-gradient":""},"mobile":{"background-color":"var(--ast-global-color-4)","background-image":"","background-repeat":"repeat","background-position":"center center","background-size":"auto","background-attachment":"scroll","background-type":"","background-media":"","overlay-type":"","overlay-color":"","overlay-opacity":"","overlay-gradient":""}},"footnotes":""},"class_list":["post-3631","page","type-page","status-publish","hentry"],"_links":{"self":[{"href":"https:\/\/www.simtaly.com\/sl\/wp-json\/wp\/v2\/pages\/3631","targetHints":{"allow":["GET"]}}],"collection":[{"href":"https:\/\/www.simtaly.com\/sl\/wp-json\/wp\/v2\/pages"}],"about":[{"href":"https:\/\/www.simtaly.com\/sl\/wp-json\/wp\/v2\/types\/page"}],"author":[{"embeddable":true,"href":"https:\/\/www.simtaly.com\/sl\/wp-json\/wp\/v2\/users\/5"}],"replies":[{"embeddable":true,"href":"https:\/\/www.simtaly.com\/sl\/wp-json\/wp\/v2\/comments?post=3631"}],"version-history":[{"count":34,"href":"https:\/\/www.simtaly.com\/sl\/wp-json\/wp\/v2\/pages\/3631\/revisions"}],"predecessor-version":[{"id":3887,"href":"https:\/\/www.simtaly.com\/sl\/wp-json\/wp\/v2\/pages\/3631\/revisions\/3887"}],"wp:attachment":[{"href":"https:\/\/www.simtaly.com\/sl\/wp-json\/wp\/v2\/media?parent=3631"}],"curies":[{"name":"wp","href":"https:\/\/api.w.org\/{rel}","templated":true}]}}