{"id":1427,"date":"2025-09-12T09:09:38","date_gmt":"2025-09-12T09:09:38","guid":{"rendered":"https:\/\/www.simtaly.com\/?page_id=1427"},"modified":"2025-11-25T13:41:06","modified_gmt":"2025-11-25T13:41:06","slug":"pogoji-in-dolocila","status":"publish","type":"page","link":"https:\/\/www.simtaly.com\/sl\/pogoji-in-dolocila\/","title":{"rendered":"Pogoji in dolo\u010dila"},"content":{"rendered":"<div data-elementor-type=\"wp-page\" data-elementor-id=\"1427\" class=\"elementor elementor-1427\" data-elementor-post-type=\"page\">\n\t\t\t\t<div class=\"elementor-element elementor-element-913f3fd e-flex e-con-boxed e-con e-parent\" data-id=\"913f3fd\" data-element_type=\"container\" data-settings=\"{&quot;background_background&quot;:&quot;gradient&quot;}\">\n\t\t\t\t\t<div class=\"e-con-inner\">\n\t\t\t\t<div class=\"elementor-element elementor-element-202bf3b elementor-widget elementor-widget-heading\" data-id=\"202bf3b\" data-element_type=\"widget\" data-widget_type=\"heading.default\">\n\t\t\t\t\t<h1 class=\"elementor-heading-title elementor-size-default\">Pogoji in dolo\u010dila za simtaly.com<\/h1>\t\t\t\t<\/div>\n\t\t\t\t\t<\/div>\n\t\t\t\t<\/div>\n\t\t<div class=\"elementor-element elementor-element-9011448 e-flex e-con-boxed e-con e-parent\" data-id=\"9011448\" data-element_type=\"container\">\n\t\t\t\t\t<div class=\"e-con-inner\">\n\t\t\t\t\t<\/div>\n\t\t\t\t<\/div>\n\t\t<div class=\"elementor-element elementor-element-eb22c6b e-flex e-con-boxed e-con e-parent\" data-id=\"eb22c6b\" data-element_type=\"container\">\n\t\t\t\t\t<div class=\"e-con-inner\">\n\t\t\t\t<div class=\"elementor-element elementor-element-34920a3 elementor-widget elementor-widget-spacer\" data-id=\"34920a3\" data-element_type=\"widget\" data-widget_type=\"spacer.default\">\n\t\t\t\t\t\t\t<div class=\"elementor-spacer\">\n\t\t\t<div class=\"elementor-spacer-inner\"><\/div>\n\t\t<\/div>\n\t\t\t\t\t\t<\/div>\n\t\t\t\t<div class=\"elementor-element elementor-element-625ddaa elementor-widget elementor-widget-spacer\" data-id=\"625ddaa\" data-element_type=\"widget\" data-widget_type=\"spacer.default\">\n\t\t\t\t\t\t\t<div class=\"elementor-spacer\">\n\t\t\t<div class=\"elementor-spacer-inner\"><\/div>\n\t\t<\/div>\n\t\t\t\t\t\t<\/div>\n\t\t\t\t<div class=\"elementor-element elementor-element-5784496 elementor-widget elementor-widget-text-editor\" data-id=\"5784496\" data-element_type=\"widget\" data-widget_type=\"text-editor.default\">\n\t\t\t\t\t\t\t\t\t<div class=\"terms\" style=\"font-family: Arial, sans-serif; line-height: 1.6; color: #222;\">\n<p><strong>Nazadnje posodobljeno:<\/strong> 24.10.2025&nbsp;<\/p>\n<p><strong>Ponudnik:<\/strong> DALASON GmbH, Lindenstr. 82, 50674 K\u00f6ln, Nem\u010dija<br><strong>Elektronska po\u0161ta:<\/strong> <a href=\"mailto:support@simtaly.com\">support@simtaly.com<\/a><br><strong>WhatsApp Live Chat:<\/strong> <a title=\"tel:16505474744\" href=\"tel:16505474744\" target=\"_blank\" rel=\"noopener noreferrer\">+16505474744<\/a><\/p>\n<h3>1. Podro\u010dje uporabe in veljavnost<\/h3>\n<p>Ti pogoji (\"pogoji\") urejajo nakup in uporabo izdelkov eSIM in povezanih storitev (\"storitve\"), ki se zagotavljajo prek spletnega mesta simtaly.com (\"spletno mesto\"), ki ga upravlja dru\u017eba DALASON GmbH (\"dru\u017eba\", \"mi\", \"nas\" ali \"na\u0161e\").<\/p>\n<p>Z nakupom ali uporabo katere koli storitve se strinjate, da vas ti pogoji zavezujejo (\"stranka\", \"vi\").<\/p>\n<p>Stranke morajo biti stare vsaj 18 let in imeti pravno sposobnost za sklepanje zavezujo\u010dih pogodb.<\/p>\n<h3>2. Opis storitve<\/h3>\n<p>Simtaly ponuja digitalne profile eSIM za mobilno podatkovno povezljivost (\"eSIM\").<\/p>\n<p>Po nakupu so eSIM dostavljene v elektronski obliki po e-po\u0161ti, vklju\u010dno z mo\u017enostmi namestitve prek kode QR, neposredne povezave (naprave Apple) ali ro\u010dne konfiguracije.<\/p>\n<p>Za uporabo eSIM morate imeti:<\/p>\n<ul>\n<li>z eSIM zdru\u017eljivo in odklenjeno napravo ter<\/li>\n<li>omogo\u010deno gostovanje za profil eSIM.<\/li>\n<\/ul>\n<p>eSIM postane aktivna, ko se prvi\u010d pove\u017ee s podprtim omre\u017ejem, vklju\u010denim v zakupljen na\u010drt.<\/p>\n<h3>3. Vrste tarif in uporaba podatkov<\/h3>\n<p>Simtaly ponuja:<\/p>\n<ul>\n<li>Neomejeni podatkovni na\u010drti z dnevnim dovoljenjem za visoke hitrosti. Po izteku tega dodatka se hitrost zmanj\u0161a do obnovitve (vsakih 24 ur, glede na za\u010detni \u010das aktivacije). Stranke lahko kupijo pakete za dnevno pove\u010danje, s katerimi ponovno vzpostavijo polno hitrost prenosa podatkov za preostanek trenutnega 24-urnega obdobja.<\/li>\n<li>Predpla\u010dni\u0161ki podatkovni paketi, ki vklju\u010dujejo fiksno koli\u010dino podatkov, ki je do porabe na voljo z najve\u010djo hitrostjo.<\/li>\n<\/ul>\n<p>Na\u010drti veljajo za obdobje, dolo\u010deno ob nakupu.<\/p>\n<p>\u010ce dolo\u010dena lokalna omre\u017eja niso na voljo, to ni napaka, \u010de deluje vsaj eno vklju\u010deno omre\u017eje v ciljni dr\u017eavi.<\/p>\n<h3>4. Postopek naro\u010danja in sklepanje pogodb<\/h3>\n<p>Z dokon\u010danjem postopka nakupa na simtaly.com oddate zavezujo\u010do ponudbo za nakup eSIM.<\/p>\n<p>Pogodba je sklenjena, ko elektronsko potrdimo va\u0161e naro\u010dilo (potrditev po e-po\u0161ti).<\/p>\n<p>Za dokon\u010danje nakupa morate zagotoviti:<\/p>\n<ul>\n<li>va\u0161 e-po\u0161tni naslov (za dostavo eSIM),<\/li>\n<li>va\u0161o \u0161tevilko mobilnega telefona in<\/li>\n<li>va\u0161e trenutne lokacije, da se pravilno izra\u010duna veljavni davek na dodano vrednost (DDV).<\/li>\n<\/ul>\n<h3>5. Pla\u010dila in cene<\/h3>\n<p>Pla\u010dilo je varno obdelano prek storitve Stripe.<\/p>\n<p>Vse cene so prikazane z DDV, ki se izra\u010duna glede na prijavljeno lokacijo.<\/p>\n<p>Poleg nakupne cene eSIM in morebitnih dodatnih paketov ni nobenih dodatnih ali skritih pristojbin.<\/p>\n<h3>6. Dostava<\/h3>\n<p>eSIM so dostavljene v digitalni obliki po e-po\u0161ti takoj po potrditvi pla\u010dila.<\/p>\n<p>Stranka je odgovorna, da zagotovi, da njene nastavitve e-po\u0161te omogo\u010dajo prejemanje samodejnih sporo\u010dil in kod QR.<\/p>\n<h3>7. Vra\u010dila in odpovedi<\/h3>\n<p>Povra\u010dilo lahko zahtevate v \u0161estih (6) mesecih od nakupa le, \u010de eSIM ni bila aktivirana.<\/p>\n<p>Ko je izdelek aktiviran (tj. ko se prvi\u010d pove\u017ee s podprtim omre\u017ejem), se \u0161teje za uporabljenega in vra\u010dilo ni mogo\u010de.<\/p>\n<p>Vra\u010dila bodo obdelana z enakim na\u010dinom pla\u010dila, kot je bil uporabljen pri nakupu.<\/p>\n<p>Podrobnosti so na voljo v na\u0161em <a href=\"https:\/\/www.simtaly.com\/sl\/pravilnik-o-vracanju\/\" rel=\"nofollow noopener\" target=\"_blank\">Pravilnik o vra\u010dilu in odpovedi<\/a>.<\/p>\n<\/div>\n<div class=\"terms\" style=\"font-family: Arial, sans-serif; line-height: 1.6; color: #222;\">\n<h3>8. Podpora strankam<\/h3>\n<p>Simtaly si prizadeva za \u010dim ve\u010dje zadovoljstvo strank.<\/p>\n<p>\u010ce z izdelkom niste zadovoljni ali imate tehni\u010dne te\u017eave, se lahko kadar koli obrnete na na\u0161o ekipo za podporo prek:<\/p>\n<ul>\n<li>Elektronska po\u0161ta:&nbsp;<a href=\"#\" class=\"simtaly-email-obfuscated\" data-email=\"ZmhjY2JlZ0BmdnpnbnlsLnBieg==\" aria-label=\"Email address (requires JavaScript)\">support@simtaly.com<\/a><noscript><span class=\"simtaly-email-noscript\">podpora [at] simtaly [dot] com <small>(enable JavaScript to view email)<\/small><\/span><\/noscript><\/li>\n<li>Poslanec: <a href=\"https:\/\/wa.me\/16505474744\" rel=\"nofollow noopener\" target=\"_blank\">Kliknite tukaj za za\u010detek Whatsapp klepeta<\/a><\/li>\n<\/ul>\n<h3>9. Odgovornost<\/h3>\n<p>Storitev je na voljo \"KAKO JE\" in \"KAKO JE DOSTOPNA\", brez kakr\u0161nih koli jamstev.<\/p>\n<p>DALASON GmbH v najve\u010djem zakonsko dovoljenem obsegu zavra\u010da vso odgovornost za:<\/p>\n<ul>\n<li>kakr\u0161no koli prekinitev, nerazpolo\u017eljivost ali nepravilno delovanje storitve,<\/li>\n<li>zdru\u017eljivost z dolo\u010denimi napravami ali programsko opremo,<\/li>\n<li>omejitve zmogljivosti omre\u017eja ali pokritosti in<\/li>\n<li>posredne, naklju\u010dne ali posledi\u010dne \u0161kode.<\/li>\n<\/ul>\n<p>Ne zagotavljamo neprekinjenega delovanja ali delovanja brez napak niti tega, da bodo vsa omre\u017eja ali hitrosti vedno na voljo.<\/p>\n<p>Nekatere jurisdikcije ne dovoljujejo tak\u0161nih izklju\u010ditev in v tem primeru je odgovornost omejena na najmanj\u0161i obseg, ki ga zahteva zakonodaja.<\/p>\n<h3>10. Intelektualna lastnina<\/h3>\n<p>Vse blagovne znamke, logotipi in imena blagovnih znamk, ki se pojavljajo na tem spletnem mestu, so last njihovih lastnikov.<\/p>\n<p>Uporaba teh znamk ne pomeni kakr\u0161ne koli povezanosti ali podpore, razen \u010de je to izrecno navedeno.<\/p>\n<h3>11. Povezave do spletnih strani tretjih oseb<\/h3>\n<p>Na\u0161a storitev lahko vklju\u010duje povezave do zunanjih spletnih mest ali storitev, ki jih upravljajo tretje osebe.<\/p>\n<p>Nimamo nadzora nad njihovo vsebino, politikami ali praksami in ne prevzemamo odgovornosti zanje.<\/p>\n<p>Storitve tretjih oseb uporabljate na lastno odgovornost.<\/p>\n<p>Priporo\u010damo, da preberete pogoje in politike zasebnosti vseh spletnih mest tretjih oseb, ki jih obi\u0161\u010dete.<\/p>\n<h3>12. Pravna pristojnost in veljavno pravo<\/h3>\n<p>Te pogoje urejajo zakoni Zvezne republike Nem\u010dije, z izjemo kolizijskih dolo\u010db.<\/p>\n<p>Kjer je to v skladu s predpisi EU zakonsko mogo\u010de, je krajevno pristojen K\u00f6ln (Nem\u010dija).<\/p>\n<h3>13. Re\u0161evanje sporov<\/h3>\n<p>\u010ce imate prito\u017ebo ali spor v zvezi s storitvijo, se strinjate, da ga boste najprej posku\u0161ali re\u0161iti neformalno, tako da se obrnete na na\u0161o ekipo za podporo.<\/p>\n<p>\u010ce ne boste na\u0161li re\u0161itve, lahko dostopate do platform EU za spletno re\u0161evanje sporov ali ustreznih mo\u017enosti potro\u0161ni\u0161ke arbitra\u017ee v skladu z zakonodajo EU.<\/p>\n<h3>14. Skladnost z zakoni Zdru\u017eenih dr\u017eav Amerike<\/h3>\n<p>Izjavljate in jam\u010dite, da:<\/p>\n<ul>\n<li>(i) se ne nahajate v dr\u017eavi, za katero velja embargo ameri\u0161ke vlade ali je ozna\u010dena kot dr\u017eava, ki podpira terorizem, in<\/li>\n<li>(ii) niste navedeni na nobenem seznamu prepovedanih ali omejenih strank ameri\u0161ke vlade.<\/li>\n<\/ul>\n<h3>15. Spremembe pogojev<\/h3>\n<p>Pridr\u017eujemo si pravico, da te pogoje kadar koli spremenimo po lastni presoji.<\/p>\n<p>\u010ce so spremembe bistvene, si bomo razumno prizadevali, da vas o tem obvestimo vsaj 30 dni pred za\u010detkom veljavnosti novih pogojev.<\/p>\n<p>Nadaljnja uporaba storitve po datumu za\u010detka veljavnosti spremenjenih pogojev pomeni sprejetje teh sprememb.<\/p>\n<h3>16. Razvezljivost<\/h3>\n<p>\u010ce je katera koli dolo\u010dba teh pogojev neveljavna ali neizvr\u0161ljiva, ostale dolo\u010dbe ostanejo v veljavi.<\/p>\n<h3>17. Jezik in prednost<\/h3>\n<p>Ti pogoji so na voljo v angle\u0161\u010dini.<\/p>\n<p>Prevodi v druge jezike so samo priro\u010dni.<\/p>\n<p>V primeru neskladja ali dvoumnosti prevlada angle\u0161ka razli\u010dica.<\/p>\n<\/div>\n<h5><strong>\u010ce imate dodatna vpra\u0161anja, nas ne oklevajte kontaktirati:<\/strong><\/h5>\n<p><strong style=\"font-size: 16px;\">Elektronska po\u0161ta:<\/strong> <a style=\"font-size: 16px; background-color: #ffffff;\" href=\"mailto:support@simtaly.com\">support@simtaly.com<\/a><br><strong>WhatsApp Live Chat:<\/strong> <a title=\"tel:16505474744\" href=\"tel:16505474744\" target=\"_blank\" rel=\"noopener noreferrer\">+16505474744<\/a><\/p>\t\t\t\t\t\t\t\t<\/div>\n\t\t\t\t\t<\/div>\n\t\t\t\t<\/div>\n\t\t\t\t<\/div>","protected":false},"excerpt":{"rendered":"<p>Terms and Conditions for simtaly.com Last updated: 24.10.2025&nbsp; Provider: DALASON GmbH, Lindenstr. 82, 50674 Cologne, GermanyEmail: support@simtaly.comWhatsApp Live Chat: +16505474744 [&hellip;]<\/p>","protected":false},"author":5,"featured_media":0,"parent":0,"menu_order":0,"comment_status":"closed","ping_status":"closed","template":"","meta":{"site-sidebar-layout":"no-sidebar","site-content-layout":"","ast-site-content-layout":"full-width-container","site-content-style":"default","site-sidebar-style":"default","ast-global-header-display":"","ast-banner-title-visibility":"","ast-main-header-display":"","ast-hfb-above-header-display":"","ast-hfb-below-header-display":"","ast-hfb-mobile-header-display":"","site-post-title":"disabled","ast-breadcrumbs-content":"","ast-featured-img":"disabled","footer-sml-layout":"","theme-transparent-header-meta":"enabled","adv-header-id-meta":"","stick-header-meta":"","header-above-stick-meta":"","header-main-stick-meta":"","header-below-stick-meta":"","astra-migrate-meta-layouts":"default","ast-page-background-enabled":"default","ast-page-background-meta":{"desktop":{"background-color":"var(--ast-global-color-5)","background-image":"","background-repeat":"repeat","background-position":"center center","background-size":"auto","background-attachment":"scroll","background-type":"","background-media":"","overlay-type":"","overlay-color":"","overlay-opacity":"","overlay-gradient":""},"tablet":{"background-color":"","background-image":"","background-repeat":"repeat","background-position":"center center","background-size":"auto","background-attachment":"scroll","background-type":"","background-media":"","overlay-type":"","overlay-color":"","overlay-opacity":"","overlay-gradient":""},"mobile":{"background-color":"","background-image":"","background-repeat":"repeat","background-position":"center center","background-size":"auto","background-attachment":"scroll","background-type":"","background-media":"","overlay-type":"","overlay-color":"","overlay-opacity":"","overlay-gradient":""}},"ast-content-background-meta":{"desktop":{"background-color":"var(--ast-global-color-4)","background-image":"","background-repeat":"repeat","background-position":"center center","background-size":"auto","background-attachment":"scroll","background-type":"","background-media":"","overlay-type":"","overlay-color":"","overlay-opacity":"","overlay-gradient":""},"tablet":{"background-color":"var(--ast-global-color-4)","background-image":"","background-repeat":"repeat","background-position":"center center","background-size":"auto","background-attachment":"scroll","background-type":"","background-media":"","overlay-type":"","overlay-color":"","overlay-opacity":"","overlay-gradient":""},"mobile":{"background-color":"var(--ast-global-color-4)","background-image":"","background-repeat":"repeat","background-position":"center center","background-size":"auto","background-attachment":"scroll","background-type":"","background-media":"","overlay-type":"","overlay-color":"","overlay-opacity":"","overlay-gradient":""}},"footnotes":""},"class_list":["post-1427","page","type-page","status-publish","hentry"],"_links":{"self":[{"href":"https:\/\/www.simtaly.com\/sl\/wp-json\/wp\/v2\/pages\/1427","targetHints":{"allow":["GET"]}}],"collection":[{"href":"https:\/\/www.simtaly.com\/sl\/wp-json\/wp\/v2\/pages"}],"about":[{"href":"https:\/\/www.simtaly.com\/sl\/wp-json\/wp\/v2\/types\/page"}],"author":[{"embeddable":true,"href":"https:\/\/www.simtaly.com\/sl\/wp-json\/wp\/v2\/users\/5"}],"replies":[{"embeddable":true,"href":"https:\/\/www.simtaly.com\/sl\/wp-json\/wp\/v2\/comments?post=1427"}],"version-history":[{"count":46,"href":"https:\/\/www.simtaly.com\/sl\/wp-json\/wp\/v2\/pages\/1427\/revisions"}],"predecessor-version":[{"id":3770,"href":"https:\/\/www.simtaly.com\/sl\/wp-json\/wp\/v2\/pages\/1427\/revisions\/3770"}],"wp:attachment":[{"href":"https:\/\/www.simtaly.com\/sl\/wp-json\/wp\/v2\/media?parent=1427"}],"curies":[{"name":"wp","href":"https:\/\/api.w.org\/{rel}","templated":true}]}}