{"id":3914,"date":"2025-11-27T15:11:57","date_gmt":"2025-11-27T15:11:57","guid":{"rendered":"https:\/\/www.simtaly.com\/?page_id=3914"},"modified":"2025-11-28T23:02:04","modified_gmt":"2025-11-28T22:02:04","slug":"politika-platby-za-dopravu","status":"publish","type":"page","link":"https:\/\/www.simtaly.com\/sk\/politika-platby-za-dopravu\/","title":{"rendered":"Dopravn\u00e9 a platobn\u00e9 podmienky"},"content":{"rendered":"<div data-elementor-type=\"wp-page\" data-elementor-id=\"3914\" class=\"elementor elementor-3914\" data-elementor-post-type=\"page\">\n\t\t\t\t<div class=\"elementor-element elementor-element-913f3fd e-flex e-con-boxed e-con e-parent\" data-id=\"913f3fd\" data-element_type=\"container\" data-settings=\"{&quot;background_background&quot;:&quot;gradient&quot;}\">\n\t\t\t\t\t<div class=\"e-con-inner\">\n\t\t\t\t<div class=\"elementor-element elementor-element-202bf3b elementor-widget elementor-widget-heading\" data-id=\"202bf3b\" data-element_type=\"widget\" data-widget_type=\"heading.default\">\n\t\t\t\t\t<h1 class=\"elementor-heading-title elementor-size-default\">Dopravn\u00e9 a platobn\u00e9 podmienky \u2013 simtaly.com<\/h1>\t\t\t\t<\/div>\n\t\t\t\t\t<\/div>\n\t\t\t\t<\/div>\n\t\t<div class=\"elementor-element elementor-element-9011448 e-flex e-con-boxed e-con e-parent\" data-id=\"9011448\" data-element_type=\"container\">\n\t\t\t\t\t<div class=\"e-con-inner\">\n\t\t\t\t<div class=\"elementor-element elementor-element-22ca553 elementor-widget elementor-widget-spacer\" data-id=\"22ca553\" data-element_type=\"widget\" data-widget_type=\"spacer.default\">\n\t\t\t\t\t\t\t<div class=\"elementor-spacer\">\n\t\t\t<div class=\"elementor-spacer-inner\"><\/div>\n\t\t<\/div>\n\t\t\t\t\t\t<\/div>\n\t\t\t\t\t<\/div>\n\t\t\t\t<\/div>\n\t\t<div class=\"elementor-element elementor-element-eb22c6b e-flex e-con-boxed e-con e-parent\" data-id=\"eb22c6b\" data-element_type=\"container\">\n\t\t\t\t\t<div class=\"e-con-inner\">\n\t\t\t\t<div class=\"elementor-element elementor-element-5784496 elementor-widget elementor-widget-text-editor\" data-id=\"5784496\" data-element_type=\"widget\" data-widget_type=\"text-editor.default\">\n\t\t\t\t\t\t\t\t\t<p>Plat\u00ed pre v\u0161etky digit\u00e1lne produkty, vr\u00e1tane slu\u017eieb eSIM a cestovn\u00fdch eSIM.<\/p><h3>1. Prepravn\u00e1 politika<\/h3><h4>Digit\u00e1lne dod\u00e1vanie produktov eSIM<\/h4><p>V\u0161etky produkty eSIM a cestovn\u00e9 produkty eSIM sa dod\u00e1vaj\u00fa digit\u00e1lne prostredn\u00edctvom e-mailu. Nezah\u0155\u0148aj\u00fa fyzick\u00fa prepravu.<\/p><h4>Dodacia lehota<\/h4><ul><li>Bezplatn\u00e9 a okam\u017eit\u00e9 doru\u010denie po \u00faspe\u0161nej platbe.<\/li><li>eSIM sa automaticky odo\u0161le na e-mailov\u00fa adresu uveden\u00fa pri platbe.<\/li><li>Vo v\u00e4\u010d\u0161ine pr\u00edpadov e-mail doraz\u00ed do nieko\u013ek\u00fdch min\u00fat.<\/li><\/ul><h4>D\u00f4le\u017eit\u00e9 inform\u00e1cie o doru\u010dovan\u00ed e-mailov<\/h4><ul><li>Z\u00e1kazn\u00edk je zodpovedn\u00fd za zadanie spr\u00e1vnej a platnej e-mailovej adresy na prij\u00edmanie eSIM.<\/li><li>Ak e-mail nedoraz\u00ed do nieko\u013ek\u00fdch min\u00fat, skontrolujte prie\u010dinok so spamom alebo nevy\u017eiadanou po\u0161tou.<\/li><li>Ak e-mail s eSIM nepri\u0161iel do 20 min\u00fat, kontaktujte podporu:<br \/><a href=\"mailto:support@simtaly.com\"><strong>support@simtaly.com<\/strong><\/a><\/li><li>Z\u00e1kazn\u00edcka podpora odpoved\u00e1 \u010do najr\u00fdchlej\u0161ie a garantuje odpove\u010f do 24 hod\u00edn.<\/li><\/ul><h3>2. Platobn\u00e1 politika<\/h3><h4>Spracovanie platieb prostredn\u00edctvom Stripe<\/h4><p>V\u0161etky platby s\u00fa bezpe\u010dne spracovan\u00e9 prostredn\u00edctvom slu\u017eby Stripe. Pri platbe sa z\u00e1kazn\u00edkom automaticky zobrazia platobn\u00e9 met\u00f3dy, ktor\u00e9 slu\u017eba Stripe podporuje v ich krajine. M\u00f4\u017eu to by\u0165 napr\u00edklad:<\/p><ul><li>Kreditn\u00e9 karty<\/li><li>Debetn\u00e9 karty<\/li><li>Digit\u00e1lne pe\u0148a\u017eenky<\/li><li>\u010eal\u0161ie lok\u00e1lne platobn\u00e9 mo\u017enosti<\/li><\/ul><h4>3D-Secure autentifik\u00e1cia<\/h4><p>Ak kreditn\u00e1 karta z\u00e1kazn\u00edka podporuje 3D-Secure, tento krok overenia je povinn\u00fd a bude sa uplat\u0148ova\u0165 po\u010das transakcie.<\/p><h4>Dane (DPH \/ da\u0148 z predaja)<\/h4><ul><li>Z\u00e1kazn\u00edci musia pri platbe zvoli\u0165 krajinu faktur\u00e1cie, aby sa zabezpe\u010dilo spr\u00e1vne uplatnenie da\u0148ov\u00fdch sadzieb.<\/li><li>V\u0161etky ceny uveden\u00e9 na webovej str\u00e1nke obsahuj\u00fa DPH pre v\u0161etky krajiny sveta.<\/li><li>Pre z\u00e1kazn\u00edkov v Spojen\u00fdch \u0161t\u00e1toch sa pr\u00edslu\u0161n\u00e9 \u0161t\u00e1tne alebo miestne dane z predaja automaticky vypo\u010d\u00edtaj\u00fa a pripo\u010d\u00edtaj\u00fa pri platbe.<\/li><\/ul><h5>Ak m\u00e1te \u010fal\u0161ie ot\u00e1zky, nev\u00e1hajte n\u00e1s kontaktova\u0165:<\/h5><p><strong>E-mail:<\/strong>\u00a0<a href=\"mailto:support@simtaly.com\">support@simtaly.com<\/a><br \/><strong>WhatsApp Live Chat:<\/strong>\u00a0\u202a<a href=\"https:\/\/wa.me\/16505474744\" target=\"_blank\" rel=\"noopener nofollow\">+16505474744<\/a><\/p>\t\t\t\t\t\t\t\t<\/div>\n\t\t\t\t<div class=\"elementor-element elementor-element-f48aae3 elementor-widget elementor-widget-spacer\" data-id=\"f48aae3\" data-element_type=\"widget\" data-widget_type=\"spacer.default\">\n\t\t\t\t\t\t\t<div class=\"elementor-spacer\">\n\t\t\t<div class=\"elementor-spacer-inner\"><\/div>\n\t\t<\/div>\n\t\t\t\t\t\t<\/div>\n\t\t\t\t\t<\/div>\n\t\t\t\t<\/div>\n\t\t\t\t<\/div>","protected":false},"excerpt":{"rendered":"<p>Shipping &amp; Payment Policy \u2013 simtaly.com Applies to all digital products, including eSIM and travel eSIM services. 1. Shipping Policy [&hellip;]<\/p>","protected":false},"author":5,"featured_media":0,"parent":0,"menu_order":0,"comment_status":"closed","ping_status":"closed","template":"","meta":{"site-sidebar-layout":"no-sidebar","site-content-layout":"","ast-site-content-layout":"full-width-container","site-content-style":"default","site-sidebar-style":"default","ast-global-header-display":"","ast-banner-title-visibility":"","ast-main-header-display":"","ast-hfb-above-header-display":"","ast-hfb-below-header-display":"","ast-hfb-mobile-header-display":"","site-post-title":"disabled","ast-breadcrumbs-content":"","ast-featured-img":"disabled","footer-sml-layout":"","theme-transparent-header-meta":"enabled","adv-header-id-meta":"","stick-header-meta":"","header-above-stick-meta":"","header-main-stick-meta":"","header-below-stick-meta":"","astra-migrate-meta-layouts":"default","ast-page-background-enabled":"default","ast-page-background-meta":{"desktop":{"background-color":"var(--ast-global-color-5)","background-image":"","background-repeat":"repeat","background-position":"center center","background-size":"auto","background-attachment":"scroll","background-type":"","background-media":"","overlay-type":"","overlay-color":"","overlay-opacity":"","overlay-gradient":""},"tablet":{"background-color":"","background-image":"","background-repeat":"repeat","background-position":"center center","background-size":"auto","background-attachment":"scroll","background-type":"","background-media":"","overlay-type":"","overlay-color":"","overlay-opacity":"","overlay-gradient":""},"mobile":{"background-color":"","background-image":"","background-repeat":"repeat","background-position":"center center","background-size":"auto","background-attachment":"scroll","background-type":"","background-media":"","overlay-type":"","overlay-color":"","overlay-opacity":"","overlay-gradient":""}},"ast-content-background-meta":{"desktop":{"background-color":"var(--ast-global-color-4)","background-image":"","background-repeat":"repeat","background-position":"center center","background-size":"auto","background-attachment":"scroll","background-type":"","background-media":"","overlay-type":"","overlay-color":"","overlay-opacity":"","overlay-gradient":""},"tablet":{"background-color":"var(--ast-global-color-4)","background-image":"","background-repeat":"repeat","background-position":"center center","background-size":"auto","background-attachment":"scroll","background-type":"","background-media":"","overlay-type":"","overlay-color":"","overlay-opacity":"","overlay-gradient":""},"mobile":{"background-color":"var(--ast-global-color-4)","background-image":"","background-repeat":"repeat","background-position":"center center","background-size":"auto","background-attachment":"scroll","background-type":"","background-media":"","overlay-type":"","overlay-color":"","overlay-opacity":"","overlay-gradient":""}},"footnotes":""},"class_list":["post-3914","page","type-page","status-publish","hentry"],"_links":{"self":[{"href":"https:\/\/www.simtaly.com\/sk\/wp-json\/wp\/v2\/pages\/3914","targetHints":{"allow":["GET"]}}],"collection":[{"href":"https:\/\/www.simtaly.com\/sk\/wp-json\/wp\/v2\/pages"}],"about":[{"href":"https:\/\/www.simtaly.com\/sk\/wp-json\/wp\/v2\/types\/page"}],"author":[{"embeddable":true,"href":"https:\/\/www.simtaly.com\/sk\/wp-json\/wp\/v2\/users\/5"}],"replies":[{"embeddable":true,"href":"https:\/\/www.simtaly.com\/sk\/wp-json\/wp\/v2\/comments?post=3914"}],"version-history":[{"count":10,"href":"https:\/\/www.simtaly.com\/sk\/wp-json\/wp\/v2\/pages\/3914\/revisions"}],"predecessor-version":[{"id":3929,"href":"https:\/\/www.simtaly.com\/sk\/wp-json\/wp\/v2\/pages\/3914\/revisions\/3929"}],"wp:attachment":[{"href":"https:\/\/www.simtaly.com\/sk\/wp-json\/wp\/v2\/media?parent=3914"}],"curies":[{"name":"wp","href":"https:\/\/api.w.org\/{rel}","templated":true}]}}