{"id":3631,"date":"2025-11-18T16:20:33","date_gmt":"2025-11-18T16:20:33","guid":{"rendered":"https:\/\/www.simtaly.com\/?page_id=3631"},"modified":"2025-11-28T22:59:19","modified_gmt":"2025-11-28T21:59:19","slug":"pravidla-vratenia-tovaru","status":"publish","type":"page","link":"https:\/\/www.simtaly.com\/sk\/pravidla-vratenia-tovaru\/","title":{"rendered":"Pravidl\u00e1 vr\u00e1tenia tovaru"},"content":{"rendered":"<div data-elementor-type=\"wp-page\" data-elementor-id=\"3631\" class=\"elementor elementor-3631\" data-elementor-post-type=\"page\">\n\t\t\t\t<div class=\"elementor-element elementor-element-913f3fd e-flex e-con-boxed e-con e-parent\" data-id=\"913f3fd\" data-element_type=\"container\" data-settings=\"{&quot;background_background&quot;:&quot;gradient&quot;}\">\n\t\t\t\t\t<div class=\"e-con-inner\">\n\t\t\t\t<div class=\"elementor-element elementor-element-202bf3b elementor-widget elementor-widget-heading\" data-id=\"202bf3b\" data-element_type=\"widget\" data-widget_type=\"heading.default\">\n\t\t\t\t\t<h1 class=\"elementor-heading-title elementor-size-default\">Pravidl\u00e1 vr\u00e1tenia tovaru<\/h1>\t\t\t\t<\/div>\n\t\t\t\t\t<\/div>\n\t\t\t\t<\/div>\n\t\t<div class=\"elementor-element elementor-element-9011448 e-flex e-con-boxed e-con e-parent\" data-id=\"9011448\" data-element_type=\"container\">\n\t\t\t\t\t<div class=\"e-con-inner\">\n\t\t\t\t<div class=\"elementor-element elementor-element-22ca553 elementor-widget elementor-widget-spacer\" data-id=\"22ca553\" data-element_type=\"widget\" data-widget_type=\"spacer.default\">\n\t\t\t\t\t\t\t<div class=\"elementor-spacer\">\n\t\t\t<div class=\"elementor-spacer-inner\"><\/div>\n\t\t<\/div>\n\t\t\t\t\t\t<\/div>\n\t\t\t\t\t<\/div>\n\t\t\t\t<\/div>\n\t\t<div class=\"elementor-element elementor-element-eb22c6b e-flex e-con-boxed e-con e-parent\" data-id=\"eb22c6b\" data-element_type=\"container\">\n\t\t\t\t\t<div class=\"e-con-inner\">\n\t\t\t\t<div class=\"elementor-element elementor-element-5784496 elementor-widget elementor-widget-text-editor\" data-id=\"5784496\" data-element_type=\"widget\" data-widget_type=\"text-editor.default\">\n\t\t\t\t\t\t\t\t\t<h3>N\u00e1hrady a zru\u0161enie rezerv\u00e1cie<\/h3><p>Na\u0161\u00edm cie\u013eom je poskytn\u00fa\u0165 ka\u017ed\u00e9mu z\u00e1kazn\u00edkovi bezprobl\u00e9mov\u00e9, spo\u013eahliv\u00e9 a spravodliv\u00e9 slu\u017eby.<\/p><h4>Za ktor\u00e9 produkty je mo\u017en\u00e9 vr\u00e1ti\u0165 peniaze?<\/h4><p>O vr\u00e1tenie pe\u0148az\u00ed m\u00f4\u017eete po\u017eiada\u0165 do \u0161iestich (6) mesiacov od zak\u00fapenia s na\u0161ou z\u00e1rukou bez ot\u00e1zok, pokia\u013e eSIM e\u0161te nebola aktivovan\u00e1.<\/p><p>Karta eSIM sa pova\u017euje za aktivovan\u00fa, ke\u010f sa prv\u00fdkr\u00e1t pripoj\u00ed k akejko\u013evek podporovanej sieti. Po aktiv\u00e1cii sa pova\u017euje za pou\u017eit\u00fa a zvy\u010dajne nie je mo\u017en\u00e9 za \u0148u vr\u00e1ti\u0165 peniaze.<\/p><p>Ak sa v\u0161ak po aktiv\u00e1cii vyskytn\u00fa technick\u00e9 probl\u00e9my - napr\u00edklad ak sa eSIM nedok\u00e1\u017ee pripoji\u0165 k podporovanej sieti v cie\u013eovej krajine - m\u00f4\u017eete kontaktova\u0165 n\u00e1\u0161 t\u00edm podpory a po\u017eiada\u0165 o \u010diasto\u010dn\u00e9 alebo \u00fapln\u00e9 vr\u00e1tenie pe\u0148az\u00ed. Aby sme mohli probl\u00e9m spravodlivo vyrie\u0161i\u0165, po\u017eadujeme d\u00f4kazy preukazuj\u00face probl\u00e9m (napr\u00edklad sn\u00edmky obrazovky, inform\u00e1cie o zariaden\u00ed alebo chybov\u00e9 spr\u00e1vy). Pred po\u017eiadan\u00edm o vr\u00e1tenie pe\u0148az\u00ed z d\u00f4vodu technick\u00fdch probl\u00e9mov je potrebn\u00e9 kontaktova\u0165 n\u00e1\u0161 t\u00edm technickej podpory prostredn\u00edctvom chatu alebo e-mailu pre mo\u017en\u00e9 vyrie\u0161enie probl\u00e9mu.<\/p><h4>\u010casov\u00fd r\u00e1mec<\/h4><p>Vr\u00e1tenie pe\u0148az\u00ed alebo v\u00fdmena bude spracovan\u00e1 do 14 dn\u00ed.<\/p><h4>Proces vr\u00e1tenia pe\u0148az\u00ed<\/h4><p>Ak chcete po\u017eiada\u0165 o \u00fapln\u00e9 alebo \u010diasto\u010dn\u00e9 vr\u00e1tenie pe\u0148az\u00ed, po\u0161lite e-mail na adresu support@simtaly.com so \u017eiados\u0165ou o vr\u00e1tenie pe\u0148az\u00ed. Uve\u010fte d\u00e1tum a \u010das n\u00e1kupu, ako aj e-mail, ktor\u00fd bol pou\u017eit\u00fd pri n\u00e1kupe. Ak n\u00e1kup zah\u0155\u0148al viac ako jeden v\u00fdrobok, uve\u010fte, ktor\u00e9 v\u00fdrobky chcete vr\u00e1ti\u0165. Ak u\u017e bola karta eSIM aktivovan\u00e1, pridajte d\u00f4kazy preukazuj\u00face vzniknut\u00e9 probl\u00e9my.<\/p><p>V\u0161etky schv\u00e1len\u00e9 n\u00e1hrady bud\u00fa vystaven\u00e9 na p\u00f4vodn\u00fd sp\u00f4sob platby. V pr\u00edpade schv\u00e1lenia vr\u00e1tenia pe\u0148az\u00ed bude pr\u00edslu\u0161n\u00e1 karta eSIM odpojen\u00e1.<\/p><h4>V\u00fdmena<\/h4><p>Do 6 mesiacov od zak\u00fapenia je mo\u017en\u00e9 vr\u00e1ti\u0165 peniaze za kartu eSIM alebo ju vymeni\u0165 za in\u00fd produkt v rovnakej cene. Ak je rozdiel v cene nov\u00e9ho v\u00fdrobku, preplatok bude vr\u00e1ten\u00fd na p\u00f4vodn\u00fd sp\u00f4sob platby alebo pr\u00edpadn\u00fd nedoplatok mus\u00ed z\u00e1kazn\u00edk uhradi\u0165 pred dodan\u00edm nov\u00e9ho v\u00fdrobku.<\/p><h4>Poplatky<\/h4><p>NE\u00da\u010cTUJEME si \u017eiadne \u010fal\u0161ie poplatky za \u017eiados\u0165 o vr\u00e1tenie pe\u0148az\u00ed alebo za spracovanie \u017eiadosti o vr\u00e1tenie pe\u0148az\u00ed.<\/p><h4>Kontakt<\/h4><p>Na\u0161\u00edm cie\u013eom je zabezpe\u010di\u0165, aby sa ka\u017ed\u00fd z\u00e1kazn\u00edk c\u00edtil sebaisto a bolo o neho dobre postaran\u00e9. Zav\u00e4zujeme sa robi\u0165 spravodliv\u00e9 a rozumn\u00e9 kompromisy v\u017edy, ke\u010f je to potrebn\u00e9, aby sme poskytli \u010do najlep\u0161\u00ed z\u00e1\u017eitok z nakupovania. V pr\u00edpade ak\u00fdchko\u013evek ot\u00e1zok n\u00e1s kontaktujte prostredn\u00edctvom e-mailu na adrese <a href=\"mailto:support@simtaly.com\">support@simtaly.com<\/a>.<\/p><h4>Aktualiz\u00e1cie z\u00e1sad Zrieknutie sa zodpovednosti<\/h4><p>Tieto z\u00e1sady m\u00f4\u017eeme z \u010dasu na \u010das aktualizova\u0165. Pred za\u010dat\u00edm vr\u00e1tenia tovaru si pre\u010d\u00edtajte najnov\u0161iu verziu.<\/p><h4>Ak m\u00e1te \u010fal\u0161ie ot\u00e1zky, nev\u00e1hajte n\u00e1s kontaktova\u0165:<\/h4><p><strong>E-mail:<\/strong> <a href=\"mailto:support@simtaly.com\">support@simtaly.com<\/a><br \/><strong>WhatsApp Live Chat:<\/strong> <a href=\"https:\/\/wa.me\/16505474744\" rel=\"nofollow noopener\" target=\"_blank\">+16505474744<\/a><\/p>\t\t\t\t\t\t\t\t<\/div>\n\t\t\t\t<div class=\"elementor-element elementor-element-f48aae3 elementor-widget elementor-widget-spacer\" data-id=\"f48aae3\" data-element_type=\"widget\" data-widget_type=\"spacer.default\">\n\t\t\t\t\t\t\t<div class=\"elementor-spacer\">\n\t\t\t<div class=\"elementor-spacer-inner\"><\/div>\n\t\t<\/div>\n\t\t\t\t\t\t<\/div>\n\t\t\t\t\t<\/div>\n\t\t\t\t<\/div>\n\t\t\t\t<\/div>","protected":false},"excerpt":{"rendered":"<p>Return Policy Refunds and Cancellations We aim to deliver a smooth, reliable, and fair experience for every customer. What products [&hellip;]<\/p>","protected":false},"author":5,"featured_media":0,"parent":0,"menu_order":0,"comment_status":"closed","ping_status":"closed","template":"","meta":{"site-sidebar-layout":"no-sidebar","site-content-layout":"","ast-site-content-layout":"full-width-container","site-content-style":"default","site-sidebar-style":"default","ast-global-header-display":"","ast-banner-title-visibility":"","ast-main-header-display":"","ast-hfb-above-header-display":"","ast-hfb-below-header-display":"","ast-hfb-mobile-header-display":"","site-post-title":"disabled","ast-breadcrumbs-content":"","ast-featured-img":"disabled","footer-sml-layout":"","theme-transparent-header-meta":"enabled","adv-header-id-meta":"","stick-header-meta":"","header-above-stick-meta":"","header-main-stick-meta":"","header-below-stick-meta":"","astra-migrate-meta-layouts":"default","ast-page-background-enabled":"default","ast-page-background-meta":{"desktop":{"background-color":"var(--ast-global-color-5)","background-image":"","background-repeat":"repeat","background-position":"center center","background-size":"auto","background-attachment":"scroll","background-type":"","background-media":"","overlay-type":"","overlay-color":"","overlay-opacity":"","overlay-gradient":""},"tablet":{"background-color":"","background-image":"","background-repeat":"repeat","background-position":"center center","background-size":"auto","background-attachment":"scroll","background-type":"","background-media":"","overlay-type":"","overlay-color":"","overlay-opacity":"","overlay-gradient":""},"mobile":{"background-color":"","background-image":"","background-repeat":"repeat","background-position":"center center","background-size":"auto","background-attachment":"scroll","background-type":"","background-media":"","overlay-type":"","overlay-color":"","overlay-opacity":"","overlay-gradient":""}},"ast-content-background-meta":{"desktop":{"background-color":"var(--ast-global-color-4)","background-image":"","background-repeat":"repeat","background-position":"center center","background-size":"auto","background-attachment":"scroll","background-type":"","background-media":"","overlay-type":"","overlay-color":"","overlay-opacity":"","overlay-gradient":""},"tablet":{"background-color":"var(--ast-global-color-4)","background-image":"","background-repeat":"repeat","background-position":"center center","background-size":"auto","background-attachment":"scroll","background-type":"","background-media":"","overlay-type":"","overlay-color":"","overlay-opacity":"","overlay-gradient":""},"mobile":{"background-color":"var(--ast-global-color-4)","background-image":"","background-repeat":"repeat","background-position":"center center","background-size":"auto","background-attachment":"scroll","background-type":"","background-media":"","overlay-type":"","overlay-color":"","overlay-opacity":"","overlay-gradient":""}},"footnotes":""},"class_list":["post-3631","page","type-page","status-publish","hentry"],"_links":{"self":[{"href":"https:\/\/www.simtaly.com\/sk\/wp-json\/wp\/v2\/pages\/3631","targetHints":{"allow":["GET"]}}],"collection":[{"href":"https:\/\/www.simtaly.com\/sk\/wp-json\/wp\/v2\/pages"}],"about":[{"href":"https:\/\/www.simtaly.com\/sk\/wp-json\/wp\/v2\/types\/page"}],"author":[{"embeddable":true,"href":"https:\/\/www.simtaly.com\/sk\/wp-json\/wp\/v2\/users\/5"}],"replies":[{"embeddable":true,"href":"https:\/\/www.simtaly.com\/sk\/wp-json\/wp\/v2\/comments?post=3631"}],"version-history":[{"count":34,"href":"https:\/\/www.simtaly.com\/sk\/wp-json\/wp\/v2\/pages\/3631\/revisions"}],"predecessor-version":[{"id":3887,"href":"https:\/\/www.simtaly.com\/sk\/wp-json\/wp\/v2\/pages\/3631\/revisions\/3887"}],"wp:attachment":[{"href":"https:\/\/www.simtaly.com\/sk\/wp-json\/wp\/v2\/media?parent=3631"}],"curies":[{"name":"wp","href":"https:\/\/api.w.org\/{rel}","templated":true}]}}