{"id":1182,"date":"2025-09-10T09:04:47","date_gmt":"2025-09-10T09:04:47","guid":{"rendered":"https:\/\/www.simtaly.com\/?page_id=1182"},"modified":"2025-11-28T22:55:14","modified_gmt":"2025-11-28T21:55:14","slug":"odtlacok","status":"publish","type":"page","link":"https:\/\/www.simtaly.com\/sk\/odtlacok\/","title":{"rendered":"Odtla\u010dok"},"content":{"rendered":"<div data-elementor-type=\"wp-page\" data-elementor-id=\"1182\" class=\"elementor elementor-1182\" data-elementor-post-type=\"page\">\n\t\t\t\t<div class=\"elementor-element elementor-element-913f3fd e-flex e-con-boxed e-con e-parent\" data-id=\"913f3fd\" data-element_type=\"container\" data-settings=\"{&quot;background_background&quot;:&quot;gradient&quot;}\">\n\t\t\t\t\t<div class=\"e-con-inner\">\n\t\t\t\t<div class=\"elementor-element elementor-element-202bf3b elementor-widget elementor-widget-heading\" data-id=\"202bf3b\" data-element_type=\"widget\" data-widget_type=\"heading.default\">\n\t\t\t\t\t<h1 class=\"elementor-heading-title elementor-size-default\">Pr\u00e1vne upozornenie (Imprint)<\/h1>\t\t\t\t<\/div>\n\t\t\t\t\t<\/div>\n\t\t\t\t<\/div>\n\t\t<div class=\"elementor-element elementor-element-9011448 e-flex e-con-boxed e-con e-parent\" data-id=\"9011448\" data-element_type=\"container\">\n\t\t\t\t\t<div class=\"e-con-inner\">\n\t\t\t\t<div class=\"elementor-element elementor-element-22ca553 elementor-widget elementor-widget-spacer\" data-id=\"22ca553\" data-element_type=\"widget\" data-widget_type=\"spacer.default\">\n\t\t\t\t\t\t\t<div class=\"elementor-spacer\">\n\t\t\t<div class=\"elementor-spacer-inner\"><\/div>\n\t\t<\/div>\n\t\t\t\t\t\t<\/div>\n\t\t\t\t\t<\/div>\n\t\t\t\t<\/div>\n\t\t<div class=\"elementor-element elementor-element-eb22c6b e-flex e-con-boxed e-con e-parent\" data-id=\"eb22c6b\" data-element_type=\"container\">\n\t\t\t\t\t<div class=\"e-con-inner\">\n\t\t\t\t<div class=\"elementor-element elementor-element-5784496 elementor-widget elementor-widget-text-editor\" data-id=\"5784496\" data-element_type=\"widget\" data-widget_type=\"text-editor.default\">\n\t\t\t\t\t\t\t\t\t<div style=\"line-height: 1.6;\"><h3 style=\"color: #222222; font-family: Arial, sans-serif;\">Inform\u00e1cie pod\u013ea \u00a7 5 TMG (nemeck\u00fd z\u00e1kon o telem\u00e9di\u00e1ch) a \u00a7 18 ods. 2 MStV:<\/h3><p style=\"color: #222222; font-family: Arial, sans-serif;\"><strong>Simtaly<\/strong><br \/>DALASON GmbH<br \/>Lindenstra\u00dfe 82<br \/>50674 Kol\u00edn nad R\u00fdnom<br \/>Nemecko<\/p><p style=\"color: #222222; font-family: Arial, sans-serif;\"><strong>Zast\u00fapen\u00e1:<\/strong><br \/>Konatelia: Andreas Damek a Chung-U Son<\/p><p style=\"color: #222222; font-family: Arial, sans-serif;\"><strong>Kontakt:<\/strong><br \/>E-mail: <a href=\"mailto:support@simtaly.com\">support@simtaly.com<\/a><br \/><span style=\"font-style: inherit; font-weight: inherit;\">WhatsApp Live Chat: \u202a<a title=\"\" href=\"tel:16505474744\" target=\"_blank\" rel=\"noopener noreferrer\" data-title=\"tel:16505474744\">+16505474744<\/a><\/span><br \/>Webov\u00e1 lokalita<strong>:<\/strong> <a href=\"https:\/\/www.simtaly.com\/sk\/\" target=\"_blank\" rel=\"noopener noreferrer\">https:\/\/www.simtaly.com<\/a><\/p><p style=\"color: #222222; font-family: Arial, sans-serif;\"><strong>Z\u00e1pis do obchodn\u00e9ho registra:<br \/><\/strong>Registra\u010dn\u00fd s\u00fad: Miestny s\u00fad v Kol\u00edne nad R\u00fdnom (Amtsgericht K\u00f6ln)<br \/>Registra\u010dn\u00e9 \u010d\u00edslo: HRB 60929<\/p><p style=\"color: #222222; font-family: Arial, sans-serif;\"><strong>Identifika\u010dn\u00e9 \u010d\u00edslo DPH pod\u013ea \u00a7 27a nemeck\u00e9ho z\u00e1kona o DPH:<\/strong><br \/>Da\u0148ov\u00e9 identifika\u010dn\u00e9 \u010d\u00edslo: DE255749627<\/p><p style=\"color: #222222; font-family: Arial, sans-serif;\"><strong>Zodpoved\u00e1 za obsah pod\u013ea \u00a7 18 ods. 2 MStV:<\/strong><br \/>Andreas Damek<br \/>DALASON GmbH<br \/>Lindenstra\u00dfe 82<br \/>50674 Kol\u00edn nad R\u00fdnom<br \/>Nemecko<\/p><h3 style=\"color: #222222; font-family: Arial, sans-serif;\">Zrieknutie sa zodpovednosti<\/h3><p style=\"color: #222222; font-family: Arial, sans-serif;\"><strong>Zodpovednos\u0165 za obsah<\/strong><br \/>Obsah na\u0161ej webovej str\u00e1nky bol vytvoren\u00fd s maxim\u00e1lnou starostlivos\u0165ou. Nem\u00f4\u017eeme v\u0161ak zaru\u010di\u0165 presnos\u0165, \u00faplnos\u0165 alebo aktu\u00e1lnos\u0165 obsahu.<br \/>Ako poskytovate\u013e slu\u017eieb sme pod\u013ea v\u0161eobecn\u00fdch pr\u00e1vnych predpisov zodpovedn\u00ed za vlastn\u00fd obsah na t\u00fdchto str\u00e1nkach (\u00a7 7 ods. 1 TMG).<br \/>Pod\u013ea \u00a7\u00a7 8-10 TMG nie sme povinn\u00ed monitorova\u0165 pren\u00e1\u0161an\u00e9 alebo ulo\u017een\u00e9 inform\u00e1cie tret\u00edch str\u00e1n ani vy\u0161etrova\u0165 okolnosti nazna\u010duj\u00face nez\u00e1konn\u00fa \u010dinnos\u0165.<br \/>Povinnosti odstr\u00e1ni\u0165 alebo zablokova\u0165 pou\u017e\u00edvanie inform\u00e1ci\u00ed pod\u013ea v\u0161eobecn\u00fdch pr\u00e1vnych predpisov zost\u00e1vaj\u00fa nedotknut\u00e9. Zodpovednos\u0165 v tomto oh\u013eade je v\u0161ak mo\u017en\u00e1 a\u017e od momentu, ke\u010f sa dozvieme o konkr\u00e9tnom poru\u0161en\u00ed z\u00e1kona. Po ozn\u00e1men\u00ed tak\u00e9hoto poru\u0161enia obsah okam\u017eite odstr\u00e1nime.<\/p><p style=\"color: #222222; font-family: Arial, sans-serif;\"><strong>Zodpovednos\u0165 za odkazy<\/strong><br \/>Na\u0161a webov\u00e1 str\u00e1nka obsahuje odkazy na extern\u00e9 webov\u00e9 str\u00e1nky tret\u00edch str\u00e1n, nad ktor\u00fdch obsahom nem\u00e1me \u017eiadnu kontrolu. Preto nem\u00f4\u017eeme prevzia\u0165 \u017eiadnu zodpovednos\u0165 za tak\u00fdto extern\u00fd obsah.<br \/>Za obsah prepojen\u00fdch str\u00e1nok je v\u017edy zodpovedn\u00fd pr\u00edslu\u0161n\u00fd poskytovate\u013e alebo prev\u00e1dzkovate\u013e t\u00fdchto str\u00e1nok.<br \/>V \u010dase prepojenia boli prepojen\u00e9 str\u00e1nky skontrolovan\u00e9 z h\u013eadiska mo\u017en\u00e9ho poru\u0161enia pr\u00e1vnych predpisov. Nez\u00e1konn\u00fd obsah nebol v tom \u010dase rozpoznan\u00fd.<br \/>Trval\u00e9 monitorovanie prepojen\u00fdch str\u00e1nok je bez konkr\u00e9tnych d\u00f4kazov o poru\u0161en\u00ed neprimeran\u00e9. Po zisten\u00ed tak\u00e9hoto poru\u0161enia odkazy okam\u017eite odstr\u00e1nime.<\/p><p style=\"color: #222222; font-family: Arial, sans-serif;\"><strong>Autorsk\u00e9 pr\u00e1va<\/strong><br \/><span style=\"font-size: 16px;\">V\u0161etok obsah a diela vytvoren\u00e9 prev\u00e1dzkovate\u013eom webovej str\u00e1nky podliehaj\u00fa nemeck\u00e9mu autorsk\u00e9mu pr\u00e1vu.<\/span><\/p><p style=\"color: #222222; font-family: Arial, sans-serif;\">Reprodukcia, \u00faprava, distrib\u00facia alebo ak\u00e1ko\u013evek forma vyu\u017eitia nad r\u00e1mec autorsk\u00e9ho z\u00e1kona si vy\u017eaduje p\u00edsomn\u00fd s\u00fahlas pr\u00edslu\u0161n\u00e9ho autora alebo tvorcu.<br \/><span style=\"font-size: 16px;\">Preberanie a kop\u00edrovanie tejto str\u00e1nky je povolen\u00e9 len na s\u00fakromn\u00e9, nekomer\u010dn\u00e9 pou\u017eitie.<br \/><\/span>Ak obsah na tejto webovej str\u00e1nke nevytvoril prev\u00e1dzkovate\u013e, re\u0161pektuj\u00fa sa autorsk\u00e9 pr\u00e1va tret\u00edch str\u00e1n a tak\u00fdto obsah je jasne ozna\u010den\u00fd.<br \/>Ak sa napriek tomu dozviete o poru\u0161en\u00ed autorsk\u00fdch pr\u00e1v, ozn\u00e1mte n\u00e1m to. Po ozn\u00e1men\u00ed tak\u00fdto obsah bezodkladne odstr\u00e1nime.<\/p><p style=\"color: #222222; font-family: Arial, sans-serif;\"><strong>Rie\u0161enie sporov online<\/strong><br \/>Eur\u00f3pska komisia poskytuje platformu na rie\u0161enie sporov online (OS):<br \/><a href=\"https:\/\/ec.europa.eu\/consumers\/odr\" target=\"_blank\" rel=\"noopener noreferrer nofollow\">https:\/\/ec.europa.eu\/consumers\/odr<\/a><\/p><p>Na\u0161u e-mailov\u00fa adresu n\u00e1jdete vy\u0161\u0161ie v tomto pr\u00e1vnom ozn\u00e1men\u00ed.<br \/>Nie sme ochotn\u00ed ani povinn\u00ed z\u00fa\u010dastni\u0165 sa na konan\u00ed o rie\u0161en\u00ed sporu pred spotrebite\u013eskou arbitr\u00e1\u017enou komisiou.<\/p><p style=\"color: #222222; font-family: Arial, sans-serif;\"><strong>Upozornenie t\u00fdkaj\u00face sa obsahu tret\u00edch str\u00e1n (\u00a710 TMG)<br \/><\/strong>Pr\u00edspevky pou\u017e\u00edvate\u013eov alebo tret\u00edch str\u00e1n nemusia nevyhnutne odr\u00e1\u017ea\u0165 n\u00e1zory prev\u00e1dzkovate\u013ea.<br \/>Prev\u00e1dzkovate\u013e nepreber\u00e1 \u017eiadnu redak\u010dn\u00fa zodpovednos\u0165 za tak\u00fdto obsah.<\/p><p><strong>Ak m\u00e1te ak\u00e9ko\u013evek ot\u00e1zky t\u00fdkaj\u00face sa odtla\u010dku, nev\u00e1hajte n\u00e1s kontaktova\u0165:<\/strong><br \/>E-mail: <a href=\"mailto:support@simtaly.com\">support@simtaly.com<\/a><br \/>WhatsApp Live Chat: \u202a<a title=\"\" href=\"https:\/\/wa.me\/16505474744\" target=\"_blank\" rel=\"noopener noreferrer nofollow\" data-title=\"tel:16505474744\">+16505474744<\/a><\/p><\/div>\t\t\t\t\t\t\t\t<\/div>\n\t\t\t\t\t<\/div>\n\t\t\t\t<\/div>\n\t\t\t\t<\/div>","protected":false},"excerpt":{"rendered":"<p>Legal Notice (Imprint) Information according to \u00a75 TMG (German Telemedia Act) and \u00a718 (2) MStV: SimtalyDALASON GmbHLindenstra\u00dfe 8250674 CologneGermany Represented [&hellip;]<\/p>","protected":false},"author":5,"featured_media":0,"parent":0,"menu_order":0,"comment_status":"closed","ping_status":"closed","template":"","meta":{"site-sidebar-layout":"no-sidebar","site-content-layout":"","ast-site-content-layout":"full-width-container","site-content-style":"default","site-sidebar-style":"default","ast-global-header-display":"","ast-banner-title-visibility":"","ast-main-header-display":"","ast-hfb-above-header-display":"","ast-hfb-below-header-display":"","ast-hfb-mobile-header-display":"","site-post-title":"disabled","ast-breadcrumbs-content":"","ast-featured-img":"disabled","footer-sml-layout":"","theme-transparent-header-meta":"enabled","adv-header-id-meta":"","stick-header-meta":"","header-above-stick-meta":"","header-main-stick-meta":"","header-below-stick-meta":"","astra-migrate-meta-layouts":"default","ast-page-background-enabled":"default","ast-page-background-meta":{"desktop":{"background-color":"var(--ast-global-color-5)","background-image":"","background-repeat":"repeat","background-position":"center center","background-size":"auto","background-attachment":"scroll","background-type":"","background-media":"","overlay-type":"","overlay-color":"","overlay-opacity":"","overlay-gradient":""},"tablet":{"background-color":"","background-image":"","background-repeat":"repeat","background-position":"center center","background-size":"auto","background-attachment":"scroll","background-type":"","background-media":"","overlay-type":"","overlay-color":"","overlay-opacity":"","overlay-gradient":""},"mobile":{"background-color":"","background-image":"","background-repeat":"repeat","background-position":"center center","background-size":"auto","background-attachment":"scroll","background-type":"","background-media":"","overlay-type":"","overlay-color":"","overlay-opacity":"","overlay-gradient":""}},"ast-content-background-meta":{"desktop":{"background-color":"var(--ast-global-color-4)","background-image":"","background-repeat":"repeat","background-position":"center center","background-size":"auto","background-attachment":"scroll","background-type":"","background-media":"","overlay-type":"","overlay-color":"","overlay-opacity":"","overlay-gradient":""},"tablet":{"background-color":"var(--ast-global-color-4)","background-image":"","background-repeat":"repeat","background-position":"center center","background-size":"auto","background-attachment":"scroll","background-type":"","background-media":"","overlay-type":"","overlay-color":"","overlay-opacity":"","overlay-gradient":""},"mobile":{"background-color":"var(--ast-global-color-4)","background-image":"","background-repeat":"repeat","background-position":"center center","background-size":"auto","background-attachment":"scroll","background-type":"","background-media":"","overlay-type":"","overlay-color":"","overlay-opacity":"","overlay-gradient":""}},"footnotes":""},"class_list":["post-1182","page","type-page","status-publish","hentry"],"_links":{"self":[{"href":"https:\/\/www.simtaly.com\/sk\/wp-json\/wp\/v2\/pages\/1182","targetHints":{"allow":["GET"]}}],"collection":[{"href":"https:\/\/www.simtaly.com\/sk\/wp-json\/wp\/v2\/pages"}],"about":[{"href":"https:\/\/www.simtaly.com\/sk\/wp-json\/wp\/v2\/types\/page"}],"author":[{"embeddable":true,"href":"https:\/\/www.simtaly.com\/sk\/wp-json\/wp\/v2\/users\/5"}],"replies":[{"embeddable":true,"href":"https:\/\/www.simtaly.com\/sk\/wp-json\/wp\/v2\/comments?post=1182"}],"version-history":[{"count":50,"href":"https:\/\/www.simtaly.com\/sk\/wp-json\/wp\/v2\/pages\/1182\/revisions"}],"predecessor-version":[{"id":3983,"href":"https:\/\/www.simtaly.com\/sk\/wp-json\/wp\/v2\/pages\/1182\/revisions\/3983"}],"wp:attachment":[{"href":"https:\/\/www.simtaly.com\/sk\/wp-json\/wp\/v2\/media?parent=1182"}],"curies":[{"name":"wp","href":"https:\/\/api.w.org\/{rel}","templated":true}]}}