{"id":3930,"date":"2025-11-28T12:10:16","date_gmt":"2025-11-28T12:10:16","guid":{"rendered":"https:\/\/www.simtaly.com\/?page_id=3930"},"modified":"2025-12-01T11:06:50","modified_gmt":"2025-12-01T10:06:50","slug":"despre-noi","status":"publish","type":"page","link":"https:\/\/www.simtaly.com\/ro\/despre-noi\/","title":{"rendered":"Despre noi"},"content":{"rendered":"<div data-elementor-type=\"wp-page\" data-elementor-id=\"3930\" class=\"elementor elementor-3930\" data-elementor-post-type=\"page\">\n\t\t\t\t<div class=\"elementor-element elementor-element-913f3fd e-flex e-con-boxed e-con e-parent\" data-id=\"913f3fd\" data-element_type=\"container\" data-settings=\"{&quot;background_background&quot;:&quot;gradient&quot;}\">\n\t\t\t\t\t<div class=\"e-con-inner\">\n\t\t\t\t<div class=\"elementor-element elementor-element-202bf3b elementor-widget elementor-widget-heading\" data-id=\"202bf3b\" data-element_type=\"widget\" data-widget_type=\"heading.default\">\n\t\t\t\t\t<h1 class=\"elementor-heading-title elementor-size-default\">Despre noi<\/h1>\t\t\t\t<\/div>\n\t\t\t\t\t<\/div>\n\t\t\t\t<\/div>\n\t\t<div class=\"elementor-element elementor-element-9011448 e-flex e-con-boxed e-con e-parent\" data-id=\"9011448\" data-element_type=\"container\">\n\t\t\t\t\t<div class=\"e-con-inner\">\n\t\t\t\t<div class=\"elementor-element elementor-element-22ca553 elementor-widget elementor-widget-spacer\" data-id=\"22ca553\" data-element_type=\"widget\" data-widget_type=\"spacer.default\">\n\t\t\t\t\t\t\t<div class=\"elementor-spacer\">\n\t\t\t<div class=\"elementor-spacer-inner\"><\/div>\n\t\t<\/div>\n\t\t\t\t\t\t<\/div>\n\t\t\t\t\t<\/div>\n\t\t\t\t<\/div>\n\t\t<div class=\"elementor-element elementor-element-eb22c6b e-flex e-con-boxed e-con e-parent\" data-id=\"eb22c6b\" data-element_type=\"container\">\n\t\t\t\t\t<div class=\"e-con-inner\">\n\t\t\t\t<div class=\"elementor-element elementor-element-5784496 elementor-widget elementor-widget-text-editor\" data-id=\"5784496\" data-element_type=\"widget\" data-widget_type=\"text-editor.default\">\n\t\t\t\t\t\t\t\t\t<h3>Despre noi \u2014 Simtaly Travel eSIM<\/h3><div>Simtaly este marca interna\u021bional\u0103 de eSIM pentru c\u0103l\u0103torii a DALASON GmbH, o companie de telecomunica\u021bii autorizat\u0103 cu sediul \u00een K\u00f6ln, Germania. Din 2007, dezvolt\u0103m produse de comunica\u021bii digitale care ajut\u0103 oamenii s\u0103 r\u0103m\u00e2n\u0103 conecta\u021bi, at\u00e2t acas\u0103, c\u00e2t \u0219i \u00een str\u0103in\u0103tate. Ast\u0103zi, folosim aceast\u0103 expertiz\u0103 pentru a oferi solu\u021bii eSIM fiabile \u0219i accesibile pentru c\u0103l\u0103torii interna\u021bionali care doresc date mobile simple \u0219i transparente atunci c\u00e2nd exploreaz\u0103 lumea.<\/div><div>\u00a0<\/div><div>Misiunea noastr\u0103 este clar\u0103:<\/div><div>Face\u021bi ca utilizarea datelor mobile \u00een str\u0103in\u0103tate s\u0103 fie simpl\u0103, echitabil\u0103 \u0219i f\u0103r\u0103 stres, cu eSIM-uri de c\u0103l\u0103torie prepl\u0103tite, rapide, care se activeaz\u0103 instantaneu.<\/div><div>\u00a0<\/div><h3>Cine suntem<\/h3><div>DALASON GmbH este o societate cu r\u0103spundere limitat\u0103 german\u0103 (GmbH) cu sediul social la:<\/div><div>DALASON GmbH<\/div><div>Lindenstra\u00dfe 82<\/div><div>50674 K\u00f6ln<\/div><div>Germania<\/div><div>\u00a0<\/div><div>De mul\u021bi ani, activ\u0103m \u00een sectorul telecomunica\u021biilor \u0219i IT, oferind solu\u021bii precum planificarea re\u021belelor \u0219i sisteme VoIP\/telefonie virtual\u0103 bazate pe cloud prin intermediul m\u0103rcii noastre. <a href=\"http:\/\/www.wirecloud.de\" rel=\"nofollow noopener\" target=\"_blank\">WIRECLOUD<\/a>.<\/div><div>Serviciile noastre <a href=\"https:\/\/www.dcalling.com\/\" rel=\"nofollow noopener\" target=\"_blank\">DCalling<\/a> \u0219i <a href=\"https:\/\/www.flatratebooster.com\" rel=\"nofollow noopener\" target=\"_blank\">Booster de vitez\u0103 fix\u0103<\/a> au deservit deja peste 120.000 de clien\u021bi, ajut\u00e2ndu-i s\u0103 reduc\u0103 costurile apelurilor mobile interna\u021bionale.<\/div><div><span style=\"font-size: 1rem;\">Simtaly reprezint\u0103 urm\u0103torul pas: o platform\u0103 global\u0103 de eSIM pentru c\u0103l\u0103torii, construit\u0103 pe baza experien\u021bei noastre vaste \u00een domeniul tehnologiei telecomunica\u021biilor, serviciilor pentru clien\u021bi \u0219i comunica\u021biilor digitale.<\/span><\/div><div>\u00a0<\/div><h3>Ce facem: eSIM-uri de c\u0103l\u0103torie pentru conectivitate global\u0103<span style=\"color: #5b5b5b; font-family: Inter, sans-serif; font-size: 1rem; font-weight: 500;\">\u00a0<\/span><\/h3><h3><span style=\"color: #5b5b5b; font-family: Inter, sans-serif; font-size: 1rem; font-weight: 500;\">Simtaly ofer\u0103 eSIM-uri de c\u0103l\u0103torie \u0219i planuri eSIM interna\u021bionale pentru c\u0103l\u0103torii care doresc internet mobil fiabil \u00een peste 100 de \u021b\u0103ri \u2014 f\u0103r\u0103 taxe de roaming sau contracte complicate.<\/span><\/h3><h4>Obiectivul nostru:<\/h4><ul><li>Livrare instantanee: fiecare eSIM este trimis\u0103 prin e-mail \u00een c\u00e2teva minute dup\u0103 efectuarea pl\u0103\u021bii.<\/li><li>Planuri prepl\u0103tite \u0219i nelimitate: pachete eSIM simple \u0219i transparente pentru c\u0103l\u0103torii, f\u0103r\u0103 taxe ascunse.<\/li><li>Activare u\u0219oar\u0103: instalare ghidat\u0103 cu instruc\u021biuni clare pas cu pas \u00een Centrul nostru de asisten\u021b\u0103.<\/li><li>Compatibilitatea dispozitivelor: accept\u0103m smartphone-urile \u0219i tabletele moderne compatibile cu eSIM, conform ghidului nostru de compatibilitate.<\/li><\/ul><div>\u00cen spatele fiec\u0103rui eSIM de c\u0103l\u0103torie Simtaly se afl\u0103 o companie de telecomunica\u021bii reglementat\u0103, cu infrastructur\u0103 real\u0103 \u0219i experien\u021b\u0103 \u00eendelungat\u0103 \u2014 nu un rev\u00e2nz\u0103tor sau un furnizor temporar. Suntem reglementa\u021bi de Bundesnetzagentur (Agen\u021bia Federal\u0103 de Re\u021bele) din Germania.<\/div><div>\u00a0<\/div><h3>De ce pute\u021bi avea \u00eencredere \u00een noi<\/h3><h4>1. Peste dou\u0103 decenii de experien\u021b\u0103 \u00een domeniul telecomunica\u021biilor<\/h4><div>DALASON GmbH activeaz\u0103 din 2007, oferind servicii de telecomunica\u021bii de calitate pentru clien\u021bi priva\u021bi \u0219i business. Experien\u021ba noastr\u0103 \u00eendelungat\u0103 include solu\u021bii pentru apeluri interna\u021bionale, telefonie \u00een cloud \u0219i instrumente de conectivitate digital\u0103. Acest background garanteaz\u0103 c\u0103 eSIM-ul dvs. de c\u0103l\u0103torie provine de la o companie care \u00een\u021belege cu adev\u0103rat calitatea re\u021belei, fiabilitatea \u0219i a\u0219tept\u0103rile clien\u021bilor.<\/div><div>\u00a0<\/div><h4>2. Furnizor european de servicii de telecomunica\u021bii \u00eenregistrat \u0219i reglementat<\/h4><ul><li>Form\u0103 juridic\u0103: DALASON GmbH (societate cu r\u0103spundere limitat\u0103 german\u0103)<\/li><li>Registrul comer\u021bului: Amtsgericht K\u00f6ln, HRB 60929<\/li><li>Cod fiscal: DE255749627<\/li><\/ul><div>Suntem supraveghea\u021bi de Bundesnetzagentur din Germania \u0219i am fost verifica\u021bi \u0219i de autoritatea austriac\u0103 pentru telecomunica\u021bii.<\/div><div>Acest lucru asigur\u0103 transparen\u021ba, conformitatea \u0219i protec\u021bia consumatorilor la cele mai \u00eenalte standarde europene.<\/div><div>\u00a0<\/div><h4>3. Contact transparent \u0219i asisten\u021b\u0103 pentru clien\u021bi<\/h4><div><span style=\"font-size: 1rem;\">Persoane reale sunt disponibile atunci c\u00e2nd ave\u021bi nevoie de ajutor:<\/span><\/div><ul><li>Email: <a href=\"mailto:support@simtaly.com\">support@simtaly.com<\/a><\/li><li>Chat live WhatsApp: \u202a<a href=\"https:\/\/wa.me\/16505474744\" target=\"_blank\" rel=\"noopener nofollow\">+16505474744<\/a><\/li><li class=\"translation-block\"><a href=\"https:\/\/support.simtaly.com\/hc\" target=\"_blank\" rel=\"noopener\">Centru de asisten\u021b\u0103<\/a>: depanare, detalii privind acoperirea, ghiduri de activare, ramburs\u0103ri, pl\u0103\u021bi<\/li><\/ul><div>Echipa noastr\u0103 r\u0103spunde c\u00e2t mai repede posibil \u0219i \u00eentotdeauna \u00een termen de 24 de ore.<\/div><div>\u00a0<\/div><h3>Face\u021bi cuno\u0219tin\u021b\u0103 cu echipa de conducere<\/h3><div><span style=\"font-size: 1rem;\">Directori generali (Gesch\u00e4ftsf\u00fchrer): <\/span>Andreas Damek \u0219i Chung-U Son<\/div><ul><li class=\"translation-block\"><a href=\"https:\/\/www.linkedin.com\/in\/andreas-damek-4a09492\/?locale=en\" target=\"_blank\" rel=\"noopener\">Andreas Damek<\/a> are experien\u021b\u0103 \u00een domeniul financiar, juridic \u0219i de marketing \u0219i, \u00eenainte de a se al\u0103tura DALASON, a lucrat la Goldman Sachs \u0219i la o firm\u0103 de consultan\u021b\u0103 derivat\u0103 din McKinsey.<\/li><li><a href=\"https:\/\/www.linkedin.com\/in\/david-c-son-60ba2130\/?locale=en\" rel=\"nofollow noopener\" target=\"_blank\">Chung-U Son<\/a> a participat la mai multe proiecte \u00een domeniul telecomunica\u021biilor \u0219i tehnologiei \u00een K\u00f6ln, concentr\u00e2ndu-se pe servicii de transport \u0219i dezvoltare de software.<\/li><\/ul><div>\u00a0<span style=\"font-size: 1rem;\">\u00cempreun\u0103, ei combin\u0103 cuno\u0219tin\u021be aprofundate \u00een domeniul telecomunica\u021biilor, software-ului \u0219i afacerilor.<\/span><\/div><div>Rezultatul: un serviciu eSIM pentru c\u0103l\u0103torii, conceput cu adev\u0103rat\u0103 expertiz\u0103 tehnic\u0103 \u0219i \u00een\u021belegere uman\u0103 a nevoilor c\u0103l\u0103torilor \u00een str\u0103in\u0103tate.<\/div><div>\u00a0<\/div><h3>Promisiunea noastr\u0103 c\u0103tre c\u0103l\u0103tori<\/h3><h4><span style=\"color: #000000; font-family: 'Space Grotesk', sans-serif; font-size: 1.375rem; font-style: inherit; font-weight: bold;\">\u0218tim c\u00e2t de importante au devenit datele mobile, mai ales c\u00e2nd c\u0103l\u0103torim:<\/span><\/h4><div>\u2022 men\u021binerea leg\u0103turii cu prietenii \u0219i familia<\/div><div>\u2022 navigarea \u00een siguran\u021b\u0103 \u00een ora\u0219e necunoscute<\/div><div>\u2022 accesarea biletelor, rezerv\u0103rilor la hotel \u0219i h\u0103r\u021bilor<\/div><div>\u2022 evitarea taxelor de roaming sau c\u0103utarea magazinelor SIM la sosire<\/div><div>\u00a0<\/div><h4>De aceea Simtaly este construit \u00een jurul:<\/h4><div>\u2022 pre\u021buri corecte \u0219i transparente pentru fiecare eSIM de c\u0103l\u0103torie<\/div><div>\u2022 informa\u021bii clare privind acoperirea, datele, viteza \u0219i valabilitatea<\/div><div>\u2022 livrare instantanee a e-mailurilor \u00een \u00eentreaga lume<\/div><div>\u2022 asisten\u021b\u0103 corect\u0103 \u0219i fiabil\u0103 atunci c\u00e2nd ceva nu merge conform planului<\/div><div>\u00a0<\/div><div class=\"translation-block\">Dac\u0103 eSIM-ul Simtaly nu a fost instalat \u0219i v\u0103 r\u0103zg\u00e2ndi\u021bi, politica noastr\u0103 clar\u0103 de returnare <a href=\"https:\/\/www.simtaly.com\/ro\/politica-de-returnare\/\" target=\"_self\">garanteaz\u0103 o anulare f\u0103r\u0103 probleme.<\/div><div>\u00a0<\/div><div><h5>Dac\u0103 ave\u021bi \u00eentreb\u0103ri suplimentare, nu ezita\u021bi s\u0103 ne contacta\u021bi:<\/h5><p><strong>Email:<\/strong>\u00a0<a href=\"mailto:support@simtaly.com\">support@simtaly.com<\/a><br \/><strong>Chat live WhatsApp:<\/strong>\u00a0\u202a<a href=\"https:\/\/wa.me\/16505474744\" target=\"_blank\" rel=\"noopener nofollow\">+16505474744<\/a><\/p><\/div>\t\t\t\t\t\t\t\t<\/div>\n\t\t\t\t\t<\/div>\n\t\t\t\t<\/div>\n\t\t\t\t<\/div>","protected":false},"excerpt":{"rendered":"<p>About Us About Us \u2014 Simtaly Travel eSIM Simtaly is the international travel eSIM brand of DALASON GmbH, a licensed [&hellip;]<\/p>","protected":false},"author":5,"featured_media":0,"parent":0,"menu_order":0,"comment_status":"closed","ping_status":"closed","template":"","meta":{"site-sidebar-layout":"no-sidebar","site-content-layout":"","ast-site-content-layout":"full-width-container","site-content-style":"default","site-sidebar-style":"default","ast-global-header-display":"","ast-banner-title-visibility":"","ast-main-header-display":"","ast-hfb-above-header-display":"","ast-hfb-below-header-display":"","ast-hfb-mobile-header-display":"","site-post-title":"disabled","ast-breadcrumbs-content":"","ast-featured-img":"disabled","footer-sml-layout":"","theme-transparent-header-meta":"enabled","adv-header-id-meta":"","stick-header-meta":"","header-above-stick-meta":"","header-main-stick-meta":"","header-below-stick-meta":"","astra-migrate-meta-layouts":"default","ast-page-background-enabled":"default","ast-page-background-meta":{"desktop":{"background-color":"var(--ast-global-color-5)","background-image":"","background-repeat":"repeat","background-position":"center center","background-size":"auto","background-attachment":"scroll","background-type":"","background-media":"","overlay-type":"","overlay-color":"","overlay-opacity":"","overlay-gradient":""},"tablet":{"background-color":"","background-image":"","background-repeat":"repeat","background-position":"center center","background-size":"auto","background-attachment":"scroll","background-type":"","background-media":"","overlay-type":"","overlay-color":"","overlay-opacity":"","overlay-gradient":""},"mobile":{"background-color":"","background-image":"","background-repeat":"repeat","background-position":"center center","background-size":"auto","background-attachment":"scroll","background-type":"","background-media":"","overlay-type":"","overlay-color":"","overlay-opacity":"","overlay-gradient":""}},"ast-content-background-meta":{"desktop":{"background-color":"var(--ast-global-color-4)","background-image":"","background-repeat":"repeat","background-position":"center center","background-size":"auto","background-attachment":"scroll","background-type":"","background-media":"","overlay-type":"","overlay-color":"","overlay-opacity":"","overlay-gradient":""},"tablet":{"background-color":"var(--ast-global-color-4)","background-image":"","background-repeat":"repeat","background-position":"center center","background-size":"auto","background-attachment":"scroll","background-type":"","background-media":"","overlay-type":"","overlay-color":"","overlay-opacity":"","overlay-gradient":""},"mobile":{"background-color":"var(--ast-global-color-4)","background-image":"","background-repeat":"repeat","background-position":"center center","background-size":"auto","background-attachment":"scroll","background-type":"","background-media":"","overlay-type":"","overlay-color":"","overlay-opacity":"","overlay-gradient":""}},"footnotes":""},"class_list":["post-3930","page","type-page","status-publish","hentry"],"_links":{"self":[{"href":"https:\/\/www.simtaly.com\/ro\/wp-json\/wp\/v2\/pages\/3930","targetHints":{"allow":["GET"]}}],"collection":[{"href":"https:\/\/www.simtaly.com\/ro\/wp-json\/wp\/v2\/pages"}],"about":[{"href":"https:\/\/www.simtaly.com\/ro\/wp-json\/wp\/v2\/types\/page"}],"author":[{"embeddable":true,"href":"https:\/\/www.simtaly.com\/ro\/wp-json\/wp\/v2\/users\/5"}],"replies":[{"embeddable":true,"href":"https:\/\/www.simtaly.com\/ro\/wp-json\/wp\/v2\/comments?post=3930"}],"version-history":[{"count":16,"href":"https:\/\/www.simtaly.com\/ro\/wp-json\/wp\/v2\/pages\/3930\/revisions"}],"predecessor-version":[{"id":3972,"href":"https:\/\/www.simtaly.com\/ro\/wp-json\/wp\/v2\/pages\/3930\/revisions\/3972"}],"wp:attachment":[{"href":"https:\/\/www.simtaly.com\/ro\/wp-json\/wp\/v2\/media?parent=3930"}],"curies":[{"name":"wp","href":"https:\/\/api.w.org\/{rel}","templated":true}]}}