{"id":3914,"date":"2025-11-27T15:11:57","date_gmt":"2025-11-27T15:11:57","guid":{"rendered":"https:\/\/www.simtaly.com\/?page_id=3914"},"modified":"2025-11-28T23:02:04","modified_gmt":"2025-11-28T22:02:04","slug":"politica-de-plata-a-transportului","status":"publish","type":"page","link":"https:\/\/www.simtaly.com\/ro\/politica-de-plata-a-transportului\/","title":{"rendered":"Politica de livrare \u0219i plat\u0103"},"content":{"rendered":"<div data-elementor-type=\"wp-page\" data-elementor-id=\"3914\" class=\"elementor elementor-3914\" data-elementor-post-type=\"page\">\n\t\t\t\t<div class=\"elementor-element elementor-element-913f3fd e-flex e-con-boxed e-con e-parent\" data-id=\"913f3fd\" data-element_type=\"container\" data-settings=\"{&quot;background_background&quot;:&quot;gradient&quot;}\">\n\t\t\t\t\t<div class=\"e-con-inner\">\n\t\t\t\t<div class=\"elementor-element elementor-element-202bf3b elementor-widget elementor-widget-heading\" data-id=\"202bf3b\" data-element_type=\"widget\" data-widget_type=\"heading.default\">\n\t\t\t\t\t<h1 class=\"elementor-heading-title elementor-size-default\">Politica de livrare \u0219i plat\u0103 \u2013 simtaly.com<\/h1>\t\t\t\t<\/div>\n\t\t\t\t\t<\/div>\n\t\t\t\t<\/div>\n\t\t<div class=\"elementor-element elementor-element-9011448 e-flex e-con-boxed e-con e-parent\" data-id=\"9011448\" data-element_type=\"container\">\n\t\t\t\t\t<div class=\"e-con-inner\">\n\t\t\t\t<div class=\"elementor-element elementor-element-22ca553 elementor-widget elementor-widget-spacer\" data-id=\"22ca553\" data-element_type=\"widget\" data-widget_type=\"spacer.default\">\n\t\t\t\t\t\t\t<div class=\"elementor-spacer\">\n\t\t\t<div class=\"elementor-spacer-inner\"><\/div>\n\t\t<\/div>\n\t\t\t\t\t\t<\/div>\n\t\t\t\t\t<\/div>\n\t\t\t\t<\/div>\n\t\t<div class=\"elementor-element elementor-element-eb22c6b e-flex e-con-boxed e-con e-parent\" data-id=\"eb22c6b\" data-element_type=\"container\">\n\t\t\t\t\t<div class=\"e-con-inner\">\n\t\t\t\t<div class=\"elementor-element elementor-element-5784496 elementor-widget elementor-widget-text-editor\" data-id=\"5784496\" data-element_type=\"widget\" data-widget_type=\"text-editor.default\">\n\t\t\t\t\t\t\t\t\t<p>Se aplic\u0103 tuturor produselor digitale, inclusiv serviciilor eSIM \u0219i eSIM de c\u0103l\u0103torie.<\/p><h3>1. Politica de expediere<\/h3><h4>Livrarea digital\u0103 a produselor eSIM<\/h4><p>Toate produsele eSIM \u0219i eSIM de c\u0103l\u0103torie sunt livrate digital prin e-mail. Nu este necesar\u0103 livrarea fizic\u0103.<\/p><h4>Termenul de livrare<\/h4><ul><li>Livrare gratuit\u0103 \u0219i instantanee dup\u0103 efectuarea pl\u0103\u021bii.<\/li><li>eSIM-ul este trimis automat la adresa de e-mail furnizat\u0103 \u00een timpul procesului de plat\u0103.<\/li><li>\u00cen majoritatea cazurilor, e-mailul ajunge \u00een c\u00e2teva minute.<\/li><\/ul><h4>Informa\u021bii importante despre livrarea e-mailurilor<\/h4><ul><li>Clientul este responsabil pentru introducerea unei adrese de e-mail corecte \u0219i valide pentru a primi eSIM-ul.<\/li><li>Dac\u0103 e-mailul nu ajunge \u00een c\u00e2teva minute, verifica\u021bi folderul de spam sau junk.<\/li><li>Dac\u0103 e-mailul cu eSIM-ul nu a sosit \u00een 20 de minute, contacta\u021bi serviciul de asisten\u021b\u0103:<br \/><a href=\"mailto:support@simtaly.com\"><strong>support@simtaly.com<\/strong><\/a><\/li><li>Serviciul de asisten\u021b\u0103 pentru clien\u021bi r\u0103spunde c\u00e2t mai repede posibil \u0219i garanteaz\u0103 un r\u0103spuns \u00een termen de 24 de ore.<\/li><\/ul><h3>2. Politica de plat\u0103<\/h3><h4>Procesarea pl\u0103\u021bilor prin Stripe<\/h4><p>Toate pl\u0103\u021bile sunt procesate \u00een siguran\u021b\u0103 prin Stripe. \u00cen timpul finaliz\u0103rii comenzii, clien\u021bii vor vedea automat metodele de plat\u0103 acceptate de Stripe \u00een \u021bara lor. Acestea pot include:<\/p><ul><li>Carduri de credit<\/li><li>Carduri de debit<\/li><li>Portofele digitale<\/li><li>Alte op\u021biuni de plat\u0103 locale<\/li><\/ul><h4>Autentificare 3D-Secure<\/h4><p>Dac\u0103 cardul de credit al clientului accept\u0103 3D-Secure, aceast\u0103 etap\u0103 de autentificare este necesar\u0103 \u0219i va fi aplicat\u0103 \u00een timpul tranzac\u021biei.<\/p><h4>Taxe (TVA \/ Tax\u0103 pe v\u00e2nz\u0103ri)<\/h4><ul><li>Clien\u021bii trebuie s\u0103 selecteze \u021bara de facturare \u00een timpul procesului de plat\u0103 pentru a se asigura c\u0103 sunt aplicate sumele corecte ale taxelor.<\/li><li>Toate pre\u021burile afi\u0219ate pe site includ TVA pentru toate \u021b\u0103rile din lume.<\/li><li>Pentru clien\u021bii din Statele Unite, taxele de v\u00e2nzare aplicabile la nivel statal sau local sunt calculate automat \u0219i ad\u0103ugate \u00een timpul finaliz\u0103rii comenzii.<\/li><\/ul><h5>Dac\u0103 ave\u021bi \u00eentreb\u0103ri suplimentare, nu ezita\u021bi s\u0103 ne contacta\u021bi:<\/h5><p><strong>Email:<\/strong>\u00a0<a href=\"mailto:support@simtaly.com\">support@simtaly.com<\/a><br \/><strong>Chat live WhatsApp:<\/strong>\u00a0\u202a<a href=\"https:\/\/wa.me\/16505474744\" target=\"_blank\" rel=\"noopener nofollow\">+16505474744<\/a><\/p>\t\t\t\t\t\t\t\t<\/div>\n\t\t\t\t<div class=\"elementor-element elementor-element-f48aae3 elementor-widget elementor-widget-spacer\" data-id=\"f48aae3\" data-element_type=\"widget\" data-widget_type=\"spacer.default\">\n\t\t\t\t\t\t\t<div class=\"elementor-spacer\">\n\t\t\t<div class=\"elementor-spacer-inner\"><\/div>\n\t\t<\/div>\n\t\t\t\t\t\t<\/div>\n\t\t\t\t\t<\/div>\n\t\t\t\t<\/div>\n\t\t\t\t<\/div>","protected":false},"excerpt":{"rendered":"<p>Shipping &amp; Payment Policy \u2013 simtaly.com Applies to all digital products, including eSIM and travel eSIM services. 1. Shipping Policy [&hellip;]<\/p>","protected":false},"author":5,"featured_media":0,"parent":0,"menu_order":0,"comment_status":"closed","ping_status":"closed","template":"","meta":{"site-sidebar-layout":"no-sidebar","site-content-layout":"","ast-site-content-layout":"full-width-container","site-content-style":"default","site-sidebar-style":"default","ast-global-header-display":"","ast-banner-title-visibility":"","ast-main-header-display":"","ast-hfb-above-header-display":"","ast-hfb-below-header-display":"","ast-hfb-mobile-header-display":"","site-post-title":"disabled","ast-breadcrumbs-content":"","ast-featured-img":"disabled","footer-sml-layout":"","theme-transparent-header-meta":"enabled","adv-header-id-meta":"","stick-header-meta":"","header-above-stick-meta":"","header-main-stick-meta":"","header-below-stick-meta":"","astra-migrate-meta-layouts":"default","ast-page-background-enabled":"default","ast-page-background-meta":{"desktop":{"background-color":"var(--ast-global-color-5)","background-image":"","background-repeat":"repeat","background-position":"center center","background-size":"auto","background-attachment":"scroll","background-type":"","background-media":"","overlay-type":"","overlay-color":"","overlay-opacity":"","overlay-gradient":""},"tablet":{"background-color":"","background-image":"","background-repeat":"repeat","background-position":"center center","background-size":"auto","background-attachment":"scroll","background-type":"","background-media":"","overlay-type":"","overlay-color":"","overlay-opacity":"","overlay-gradient":""},"mobile":{"background-color":"","background-image":"","background-repeat":"repeat","background-position":"center center","background-size":"auto","background-attachment":"scroll","background-type":"","background-media":"","overlay-type":"","overlay-color":"","overlay-opacity":"","overlay-gradient":""}},"ast-content-background-meta":{"desktop":{"background-color":"var(--ast-global-color-4)","background-image":"","background-repeat":"repeat","background-position":"center center","background-size":"auto","background-attachment":"scroll","background-type":"","background-media":"","overlay-type":"","overlay-color":"","overlay-opacity":"","overlay-gradient":""},"tablet":{"background-color":"var(--ast-global-color-4)","background-image":"","background-repeat":"repeat","background-position":"center center","background-size":"auto","background-attachment":"scroll","background-type":"","background-media":"","overlay-type":"","overlay-color":"","overlay-opacity":"","overlay-gradient":""},"mobile":{"background-color":"var(--ast-global-color-4)","background-image":"","background-repeat":"repeat","background-position":"center center","background-size":"auto","background-attachment":"scroll","background-type":"","background-media":"","overlay-type":"","overlay-color":"","overlay-opacity":"","overlay-gradient":""}},"footnotes":""},"class_list":["post-3914","page","type-page","status-publish","hentry"],"_links":{"self":[{"href":"https:\/\/www.simtaly.com\/ro\/wp-json\/wp\/v2\/pages\/3914","targetHints":{"allow":["GET"]}}],"collection":[{"href":"https:\/\/www.simtaly.com\/ro\/wp-json\/wp\/v2\/pages"}],"about":[{"href":"https:\/\/www.simtaly.com\/ro\/wp-json\/wp\/v2\/types\/page"}],"author":[{"embeddable":true,"href":"https:\/\/www.simtaly.com\/ro\/wp-json\/wp\/v2\/users\/5"}],"replies":[{"embeddable":true,"href":"https:\/\/www.simtaly.com\/ro\/wp-json\/wp\/v2\/comments?post=3914"}],"version-history":[{"count":10,"href":"https:\/\/www.simtaly.com\/ro\/wp-json\/wp\/v2\/pages\/3914\/revisions"}],"predecessor-version":[{"id":3929,"href":"https:\/\/www.simtaly.com\/ro\/wp-json\/wp\/v2\/pages\/3914\/revisions\/3929"}],"wp:attachment":[{"href":"https:\/\/www.simtaly.com\/ro\/wp-json\/wp\/v2\/media?parent=3914"}],"curies":[{"name":"wp","href":"https:\/\/api.w.org\/{rel}","templated":true}]}}