{"id":3914,"date":"2025-11-27T15:11:57","date_gmt":"2025-11-27T15:11:57","guid":{"rendered":"https:\/\/www.simtaly.com\/?page_id=3914"},"modified":"2025-11-28T23:02:04","modified_gmt":"2025-11-28T22:02:04","slug":"zasady-platnosci-za-wysylke","status":"publish","type":"page","link":"https:\/\/www.simtaly.com\/pl\/zasady-platnosci-za-wysylke\/","title":{"rendered":"Polityka wysy\u0142ki i p\u0142atno\u015bci"},"content":{"rendered":"<div data-elementor-type=\"wp-page\" data-elementor-id=\"3914\" class=\"elementor elementor-3914\" data-elementor-post-type=\"page\">\n\t\t\t\t<div class=\"elementor-element elementor-element-913f3fd e-flex e-con-boxed e-con e-parent\" data-id=\"913f3fd\" data-element_type=\"container\" data-settings=\"{&quot;background_background&quot;:&quot;gradient&quot;}\">\n\t\t\t\t\t<div class=\"e-con-inner\">\n\t\t\t\t<div class=\"elementor-element elementor-element-202bf3b elementor-widget elementor-widget-heading\" data-id=\"202bf3b\" data-element_type=\"widget\" data-widget_type=\"heading.default\">\n\t\t\t\t\t<h1 class=\"elementor-heading-title elementor-size-default\">Polityka wysy\u0142ki i p\u0142atno\u015bci \u2013 simtaly.com<\/h1>\t\t\t\t<\/div>\n\t\t\t\t\t<\/div>\n\t\t\t\t<\/div>\n\t\t<div class=\"elementor-element elementor-element-9011448 e-flex e-con-boxed e-con e-parent\" data-id=\"9011448\" data-element_type=\"container\">\n\t\t\t\t\t<div class=\"e-con-inner\">\n\t\t\t\t<div class=\"elementor-element elementor-element-22ca553 elementor-widget elementor-widget-spacer\" data-id=\"22ca553\" data-element_type=\"widget\" data-widget_type=\"spacer.default\">\n\t\t\t\t\t\t\t<div class=\"elementor-spacer\">\n\t\t\t<div class=\"elementor-spacer-inner\"><\/div>\n\t\t<\/div>\n\t\t\t\t\t\t<\/div>\n\t\t\t\t\t<\/div>\n\t\t\t\t<\/div>\n\t\t<div class=\"elementor-element elementor-element-eb22c6b e-flex e-con-boxed e-con e-parent\" data-id=\"eb22c6b\" data-element_type=\"container\">\n\t\t\t\t\t<div class=\"e-con-inner\">\n\t\t\t\t<div class=\"elementor-element elementor-element-5784496 elementor-widget elementor-widget-text-editor\" data-id=\"5784496\" data-element_type=\"widget\" data-widget_type=\"text-editor.default\">\n\t\t\t\t\t\t\t\t\t<p>Dotyczy wszystkich produkt\u00f3w cyfrowych, w tym us\u0142ug eSIM i podr\u00f3\u017cnych us\u0142ug eSIM.<\/p><h3>1. Polityka wysy\u0142kowa<\/h3><h4>Cyfrowa dostawa produkt\u00f3w eSIM<\/h4><p>Wszystkie produkty eSIM i travel eSIM s\u0105 dostarczane cyfrowo za po\u015brednictwem poczty elektronicznej. Nie ma potrzeby fizycznej wysy\u0142ki.<\/p><h4>Czas dostawy<\/h4><ul><li>Bezp\u0142atna i natychmiastowa dostawa po pomy\u015blnym dokonaniu p\u0142atno\u015bci.<\/li><li>Karta eSIM zostanie automatycznie wys\u0142ana na adres e-mail podany podczas realizacji transakcji.<\/li><li>W wi\u0119kszo\u015bci przypadk\u00f3w wiadomo\u015b\u0107 e-mail przychodzi w ci\u0105gu kilku minut.<\/li><\/ul><h4>Wa\u017cne informacje dotycz\u0105ce dostarczania wiadomo\u015bci e-mail<\/h4><ul><li>Klient jest odpowiedzialny za podanie prawid\u0142owego i wa\u017cnego adresu e-mail, aby otrzyma\u0107 kart\u0119 eSIM.<\/li><li>Je\u015bli wiadomo\u015b\u0107 e-mail nie dotrze w ci\u0105gu kilku minut, sprawd\u017a folder spam lub folder z niechcianymi wiadomo\u015bciami.<\/li><li>Je\u015bli wiadomo\u015b\u0107 e-mail dotycz\u0105ca karty eSIM nie dotar\u0142a w ci\u0105gu 20 minut, skontaktuj si\u0119 z pomoc\u0105 techniczn\u0105:<br \/><a href=\"mailto:support@simtaly.com\"><strong>support@simtaly.com<\/strong><\/a><\/li><li>Obs\u0142uga klienta odpowiada tak szybko, jak to mo\u017cliwe, i gwarantuje odpowied\u017a w ci\u0105gu 24 godzin.<\/li><\/ul><h3>2. Polityka p\u0142atno\u015bci<\/h3><h4>Przetwarzanie p\u0142atno\u015bci za po\u015brednictwem Stripe<\/h4><p>Wszystkie p\u0142atno\u015bci s\u0105 bezpiecznie przetwarzane przez Stripe. Podczas realizacji transakcji klienci automatycznie zobacz\u0105 metody p\u0142atno\u015bci obs\u0142ugiwane przez Stripe w ich kraju. Mog\u0105 one obejmowa\u0107:<\/p><ul><li>Karty kredytowe<\/li><li>Karty debetowe<\/li><li>Portfele cyfrowe<\/li><li>Inne lokalne opcje p\u0142atno\u015bci<\/li><\/ul><h4>Uwierzytelnianie 3D-Secure<\/h4><p>Je\u015bli karta kredytowa klienta obs\u0142uguje funkcj\u0119 3D-Secure, ten etap uwierzytelniania jest wymagany i zostanie zastosowany podczas transakcji.<\/p><h4>Podatki (VAT \/ podatek od sprzeda\u017cy)<\/h4><ul><li>Klienci musz\u0105 wybra\u0107 kraj rozliczeniowy podczas realizacji transakcji, aby zapewni\u0107 prawid\u0142owe naliczenie podatk\u00f3w.<\/li><li>Wszystkie ceny podane na stronie internetowej zawieraj\u0105 podatek VAT obowi\u0105zuj\u0105cy we wszystkich krajach na ca\u0142ym \u015bwiecie.<\/li><li>W przypadku klient\u00f3w w Stanach Zjednoczonych obowi\u0105zuj\u0105ce podatki stanowe lub lokalne s\u0105 automatycznie obliczane i dodawane podczas realizacji transakcji.<\/li><\/ul><h5>Je\u015bli masz dodatkowe pytania, skontaktuj si\u0119 z nami:<\/h5><p><strong>E-mail:<\/strong>\u00a0<a href=\"mailto:support@simtaly.com\">support@simtaly.com<\/a><br \/><strong>Czat na \u017cywo WhatsApp:<\/strong>\u00a0\u202a<a href=\"https:\/\/wa.me\/16505474744\" target=\"_blank\" rel=\"noopener nofollow\">+16505474744<\/a><\/p>\t\t\t\t\t\t\t\t<\/div>\n\t\t\t\t<div class=\"elementor-element elementor-element-f48aae3 elementor-widget elementor-widget-spacer\" data-id=\"f48aae3\" data-element_type=\"widget\" data-widget_type=\"spacer.default\">\n\t\t\t\t\t\t\t<div class=\"elementor-spacer\">\n\t\t\t<div class=\"elementor-spacer-inner\"><\/div>\n\t\t<\/div>\n\t\t\t\t\t\t<\/div>\n\t\t\t\t\t<\/div>\n\t\t\t\t<\/div>\n\t\t\t\t<\/div>","protected":false},"excerpt":{"rendered":"<p>Shipping &amp; Payment Policy \u2013 simtaly.com Applies to all digital products, including eSIM and travel eSIM services. 1. Shipping Policy [&hellip;]<\/p>","protected":false},"author":5,"featured_media":0,"parent":0,"menu_order":0,"comment_status":"closed","ping_status":"closed","template":"","meta":{"site-sidebar-layout":"no-sidebar","site-content-layout":"","ast-site-content-layout":"full-width-container","site-content-style":"default","site-sidebar-style":"default","ast-global-header-display":"","ast-banner-title-visibility":"","ast-main-header-display":"","ast-hfb-above-header-display":"","ast-hfb-below-header-display":"","ast-hfb-mobile-header-display":"","site-post-title":"disabled","ast-breadcrumbs-content":"","ast-featured-img":"disabled","footer-sml-layout":"","theme-transparent-header-meta":"enabled","adv-header-id-meta":"","stick-header-meta":"","header-above-stick-meta":"","header-main-stick-meta":"","header-below-stick-meta":"","astra-migrate-meta-layouts":"default","ast-page-background-enabled":"default","ast-page-background-meta":{"desktop":{"background-color":"var(--ast-global-color-5)","background-image":"","background-repeat":"repeat","background-position":"center center","background-size":"auto","background-attachment":"scroll","background-type":"","background-media":"","overlay-type":"","overlay-color":"","overlay-opacity":"","overlay-gradient":""},"tablet":{"background-color":"","background-image":"","background-repeat":"repeat","background-position":"center center","background-size":"auto","background-attachment":"scroll","background-type":"","background-media":"","overlay-type":"","overlay-color":"","overlay-opacity":"","overlay-gradient":""},"mobile":{"background-color":"","background-image":"","background-repeat":"repeat","background-position":"center center","background-size":"auto","background-attachment":"scroll","background-type":"","background-media":"","overlay-type":"","overlay-color":"","overlay-opacity":"","overlay-gradient":""}},"ast-content-background-meta":{"desktop":{"background-color":"var(--ast-global-color-4)","background-image":"","background-repeat":"repeat","background-position":"center center","background-size":"auto","background-attachment":"scroll","background-type":"","background-media":"","overlay-type":"","overlay-color":"","overlay-opacity":"","overlay-gradient":""},"tablet":{"background-color":"var(--ast-global-color-4)","background-image":"","background-repeat":"repeat","background-position":"center center","background-size":"auto","background-attachment":"scroll","background-type":"","background-media":"","overlay-type":"","overlay-color":"","overlay-opacity":"","overlay-gradient":""},"mobile":{"background-color":"var(--ast-global-color-4)","background-image":"","background-repeat":"repeat","background-position":"center center","background-size":"auto","background-attachment":"scroll","background-type":"","background-media":"","overlay-type":"","overlay-color":"","overlay-opacity":"","overlay-gradient":""}},"footnotes":""},"class_list":["post-3914","page","type-page","status-publish","hentry"],"_links":{"self":[{"href":"https:\/\/www.simtaly.com\/pl\/wp-json\/wp\/v2\/pages\/3914","targetHints":{"allow":["GET"]}}],"collection":[{"href":"https:\/\/www.simtaly.com\/pl\/wp-json\/wp\/v2\/pages"}],"about":[{"href":"https:\/\/www.simtaly.com\/pl\/wp-json\/wp\/v2\/types\/page"}],"author":[{"embeddable":true,"href":"https:\/\/www.simtaly.com\/pl\/wp-json\/wp\/v2\/users\/5"}],"replies":[{"embeddable":true,"href":"https:\/\/www.simtaly.com\/pl\/wp-json\/wp\/v2\/comments?post=3914"}],"version-history":[{"count":10,"href":"https:\/\/www.simtaly.com\/pl\/wp-json\/wp\/v2\/pages\/3914\/revisions"}],"predecessor-version":[{"id":3929,"href":"https:\/\/www.simtaly.com\/pl\/wp-json\/wp\/v2\/pages\/3914\/revisions\/3929"}],"wp:attachment":[{"href":"https:\/\/www.simtaly.com\/pl\/wp-json\/wp\/v2\/media?parent=3914"}],"curies":[{"name":"wp","href":"https:\/\/api.w.org\/{rel}","templated":true}]}}