{"id":1182,"date":"2025-09-10T09:04:47","date_gmt":"2025-09-10T09:04:47","guid":{"rendered":"https:\/\/www.simtaly.com\/?page_id=1182"},"modified":"2025-11-28T22:55:14","modified_gmt":"2025-11-28T21:55:14","slug":"odcisk","status":"publish","type":"page","link":"https:\/\/www.simtaly.com\/pl\/odcisk\/","title":{"rendered":"Nadruk"},"content":{"rendered":"<div data-elementor-type=\"wp-page\" data-elementor-id=\"1182\" class=\"elementor elementor-1182\" data-elementor-post-type=\"page\">\n\t\t\t\t<div class=\"elementor-element elementor-element-913f3fd e-flex e-con-boxed e-con e-parent\" data-id=\"913f3fd\" data-element_type=\"container\" data-settings=\"{&quot;background_background&quot;:&quot;gradient&quot;}\">\n\t\t\t\t\t<div class=\"e-con-inner\">\n\t\t\t\t<div class=\"elementor-element elementor-element-202bf3b elementor-widget elementor-widget-heading\" data-id=\"202bf3b\" data-element_type=\"widget\" data-widget_type=\"heading.default\">\n\t\t\t\t\t<h1 class=\"elementor-heading-title elementor-size-default\">Nota prawna (nadruk)<\/h1>\t\t\t\t<\/div>\n\t\t\t\t\t<\/div>\n\t\t\t\t<\/div>\n\t\t<div class=\"elementor-element elementor-element-9011448 e-flex e-con-boxed e-con e-parent\" data-id=\"9011448\" data-element_type=\"container\">\n\t\t\t\t\t<div class=\"e-con-inner\">\n\t\t\t\t<div class=\"elementor-element elementor-element-22ca553 elementor-widget elementor-widget-spacer\" data-id=\"22ca553\" data-element_type=\"widget\" data-widget_type=\"spacer.default\">\n\t\t\t\t\t\t\t<div class=\"elementor-spacer\">\n\t\t\t<div class=\"elementor-spacer-inner\"><\/div>\n\t\t<\/div>\n\t\t\t\t\t\t<\/div>\n\t\t\t\t\t<\/div>\n\t\t\t\t<\/div>\n\t\t<div class=\"elementor-element elementor-element-eb22c6b e-flex e-con-boxed e-con e-parent\" data-id=\"eb22c6b\" data-element_type=\"container\">\n\t\t\t\t\t<div class=\"e-con-inner\">\n\t\t\t\t<div class=\"elementor-element elementor-element-5784496 elementor-widget elementor-widget-text-editor\" data-id=\"5784496\" data-element_type=\"widget\" data-widget_type=\"text-editor.default\">\n\t\t\t\t\t\t\t\t\t<div style=\"line-height: 1.6;\"><h3 style=\"color: #222222; font-family: Arial, sans-serif;\">Informacje zgodnie z \u00a75 TMG (niemiecka ustawa o telemediach) i \u00a718 (2) MStV:<\/h3><p style=\"color: #222222; font-family: Arial, sans-serif;\"><strong>Simtaly<\/strong><br \/>DALASON GmbH<br \/>Lindenstra\u00dfe 82<br \/>50674 Kolonia<br \/>Niemcy<\/p><p style=\"color: #222222; font-family: Arial, sans-serif;\"><strong>Reprezentowany przez:<\/strong><br \/>Dyrektorzy zarz\u0105dzaj\u0105cy: Andreas Damek i Chung-U Son<\/p><p style=\"color: #222222; font-family: Arial, sans-serif;\"><strong>Kontakt:<\/strong><br \/>E-mail: <a href=\"mailto:support@simtaly.com\">support@simtaly.com<\/a><br \/><span style=\"font-style: inherit; font-weight: inherit;\">Czat na \u017cywo WhatsApp: \u202a<a title=\"\" href=\"tel:16505474744\" target=\"_blank\" rel=\"noopener noreferrer\" data-title=\"tel:16505474744\">+16505474744<\/a><\/span><br \/>Strona internetowa<strong>:<\/strong> <a href=\"https:\/\/www.simtaly.com\/pl\/\" target=\"_blank\" rel=\"noopener noreferrer\">https:\/\/www.simtaly.com<\/a><\/p><p style=\"color: #222222; font-family: Arial, sans-serif;\"><strong>Wpis do rejestru handlowego:<br \/><\/strong>S\u0105d rejestrowy: S\u0105d rejonowy w Kolonii (Amtsgericht K\u00f6ln)<br \/>Numer rejestracyjny: HRB 60929<\/p><p style=\"color: #222222; font-family: Arial, sans-serif;\"><strong>Numer identyfikacyjny VAT zgodnie z \u00a727a niemieckiej ustawy o podatku VAT:<\/strong><br \/>Numer identyfikacji podatkowej: DE255749627<\/p><p style=\"color: #222222; font-family: Arial, sans-serif;\"><strong>Odpowiedzialny za tre\u015b\u0107 zgodnie z \u00a718 (2) MStV:<\/strong><br \/>Andreas Damek<br \/>DALASON GmbH<br \/>Lindenstra\u00dfe 82<br \/>50674 Kolonia<br \/>Niemcy<\/p><h3 style=\"color: #222222; font-family: Arial, sans-serif;\">Zastrze\u017cenie<\/h3><p style=\"color: #222222; font-family: Arial, sans-serif;\"><strong>Odpowiedzialno\u015b\u0107 za tre\u015b\u0107<\/strong><br \/>Zawarto\u015b\u0107 naszej strony internetowej zosta\u0142a stworzona z najwy\u017csz\u0105 staranno\u015bci\u0105. Nie mo\u017cemy jednak zagwarantowa\u0107 dok\u0142adno\u015bci, kompletno\u015bci ani aktualno\u015bci tre\u015bci.<br \/>Jako dostawca us\u0142ug jeste\u015bmy odpowiedzialni za w\u0142asne tre\u015bci na tych stronach zgodnie z og\u00f3lnym prawem (\u00a77 ust. 1 TMG).<br \/>Zgodnie z \u00a7\u00a7 8-10 TMG nie jeste\u015bmy zobowi\u0105zani do monitorowania przekazywanych lub przechowywanych informacji os\u00f3b trzecich ani do badania okoliczno\u015bci wskazuj\u0105cych na nielegaln\u0105 dzia\u0142alno\u015b\u0107.<br \/>Zobowi\u0105zania do usuni\u0119cia lub zablokowania korzystania z informacji na mocy prawa og\u00f3lnego pozostaj\u0105 nienaruszone. Odpowiedzialno\u015b\u0107 w tym zakresie jest jednak mo\u017cliwa dopiero od momentu, w kt\u00f3rym dowiemy si\u0119 o konkretnym naruszeniu prawa. Po powiadomieniu o takich naruszeniach niezw\u0142ocznie usuniemy tre\u015bci.<\/p><p style=\"color: #222222; font-family: Arial, sans-serif;\"><strong>Odpowiedzialno\u015b\u0107 za linki<\/strong><br \/>Nasza witryna internetowa zawiera \u0142\u0105cza do zewn\u0119trznych witryn internetowych os\u00f3b trzecich, nad kt\u00f3rych tre\u015bci\u0105 nie mamy kontroli. W zwi\u0105zku z tym nie mo\u017cemy przyj\u0105\u0107 \u017cadnej odpowiedzialno\u015bci za takie tre\u015bci zewn\u0119trzne.<br \/>Odpowiedni dostawca lub operator powi\u0105zanych stron jest zawsze odpowiedzialny za ich tre\u015b\u0107.<br \/>Po\u0142\u0105czone strony zosta\u0142y sprawdzone pod k\u0105tem mo\u017cliwych narusze\u0144 prawa w momencie \u0142\u0105czenia. Nielegalne tre\u015bci nie zosta\u0142y w\u00f3wczas rozpoznane.<br \/>Sta\u0142e monitorowanie stron, do kt\u00f3rych prowadz\u0105 linki, jest nieuzasadnione bez konkretnych dowod\u00f3w naruszenia. Gdy dowiemy si\u0119 o takich naruszeniach, natychmiast usuniemy linki.<\/p><p style=\"color: #222222; font-family: Arial, sans-serif;\"><strong>Prawa autorskie<\/strong><br \/><span style=\"font-size: 16px;\">Wszystkie tre\u015bci i dzie\u0142a stworzone przez operatora strony internetowej podlegaj\u0105 niemieckiemu prawu autorskiemu.<\/span><\/p><p style=\"color: #222222; font-family: Arial, sans-serif;\">Powielanie, modyfikacja, dystrybucja lub jakakolwiek forma wykorzystania wykraczaj\u0105ca poza zakres prawa autorskiego wymaga pisemnej zgody odpowiedniego autora lub tw\u00f3rcy.<br \/><span style=\"font-size: 16px;\">Pobieranie i kopiowanie niniejszej witryny jest dozwolone wy\u0142\u0105cznie do prywatnego, niekomercyjnego u\u017cytku.<br \/><\/span>Je\u015bli tre\u015bci na tej stronie nie zosta\u0142y stworzone przez operatora, prawa autorskie os\u00f3b trzecich s\u0105 przestrzegane, a takie tre\u015bci s\u0105 wyra\u017anie wskazane.<br \/>Je\u015bli mimo to dowiesz si\u0119 o naruszeniu praw autorskich, powiadom nas o tym. Po otrzymaniu powiadomienia niezw\u0142ocznie usuniemy takie tre\u015bci.<\/p><p style=\"color: #222222; font-family: Arial, sans-serif;\"><strong>Internetowe rozstrzyganie spor\u00f3w<\/strong><br \/>Komisja Europejska zapewnia platform\u0119 internetowego rozstrzygania spor\u00f3w (OS):<br \/><a href=\"https:\/\/ec.europa.eu\/consumers\/odr\" target=\"_blank\" rel=\"noopener noreferrer nofollow\">https:\/\/ec.europa.eu\/consumers\/odr<\/a><\/p><p>Nasz adres e-mail mo\u017cna znale\u017a\u0107 powy\u017cej w niniejszej informacji prawnej.<br \/>Nie jeste\u015bmy sk\u0142onni ani zobowi\u0105zani do udzia\u0142u w post\u0119powaniu rozstrzygaj\u0105cym spory przed komisj\u0105 arbitra\u017cow\u0105 ds. konsument\u00f3w.<\/p><p style=\"color: #222222; font-family: Arial, sans-serif;\"><strong>Powiadomienie dotycz\u0105ce tre\u015bci os\u00f3b trzecich (\u00a710 TMG)<br \/><\/strong>Opinie u\u017cytkownik\u00f3w lub os\u00f3b trzecich niekoniecznie odzwierciedlaj\u0105 pogl\u0105dy operatora.<br \/>Operator nie ponosi odpowiedzialno\u015bci redakcyjnej za takie tre\u015bci.<\/p><p><strong>Je\u015bli masz jakiekolwiek pytania dotycz\u0105ce stopki redakcyjnej, skontaktuj si\u0119 z nami:<\/strong><br \/>E-mail: <a href=\"mailto:support@simtaly.com\">support@simtaly.com<\/a><br \/>Czat na \u017cywo WhatsApp: \u202a<a title=\"\" href=\"https:\/\/wa.me\/16505474744\" target=\"_blank\" rel=\"noopener noreferrer nofollow\" data-title=\"tel:16505474744\">+16505474744<\/a><\/p><\/div>\t\t\t\t\t\t\t\t<\/div>\n\t\t\t\t\t<\/div>\n\t\t\t\t<\/div>\n\t\t\t\t<\/div>","protected":false},"excerpt":{"rendered":"<p>Legal Notice (Imprint) Information according to \u00a75 TMG (German Telemedia Act) and \u00a718 (2) MStV: SimtalyDALASON GmbHLindenstra\u00dfe 8250674 CologneGermany Represented [&hellip;]<\/p>","protected":false},"author":5,"featured_media":0,"parent":0,"menu_order":0,"comment_status":"closed","ping_status":"closed","template":"","meta":{"site-sidebar-layout":"no-sidebar","site-content-layout":"","ast-site-content-layout":"full-width-container","site-content-style":"default","site-sidebar-style":"default","ast-global-header-display":"","ast-banner-title-visibility":"","ast-main-header-display":"","ast-hfb-above-header-display":"","ast-hfb-below-header-display":"","ast-hfb-mobile-header-display":"","site-post-title":"disabled","ast-breadcrumbs-content":"","ast-featured-img":"disabled","footer-sml-layout":"","theme-transparent-header-meta":"enabled","adv-header-id-meta":"","stick-header-meta":"","header-above-stick-meta":"","header-main-stick-meta":"","header-below-stick-meta":"","astra-migrate-meta-layouts":"default","ast-page-background-enabled":"default","ast-page-background-meta":{"desktop":{"background-color":"var(--ast-global-color-5)","background-image":"","background-repeat":"repeat","background-position":"center center","background-size":"auto","background-attachment":"scroll","background-type":"","background-media":"","overlay-type":"","overlay-color":"","overlay-opacity":"","overlay-gradient":""},"tablet":{"background-color":"","background-image":"","background-repeat":"repeat","background-position":"center center","background-size":"auto","background-attachment":"scroll","background-type":"","background-media":"","overlay-type":"","overlay-color":"","overlay-opacity":"","overlay-gradient":""},"mobile":{"background-color":"","background-image":"","background-repeat":"repeat","background-position":"center center","background-size":"auto","background-attachment":"scroll","background-type":"","background-media":"","overlay-type":"","overlay-color":"","overlay-opacity":"","overlay-gradient":""}},"ast-content-background-meta":{"desktop":{"background-color":"var(--ast-global-color-4)","background-image":"","background-repeat":"repeat","background-position":"center center","background-size":"auto","background-attachment":"scroll","background-type":"","background-media":"","overlay-type":"","overlay-color":"","overlay-opacity":"","overlay-gradient":""},"tablet":{"background-color":"var(--ast-global-color-4)","background-image":"","background-repeat":"repeat","background-position":"center center","background-size":"auto","background-attachment":"scroll","background-type":"","background-media":"","overlay-type":"","overlay-color":"","overlay-opacity":"","overlay-gradient":""},"mobile":{"background-color":"var(--ast-global-color-4)","background-image":"","background-repeat":"repeat","background-position":"center center","background-size":"auto","background-attachment":"scroll","background-type":"","background-media":"","overlay-type":"","overlay-color":"","overlay-opacity":"","overlay-gradient":""}},"footnotes":""},"class_list":["post-1182","page","type-page","status-publish","hentry"],"_links":{"self":[{"href":"https:\/\/www.simtaly.com\/pl\/wp-json\/wp\/v2\/pages\/1182","targetHints":{"allow":["GET"]}}],"collection":[{"href":"https:\/\/www.simtaly.com\/pl\/wp-json\/wp\/v2\/pages"}],"about":[{"href":"https:\/\/www.simtaly.com\/pl\/wp-json\/wp\/v2\/types\/page"}],"author":[{"embeddable":true,"href":"https:\/\/www.simtaly.com\/pl\/wp-json\/wp\/v2\/users\/5"}],"replies":[{"embeddable":true,"href":"https:\/\/www.simtaly.com\/pl\/wp-json\/wp\/v2\/comments?post=1182"}],"version-history":[{"count":50,"href":"https:\/\/www.simtaly.com\/pl\/wp-json\/wp\/v2\/pages\/1182\/revisions"}],"predecessor-version":[{"id":3983,"href":"https:\/\/www.simtaly.com\/pl\/wp-json\/wp\/v2\/pages\/1182\/revisions\/3983"}],"wp:attachment":[{"href":"https:\/\/www.simtaly.com\/pl\/wp-json\/wp\/v2\/media?parent=1182"}],"curies":[{"name":"wp","href":"https:\/\/api.w.org\/{rel}","templated":true}]}}