{"id":1182,"date":"2025-09-10T09:04:47","date_gmt":"2025-09-10T09:04:47","guid":{"rendered":"https:\/\/www.simtaly.com\/?page_id=1182"},"modified":"2025-11-28T22:55:14","modified_gmt":"2025-11-28T21:55:14","slug":"avtrykk","status":"publish","type":"page","link":"https:\/\/www.simtaly.com\/nb\/avtrykk\/","title":{"rendered":"Avtrykk"},"content":{"rendered":"<div data-elementor-type=\"wp-page\" data-elementor-id=\"1182\" class=\"elementor elementor-1182\" data-elementor-post-type=\"page\">\n\t\t\t\t<div class=\"elementor-element elementor-element-913f3fd e-flex e-con-boxed e-con e-parent\" data-id=\"913f3fd\" data-element_type=\"container\" data-settings=\"{&quot;background_background&quot;:&quot;gradient&quot;}\">\n\t\t\t\t\t<div class=\"e-con-inner\">\n\t\t\t\t<div class=\"elementor-element elementor-element-202bf3b elementor-widget elementor-widget-heading\" data-id=\"202bf3b\" data-element_type=\"widget\" data-widget_type=\"heading.default\">\n\t\t\t\t\t<h1 class=\"elementor-heading-title elementor-size-default\">Juridisk merknad (Imprint)<\/h1>\t\t\t\t<\/div>\n\t\t\t\t\t<\/div>\n\t\t\t\t<\/div>\n\t\t<div class=\"elementor-element elementor-element-9011448 e-flex e-con-boxed e-con e-parent\" data-id=\"9011448\" data-element_type=\"container\">\n\t\t\t\t\t<div class=\"e-con-inner\">\n\t\t\t\t<div class=\"elementor-element elementor-element-22ca553 elementor-widget elementor-widget-spacer\" data-id=\"22ca553\" data-element_type=\"widget\" data-widget_type=\"spacer.default\">\n\t\t\t\t\t\t\t<div class=\"elementor-spacer\">\n\t\t\t<div class=\"elementor-spacer-inner\"><\/div>\n\t\t<\/div>\n\t\t\t\t\t\t<\/div>\n\t\t\t\t\t<\/div>\n\t\t\t\t<\/div>\n\t\t<div class=\"elementor-element elementor-element-eb22c6b e-flex e-con-boxed e-con e-parent\" data-id=\"eb22c6b\" data-element_type=\"container\">\n\t\t\t\t\t<div class=\"e-con-inner\">\n\t\t\t\t<div class=\"elementor-element elementor-element-5784496 elementor-widget elementor-widget-text-editor\" data-id=\"5784496\" data-element_type=\"widget\" data-widget_type=\"text-editor.default\">\n\t\t\t\t\t\t\t\t\t<div style=\"line-height: 1.6;\"><h3 style=\"color: #222222; font-family: Arial, sans-serif;\">Informasjon i henhold til \u00a75 TMG (tysk telemedielov) og \u00a718 (2) MStV:<\/h3><p style=\"color: #222222; font-family: Arial, sans-serif;\"><strong>Simtaly<\/strong><br \/>DALASON GmbH<br \/>Lindenstra\u00dfe 82<br \/>50674 K\u00f6ln<br \/>Tyskland<\/p><p style=\"color: #222222; font-family: Arial, sans-serif;\"><strong>Representert av:<\/strong><br \/>Administrerende direkt\u00f8rer: Andreas Damek og Chung-U Son<\/p><p style=\"color: #222222; font-family: Arial, sans-serif;\"><strong>Kontakt:<\/strong><br \/>E-post: <a href=\"mailto:support@simtaly.com\">support@simtaly.com<\/a><br \/><span style=\"font-style: inherit; font-weight: inherit;\">WhatsApp Live Chat: \u202a<a title=\"\" href=\"tel:16505474744\" target=\"_blank\" rel=\"noopener noreferrer\" data-title=\"tel:16505474744\">+16505474744<\/a><\/span><br \/>Nettsted<strong>:<\/strong> <a href=\"https:\/\/www.simtaly.com\/nb\/\" target=\"_blank\" rel=\"noopener noreferrer\">https:\/\/www.simtaly.com<\/a><\/p><p style=\"color: #222222; font-family: Arial, sans-serif;\"><strong>Oppf\u00f8ring i handelsregisteret:<br \/><\/strong>Registerdomstol Amtsgericht K\u00f6ln (byretten i K\u00f6ln)<br \/>Registreringsnummer: HRB 60929<\/p><p style=\"color: #222222; font-family: Arial, sans-serif;\"><strong>MVA-identifikasjonsnummer i henhold til \u00a727a i den tyske merverdiavgiftsloven:<\/strong><br \/>Skatt-ID: DE255749627<\/p><p style=\"color: #222222; font-family: Arial, sans-serif;\"><strong>Ansvarlig for innhold i henhold til \u00a718 (2) MStV:<\/strong><br \/>Andreas Damek<br \/>DALASON GmbH<br \/>Lindenstra\u00dfe 82<br \/>50674 K\u00f6ln<br \/>Tyskland<\/p><h3 style=\"color: #222222; font-family: Arial, sans-serif;\">Ansvarsfraskrivelse<\/h3><p style=\"color: #222222; font-family: Arial, sans-serif;\"><strong>Ansvar for innhold<\/strong><br \/>Innholdet p\u00e5 nettstedet v\u00e5rt er laget med den st\u00f8rste omhu. Vi kan imidlertid ikke garantere at innholdet er n\u00f8yaktig, fullstendig eller aktuelt.<br \/>Som tjenesteleverand\u00f8r er vi ansvarlige for v\u00e5rt eget innhold p\u00e5 disse sidene i henhold til alminnelig lov (\u00a77, paragraf 1 TMG).<br \/>I henhold til \u00a7\u00a78-10 TMG er vi ikke forpliktet til \u00e5 overv\u00e5ke overf\u00f8rt eller lagret tredjepartsinformasjon eller til \u00e5 unders\u00f8ke forhold som tyder p\u00e5 ulovlig aktivitet.<br \/>Forpliktelser til \u00e5 fjerne eller blokkere bruken av informasjon i henhold til generell lovgivning forblir up\u00e5virket. Ansvar i denne forbindelse er imidlertid bare mulig fra det tidspunktet vi blir oppmerksomme p\u00e5 et konkret lovbrudd. Ved varsel om slike brudd vil vi fjerne innholdet umiddelbart.<\/p><p style=\"color: #222222; font-family: Arial, sans-serif;\"><strong>Ansvar for lenker<\/strong><br \/>Nettstedet v\u00e5rt inneholder lenker til eksterne tredjeparts nettsteder, hvis innhold vi ikke har noen kontroll over. Vi kan derfor ikke p\u00e5ta oss noe ansvar for slikt eksternt innhold.<br \/>Det er alltid den respektive leverand\u00f8ren eller operat\u00f8ren av de lenkede nettstedene som er ansvarlig for innholdet p\u00e5 disse.<br \/>De lenkede nettstedene ble sjekket for mulige lovbrudd p\u00e5 tidspunktet for lenkingen. Ulovlig innhold var ikke gjenkjennelig p\u00e5 det tidspunktet.<br \/>En permanent overv\u00e5king av de lenkede sidene er urimelig uten konkrete bevis p\u00e5 brudd. N\u00e5r vi blir oppmerksomme p\u00e5 slike brudd, vil vi fjerne lenkene umiddelbart.<\/p><p style=\"color: #222222; font-family: Arial, sans-serif;\"><strong>Opphavsrett<\/strong><br \/><span style=\"font-size: 16px;\">Alt innhold og alle verk som er skapt av nettstedsoperat\u00f8ren, er underlagt tysk lov om opphavsrett.<\/span><\/p><p style=\"color: #222222; font-family: Arial, sans-serif;\">Reproduksjon, modifisering, distribusjon eller enhver form for utnyttelse utover opphavsrettslovens rammer krever skriftlig samtykke fra den respektive forfatteren eller opphavsmannen.<br \/><span style=\"font-size: 16px;\">Nedlastinger og kopier av dette nettstedet er kun tillatt for privat, ikke-kommersiell bruk.<br \/><\/span>Hvis innholdet p\u00e5 dette nettstedet ikke er opprettet av operat\u00f8ren, respekteres opphavsrettighetene til tredjeparter, og slikt innhold er tydelig angitt.<br \/>Skulle du likevel bli oppmerksom p\u00e5 brudd p\u00e5 opphavsretten, ber vi deg om \u00e5 varsle oss. Vi vil da fjerne slikt innhold uten forsinkelse.<\/p><p style=\"color: #222222; font-family: Arial, sans-serif;\"><strong>Tvistel\u00f8sning p\u00e5 nett<\/strong><br \/>EU-kommisjonen tilbyr en plattform for tvistel\u00f8sning p\u00e5 nett (OS):<br \/><a href=\"https:\/\/ec.europa.eu\/consumers\/odr\" target=\"_blank\" rel=\"noopener noreferrer nofollow\">https:\/\/ec.europa.eu\/consumers\/odr<\/a><\/p><p>E-postadressen v\u00e5r finner du ovenfor i denne juridiske merknaden.<br \/>Vi er ikke villige eller forpliktet til \u00e5 delta i tvistel\u00f8sningsprosedyrer for en voldgiftsnemnd for forbrukere.<\/p><p style=\"color: #222222; font-family: Arial, sans-serif;\"><strong>Merknad om tredjepartsinnhold (\u00a710 TMG)<br \/><\/strong>Bidrag fra brukere eller tredjeparter gjenspeiler ikke n\u00f8dvendigvis operat\u00f8rens synspunkter.<br \/>Operat\u00f8ren p\u00e5tar seg ikke noe redaksjonelt ansvar for slikt innhold.<\/p><p><strong>Hvis du har sp\u00f8rsm\u00e5l ang\u00e5ende avtrykket, kan du gjerne kontakte oss:<\/strong><br \/>E-post: <a href=\"mailto:support@simtaly.com\">support@simtaly.com<\/a><br \/>WhatsApp Live Chat: \u202a<a title=\"\" href=\"https:\/\/wa.me\/16505474744\" target=\"_blank\" rel=\"noopener noreferrer nofollow\" data-title=\"tel:16505474744\">+16505474744<\/a><\/p><\/div>\t\t\t\t\t\t\t\t<\/div>\n\t\t\t\t\t<\/div>\n\t\t\t\t<\/div>\n\t\t\t\t<\/div>","protected":false},"excerpt":{"rendered":"<p>Legal Notice (Imprint) Information according to \u00a75 TMG (German Telemedia Act) and \u00a718 (2) MStV: SimtalyDALASON GmbHLindenstra\u00dfe 8250674 CologneGermany Represented [&hellip;]<\/p>","protected":false},"author":5,"featured_media":0,"parent":0,"menu_order":0,"comment_status":"closed","ping_status":"closed","template":"","meta":{"site-sidebar-layout":"no-sidebar","site-content-layout":"","ast-site-content-layout":"full-width-container","site-content-style":"default","site-sidebar-style":"default","ast-global-header-display":"","ast-banner-title-visibility":"","ast-main-header-display":"","ast-hfb-above-header-display":"","ast-hfb-below-header-display":"","ast-hfb-mobile-header-display":"","site-post-title":"disabled","ast-breadcrumbs-content":"","ast-featured-img":"disabled","footer-sml-layout":"","theme-transparent-header-meta":"enabled","adv-header-id-meta":"","stick-header-meta":"","header-above-stick-meta":"","header-main-stick-meta":"","header-below-stick-meta":"","astra-migrate-meta-layouts":"default","ast-page-background-enabled":"default","ast-page-background-meta":{"desktop":{"background-color":"var(--ast-global-color-5)","background-image":"","background-repeat":"repeat","background-position":"center center","background-size":"auto","background-attachment":"scroll","background-type":"","background-media":"","overlay-type":"","overlay-color":"","overlay-opacity":"","overlay-gradient":""},"tablet":{"background-color":"","background-image":"","background-repeat":"repeat","background-position":"center center","background-size":"auto","background-attachment":"scroll","background-type":"","background-media":"","overlay-type":"","overlay-color":"","overlay-opacity":"","overlay-gradient":""},"mobile":{"background-color":"","background-image":"","background-repeat":"repeat","background-position":"center center","background-size":"auto","background-attachment":"scroll","background-type":"","background-media":"","overlay-type":"","overlay-color":"","overlay-opacity":"","overlay-gradient":""}},"ast-content-background-meta":{"desktop":{"background-color":"var(--ast-global-color-4)","background-image":"","background-repeat":"repeat","background-position":"center center","background-size":"auto","background-attachment":"scroll","background-type":"","background-media":"","overlay-type":"","overlay-color":"","overlay-opacity":"","overlay-gradient":""},"tablet":{"background-color":"var(--ast-global-color-4)","background-image":"","background-repeat":"repeat","background-position":"center center","background-size":"auto","background-attachment":"scroll","background-type":"","background-media":"","overlay-type":"","overlay-color":"","overlay-opacity":"","overlay-gradient":""},"mobile":{"background-color":"var(--ast-global-color-4)","background-image":"","background-repeat":"repeat","background-position":"center center","background-size":"auto","background-attachment":"scroll","background-type":"","background-media":"","overlay-type":"","overlay-color":"","overlay-opacity":"","overlay-gradient":""}},"footnotes":""},"class_list":["post-1182","page","type-page","status-publish","hentry"],"_links":{"self":[{"href":"https:\/\/www.simtaly.com\/nb\/wp-json\/wp\/v2\/pages\/1182","targetHints":{"allow":["GET"]}}],"collection":[{"href":"https:\/\/www.simtaly.com\/nb\/wp-json\/wp\/v2\/pages"}],"about":[{"href":"https:\/\/www.simtaly.com\/nb\/wp-json\/wp\/v2\/types\/page"}],"author":[{"embeddable":true,"href":"https:\/\/www.simtaly.com\/nb\/wp-json\/wp\/v2\/users\/5"}],"replies":[{"embeddable":true,"href":"https:\/\/www.simtaly.com\/nb\/wp-json\/wp\/v2\/comments?post=1182"}],"version-history":[{"count":50,"href":"https:\/\/www.simtaly.com\/nb\/wp-json\/wp\/v2\/pages\/1182\/revisions"}],"predecessor-version":[{"id":3983,"href":"https:\/\/www.simtaly.com\/nb\/wp-json\/wp\/v2\/pages\/1182\/revisions\/3983"}],"wp:attachment":[{"href":"https:\/\/www.simtaly.com\/nb\/wp-json\/wp\/v2\/media?parent=1182"}],"curies":[{"name":"wp","href":"https:\/\/api.w.org\/{rel}","templated":true}]}}