{"id":3930,"date":"2025-11-28T12:10:16","date_gmt":"2025-11-28T12:10:16","guid":{"rendered":"https:\/\/www.simtaly.com\/?page_id=3930"},"modified":"2025-12-01T11:06:50","modified_gmt":"2025-12-01T10:06:50","slug":"par-mums","status":"publish","type":"page","link":"https:\/\/www.simtaly.com\/lv\/par-mums\/","title":{"rendered":"Par mums"},"content":{"rendered":"<div data-elementor-type=\"wp-page\" data-elementor-id=\"3930\" class=\"elementor elementor-3930\" data-elementor-post-type=\"page\">\n\t\t\t\t<div class=\"elementor-element elementor-element-913f3fd e-flex e-con-boxed e-con e-parent\" data-id=\"913f3fd\" data-element_type=\"container\" data-settings=\"{&quot;background_background&quot;:&quot;gradient&quot;}\">\n\t\t\t\t\t<div class=\"e-con-inner\">\n\t\t\t\t<div class=\"elementor-element elementor-element-202bf3b elementor-widget elementor-widget-heading\" data-id=\"202bf3b\" data-element_type=\"widget\" data-widget_type=\"heading.default\">\n\t\t\t\t\t<h1 class=\"elementor-heading-title elementor-size-default\">Par mums<\/h1>\t\t\t\t<\/div>\n\t\t\t\t\t<\/div>\n\t\t\t\t<\/div>\n\t\t<div class=\"elementor-element elementor-element-9011448 e-flex e-con-boxed e-con e-parent\" data-id=\"9011448\" data-element_type=\"container\">\n\t\t\t\t\t<div class=\"e-con-inner\">\n\t\t\t\t<div class=\"elementor-element elementor-element-22ca553 elementor-widget elementor-widget-spacer\" data-id=\"22ca553\" data-element_type=\"widget\" data-widget_type=\"spacer.default\">\n\t\t\t\t\t\t\t<div class=\"elementor-spacer\">\n\t\t\t<div class=\"elementor-spacer-inner\"><\/div>\n\t\t<\/div>\n\t\t\t\t\t\t<\/div>\n\t\t\t\t\t<\/div>\n\t\t\t\t<\/div>\n\t\t<div class=\"elementor-element elementor-element-eb22c6b e-flex e-con-boxed e-con e-parent\" data-id=\"eb22c6b\" data-element_type=\"container\">\n\t\t\t\t\t<div class=\"e-con-inner\">\n\t\t\t\t<div class=\"elementor-element elementor-element-5784496 elementor-widget elementor-widget-text-editor\" data-id=\"5784496\" data-element_type=\"widget\" data-widget_type=\"text-editor.default\">\n\t\t\t\t\t\t\t\t\t<h3>Par mums \u2014 Simtaly Travel eSIM<\/h3><div>Simtaly ir starptautiskais ce\u013cojumu eSIM z\u012bmols, kas pieder DALASON GmbH, licenc\u0113tam telekomunik\u0101ciju uz\u0146\u0113mumam, kura galvenais birojs atrodas \u0136eln\u0113, V\u0101cij\u0101. Kop\u0161 2007. gada m\u0113s att\u012bst\u0101m digit\u0101los komunik\u0101ciju produktus, kas pal\u012bdz cilv\u0113kiem saglab\u0101t savienojumu gan m\u0101j\u0101s, gan \u0101rzem\u0113s. \u0160odien m\u0113s izmantojam \u0161o pieredzi, lai nodro\u0161in\u0101tu uzticamus un pieejamus eSIM risin\u0101jumus glob\u0101liem ce\u013cot\u0101jiem, kuri v\u0113las vienk\u0101r\u0161us un p\u0101rredzamus mobilo datu pakalpojumus, ce\u013cojot pa pasauli.<\/div><div>\u00a0<\/div><div>M\u016bsu misija ir skaidra:<\/div><div>Padariet mobilo datu lieto\u0161anu \u0101rzem\u0113s vienk\u0101r\u0161u, god\u012bgu un bez stresa ar \u0101triem, priek\u0161apmaksas ce\u013cojumu eSIM, kas aktiviz\u0113jas uzreiz.<\/div><div>\u00a0<\/div><h3>Kas m\u0113s esam<\/h3><div>DALASON GmbH ir V\u0101cijas sabiedr\u012bba ar ierobe\u017eotu atbild\u012bbu (GmbH), kuras galvenais birojs atrodas:<\/div><div>DALASON GmbH<\/div><div>Lindenstra\u00dfe 82<\/div><div>50674 \u0136elne<\/div><div>V\u0101cija<\/div><div>\u00a0<\/div><div>Daudzus gadus m\u0113s darbojamies telekomunik\u0101ciju un IT nozar\u0113, pied\u0101v\u0101jot risin\u0101jumus, piem\u0113ram, t\u012bkla pl\u0101no\u0161anu un m\u0101ko\u0146balst\u012btas VoIP\/virtu\u0101l\u0101s t\u0101lru\u0146u sist\u0113mas, izmantojot m\u016bsu z\u012bmolu. <a href=\"http:\/\/www.wirecloud.de\" rel=\"nofollow noopener\" target=\"_blank\">WIRECLOUD<\/a>.<\/div><div>M\u016bsu pakalpojumi <a href=\"https:\/\/www.dcalling.com\/\" rel=\"nofollow noopener\" target=\"_blank\">DCalling<\/a> un <a href=\"https:\/\/www.flatratebooster.com\" rel=\"nofollow noopener\" target=\"_blank\">FlatrateBooster<\/a> jau apkalpoju\u0161i vair\u0101k nek\u0101 120 000 klientu, pal\u012bdzot vi\u0146iem samazin\u0101t starptautisko mobilo zvanu izmaksas.<\/div><div><span style=\"font-size: 1rem;\">Simtaly ir n\u0101kamais solis: glob\u0101la ce\u013cojumu eSIM platforma, kas balst\u0101s uz m\u016bsu pla\u0161o pieredzi telekomunik\u0101ciju tehnolo\u0123iju, klientu apkalpo\u0161anas un digit\u0101l\u0101s komunik\u0101cijas jom\u0101.<\/span><\/div><div>\u00a0<\/div><h3>M\u016bsu darb\u012bbas joma: ce\u013cojumu eSIM kartes glob\u0101lai savienojam\u012bbai<span style=\"color: #5b5b5b; font-family: Inter, sans-serif; font-size: 1rem; font-weight: 500;\">\u00a0<\/span><\/h3><h3><span style=\"color: #5b5b5b; font-family: Inter, sans-serif; font-size: 1rem; font-weight: 500;\">Simtaly pied\u0101v\u0101 ce\u013cojumu eSIM kartes un starptautiskos eSIM pl\u0101nus ce\u013cot\u0101jiem, kuri v\u0113las uzticamu mobilo internetu vair\u0101k nek\u0101 100 valst\u012bs \u2014 bez viesabon\u0113\u0161anas maks\u0101m vai sare\u017e\u0123\u012btiem l\u012bgumiem.<\/span><\/h3><h4>M\u016bsu fokuss:<\/h4><ul><li>T\u016bl\u012bt\u0113ja pieg\u0101de: katra eSIM tiek nos\u016bt\u012bta pa e-pastu da\u017eas min\u016btes p\u0113c veiksm\u012bgas maks\u0101juma veik\u0161anas.<\/li><li>Priek\u0161apmaksas un neierobe\u017eoti pl\u0101ni: vienk\u0101r\u0161i, p\u0101rredzami ce\u013cojumu eSIM pakalpojumi bez sl\u0113pt\u0101m maks\u0101m.<\/li><li>Viegla aktiviz\u0113\u0161ana: vad\u012bta instal\u0113\u0161ana ar skaidr\u0101m soli pa solim instrukcij\u0101m m\u016bsu pal\u012bdz\u012bbas centr\u0101.<\/li><li>Ier\u012b\u010du sader\u012bba: m\u0113s atbalst\u0101m modernos eSIM atbalsto\u0161os viedt\u0101lru\u0146us un plan\u0161etdatorus, kas ir dokument\u0113ti m\u016bsu sader\u012bbas rokasgr\u0101mat\u0101.<\/li><\/ul><div>Aiz katras Simtaly ce\u013cojumu eSIM st\u0101v regul\u0113ts telekomunik\u0101ciju uz\u0146\u0113mums ar re\u0101lu infrastrukt\u016bru un ilgsto\u0161u pieredzi \u2014 nevis t\u0101l\u0101kp\u0101rdev\u0113js vai pagaidu pakalpojumu sniedz\u0113js. M\u016bs regul\u0113 V\u0101cijas Bundesnetzagentur (Feder\u0101l\u0101 t\u012bkla a\u0123ent\u016bra).<\/div><div>\u00a0<\/div><h3>K\u0101p\u0113c j\u016bs varat mums uztic\u0113ties<\/h3><h4>1. Vair\u0101k nek\u0101 divdesmit gadu pieredze telekomunik\u0101ciju jom\u0101<\/h4><div>DALASON GmbH darbojas kop\u0161 2007. gada, pied\u0101v\u0101jot pier\u0101d\u012btas telekomunik\u0101ciju pakalpojumus priv\u0101tiem un biznesa klientiem. M\u016bsu ilgtermi\u0146a pieredze ietver starptautisko zvanu risin\u0101jumus, m\u0101ko\u0146telefoniju un digit\u0101los savienojam\u012bbas r\u012bkus. \u0160is fons nodro\u0161ina, ka j\u016bsu ce\u013cojuma eSIM n\u0101k no uz\u0146\u0113muma, kas patiesi saprot t\u012bkla kvalit\u0101ti, uzticam\u012bbu un klientu cer\u012bbas.<\/div><div>\u00a0<\/div><h4>2. Re\u0123istr\u0113ts un regul\u0113ts Eiropas telekomunik\u0101ciju pakalpojumu sniedz\u0113js<\/h4><ul><li>Juridisk\u0101 forma: DALASON GmbH (V\u0101cijas GmbH)<\/li><li>Komercre\u0123istrs: Amtsgericht K\u00f6ln, HRB 60929<\/li><li>PVN numurs: DE255749627<\/li><\/ul><div>M\u016bs uzrauga V\u0101cijas Bundesnetzagentur, un m\u016bs ir p\u0101rbaud\u012bjusi ar\u012b Austrijas telekomunik\u0101ciju iest\u0101de.<\/div><div>Tas nodro\u0161ina p\u0101rredzam\u012bbu, atbilst\u012bbu un pat\u0113r\u0113t\u0101ju aizsardz\u012bbu atbilsto\u0161i augst\u0101kajiem Eiropas standartiem.<\/div><div>\u00a0<\/div><h4>3. P\u0101rredzama sazi\u0146a un klientu atbalsts<\/h4><div><span style=\"font-size: 1rem;\">Re\u0101li cilv\u0113ki ir pieejami, kad jums ir nepiecie\u0161ama pal\u012bdz\u012bba:<\/span><\/div><ul><li>E-pasts: <a href=\"mailto:support@simtaly.com\">support@simtaly.com<\/a><\/li><li>WhatsApp tie\u0161saistes t\u0113rz\u0113\u0161ana: \u202a<a href=\"https:\/\/wa.me\/16505474744\" target=\"_blank\" rel=\"noopener nofollow\">+16505474744<\/a><\/li><li class=\"translation-block\"><a href=\"https:\/\/support.simtaly.com\/hc\" target=\"_blank\" rel=\"noopener\">Pal\u012bdz\u012bbas centrs<\/a>: probl\u0113mu nov\u0113r\u0161ana, seguma inform\u0101cija, aktiviz\u0113\u0161anas instrukcijas, atmaksas, maks\u0101jumi<\/li><\/ul><div>M\u016bsu komanda atbild p\u0113c iesp\u0113jas \u0101tr\u0101k un vienm\u0113r 24 stundu laik\u0101.<\/div><div>\u00a0<\/div><h3>Iepaz\u012bstieties ar vad\u012bbu<\/h3><div><span style=\"font-size: 1rem;\">Valdes locek\u013ci (Gesch\u00e4ftsf\u00fchrer): <\/span>Andreas Damek un Chung-U Son<\/div><ul><li class=\"translation-block\"><a href=\"https:\/\/www.linkedin.com\/in\/andreas-damek-4a09492\/?locale=en\" target=\"_blank\" rel=\"noopener\">Andreas Damek<\/a> ir pieredze finan\u0161u, juridiskaj\u0101 un m\u0101rketinga jom\u0101, un pirms pievieno\u0161an\u0101s DALASON vi\u0146\u0161 str\u0101d\u0101ja Goldman Sachs un McKinsey spin-off konsult\u0101ciju uz\u0146\u0113mum\u0101.<\/li><li><a href=\"https:\/\/www.linkedin.com\/in\/david-c-son-60ba2130\/?locale=en\" rel=\"nofollow noopener\" target=\"_blank\">\u010cungs-U Sons<\/a> ir piedal\u012bjies vair\u0101kos telekomunik\u0101ciju un tehnolo\u0123iju projektos \u0136eln\u0113, koncentr\u0113joties uz operatoru pakalpojumiem un programmat\u016bras izstr\u0101di.<\/li><\/ul><div>\u00a0<span style=\"font-size: 1rem;\">Kop\u0101 vi\u0146i apvieno padzi\u013cin\u0101tas zin\u0101\u0161anas telekomunik\u0101ciju, programmat\u016bras un biznesa jom\u0101.<\/span><\/div><div>Rezult\u0101ts: ce\u013cojumu eSIM pakalpojums, kas izstr\u0101d\u0101ts, pamatojoties uz re\u0101lu tehnisko pieredzi un cilv\u0113cisko izpratni par to, kas ce\u013cot\u0101jiem nepiecie\u0161ams \u0101rzem\u0113s.<\/div><div>\u00a0<\/div><h3>M\u016bsu sol\u012bjums ce\u013cot\u0101jiem<\/h3><h4><span style=\"color: #000000; font-family: 'Space Grotesk', sans-serif; font-size: 1.375rem; font-style: inherit; font-weight: bold;\">M\u0113s zin\u0101m, cik svar\u012bgi ir k\u013cuvu\u0161i mobilie dati \u2014 \u012bpa\u0161i ce\u013cojot:<\/span><\/h4><div>\u2022 uztur\u0113t sakarus ar draugiem un \u0123imeni<\/div><div>\u2022 dro\u0161a orient\u0113\u0161an\u0101s nepaz\u012bstamos pils\u0113t\u0101s<\/div><div>\u2022 piek\u013cuve bi\u013cet\u0113m, viesn\u012bcu rezerv\u0101cij\u0101m un kart\u0113m<\/div><div>\u2022 izvair\u012bties no viesabon\u0113\u0161anas maks\u0101m vai SIM kar\u0161u veikalu mekl\u0113\u0161anas p\u0113c iera\u0161an\u0101s<\/div><div>\u00a0<\/div><h4>T\u0101p\u0113c Simtaly ir veidots, pamatojoties uz:<\/h4><div>\u2022 god\u012bga, p\u0101rredzama cenu politika katram ce\u013cojuma eSIM<\/div><div>\u2022 skaidra inform\u0101cija par p\u0101rkl\u0101jumu, datiem, \u0101trumu un der\u012bgumu<\/div><div>\u2022 t\u016bl\u012bt\u0113ja e-pasta pieg\u0101de vis\u0101 pasaul\u0113<\/div><div>\u2022 god\u012bgs, uzticams atbalsts, ja kaut kas neizdodas k\u0101 pl\u0101nots<\/div><div>\u00a0<\/div><div class=\"translation-block\">Ja j\u016bsu Simtaly eSIM nav instal\u0113ta un j\u016bs p\u0101rdom\u0101jat, m\u016bsu skaidr\u0101 <a href=\"https:\/\/www.simtaly.com\/lv\/atgriesanas-politika\/\" target=\"_self\">atgrie\u0161anas politika<\/a> nodro\u0161ina vienk\u0101r\u0161u atcel\u0161anu.<\/div><div>\u00a0<\/div><div><h5>Ja Jums ir k\u0101di jaut\u0101jumi, l\u016bdzu, nevilcinieties sazin\u0101ties ar mums:<\/h5><p><strong>E-pasts:<\/strong>\u00a0<a href=\"mailto:support@simtaly.com\">support@simtaly.com<\/a><br \/><strong>WhatsApp tie\u0161saistes t\u0113rz\u0113\u0161ana:<\/strong>\u00a0\u202a<a href=\"https:\/\/wa.me\/16505474744\" target=\"_blank\" rel=\"noopener nofollow\">+16505474744<\/a><\/p><\/div>\t\t\t\t\t\t\t\t<\/div>\n\t\t\t\t\t<\/div>\n\t\t\t\t<\/div>\n\t\t\t\t<\/div>","protected":false},"excerpt":{"rendered":"<p>About Us About Us \u2014 Simtaly Travel eSIM Simtaly is the international travel eSIM brand of DALASON GmbH, a licensed [&hellip;]<\/p>","protected":false},"author":5,"featured_media":0,"parent":0,"menu_order":0,"comment_status":"closed","ping_status":"closed","template":"","meta":{"site-sidebar-layout":"no-sidebar","site-content-layout":"","ast-site-content-layout":"full-width-container","site-content-style":"default","site-sidebar-style":"default","ast-global-header-display":"","ast-banner-title-visibility":"","ast-main-header-display":"","ast-hfb-above-header-display":"","ast-hfb-below-header-display":"","ast-hfb-mobile-header-display":"","site-post-title":"disabled","ast-breadcrumbs-content":"","ast-featured-img":"disabled","footer-sml-layout":"","theme-transparent-header-meta":"enabled","adv-header-id-meta":"","stick-header-meta":"","header-above-stick-meta":"","header-main-stick-meta":"","header-below-stick-meta":"","astra-migrate-meta-layouts":"default","ast-page-background-enabled":"default","ast-page-background-meta":{"desktop":{"background-color":"var(--ast-global-color-5)","background-image":"","background-repeat":"repeat","background-position":"center center","background-size":"auto","background-attachment":"scroll","background-type":"","background-media":"","overlay-type":"","overlay-color":"","overlay-opacity":"","overlay-gradient":""},"tablet":{"background-color":"","background-image":"","background-repeat":"repeat","background-position":"center center","background-size":"auto","background-attachment":"scroll","background-type":"","background-media":"","overlay-type":"","overlay-color":"","overlay-opacity":"","overlay-gradient":""},"mobile":{"background-color":"","background-image":"","background-repeat":"repeat","background-position":"center center","background-size":"auto","background-attachment":"scroll","background-type":"","background-media":"","overlay-type":"","overlay-color":"","overlay-opacity":"","overlay-gradient":""}},"ast-content-background-meta":{"desktop":{"background-color":"var(--ast-global-color-4)","background-image":"","background-repeat":"repeat","background-position":"center center","background-size":"auto","background-attachment":"scroll","background-type":"","background-media":"","overlay-type":"","overlay-color":"","overlay-opacity":"","overlay-gradient":""},"tablet":{"background-color":"var(--ast-global-color-4)","background-image":"","background-repeat":"repeat","background-position":"center center","background-size":"auto","background-attachment":"scroll","background-type":"","background-media":"","overlay-type":"","overlay-color":"","overlay-opacity":"","overlay-gradient":""},"mobile":{"background-color":"var(--ast-global-color-4)","background-image":"","background-repeat":"repeat","background-position":"center center","background-size":"auto","background-attachment":"scroll","background-type":"","background-media":"","overlay-type":"","overlay-color":"","overlay-opacity":"","overlay-gradient":""}},"footnotes":""},"class_list":["post-3930","page","type-page","status-publish","hentry"],"_links":{"self":[{"href":"https:\/\/www.simtaly.com\/lv\/wp-json\/wp\/v2\/pages\/3930","targetHints":{"allow":["GET"]}}],"collection":[{"href":"https:\/\/www.simtaly.com\/lv\/wp-json\/wp\/v2\/pages"}],"about":[{"href":"https:\/\/www.simtaly.com\/lv\/wp-json\/wp\/v2\/types\/page"}],"author":[{"embeddable":true,"href":"https:\/\/www.simtaly.com\/lv\/wp-json\/wp\/v2\/users\/5"}],"replies":[{"embeddable":true,"href":"https:\/\/www.simtaly.com\/lv\/wp-json\/wp\/v2\/comments?post=3930"}],"version-history":[{"count":16,"href":"https:\/\/www.simtaly.com\/lv\/wp-json\/wp\/v2\/pages\/3930\/revisions"}],"predecessor-version":[{"id":3972,"href":"https:\/\/www.simtaly.com\/lv\/wp-json\/wp\/v2\/pages\/3930\/revisions\/3972"}],"wp:attachment":[{"href":"https:\/\/www.simtaly.com\/lv\/wp-json\/wp\/v2\/media?parent=3930"}],"curies":[{"name":"wp","href":"https:\/\/api.w.org\/{rel}","templated":true}]}}