{"id":3914,"date":"2025-11-27T15:11:57","date_gmt":"2025-11-27T15:11:57","guid":{"rendered":"https:\/\/www.simtaly.com\/?page_id=3914"},"modified":"2025-11-28T23:02:04","modified_gmt":"2025-11-28T22:02:04","slug":"piegades-maksajumu-politika","status":"publish","type":"page","link":"https:\/\/www.simtaly.com\/lv\/piegades-maksajumu-politika\/","title":{"rendered":"Pieg\u0101des un maks\u0101jumu politika"},"content":{"rendered":"<div data-elementor-type=\"wp-page\" data-elementor-id=\"3914\" class=\"elementor elementor-3914\" data-elementor-post-type=\"page\">\n\t\t\t\t<div class=\"elementor-element elementor-element-913f3fd e-flex e-con-boxed e-con e-parent\" data-id=\"913f3fd\" data-element_type=\"container\" data-settings=\"{&quot;background_background&quot;:&quot;gradient&quot;}\">\n\t\t\t\t\t<div class=\"e-con-inner\">\n\t\t\t\t<div class=\"elementor-element elementor-element-202bf3b elementor-widget elementor-widget-heading\" data-id=\"202bf3b\" data-element_type=\"widget\" data-widget_type=\"heading.default\">\n\t\t\t\t\t<h1 class=\"elementor-heading-title elementor-size-default\">Pieg\u0101des un maks\u0101jumu politika \u2013 simtaly.com<\/h1>\t\t\t\t<\/div>\n\t\t\t\t\t<\/div>\n\t\t\t\t<\/div>\n\t\t<div class=\"elementor-element elementor-element-9011448 e-flex e-con-boxed e-con e-parent\" data-id=\"9011448\" data-element_type=\"container\">\n\t\t\t\t\t<div class=\"e-con-inner\">\n\t\t\t\t<div class=\"elementor-element elementor-element-22ca553 elementor-widget elementor-widget-spacer\" data-id=\"22ca553\" data-element_type=\"widget\" data-widget_type=\"spacer.default\">\n\t\t\t\t\t\t\t<div class=\"elementor-spacer\">\n\t\t\t<div class=\"elementor-spacer-inner\"><\/div>\n\t\t<\/div>\n\t\t\t\t\t\t<\/div>\n\t\t\t\t\t<\/div>\n\t\t\t\t<\/div>\n\t\t<div class=\"elementor-element elementor-element-eb22c6b e-flex e-con-boxed e-con e-parent\" data-id=\"eb22c6b\" data-element_type=\"container\">\n\t\t\t\t\t<div class=\"e-con-inner\">\n\t\t\t\t<div class=\"elementor-element elementor-element-5784496 elementor-widget elementor-widget-text-editor\" data-id=\"5784496\" data-element_type=\"widget\" data-widget_type=\"text-editor.default\">\n\t\t\t\t\t\t\t\t\t<p>Attiecas uz visiem digit\u0101lajiem produktiem, tostarp eSIM un ce\u013cojumu eSIM pakalpojumiem.<\/p><h3>1. Pieg\u0101des politika<\/h3><h4>eSIM produktu digit\u0101l\u0101 pieg\u0101de<\/h4><p>Visi eSIM un ce\u013cojumu eSIM produkti tiek pieg\u0101d\u0101ti digit\u0101li pa e-pastu. Fiziska pieg\u0101de nav nepiecie\u0161ama.<\/p><h4>Pieg\u0101des laiks<\/h4><ul><li>Bez maksas un t\u016bl\u012bt\u0113ja pieg\u0101de p\u0113c veiksm\u012bgas maks\u0101juma veik\u0161anas.<\/li><li>eSIM tiek autom\u0101tiski nos\u016bt\u012bta uz e-pasta adresi, kas nor\u0101d\u012bta nor\u0113\u0137inu laik\u0101.<\/li><li>Vairum\u0101 gad\u012bjumu e-pasts tiek sa\u0146emts da\u017eu min\u016b\u0161u laik\u0101.<\/li><\/ul><h4>Svar\u012bga inform\u0101cija par e-pasta pieg\u0101di<\/h4><ul><li>Klients ir atbild\u012bgs par pareizas un der\u012bgas e-pasta adreses ievad\u012b\u0161anu, lai sa\u0146emtu eSIM.<\/li><li>Ja e-pasts neierodas da\u017e\u0101s min\u016bt\u0113s, l\u016bdzu, p\u0101rbaudiet m\u0113stu\u013cu vai nev\u0113lamo e-pasta mapi.<\/li><li>Ja eSIM e-pasts nav sa\u0146emts 20 min\u016b\u0161u laik\u0101, sazinieties ar atbalsta dienestu:<br \/><a href=\"mailto:support@simtaly.com\"><strong>support@simtaly.com<\/strong><\/a><\/li><li>Klientu atbalsta dienests atbild p\u0113c iesp\u0113jas \u0101tr\u0101k un garant\u0113 atbildi 24 stundu laik\u0101.<\/li><\/ul><h3>2. Maks\u0101jumu politika<\/h3><h4>Maks\u0101jumu apstr\u0101de ar Stripe<\/h4><p>Visi maks\u0101jumi tiek dro\u0161i apstr\u0101d\u0101ti, izmantojot Stripe. Veicot nor\u0113\u0137inu, klienti autom\u0101tiski redz\u0113s maks\u0101jumu metodes, ko Stripe atbalsta vi\u0146u valst\u012b. T\u0101s var ietvert:<\/p><ul><li>Kred\u012btkartes<\/li><li>Debetkartes<\/li><li>Digit\u0101l\u0101s maki<\/li><li>Citas viet\u0113j\u0101s maks\u0101jumu iesp\u0113jas<\/li><\/ul><h4>3D dro\u0161a autentifik\u0101cija<\/h4><p>Ja klienta kred\u012btkarte atbalsta 3D-Secure, \u0161is autentifik\u0101cijas solis ir oblig\u0101ts un tiks piem\u0113rots dar\u012bjuma laik\u0101.<\/p><h4>Nodok\u013ci (PVN \/ tirdzniec\u012bbas nodoklis)<\/h4><ul><li>Klientiem ir j\u0101izv\u0113las r\u0113\u0137ina izrakst\u012b\u0161anas valsts, lai nodro\u0161in\u0101tu pareizu nodok\u013cu summu piem\u0113ro\u0161anu.<\/li><li>Visas t\u012bmek\u013ca vietn\u0113 nor\u0101d\u012bt\u0101s cenas ietver PVN vis\u0101m valst\u012bm vis\u0101 pasaul\u0113.<\/li><li>ASV klientiem piem\u0113rojamie valsts vai viet\u0113jie tirdzniec\u012bbas nodok\u013ci tiek autom\u0101tiski apr\u0113\u0137in\u0101ti un pievienoti nor\u0113\u0137in\u0101\u0161an\u0101s br\u012bd\u012b.<\/li><\/ul><h5>Ja Jums ir k\u0101di jaut\u0101jumi, l\u016bdzu, nevilcinieties sazin\u0101ties ar mums:<\/h5><p><strong>E-pasts:<\/strong>\u00a0<a href=\"mailto:support@simtaly.com\">support@simtaly.com<\/a><br \/><strong>WhatsApp tie\u0161saistes t\u0113rz\u0113\u0161ana:<\/strong>\u00a0\u202a<a href=\"https:\/\/wa.me\/16505474744\" target=\"_blank\" rel=\"noopener nofollow\">+16505474744<\/a><\/p>\t\t\t\t\t\t\t\t<\/div>\n\t\t\t\t<div class=\"elementor-element elementor-element-f48aae3 elementor-widget elementor-widget-spacer\" data-id=\"f48aae3\" data-element_type=\"widget\" data-widget_type=\"spacer.default\">\n\t\t\t\t\t\t\t<div class=\"elementor-spacer\">\n\t\t\t<div class=\"elementor-spacer-inner\"><\/div>\n\t\t<\/div>\n\t\t\t\t\t\t<\/div>\n\t\t\t\t\t<\/div>\n\t\t\t\t<\/div>\n\t\t\t\t<\/div>","protected":false},"excerpt":{"rendered":"<p>Shipping &amp; Payment Policy \u2013 simtaly.com Applies to all digital products, including eSIM and travel eSIM services. 1. Shipping Policy [&hellip;]<\/p>","protected":false},"author":5,"featured_media":0,"parent":0,"menu_order":0,"comment_status":"closed","ping_status":"closed","template":"","meta":{"site-sidebar-layout":"no-sidebar","site-content-layout":"","ast-site-content-layout":"full-width-container","site-content-style":"default","site-sidebar-style":"default","ast-global-header-display":"","ast-banner-title-visibility":"","ast-main-header-display":"","ast-hfb-above-header-display":"","ast-hfb-below-header-display":"","ast-hfb-mobile-header-display":"","site-post-title":"disabled","ast-breadcrumbs-content":"","ast-featured-img":"disabled","footer-sml-layout":"","theme-transparent-header-meta":"enabled","adv-header-id-meta":"","stick-header-meta":"","header-above-stick-meta":"","header-main-stick-meta":"","header-below-stick-meta":"","astra-migrate-meta-layouts":"default","ast-page-background-enabled":"default","ast-page-background-meta":{"desktop":{"background-color":"var(--ast-global-color-5)","background-image":"","background-repeat":"repeat","background-position":"center center","background-size":"auto","background-attachment":"scroll","background-type":"","background-media":"","overlay-type":"","overlay-color":"","overlay-opacity":"","overlay-gradient":""},"tablet":{"background-color":"","background-image":"","background-repeat":"repeat","background-position":"center center","background-size":"auto","background-attachment":"scroll","background-type":"","background-media":"","overlay-type":"","overlay-color":"","overlay-opacity":"","overlay-gradient":""},"mobile":{"background-color":"","background-image":"","background-repeat":"repeat","background-position":"center center","background-size":"auto","background-attachment":"scroll","background-type":"","background-media":"","overlay-type":"","overlay-color":"","overlay-opacity":"","overlay-gradient":""}},"ast-content-background-meta":{"desktop":{"background-color":"var(--ast-global-color-4)","background-image":"","background-repeat":"repeat","background-position":"center center","background-size":"auto","background-attachment":"scroll","background-type":"","background-media":"","overlay-type":"","overlay-color":"","overlay-opacity":"","overlay-gradient":""},"tablet":{"background-color":"var(--ast-global-color-4)","background-image":"","background-repeat":"repeat","background-position":"center center","background-size":"auto","background-attachment":"scroll","background-type":"","background-media":"","overlay-type":"","overlay-color":"","overlay-opacity":"","overlay-gradient":""},"mobile":{"background-color":"var(--ast-global-color-4)","background-image":"","background-repeat":"repeat","background-position":"center center","background-size":"auto","background-attachment":"scroll","background-type":"","background-media":"","overlay-type":"","overlay-color":"","overlay-opacity":"","overlay-gradient":""}},"footnotes":""},"class_list":["post-3914","page","type-page","status-publish","hentry"],"_links":{"self":[{"href":"https:\/\/www.simtaly.com\/lv\/wp-json\/wp\/v2\/pages\/3914","targetHints":{"allow":["GET"]}}],"collection":[{"href":"https:\/\/www.simtaly.com\/lv\/wp-json\/wp\/v2\/pages"}],"about":[{"href":"https:\/\/www.simtaly.com\/lv\/wp-json\/wp\/v2\/types\/page"}],"author":[{"embeddable":true,"href":"https:\/\/www.simtaly.com\/lv\/wp-json\/wp\/v2\/users\/5"}],"replies":[{"embeddable":true,"href":"https:\/\/www.simtaly.com\/lv\/wp-json\/wp\/v2\/comments?post=3914"}],"version-history":[{"count":10,"href":"https:\/\/www.simtaly.com\/lv\/wp-json\/wp\/v2\/pages\/3914\/revisions"}],"predecessor-version":[{"id":3929,"href":"https:\/\/www.simtaly.com\/lv\/wp-json\/wp\/v2\/pages\/3914\/revisions\/3929"}],"wp:attachment":[{"href":"https:\/\/www.simtaly.com\/lv\/wp-json\/wp\/v2\/media?parent=3914"}],"curies":[{"name":"wp","href":"https:\/\/api.w.org\/{rel}","templated":true}]}}