{"id":3631,"date":"2025-11-18T16:20:33","date_gmt":"2025-11-18T16:20:33","guid":{"rendered":"https:\/\/www.simtaly.com\/?page_id=3631"},"modified":"2025-11-28T22:59:19","modified_gmt":"2025-11-28T21:59:19","slug":"atgriesanas-politika","status":"publish","type":"page","link":"https:\/\/www.simtaly.com\/lv\/atgriesanas-politika\/","title":{"rendered":"Atgrie\u0161anas politika"},"content":{"rendered":"<div data-elementor-type=\"wp-page\" data-elementor-id=\"3631\" class=\"elementor elementor-3631\" data-elementor-post-type=\"page\">\n\t\t\t\t<div class=\"elementor-element elementor-element-913f3fd e-flex e-con-boxed e-con e-parent\" data-id=\"913f3fd\" data-element_type=\"container\" data-settings=\"{&quot;background_background&quot;:&quot;gradient&quot;}\">\n\t\t\t\t\t<div class=\"e-con-inner\">\n\t\t\t\t<div class=\"elementor-element elementor-element-202bf3b elementor-widget elementor-widget-heading\" data-id=\"202bf3b\" data-element_type=\"widget\" data-widget_type=\"heading.default\">\n\t\t\t\t\t<h1 class=\"elementor-heading-title elementor-size-default\">Atgrie\u0161anas politika<\/h1>\t\t\t\t<\/div>\n\t\t\t\t\t<\/div>\n\t\t\t\t<\/div>\n\t\t<div class=\"elementor-element elementor-element-9011448 e-flex e-con-boxed e-con e-parent\" data-id=\"9011448\" data-element_type=\"container\">\n\t\t\t\t\t<div class=\"e-con-inner\">\n\t\t\t\t<div class=\"elementor-element elementor-element-22ca553 elementor-widget elementor-widget-spacer\" data-id=\"22ca553\" data-element_type=\"widget\" data-widget_type=\"spacer.default\">\n\t\t\t\t\t\t\t<div class=\"elementor-spacer\">\n\t\t\t<div class=\"elementor-spacer-inner\"><\/div>\n\t\t<\/div>\n\t\t\t\t\t\t<\/div>\n\t\t\t\t\t<\/div>\n\t\t\t\t<\/div>\n\t\t<div class=\"elementor-element elementor-element-eb22c6b e-flex e-con-boxed e-con e-parent\" data-id=\"eb22c6b\" data-element_type=\"container\">\n\t\t\t\t\t<div class=\"e-con-inner\">\n\t\t\t\t<div class=\"elementor-element elementor-element-5784496 elementor-widget elementor-widget-text-editor\" data-id=\"5784496\" data-element_type=\"widget\" data-widget_type=\"text-editor.default\">\n\t\t\t\t\t\t\t\t\t<h3>Kompens\u0101cijas un atcel\u0161ana<\/h3><p>M\u016bsu m\u0113r\u0137is ir nodro\u0161in\u0101t vienm\u0113r\u012bgu, uzticamu un god\u012bgu pakalpojumu ikvienam klientam.<\/p><h4>Par k\u0101diem produktiem var sa\u0146emt kompens\u0101ciju?<\/h4><p>J\u016bs varat piepras\u012bt atmaks\u0101t naudu se\u0161u (6) m\u0113ne\u0161u laik\u0101 p\u0113c ieg\u0101des ar m\u016bsu garantiju bez jaut\u0101jumu uzdo\u0161anas, ja vien eSIM v\u0113l nav aktiviz\u0113ta.<\/p><p>eSIM tiek uzskat\u012bta par aktiviz\u0113tu, tikl\u012bdz t\u0101 pirmo reizi izveidots savienojums ar jebkuru atbalst\u012bto t\u012bklu. P\u0113c aktiviz\u0113\u0161anas t\u0101 tiek uzskat\u012bta par izmantotu, un parasti par to nevar sa\u0146emt kompens\u0101ciju.<\/p><p>Tom\u0113r, ja p\u0113c aktiviz\u0113\u0161anas rodas tehniskas probl\u0113mas, piem\u0113ram, ja eSIM nevar izveidot savienojumu ar atbalst\u012bto t\u012bklu galam\u0113r\u0137a valst\u012b, varat sazin\u0101ties ar m\u016bsu atbalsta dienestu un piepras\u012bt da\u013c\u0113ju vai piln\u012bgu naudas atmaksu. Lai pal\u012bdz\u0113tu mums taisn\u012bgi atrisin\u0101t probl\u0113mu, mums ir nepiecie\u0161ami pier\u0101d\u012bjumi, kas apliecina probl\u0113mu (piem\u0113ram, ekr\u0101n\u0161\u0101vi\u0146i, ier\u012bces inform\u0101cija vai k\u013c\u016bdas zi\u0146ojumi). Pirms piepras\u0101t atmaksu tehnisku probl\u0113mu d\u0113\u013c, ir j\u0101sazin\u0101s ar m\u016bsu tehnisk\u0101 atbalsta komandu, izmantojot t\u0113rz\u0113\u0161anu vai e-pastu, lai noskaidrotu iesp\u0113jamo probl\u0113mas risin\u0101jumu.<\/p><h4>Termi\u0146\u0161<\/h4><p>J\u016bsu atmaksa vai apmai\u0146a tiks apstr\u0101d\u0101ta 14 dienu laik\u0101.<\/p><h4>Atmaksas process<\/h4><p>Lai piepras\u012btu pilnu vai da\u013c\u0113ju atmaksu, l\u016bdzu, s\u016btiet e-pastu uz support@simtaly.com, pieprasot atmaksu. L\u016bdzu, nor\u0101diet pirkuma datumu un laiku, k\u0101 ar\u012b e-pasta adresi, kas tika izmantota pirkuma veik\u0161anai. Ja pirkums ietv\u0113ra vair\u0101k nek\u0101 vienu produktu, l\u016bdzu, nor\u0101diet produktus, par kuriem v\u0113laties sa\u0146emt kompens\u0101ciju. Ja eSIM jau ir aktiviz\u0113ta, l\u016bdzu, pievienojiet pier\u0101d\u012bjumus, kas apliecina radu\u0161\u0101s probl\u0113mas.<\/p><p>Visas apstiprin\u0101t\u0101s kompens\u0101cijas tiks izmaks\u0101tas uz s\u0101kotn\u0113jo maks\u0101juma veidu. Ja atmaksa tiks apstiprin\u0101ta, attiec\u012bg\u0101 eSIM tiks atsl\u0113gta.<\/p><h4>Apmai\u0146as<\/h4><p>6 m\u0113ne\u0161u laik\u0101 p\u0113c ieg\u0101des eSIM var atmaks\u0101t naudu vai apmain\u012bt pret citu produktu par t\u0101du pa\u0161u cenu. Ja jaun\u0101 produkta cena at\u0161\u0137iras, p\u0101rmaks\u0101t\u0101 summa tiks atmaks\u0101ta uz s\u0101kotn\u0113jo maks\u0101juma veidu vai ar\u012b klientam pirms jaun\u0101 produkta pieg\u0101des b\u016bs j\u0101samaks\u0101 nesamaks\u0101t\u0101 summa.<\/p><h4>Nodevas<\/h4><p>M\u0113s neiekas\u0113jam papildu maksu par atmaksas piepras\u012b\u0161anu vai apstr\u0101di.<\/p><h4>Sazinieties ar<\/h4><p>M\u016bsu m\u0113r\u0137is ir nodro\u0161in\u0101t, lai ikviens klients justos p\u0101rliecin\u0101ts un labi apr\u016bp\u0113ts. M\u0113s esam ap\u0146\u0113mu\u0161ies pie\u0146emt god\u012bgus, sapr\u0101t\u012bgus kompromisus, kad vien tas ir nepiecie\u0161ams, lai nodro\u0161in\u0101tu vislab\u0101ko iesp\u0113jamo iepirk\u0161an\u0101s pieredzi. Ja rodas k\u0101di jaut\u0101jumi, sazinieties ar mums pa e-pastu <a href=\"mailto:support@simtaly.com\">support@simtaly.com<\/a>.<\/p><h4>Politikas atjaunin\u0101jumi Atruna<\/h4><p>M\u0113s laiku pa laikam varam atjaunin\u0101t \u0161o politiku. Pirms atgrie\u0161anas uzs\u0101k\u0161anas, l\u016bdzu, iepaz\u012bstieties ar jaun\u0101ko versiju.<\/p><h4>Ja Jums ir k\u0101di jaut\u0101jumi, l\u016bdzu, nevilcinieties sazin\u0101ties ar mums:<\/h4><p><strong>E-pasts:<\/strong> <a href=\"mailto:support@simtaly.com\">support@simtaly.com<\/a><br \/><strong>WhatsApp tie\u0161saistes t\u0113rz\u0113\u0161ana:<\/strong> <a href=\"https:\/\/wa.me\/16505474744\" rel=\"nofollow noopener\" target=\"_blank\">+16505474744<\/a><\/p>\t\t\t\t\t\t\t\t<\/div>\n\t\t\t\t<div class=\"elementor-element elementor-element-f48aae3 elementor-widget elementor-widget-spacer\" data-id=\"f48aae3\" data-element_type=\"widget\" data-widget_type=\"spacer.default\">\n\t\t\t\t\t\t\t<div class=\"elementor-spacer\">\n\t\t\t<div class=\"elementor-spacer-inner\"><\/div>\n\t\t<\/div>\n\t\t\t\t\t\t<\/div>\n\t\t\t\t\t<\/div>\n\t\t\t\t<\/div>\n\t\t\t\t<\/div>","protected":false},"excerpt":{"rendered":"<p>Return Policy Refunds and Cancellations We aim to deliver a smooth, reliable, and fair experience for every customer. What products [&hellip;]<\/p>","protected":false},"author":5,"featured_media":0,"parent":0,"menu_order":0,"comment_status":"closed","ping_status":"closed","template":"","meta":{"site-sidebar-layout":"no-sidebar","site-content-layout":"","ast-site-content-layout":"full-width-container","site-content-style":"default","site-sidebar-style":"default","ast-global-header-display":"","ast-banner-title-visibility":"","ast-main-header-display":"","ast-hfb-above-header-display":"","ast-hfb-below-header-display":"","ast-hfb-mobile-header-display":"","site-post-title":"disabled","ast-breadcrumbs-content":"","ast-featured-img":"disabled","footer-sml-layout":"","theme-transparent-header-meta":"enabled","adv-header-id-meta":"","stick-header-meta":"","header-above-stick-meta":"","header-main-stick-meta":"","header-below-stick-meta":"","astra-migrate-meta-layouts":"default","ast-page-background-enabled":"default","ast-page-background-meta":{"desktop":{"background-color":"var(--ast-global-color-5)","background-image":"","background-repeat":"repeat","background-position":"center center","background-size":"auto","background-attachment":"scroll","background-type":"","background-media":"","overlay-type":"","overlay-color":"","overlay-opacity":"","overlay-gradient":""},"tablet":{"background-color":"","background-image":"","background-repeat":"repeat","background-position":"center center","background-size":"auto","background-attachment":"scroll","background-type":"","background-media":"","overlay-type":"","overlay-color":"","overlay-opacity":"","overlay-gradient":""},"mobile":{"background-color":"","background-image":"","background-repeat":"repeat","background-position":"center center","background-size":"auto","background-attachment":"scroll","background-type":"","background-media":"","overlay-type":"","overlay-color":"","overlay-opacity":"","overlay-gradient":""}},"ast-content-background-meta":{"desktop":{"background-color":"var(--ast-global-color-4)","background-image":"","background-repeat":"repeat","background-position":"center center","background-size":"auto","background-attachment":"scroll","background-type":"","background-media":"","overlay-type":"","overlay-color":"","overlay-opacity":"","overlay-gradient":""},"tablet":{"background-color":"var(--ast-global-color-4)","background-image":"","background-repeat":"repeat","background-position":"center center","background-size":"auto","background-attachment":"scroll","background-type":"","background-media":"","overlay-type":"","overlay-color":"","overlay-opacity":"","overlay-gradient":""},"mobile":{"background-color":"var(--ast-global-color-4)","background-image":"","background-repeat":"repeat","background-position":"center center","background-size":"auto","background-attachment":"scroll","background-type":"","background-media":"","overlay-type":"","overlay-color":"","overlay-opacity":"","overlay-gradient":""}},"footnotes":""},"class_list":["post-3631","page","type-page","status-publish","hentry"],"_links":{"self":[{"href":"https:\/\/www.simtaly.com\/lv\/wp-json\/wp\/v2\/pages\/3631","targetHints":{"allow":["GET"]}}],"collection":[{"href":"https:\/\/www.simtaly.com\/lv\/wp-json\/wp\/v2\/pages"}],"about":[{"href":"https:\/\/www.simtaly.com\/lv\/wp-json\/wp\/v2\/types\/page"}],"author":[{"embeddable":true,"href":"https:\/\/www.simtaly.com\/lv\/wp-json\/wp\/v2\/users\/5"}],"replies":[{"embeddable":true,"href":"https:\/\/www.simtaly.com\/lv\/wp-json\/wp\/v2\/comments?post=3631"}],"version-history":[{"count":34,"href":"https:\/\/www.simtaly.com\/lv\/wp-json\/wp\/v2\/pages\/3631\/revisions"}],"predecessor-version":[{"id":3887,"href":"https:\/\/www.simtaly.com\/lv\/wp-json\/wp\/v2\/pages\/3631\/revisions\/3887"}],"wp:attachment":[{"href":"https:\/\/www.simtaly.com\/lv\/wp-json\/wp\/v2\/media?parent=3631"}],"curies":[{"name":"wp","href":"https:\/\/api.w.org\/{rel}","templated":true}]}}