{"id":3914,"date":"2025-11-27T15:11:57","date_gmt":"2025-11-27T15:11:57","guid":{"rendered":"https:\/\/www.simtaly.com\/?page_id=3914"},"modified":"2025-11-28T23:02:04","modified_gmt":"2025-11-28T22:02:04","slug":"siuntimo-apmokejimo-politika","status":"publish","type":"page","link":"https:\/\/www.simtaly.com\/lt\/siuntimo-apmokejimo-politika\/","title":{"rendered":"Pristatymo ir mok\u0117jimo politika"},"content":{"rendered":"<div data-elementor-type=\"wp-page\" data-elementor-id=\"3914\" class=\"elementor elementor-3914\" data-elementor-post-type=\"page\">\n\t\t\t\t<div class=\"elementor-element elementor-element-913f3fd e-flex e-con-boxed e-con e-parent\" data-id=\"913f3fd\" data-element_type=\"container\" data-settings=\"{&quot;background_background&quot;:&quot;gradient&quot;}\">\n\t\t\t\t\t<div class=\"e-con-inner\">\n\t\t\t\t<div class=\"elementor-element elementor-element-202bf3b elementor-widget elementor-widget-heading\" data-id=\"202bf3b\" data-element_type=\"widget\" data-widget_type=\"heading.default\">\n\t\t\t\t\t<h1 class=\"elementor-heading-title elementor-size-default\">Pristatymo ir mok\u0117jimo politika \u2013 simtaly.com<\/h1>\t\t\t\t<\/div>\n\t\t\t\t\t<\/div>\n\t\t\t\t<\/div>\n\t\t<div class=\"elementor-element elementor-element-9011448 e-flex e-con-boxed e-con e-parent\" data-id=\"9011448\" data-element_type=\"container\">\n\t\t\t\t\t<div class=\"e-con-inner\">\n\t\t\t\t<div class=\"elementor-element elementor-element-22ca553 elementor-widget elementor-widget-spacer\" data-id=\"22ca553\" data-element_type=\"widget\" data-widget_type=\"spacer.default\">\n\t\t\t\t\t\t\t<div class=\"elementor-spacer\">\n\t\t\t<div class=\"elementor-spacer-inner\"><\/div>\n\t\t<\/div>\n\t\t\t\t\t\t<\/div>\n\t\t\t\t\t<\/div>\n\t\t\t\t<\/div>\n\t\t<div class=\"elementor-element elementor-element-eb22c6b e-flex e-con-boxed e-con e-parent\" data-id=\"eb22c6b\" data-element_type=\"container\">\n\t\t\t\t\t<div class=\"e-con-inner\">\n\t\t\t\t<div class=\"elementor-element elementor-element-5784496 elementor-widget elementor-widget-text-editor\" data-id=\"5784496\" data-element_type=\"widget\" data-widget_type=\"text-editor.default\">\n\t\t\t\t\t\t\t\t\t<p>Taikoma visiems skaitmeniniams produktams, \u012fskaitant eSIM ir kelioni\u0173 eSIM paslaugas.<\/p><h3>1. Pristatymo politika<\/h3><h4>Skaitmeninis eSIM produkt\u0173 pristatymas<\/h4><p>Visi eSIM ir kelion\u0117s eSIM produktai pristatomi elektroniniu b\u016bdu el. pa\u0161tu. Fizinis pristatymas nevykdomas.<\/p><h4>Pristatymo laikas<\/h4><ul><li>Nemokamas ir greitas pristatymas po s\u0117kmingo apmok\u0117jimo.<\/li><li>eSIM kortel\u0117 automati\u0161kai i\u0161siun\u010diama \u012f pirkimo metu nurodyt\u0105 el. pa\u0161to adres\u0105.<\/li><li>Daugeliu atvej\u0173 lai\u0161kas gaunamas per kelias minutes.<\/li><\/ul><h4>Svarbi informacija apie elektroninio pa\u0161to pristatym\u0105<\/h4><ul><li>Klientas yra atsakingas u\u017e teisingo ir galiojan\u010dio elektroninio pa\u0161to adreso \u012fvedim\u0105, kad gal\u0117t\u0173 gauti eSIM.<\/li><li>Jei lai\u0161kas nepasiekia per kelias minutes, patikrinkite \u0161lam\u0161to ar \u0161iuk\u0161li\u0173 aplank\u0105.<\/li><li>Jei eSIM lai\u0161kas neatsirado per 20 minu\u010di\u0173, susisiekite su pagalbos tarnyba:<br \/><a href=\"mailto:support@simtaly.com\"><strong>support@simtaly.com<\/strong><\/a><\/li><li>Klient\u0173 aptarnavimo tarnyba atsako kuo grei\u010diau ir garantuoja atsakym\u0105 per 24 valandas.<\/li><\/ul><h3>2. Mok\u0117jimo politika<\/h3><h4>Mok\u0117jim\u0173 apdorojimas per \u201eStripe\u201c<\/h4><p>Visi mok\u0117jimai saugiai apdorojami per \u201eStripe\u201c. Atsiskaitymo metu klientams automati\u0161kai bus rodomi \u201eStripe\u201c palaikomi mok\u0117jimo b\u016bdai j\u0173 \u0161alyje. Tai gali b\u016bti:<\/p><ul><li>Kredito kortel\u0117s<\/li><li>Debeto kortel\u0117s<\/li><li>Skaitmeniniai pinigin\u0117s<\/li><li>Kitos vietin\u0117s mok\u0117jimo galimyb\u0117s<\/li><\/ul><h4>3D-Secure autentifikavimas<\/h4><p>Jei kliento kredito kortel\u0117 palaiko 3D-Secure, \u0161is autenti\u0161kumo patvirtinimo etapas yra privalomas ir bus taikomas sandorio metu.<\/p><h4>Mokes\u010diai (PVM \/ pardavimo mokestis)<\/h4><ul><li>Klientai turi pasirinkti atsiskaitymo \u0161al\u012f atsiskaitymo metu, kad b\u016bt\u0173 taikomi teisingi mokes\u010di\u0173 dyd\u017eiai.<\/li><li>Visos svetain\u0117je nurodytos kainos yra su PVM visose pasaulio \u0161alyse.<\/li><li>JAV klientams taikomi valstijos ar vietiniai pardavimo mokes\u010diai yra automati\u0161kai apskai\u010diuojami ir pridedami prie s\u0105skaitos apmok\u0117jimo metu.<\/li><\/ul><h5>Jei turite papildom\u0173 klausim\u0173, nedvejodami susisiekite su mumis:<\/h5><p><strong>El. pa\u0161tas:<\/strong>\u00a0<a href=\"mailto:support@simtaly.com\">support@simtaly.com<\/a><br \/><strong>\u201eWhatsApp\u201c tiesioginis pokalbis:<\/strong>\u00a0\u202a<a href=\"https:\/\/wa.me\/16505474744\" target=\"_blank\" rel=\"noopener nofollow\">+16505474744<\/a><\/p>\t\t\t\t\t\t\t\t<\/div>\n\t\t\t\t<div class=\"elementor-element elementor-element-f48aae3 elementor-widget elementor-widget-spacer\" data-id=\"f48aae3\" data-element_type=\"widget\" data-widget_type=\"spacer.default\">\n\t\t\t\t\t\t\t<div class=\"elementor-spacer\">\n\t\t\t<div class=\"elementor-spacer-inner\"><\/div>\n\t\t<\/div>\n\t\t\t\t\t\t<\/div>\n\t\t\t\t\t<\/div>\n\t\t\t\t<\/div>\n\t\t\t\t<\/div>","protected":false},"excerpt":{"rendered":"<p>Shipping &amp; Payment Policy \u2013 simtaly.com Applies to all digital products, including eSIM and travel eSIM services. 1. Shipping Policy [&hellip;]<\/p>","protected":false},"author":5,"featured_media":0,"parent":0,"menu_order":0,"comment_status":"closed","ping_status":"closed","template":"","meta":{"site-sidebar-layout":"no-sidebar","site-content-layout":"","ast-site-content-layout":"full-width-container","site-content-style":"default","site-sidebar-style":"default","ast-global-header-display":"","ast-banner-title-visibility":"","ast-main-header-display":"","ast-hfb-above-header-display":"","ast-hfb-below-header-display":"","ast-hfb-mobile-header-display":"","site-post-title":"disabled","ast-breadcrumbs-content":"","ast-featured-img":"disabled","footer-sml-layout":"","theme-transparent-header-meta":"enabled","adv-header-id-meta":"","stick-header-meta":"","header-above-stick-meta":"","header-main-stick-meta":"","header-below-stick-meta":"","astra-migrate-meta-layouts":"default","ast-page-background-enabled":"default","ast-page-background-meta":{"desktop":{"background-color":"var(--ast-global-color-5)","background-image":"","background-repeat":"repeat","background-position":"center center","background-size":"auto","background-attachment":"scroll","background-type":"","background-media":"","overlay-type":"","overlay-color":"","overlay-opacity":"","overlay-gradient":""},"tablet":{"background-color":"","background-image":"","background-repeat":"repeat","background-position":"center center","background-size":"auto","background-attachment":"scroll","background-type":"","background-media":"","overlay-type":"","overlay-color":"","overlay-opacity":"","overlay-gradient":""},"mobile":{"background-color":"","background-image":"","background-repeat":"repeat","background-position":"center center","background-size":"auto","background-attachment":"scroll","background-type":"","background-media":"","overlay-type":"","overlay-color":"","overlay-opacity":"","overlay-gradient":""}},"ast-content-background-meta":{"desktop":{"background-color":"var(--ast-global-color-4)","background-image":"","background-repeat":"repeat","background-position":"center center","background-size":"auto","background-attachment":"scroll","background-type":"","background-media":"","overlay-type":"","overlay-color":"","overlay-opacity":"","overlay-gradient":""},"tablet":{"background-color":"var(--ast-global-color-4)","background-image":"","background-repeat":"repeat","background-position":"center center","background-size":"auto","background-attachment":"scroll","background-type":"","background-media":"","overlay-type":"","overlay-color":"","overlay-opacity":"","overlay-gradient":""},"mobile":{"background-color":"var(--ast-global-color-4)","background-image":"","background-repeat":"repeat","background-position":"center center","background-size":"auto","background-attachment":"scroll","background-type":"","background-media":"","overlay-type":"","overlay-color":"","overlay-opacity":"","overlay-gradient":""}},"footnotes":""},"class_list":["post-3914","page","type-page","status-publish","hentry"],"_links":{"self":[{"href":"https:\/\/www.simtaly.com\/lt\/wp-json\/wp\/v2\/pages\/3914","targetHints":{"allow":["GET"]}}],"collection":[{"href":"https:\/\/www.simtaly.com\/lt\/wp-json\/wp\/v2\/pages"}],"about":[{"href":"https:\/\/www.simtaly.com\/lt\/wp-json\/wp\/v2\/types\/page"}],"author":[{"embeddable":true,"href":"https:\/\/www.simtaly.com\/lt\/wp-json\/wp\/v2\/users\/5"}],"replies":[{"embeddable":true,"href":"https:\/\/www.simtaly.com\/lt\/wp-json\/wp\/v2\/comments?post=3914"}],"version-history":[{"count":10,"href":"https:\/\/www.simtaly.com\/lt\/wp-json\/wp\/v2\/pages\/3914\/revisions"}],"predecessor-version":[{"id":3929,"href":"https:\/\/www.simtaly.com\/lt\/wp-json\/wp\/v2\/pages\/3914\/revisions\/3929"}],"wp:attachment":[{"href":"https:\/\/www.simtaly.com\/lt\/wp-json\/wp\/v2\/media?parent=3914"}],"curies":[{"name":"wp","href":"https:\/\/api.w.org\/{rel}","templated":true}]}}