{"id":3631,"date":"2025-11-18T16:20:33","date_gmt":"2025-11-18T16:20:33","guid":{"rendered":"https:\/\/www.simtaly.com\/?page_id=3631"},"modified":"2025-11-28T22:59:19","modified_gmt":"2025-11-28T21:59:19","slug":"grazinimo-politika","status":"publish","type":"page","link":"https:\/\/www.simtaly.com\/lt\/grazinimo-politika\/","title":{"rendered":"Gr\u0105\u017einimo politika"},"content":{"rendered":"<div data-elementor-type=\"wp-page\" data-elementor-id=\"3631\" class=\"elementor elementor-3631\" data-elementor-post-type=\"page\">\n\t\t\t\t<div class=\"elementor-element elementor-element-913f3fd e-flex e-con-boxed e-con e-parent\" data-id=\"913f3fd\" data-element_type=\"container\" data-settings=\"{&quot;background_background&quot;:&quot;gradient&quot;}\">\n\t\t\t\t\t<div class=\"e-con-inner\">\n\t\t\t\t<div class=\"elementor-element elementor-element-202bf3b elementor-widget elementor-widget-heading\" data-id=\"202bf3b\" data-element_type=\"widget\" data-widget_type=\"heading.default\">\n\t\t\t\t\t<h1 class=\"elementor-heading-title elementor-size-default\">Gr\u0105\u017einimo politika<\/h1>\t\t\t\t<\/div>\n\t\t\t\t\t<\/div>\n\t\t\t\t<\/div>\n\t\t<div class=\"elementor-element elementor-element-9011448 e-flex e-con-boxed e-con e-parent\" data-id=\"9011448\" data-element_type=\"container\">\n\t\t\t\t\t<div class=\"e-con-inner\">\n\t\t\t\t<div class=\"elementor-element elementor-element-22ca553 elementor-widget elementor-widget-spacer\" data-id=\"22ca553\" data-element_type=\"widget\" data-widget_type=\"spacer.default\">\n\t\t\t\t\t\t\t<div class=\"elementor-spacer\">\n\t\t\t<div class=\"elementor-spacer-inner\"><\/div>\n\t\t<\/div>\n\t\t\t\t\t\t<\/div>\n\t\t\t\t\t<\/div>\n\t\t\t\t<\/div>\n\t\t<div class=\"elementor-element elementor-element-eb22c6b e-flex e-con-boxed e-con e-parent\" data-id=\"eb22c6b\" data-element_type=\"container\">\n\t\t\t\t\t<div class=\"e-con-inner\">\n\t\t\t\t<div class=\"elementor-element elementor-element-5784496 elementor-widget elementor-widget-text-editor\" data-id=\"5784496\" data-element_type=\"widget\" data-widget_type=\"text-editor.default\">\n\t\t\t\t\t\t\t\t\t<h3>Gr\u0105\u017einimas ir at\u0161aukimas<\/h3><p>Siekiame, kad kiekvieno kliento patirtis b\u016bt\u0173 sklandi, patikima ir s\u0105\u017eininga.<\/p><h4>U\u017e kokius gaminius galima gr\u0105\u017einti pinigus?<\/h4><p>Per \u0161e\u0161is (6) m\u0117nesius nuo \u012fsigijimo galite pra\u0161yti gr\u0105\u017einti pinigus pagal m\u016bs\u0173 garantij\u0105 be joki\u0173 klausim\u0173, jei eSIM dar nebuvo aktyvuota.<\/p><p>\"eSIM\" laikoma aktyvuota, kai pirm\u0105 kart\u0105 prisijungiama prie bet kurio palaikomo tinklo. Po aktyvavimo ji laikoma naudota ir paprastai u\u017e j\u0105 pinigai negr\u0105\u017einami.<\/p><p>Ta\u010diau, jei po aktyvavimo susidursite su technin\u0117mis problemomis, pavyzd\u017eiui, jei eSIM nepavyks prisijungti prie palaikomo tinklo paskirties \u0161alyje, galite kreiptis \u012f m\u016bs\u0173 palaikymo komand\u0105 ir papra\u0161yti gr\u0105\u017einti dal\u012f arba vis\u0105 sum\u0105. Kad gal\u0117tume teisingai i\u0161spr\u0119sti problem\u0105, mums reikia \u012frodym\u0173, patvirtinan\u010di\u0173 problem\u0105 (pvz., ekrano nuotrauk\u0173, prietaiso informacijos arba klaid\u0173 prane\u0161im\u0173). Prie\u0161 pra\u0161ydami gr\u0105\u017einti pinigus d\u0117l technini\u0173 problem\u0173, b\u016btina susisiekti su m\u016bs\u0173 technin\u0117s pagalbos komanda per pokalb\u012f arba el. pa\u0161tu, kad b\u016bt\u0173 galima i\u0161spr\u0119sti problem\u0105.<\/p><h4>Laikotarpis<\/h4><p>Gr\u0105\u017einimas arba keitimas bus atliktas per 14 dien\u0173.<\/p><h4>Gr\u0105\u017einimo procesas<\/h4><p>Jei norite pra\u0161yti gr\u0105\u017einti vis\u0105 arba dal\u012f pinig\u0173, si\u0173skite el. lai\u0161k\u0105 el. pa\u0161tu support@simtaly.com, pra\u0161ydami gr\u0105\u017einti pinigus. Nurodykite pirkimo dat\u0105 ir laik\u0105, taip pat el. pa\u0161to adres\u0105, kuris buvo naudotas perkant. Jei buvo pirktas daugiau nei vienas produktas, nurodykite, u\u017e kuriuos produktus norite susigr\u0105\u017einti pinigus. Jei \"eSIM\" jau buvo aktyvuota, prid\u0117kite \u012frodym\u0173, patvirtinan\u010di\u0173 kilusias problemas.<\/p><p>Visos patvirtintos kompensacijos bus i\u0161mok\u0117tos \u012f pradin\u012f mok\u0117jimo b\u016bd\u0105. Jei gr\u0105\u017einamoji i\u0161moka patvirtinama, atitinkama eSIM bus atjungta.<\/p><h4>Mainai<\/h4><p>Per 6 m\u0117nesius nuo \u012fsigijimo eSIM galima gr\u0105\u017einti pinigus arba pakeisti \u012f kit\u0105 tokios pa\u010dios kainos gamin\u012f. Jei naujo gaminio kaina skiriasi, permok\u0117ta suma bus gr\u0105\u017einta \u012f pradin\u012f mok\u0117jimo b\u016bd\u0105 arba klientas tur\u0117s sumok\u0117ti per ma\u017e\u0105 sum\u0105 prie\u0161 pristatant nauj\u0105 gamin\u012f.<\/p><h4>Mokes\u010diai<\/h4><p>Mes NEMOKAM joki\u0173 papildom\u0173 mokes\u010di\u0173 u\u017e pra\u0161ymo gr\u0105\u017einti pinigus pateikim\u0105 ar j\u0173 tvarkym\u0105.<\/p><h4>Susisiekite su<\/h4><p>M\u016bs\u0173 tikslas - u\u017etikrinti, kad kiekvienas klientas jaust\u0173si u\u017etikrintai ir b\u016bt\u0173 gerai pasir\u016bpinta juo. Esame pasiry\u017e\u0119 daryti s\u0105\u017einingus ir pagr\u012fstus kompromisus, kai tik to reikia, kad u\u017etikrintume geriausi\u0105 \u012fmanom\u0105 apsipirkimo patirt\u012f. Kilus klausimams, susisiekite su mumis el. pa\u0161tu <a href=\"mailto:support@simtaly.com\">support@simtaly.com<\/a>.<\/p><h4>Politikos atnaujinimai Atsakomyb\u0117s apribojimas<\/h4><p>Kartais galime atnaujinti \u0161i\u0105 politik\u0105. Prie\u0161 prad\u0117dami gr\u0105\u017einti prek\u0119, susipa\u017einkite su naujausia versija.<\/p><h4>Jei turite papildom\u0173 klausim\u0173, nedvejodami susisiekite su mumis:<\/h4><p><strong>El. pa\u0161tas:<\/strong> <a href=\"mailto:support@simtaly.com\">support@simtaly.com<\/a><br \/><strong>\u201eWhatsApp\u201c tiesioginis pokalbis:<\/strong> <a href=\"https:\/\/wa.me\/16505474744\" rel=\"nofollow noopener\" target=\"_blank\">+16505474744<\/a><\/p>\t\t\t\t\t\t\t\t<\/div>\n\t\t\t\t<div class=\"elementor-element elementor-element-f48aae3 elementor-widget elementor-widget-spacer\" data-id=\"f48aae3\" data-element_type=\"widget\" data-widget_type=\"spacer.default\">\n\t\t\t\t\t\t\t<div class=\"elementor-spacer\">\n\t\t\t<div class=\"elementor-spacer-inner\"><\/div>\n\t\t<\/div>\n\t\t\t\t\t\t<\/div>\n\t\t\t\t\t<\/div>\n\t\t\t\t<\/div>\n\t\t\t\t<\/div>","protected":false},"excerpt":{"rendered":"<p>Return Policy Refunds and Cancellations We aim to deliver a smooth, reliable, and fair experience for every customer. What products [&hellip;]<\/p>","protected":false},"author":5,"featured_media":0,"parent":0,"menu_order":0,"comment_status":"closed","ping_status":"closed","template":"","meta":{"site-sidebar-layout":"no-sidebar","site-content-layout":"","ast-site-content-layout":"full-width-container","site-content-style":"default","site-sidebar-style":"default","ast-global-header-display":"","ast-banner-title-visibility":"","ast-main-header-display":"","ast-hfb-above-header-display":"","ast-hfb-below-header-display":"","ast-hfb-mobile-header-display":"","site-post-title":"disabled","ast-breadcrumbs-content":"","ast-featured-img":"disabled","footer-sml-layout":"","theme-transparent-header-meta":"enabled","adv-header-id-meta":"","stick-header-meta":"","header-above-stick-meta":"","header-main-stick-meta":"","header-below-stick-meta":"","astra-migrate-meta-layouts":"default","ast-page-background-enabled":"default","ast-page-background-meta":{"desktop":{"background-color":"var(--ast-global-color-5)","background-image":"","background-repeat":"repeat","background-position":"center center","background-size":"auto","background-attachment":"scroll","background-type":"","background-media":"","overlay-type":"","overlay-color":"","overlay-opacity":"","overlay-gradient":""},"tablet":{"background-color":"","background-image":"","background-repeat":"repeat","background-position":"center center","background-size":"auto","background-attachment":"scroll","background-type":"","background-media":"","overlay-type":"","overlay-color":"","overlay-opacity":"","overlay-gradient":""},"mobile":{"background-color":"","background-image":"","background-repeat":"repeat","background-position":"center center","background-size":"auto","background-attachment":"scroll","background-type":"","background-media":"","overlay-type":"","overlay-color":"","overlay-opacity":"","overlay-gradient":""}},"ast-content-background-meta":{"desktop":{"background-color":"var(--ast-global-color-4)","background-image":"","background-repeat":"repeat","background-position":"center center","background-size":"auto","background-attachment":"scroll","background-type":"","background-media":"","overlay-type":"","overlay-color":"","overlay-opacity":"","overlay-gradient":""},"tablet":{"background-color":"var(--ast-global-color-4)","background-image":"","background-repeat":"repeat","background-position":"center center","background-size":"auto","background-attachment":"scroll","background-type":"","background-media":"","overlay-type":"","overlay-color":"","overlay-opacity":"","overlay-gradient":""},"mobile":{"background-color":"var(--ast-global-color-4)","background-image":"","background-repeat":"repeat","background-position":"center center","background-size":"auto","background-attachment":"scroll","background-type":"","background-media":"","overlay-type":"","overlay-color":"","overlay-opacity":"","overlay-gradient":""}},"footnotes":""},"class_list":["post-3631","page","type-page","status-publish","hentry"],"_links":{"self":[{"href":"https:\/\/www.simtaly.com\/lt\/wp-json\/wp\/v2\/pages\/3631","targetHints":{"allow":["GET"]}}],"collection":[{"href":"https:\/\/www.simtaly.com\/lt\/wp-json\/wp\/v2\/pages"}],"about":[{"href":"https:\/\/www.simtaly.com\/lt\/wp-json\/wp\/v2\/types\/page"}],"author":[{"embeddable":true,"href":"https:\/\/www.simtaly.com\/lt\/wp-json\/wp\/v2\/users\/5"}],"replies":[{"embeddable":true,"href":"https:\/\/www.simtaly.com\/lt\/wp-json\/wp\/v2\/comments?post=3631"}],"version-history":[{"count":34,"href":"https:\/\/www.simtaly.com\/lt\/wp-json\/wp\/v2\/pages\/3631\/revisions"}],"predecessor-version":[{"id":3887,"href":"https:\/\/www.simtaly.com\/lt\/wp-json\/wp\/v2\/pages\/3631\/revisions\/3887"}],"wp:attachment":[{"href":"https:\/\/www.simtaly.com\/lt\/wp-json\/wp\/v2\/media?parent=3631"}],"curies":[{"name":"wp","href":"https:\/\/api.w.org\/{rel}","templated":true}]}}