{"id":1182,"date":"2025-09-10T09:04:47","date_gmt":"2025-09-10T09:04:47","guid":{"rendered":"https:\/\/www.simtaly.com\/?page_id=1182"},"modified":"2025-11-28T22:55:14","modified_gmt":"2025-11-28T21:55:14","slug":"atspaudas","status":"publish","type":"page","link":"https:\/\/www.simtaly.com\/lt\/atspaudas\/","title":{"rendered":"Atspaudas"},"content":{"rendered":"<div data-elementor-type=\"wp-page\" data-elementor-id=\"1182\" class=\"elementor elementor-1182\" data-elementor-post-type=\"page\">\n\t\t\t\t<div class=\"elementor-element elementor-element-913f3fd e-flex e-con-boxed e-con e-parent\" data-id=\"913f3fd\" data-element_type=\"container\" data-settings=\"{&quot;background_background&quot;:&quot;gradient&quot;}\">\n\t\t\t\t\t<div class=\"e-con-inner\">\n\t\t\t\t<div class=\"elementor-element elementor-element-202bf3b elementor-widget elementor-widget-heading\" data-id=\"202bf3b\" data-element_type=\"widget\" data-widget_type=\"heading.default\">\n\t\t\t\t\t<h1 class=\"elementor-heading-title elementor-size-default\">Teisinis prane\u0161imas (atspaudas)<\/h1>\t\t\t\t<\/div>\n\t\t\t\t\t<\/div>\n\t\t\t\t<\/div>\n\t\t<div class=\"elementor-element elementor-element-9011448 e-flex e-con-boxed e-con e-parent\" data-id=\"9011448\" data-element_type=\"container\">\n\t\t\t\t\t<div class=\"e-con-inner\">\n\t\t\t\t<div class=\"elementor-element elementor-element-22ca553 elementor-widget elementor-widget-spacer\" data-id=\"22ca553\" data-element_type=\"widget\" data-widget_type=\"spacer.default\">\n\t\t\t\t\t\t\t<div class=\"elementor-spacer\">\n\t\t\t<div class=\"elementor-spacer-inner\"><\/div>\n\t\t<\/div>\n\t\t\t\t\t\t<\/div>\n\t\t\t\t\t<\/div>\n\t\t\t\t<\/div>\n\t\t<div class=\"elementor-element elementor-element-eb22c6b e-flex e-con-boxed e-con e-parent\" data-id=\"eb22c6b\" data-element_type=\"container\">\n\t\t\t\t\t<div class=\"e-con-inner\">\n\t\t\t\t<div class=\"elementor-element elementor-element-5784496 elementor-widget elementor-widget-text-editor\" data-id=\"5784496\" data-element_type=\"widget\" data-widget_type=\"text-editor.default\">\n\t\t\t\t\t\t\t\t\t<div style=\"line-height: 1.6;\"><h3 style=\"color: #222222; font-family: Arial, sans-serif;\">Informacija pagal TMG 5 straipsn\u012f (Vokietijos telemedijos \u012fstatymas) ir MStV 18 straipsnio 2 dal\u012f:<\/h3><p style=\"color: #222222; font-family: Arial, sans-serif;\"><strong>Simtaly<\/strong><br \/>DALASON GmbH<br \/>Lindenstra\u00dfe 82<br \/>50674 Kelnas<br \/>Vokietija<\/p><p style=\"color: #222222; font-family: Arial, sans-serif;\"><strong>Atstovauja:<\/strong><br \/>Direktoriai: Andreas Damek ir Chung-U Son<\/p><p style=\"color: #222222; font-family: Arial, sans-serif;\"><strong>Susisiekite su:<\/strong><br \/>El. pa\u0161tas: <a href=\"mailto:support@simtaly.com\">support@simtaly.com<\/a><br \/><span style=\"font-style: inherit; font-weight: inherit;\">\u201eWhatsApp\u201c tiesioginis pokalbis: \u202a<a title=\"\" href=\"tel:16505474744\" target=\"_blank\" rel=\"noopener noreferrer\" data-title=\"tel:16505474744\">+16505474744<\/a><\/span><br \/>Svetain\u0117<strong>:<\/strong> <a href=\"https:\/\/www.simtaly.com\/lt\/\" target=\"_blank\" rel=\"noopener noreferrer\">https:\/\/www.simtaly.com<\/a><\/p><p style=\"color: #222222; font-family: Arial, sans-serif;\"><strong>Komercinio registro \u012fra\u0161as:<br \/><\/strong>Registr\u0173 teismas: Kelno vietos teismas (Amtsgericht K\u00f6ln)<br \/>Registracijos numeris: HRB 60929<\/p><p style=\"color: #222222; font-family: Arial, sans-serif;\"><strong>PVM mok\u0117tojo kodas pagal Vokietijos PVM \u012fstatymo 27a straipsn\u012f:<\/strong><br \/>Mokes\u010di\u0173 identifikavimo numeris: DE255749627<\/p><p style=\"color: #222222; font-family: Arial, sans-serif;\"><strong>Atsakingas u\u017e turin\u012f pagal MStV 18 straipsnio 2 dal\u012f:<\/strong><br \/>Andreas Damek<br \/>DALASON GmbH<br \/>Lindenstra\u00dfe 82<br \/>50674 Kelnas<br \/>Vokietija<\/p><h3 style=\"color: #222222; font-family: Arial, sans-serif;\">Atsakomyb\u0117s apribojimas<\/h3><p style=\"color: #222222; font-family: Arial, sans-serif;\"><strong>Atsakomyb\u0117 u\u017e turin\u012f<\/strong><br \/>M\u016bs\u0173 svetain\u0117s turinys buvo kuriamas itin kruop\u0161\u010diai. Ta\u010diau mes negalime garantuoti turinio tikslumo, i\u0161samumo ar aktualumo.<br \/>Kaip paslaug\u0173 teik\u0117jas, pagal bendr\u0105j\u0105 teis\u0119 esame atsakingi u\u017e savo turin\u012f \u0161iuose puslapiuose (TMG 7 straipsnio 1 dalis).<br \/>Pagal TMG 8-10 straipsnius mes neprivalome steb\u0117ti perduodamos ar saugomos tre\u010di\u0173j\u0173 \u0161ali\u0173 informacijos ir tirti aplinkybi\u0173, rodan\u010di\u0173 neteis\u0117t\u0105 veikl\u0105.<br \/>Bendrojoje teis\u0117je numatytos prievol\u0117s pa\u0161alinti informacij\u0105 arba blokuoti jos naudojim\u0105 lieka nepakeistos. Ta\u010diau atsakomyb\u0117 \u0161iuo at\u017evilgiu galima tik nuo tada, kai su\u017einome apie konkret\u0173 teis\u0117s pa\u017eeidim\u0105. Gav\u0119 prane\u0161im\u0105 apie tokius pa\u017eeidimus, nedelsdami pa\u0161alinsime turin\u012f.<\/p><p style=\"color: #222222; font-family: Arial, sans-serif;\"><strong>Atsakomyb\u0117 u\u017e nuorodas<\/strong><br \/>M\u016bs\u0173 svetain\u0117je yra nuorod\u0173 \u012f i\u0161orines tre\u010di\u0173j\u0173 \u0161ali\u0173 svetaines, kuri\u0173 turinio mes nekontroliuojame. Tod\u0117l negalime prisiimti jokios atsakomyb\u0117s u\u017e tok\u012f i\u0161orin\u012f turin\u012f.<br \/>U\u017e susiet\u0173 svetaini\u0173 turin\u012f visuomet atsako atitinkamas paslaug\u0173 teik\u0117jas arba operatorius.<br \/>Susiejimo metu buvo patikrinta, ar susietose svetain\u0117se n\u0117ra galim\u0173 teisini\u0173 pa\u017eeidim\u0173. Tuo metu neteis\u0117tas turinys nebuvo atpa\u017eintas.<br \/>Nuolatinis susiet\u0173 puslapi\u0173 steb\u0117jimas be konkre\u010di\u0173 pa\u017eeidimo \u012frodym\u0173 yra nepagr\u012fstas. Su\u017einoj\u0119 apie tokius pa\u017eeidimus, nuorodas nedelsdami pa\u0161alinsime.<\/p><p style=\"color: #222222; font-family: Arial, sans-serif;\"><strong>Autorin\u0117s teis\u0117s<\/strong><br \/><span style=\"font-size: 16px;\">Visam svetain\u0117s operatoriaus sukurtam turiniui ir k\u016briniams taikomi Vokietijos autori\u0173 teisi\u0173 \u012fstatymai.<\/span><\/p><p style=\"color: #222222; font-family: Arial, sans-serif;\">Norint atgaminti, keisti, platinti ar bet kokiu kitu b\u016bdu naudoti u\u017e autori\u0173 teisi\u0173 \u012fstatymo rib\u0173, reikia ra\u0161ti\u0161ko atitinkamo autoriaus ar k\u016br\u0117jo sutikimo.<br \/><span style=\"font-size: 16px;\">\u0160i\u0105 svetain\u0119 leid\u017eiama atsisi\u0173sti ir kopijuoti tik priva\u010diam, nekomerciniam naudojimui.<br \/><\/span>Jei \u0161ios svetain\u0117s turin\u012f suk\u016br\u0117 ne operatorius, tre\u010di\u0173j\u0173 \u0161ali\u0173 autori\u0173 teis\u0117s yra gerbiamos ir toks turinys ai\u0161kiai nurodomas.<br \/>Jei vis d\u0117lto su\u017einotum\u0117te apie autori\u0173 teisi\u0173 pa\u017eeidim\u0105, prane\u0161kite mums. Gav\u0119 prane\u0161im\u0105, nedelsdami pa\u0161alinsime tok\u012f turin\u012f.<\/p><p style=\"color: #222222; font-family: Arial, sans-serif;\"><strong>Gin\u010d\u0173 sprendimas internetu<\/strong><br \/>Europos Komisija teikia gin\u010d\u0173 sprendimo internetu platform\u0105 (OS):<br \/><a href=\"https:\/\/ec.europa.eu\/consumers\/odr\" target=\"_blank\" rel=\"noopener noreferrer nofollow\">https:\/\/ec.europa.eu\/consumers\/odr<\/a><\/p><p>M\u016bs\u0173 el. pa\u0161to adres\u0105 rasite pirmiau \u0161iame teisiniame prane\u0161ime.<br \/>Nenorime ir neprivalome dalyvauti gin\u010d\u0173 sprendimo proced\u016brose vartotoj\u0173 arbitra\u017ee.<\/p><p style=\"color: #222222; font-family: Arial, sans-serif;\"><strong>Prane\u0161imas apie tre\u010di\u0173j\u0173 \u0161ali\u0173 turin\u012f (TMG 10 straipsnis)<br \/><\/strong>Naudotoj\u0173 ar tre\u010di\u0173j\u0173 \u0161ali\u0173 \u012fna\u0161ai neb\u016btinai atspindi operatoriaus nuomon\u0119.<br \/>Operatorius neprisiima jokios redakcin\u0117s atsakomyb\u0117s u\u017e tok\u012f turin\u012f.<\/p><p><strong>Jei turite klausim\u0173 d\u0117l spaudos, nedvejodami susisiekite su mumis:<\/strong><br \/>El. pa\u0161tas: <a href=\"mailto:support@simtaly.com\">support@simtaly.com<\/a><br \/>\u201eWhatsApp\u201c tiesioginis pokalbis: \u202a<a title=\"\" href=\"https:\/\/wa.me\/16505474744\" target=\"_blank\" rel=\"noopener noreferrer nofollow\" data-title=\"tel:16505474744\">+16505474744<\/a><\/p><\/div>\t\t\t\t\t\t\t\t<\/div>\n\t\t\t\t\t<\/div>\n\t\t\t\t<\/div>\n\t\t\t\t<\/div>","protected":false},"excerpt":{"rendered":"<p>Legal Notice (Imprint) Information according to \u00a75 TMG (German Telemedia Act) and \u00a718 (2) MStV: SimtalyDALASON GmbHLindenstra\u00dfe 8250674 CologneGermany Represented [&hellip;]<\/p>","protected":false},"author":5,"featured_media":0,"parent":0,"menu_order":0,"comment_status":"closed","ping_status":"closed","template":"","meta":{"site-sidebar-layout":"no-sidebar","site-content-layout":"","ast-site-content-layout":"full-width-container","site-content-style":"default","site-sidebar-style":"default","ast-global-header-display":"","ast-banner-title-visibility":"","ast-main-header-display":"","ast-hfb-above-header-display":"","ast-hfb-below-header-display":"","ast-hfb-mobile-header-display":"","site-post-title":"disabled","ast-breadcrumbs-content":"","ast-featured-img":"disabled","footer-sml-layout":"","theme-transparent-header-meta":"enabled","adv-header-id-meta":"","stick-header-meta":"","header-above-stick-meta":"","header-main-stick-meta":"","header-below-stick-meta":"","astra-migrate-meta-layouts":"default","ast-page-background-enabled":"default","ast-page-background-meta":{"desktop":{"background-color":"var(--ast-global-color-5)","background-image":"","background-repeat":"repeat","background-position":"center center","background-size":"auto","background-attachment":"scroll","background-type":"","background-media":"","overlay-type":"","overlay-color":"","overlay-opacity":"","overlay-gradient":""},"tablet":{"background-color":"","background-image":"","background-repeat":"repeat","background-position":"center center","background-size":"auto","background-attachment":"scroll","background-type":"","background-media":"","overlay-type":"","overlay-color":"","overlay-opacity":"","overlay-gradient":""},"mobile":{"background-color":"","background-image":"","background-repeat":"repeat","background-position":"center center","background-size":"auto","background-attachment":"scroll","background-type":"","background-media":"","overlay-type":"","overlay-color":"","overlay-opacity":"","overlay-gradient":""}},"ast-content-background-meta":{"desktop":{"background-color":"var(--ast-global-color-4)","background-image":"","background-repeat":"repeat","background-position":"center center","background-size":"auto","background-attachment":"scroll","background-type":"","background-media":"","overlay-type":"","overlay-color":"","overlay-opacity":"","overlay-gradient":""},"tablet":{"background-color":"var(--ast-global-color-4)","background-image":"","background-repeat":"repeat","background-position":"center center","background-size":"auto","background-attachment":"scroll","background-type":"","background-media":"","overlay-type":"","overlay-color":"","overlay-opacity":"","overlay-gradient":""},"mobile":{"background-color":"var(--ast-global-color-4)","background-image":"","background-repeat":"repeat","background-position":"center center","background-size":"auto","background-attachment":"scroll","background-type":"","background-media":"","overlay-type":"","overlay-color":"","overlay-opacity":"","overlay-gradient":""}},"footnotes":""},"class_list":["post-1182","page","type-page","status-publish","hentry"],"_links":{"self":[{"href":"https:\/\/www.simtaly.com\/lt\/wp-json\/wp\/v2\/pages\/1182","targetHints":{"allow":["GET"]}}],"collection":[{"href":"https:\/\/www.simtaly.com\/lt\/wp-json\/wp\/v2\/pages"}],"about":[{"href":"https:\/\/www.simtaly.com\/lt\/wp-json\/wp\/v2\/types\/page"}],"author":[{"embeddable":true,"href":"https:\/\/www.simtaly.com\/lt\/wp-json\/wp\/v2\/users\/5"}],"replies":[{"embeddable":true,"href":"https:\/\/www.simtaly.com\/lt\/wp-json\/wp\/v2\/comments?post=1182"}],"version-history":[{"count":50,"href":"https:\/\/www.simtaly.com\/lt\/wp-json\/wp\/v2\/pages\/1182\/revisions"}],"predecessor-version":[{"id":3983,"href":"https:\/\/www.simtaly.com\/lt\/wp-json\/wp\/v2\/pages\/1182\/revisions\/3983"}],"wp:attachment":[{"href":"https:\/\/www.simtaly.com\/lt\/wp-json\/wp\/v2\/media?parent=1182"}],"curies":[{"name":"wp","href":"https:\/\/api.w.org\/{rel}","templated":true}]}}