{"id":3930,"date":"2025-11-28T12:10:16","date_gmt":"2025-11-28T12:10:16","guid":{"rendered":"https:\/\/www.simtaly.com\/?page_id=3930"},"modified":"2025-12-01T11:06:50","modified_gmt":"2025-12-01T10:06:50","slug":"chi-siamo","status":"publish","type":"page","link":"https:\/\/www.simtaly.com\/it\/chi-siamo\/","title":{"rendered":"Chi siamo"},"content":{"rendered":"<div data-elementor-type=\"wp-page\" data-elementor-id=\"3930\" class=\"elementor elementor-3930\" data-elementor-post-type=\"page\">\n\t\t\t\t<div class=\"elementor-element elementor-element-913f3fd e-flex e-con-boxed e-con e-parent\" data-id=\"913f3fd\" data-element_type=\"container\" data-settings=\"{&quot;background_background&quot;:&quot;gradient&quot;}\">\n\t\t\t\t\t<div class=\"e-con-inner\">\n\t\t\t\t<div class=\"elementor-element elementor-element-202bf3b elementor-widget elementor-widget-heading\" data-id=\"202bf3b\" data-element_type=\"widget\" data-widget_type=\"heading.default\">\n\t\t\t\t\t<h1 class=\"elementor-heading-title elementor-size-default\">Chi siamo<\/h1>\t\t\t\t<\/div>\n\t\t\t\t\t<\/div>\n\t\t\t\t<\/div>\n\t\t<div class=\"elementor-element elementor-element-9011448 e-flex e-con-boxed e-con e-parent\" data-id=\"9011448\" data-element_type=\"container\">\n\t\t\t\t\t<div class=\"e-con-inner\">\n\t\t\t\t<div class=\"elementor-element elementor-element-22ca553 elementor-widget elementor-widget-spacer\" data-id=\"22ca553\" data-element_type=\"widget\" data-widget_type=\"spacer.default\">\n\t\t\t\t\t\t\t<div class=\"elementor-spacer\">\n\t\t\t<div class=\"elementor-spacer-inner\"><\/div>\n\t\t<\/div>\n\t\t\t\t\t\t<\/div>\n\t\t\t\t\t<\/div>\n\t\t\t\t<\/div>\n\t\t<div class=\"elementor-element elementor-element-eb22c6b e-flex e-con-boxed e-con e-parent\" data-id=\"eb22c6b\" data-element_type=\"container\">\n\t\t\t\t\t<div class=\"e-con-inner\">\n\t\t\t\t<div class=\"elementor-element elementor-element-5784496 elementor-widget elementor-widget-text-editor\" data-id=\"5784496\" data-element_type=\"widget\" data-widget_type=\"text-editor.default\">\n\t\t\t\t\t\t\t\t\t<h3>Chi siamo \u2014 Simtaly Travel eSIM<\/h3><div>Simtaly \u00e8 il marchio internazionale di eSIM da viaggio di DALASON GmbH, una societ\u00e0 di telecomunicazioni autorizzata con sede a Colonia, in Germania. Dal 2007 sviluppiamo prodotti di comunicazione digitale che aiutano le persone a rimanere in contatto, sia in patria che all'estero. Oggi utilizziamo questa esperienza per fornire soluzioni eSIM affidabili e convenienti ai viaggiatori internazionali che desiderano dati mobili semplici e trasparenti mentre esplorano il mondo.<\/div><div>\u00a0<\/div><div>La nostra missione \u00e8 chiara:<\/div><div>Rendi la navigazione mobile all'estero semplice, equa e senza stress con le eSIM da viaggio prepagate e veloci che si attivano all'istante.<\/div><div>\u00a0<\/div><h3>Chi siamo<\/h3><div>DALASON GmbH \u00e8 una societ\u00e0 a responsabilit\u00e0 limitata tedesca (GmbH) con sede legale in:<\/div><div>DALASON GmbH<\/div><div>Lindenstra\u00dfe 82<\/div><div>50674 Colonia<\/div><div>Germania<\/div><div>\u00a0<\/div><div>Da molti anni operiamo nel settore delle telecomunicazioni e dell'IT, offrendo soluzioni quali la pianificazione di reti e sistemi VoIP\/telefonici virtuali basati su cloud attraverso il nostro marchio. <a href=\"http:\/\/www.wirecloud.de\" rel=\"nofollow noopener\" target=\"_blank\">WIRECLOUD<\/a>.<\/div><div>I nostri servizi <a href=\"https:\/\/www.dcalling.com\/\" rel=\"nofollow noopener\" target=\"_blank\">DCalling<\/a> e <a href=\"https:\/\/www.flatratebooster.com\" rel=\"nofollow noopener\" target=\"_blank\">FlatrateBooster<\/a> Abbiamo gi\u00e0 servito pi\u00f9 di 120.000 clienti, aiutandoli a ridurre il costo delle chiamate internazionali da cellulare.<\/div><div><span style=\"font-size: 1rem;\">Simtaly rappresenta il passo successivo: una piattaforma eSIM globale per i viaggi, basata sulla nostra profonda esperienza nella tecnologia delle telecomunicazioni, nel servizio clienti e nella comunicazione digitale.<\/span><\/div><div>\u00a0<\/div><h3>Cosa facciamo: eSIM di viaggio per una connettivit\u00e0 globale<span style=\"color: #5b5b5b; font-family: Inter, sans-serif; font-size: 1rem; font-weight: 500;\">\u00a0<\/span><\/h3><h3><span style=\"color: #5b5b5b; font-family: Inter, sans-serif; font-size: 1rem; font-weight: 500;\">Simtaly offre eSIM da viaggio e piani eSIM internazionali per i viaggiatori che desiderano una connessione Internet mobile affidabile in oltre 100 paesi, senza costi di roaming o contratti complicati.<\/span><\/h3><h4>Il nostro obiettivo:<\/h4><ul><li>Consegna immediata: ogni eSIM viene inviata via e-mail entro pochi minuti dal completamento del pagamento.<\/li><li>Piani prepagati e illimitati: pacchetti eSIM per viaggi semplici e trasparenti senza costi nascosti.<\/li><li>Attivazione facile: installazione guidata con chiare istruzioni passo passo nel nostro Centro assistenza.<\/li><li>Compatibilit\u00e0 dei dispositivi: supportiamo smartphone e tablet moderni compatibili con eSIM, come indicato nella nostra guida alla compatibilit\u00e0.<\/li><\/ul><div>Dietro ogni eSIM di viaggio Simtaly c'\u00e8 un'azienda di telecomunicazioni regolamentata con infrastrutture reali e competenze consolidate, non un rivenditore o un fornitore temporaneo. Siamo regolamentati dalla Bundesnetzagentur (Agenzia federale delle reti) tedesca.<\/div><div>\u00a0<\/div><h3>Perch\u00e9 puoi fidarti di noi<\/h3><h4>1. Oltre vent'anni di esperienza nel settore delle telecomunicazioni<\/h4><div>DALASON GmbH \u00e8 attiva dal 2007 e offre servizi di telecomunicazione collaudati per clienti privati e aziendali. La nostra esperienza pluriennale comprende soluzioni per chiamate internazionali, telefonia cloud e strumenti di connettivit\u00e0 digitale. Questo background garantisce che la tua eSIM da viaggio provenga da un'azienda che comprende veramente la qualit\u00e0 della rete, l'affidabilit\u00e0 e le aspettative dei clienti.<\/div><div>\u00a0<\/div><h4>2. Un fornitore di servizi di telecomunicazione europeo registrato e regolamentato<\/h4><ul><li>Forma giuridica: DALASON GmbH (societ\u00e0 a responsabilit\u00e0 limitata tedesca)<\/li><li>Registro delle imprese: Amtsgericht K\u00f6ln, HRB 60929<\/li><li>Partita IVA: DE255749627<\/li><\/ul><div>Siamo sottoposti alla supervisione dell'agenzia tedesca Bundesnetzagentur e siamo stati esaminati anche dall'autorit\u00e0 austriaca per le telecomunicazioni.<\/div><div>Ci\u00f2 garantisce trasparenza, conformit\u00e0 e protezione dei consumatori secondo i pi\u00f9 elevati standard europei.<\/div><div>\u00a0<\/div><h4>3. Contatto trasparente e assistenza clienti<\/h4><div><span style=\"font-size: 1rem;\">Quando hai bisogno di aiuto, ci sono persone reali a tua disposizione:<\/span><\/div><ul><li>E-mail: <a href=\"mailto:support@simtaly.com\">support@simtaly.com<\/a><\/li><li>Chat live WhatsApp: \u202a<a href=\"https:\/\/wa.me\/16505474744\" target=\"_blank\" rel=\"noopener nofollow\">+16505474744<\/a><\/li><li class=\"translation-block\"><a href=\"https:\/\/support.simtaly.com\/hc\" target=\"_blank\" rel=\"noopener\">Centro assistenza<\/a>: risoluzione dei problemi, dettagli sulla copertura, guide all'attivazione, rimborsi, pagamenti<\/li><\/ul><div>Il nostro team risponde il pi\u00f9 rapidamente possibile e sempre entro 24 ore.<\/div><div>\u00a0<\/div><h3>Incontra il management<\/h3><div><span style=\"font-size: 1rem;\">Amministratori delegati (Gesch\u00e4ftsf\u00fchrer): <\/span>Andreas Damek e Chung-U Son<\/div><ul><li class=\"translation-block\"><a href=\"https:\/\/www.linkedin.com\/in\/andreas-damek-4a09492\/?locale=en\" target=\"_blank\" rel=\"noopener\">Andreas Damek<\/a> ha un background in finanza, diritto e marketing e, prima di entrare in DALASON, ha lavorato presso Goldman Sachs e una societ\u00e0 di consulenza spin-off di McKinsey.<\/li><li><a href=\"https:\/\/www.linkedin.com\/in\/david-c-son-60ba2130\/?locale=en\" rel=\"nofollow noopener\" target=\"_blank\">Chung-U Son<\/a> Ha partecipato a diverse iniziative nel settore delle telecomunicazioni e della tecnologia a Colonia, concentrandosi sui servizi di carrier e sullo sviluppo di software.<\/li><\/ul><div>\u00a0<span style=\"font-size: 1rem;\">Insieme, combinano una profonda conoscenza nel campo delle telecomunicazioni, del software e del business.<\/span><\/div><div>Il risultato: un servizio eSIM per viaggiatori progettato con reale competenza tecnica e comprensione umana delle esigenze dei viaggiatori all'estero.<\/div><div>\u00a0<\/div><h3>La nostra promessa ai viaggiatori<\/h3><h4><span style=\"color: #000000; font-family: 'Space Grotesk', sans-serif; font-size: 1.375rem; font-style: inherit; font-weight: bold;\">Sappiamo quanto siano diventati essenziali i dati mobili, specialmente quando si viaggia:<\/span><\/h4><div>\u2022 rimanere in contatto con amici e familiari<\/div><div>\u2022 muoversi in sicurezza in citt\u00e0 sconosciute<\/div><div>\u2022 accesso a biglietti, prenotazioni alberghiere e mappe<\/div><div>\u2022 evitare costi di roaming o cercare negozi di SIM all'arrivo<\/div><div>\u00a0<\/div><h4>Ecco perch\u00e9 Simtaly \u00e8 costruito attorno a:<\/h4><div>\u2022 prezzi onesti e trasparenti per ogni eSIM di viaggio<\/div><div>\u2022 informazioni chiare su copertura, dati, velocit\u00e0 e validit\u00e0<\/div><div>\u2022 consegna immediata delle e-mail in tutto il mondo<\/div><div>\u2022 Assistenza equa e affidabile quando qualcosa non va come previsto<\/div><div>\u00a0<\/div><div class=\"translation-block\">Se la tua eSIM Simtaly non \u00e8 stata installata e cambi idea, la nostra chiara <a href=\"https:\/\/www.simtaly.com\/it\/politica-di-restituzione\/\" target=\"_self\">politica di restituzione<\/a> garantisce una cancellazione senza intoppi.<\/div><div>\u00a0<\/div><div><h5>Per ulteriori domande non esitate a contattarci:<\/h5><p><strong>E-mail:<\/strong>\u00a0<a href=\"mailto:support@simtaly.com\">support@simtaly.com<\/a><br \/><strong>Chat live WhatsApp:<\/strong>\u00a0\u202a<a href=\"https:\/\/wa.me\/16505474744\" target=\"_blank\" rel=\"noopener nofollow\">+16505474744<\/a><\/p><\/div>\t\t\t\t\t\t\t\t<\/div>\n\t\t\t\t\t<\/div>\n\t\t\t\t<\/div>\n\t\t\t\t<\/div>","protected":false},"excerpt":{"rendered":"<p>About Us About Us \u2014 Simtaly Travel eSIM Simtaly is the international travel eSIM brand of DALASON GmbH, a licensed [&hellip;]<\/p>","protected":false},"author":5,"featured_media":0,"parent":0,"menu_order":0,"comment_status":"closed","ping_status":"closed","template":"","meta":{"site-sidebar-layout":"no-sidebar","site-content-layout":"","ast-site-content-layout":"full-width-container","site-content-style":"default","site-sidebar-style":"default","ast-global-header-display":"","ast-banner-title-visibility":"","ast-main-header-display":"","ast-hfb-above-header-display":"","ast-hfb-below-header-display":"","ast-hfb-mobile-header-display":"","site-post-title":"disabled","ast-breadcrumbs-content":"","ast-featured-img":"disabled","footer-sml-layout":"","theme-transparent-header-meta":"enabled","adv-header-id-meta":"","stick-header-meta":"","header-above-stick-meta":"","header-main-stick-meta":"","header-below-stick-meta":"","astra-migrate-meta-layouts":"default","ast-page-background-enabled":"default","ast-page-background-meta":{"desktop":{"background-color":"var(--ast-global-color-5)","background-image":"","background-repeat":"repeat","background-position":"center center","background-size":"auto","background-attachment":"scroll","background-type":"","background-media":"","overlay-type":"","overlay-color":"","overlay-opacity":"","overlay-gradient":""},"tablet":{"background-color":"","background-image":"","background-repeat":"repeat","background-position":"center center","background-size":"auto","background-attachment":"scroll","background-type":"","background-media":"","overlay-type":"","overlay-color":"","overlay-opacity":"","overlay-gradient":""},"mobile":{"background-color":"","background-image":"","background-repeat":"repeat","background-position":"center center","background-size":"auto","background-attachment":"scroll","background-type":"","background-media":"","overlay-type":"","overlay-color":"","overlay-opacity":"","overlay-gradient":""}},"ast-content-background-meta":{"desktop":{"background-color":"var(--ast-global-color-4)","background-image":"","background-repeat":"repeat","background-position":"center center","background-size":"auto","background-attachment":"scroll","background-type":"","background-media":"","overlay-type":"","overlay-color":"","overlay-opacity":"","overlay-gradient":""},"tablet":{"background-color":"var(--ast-global-color-4)","background-image":"","background-repeat":"repeat","background-position":"center center","background-size":"auto","background-attachment":"scroll","background-type":"","background-media":"","overlay-type":"","overlay-color":"","overlay-opacity":"","overlay-gradient":""},"mobile":{"background-color":"var(--ast-global-color-4)","background-image":"","background-repeat":"repeat","background-position":"center center","background-size":"auto","background-attachment":"scroll","background-type":"","background-media":"","overlay-type":"","overlay-color":"","overlay-opacity":"","overlay-gradient":""}},"footnotes":""},"class_list":["post-3930","page","type-page","status-publish","hentry"],"_links":{"self":[{"href":"https:\/\/www.simtaly.com\/it\/wp-json\/wp\/v2\/pages\/3930","targetHints":{"allow":["GET"]}}],"collection":[{"href":"https:\/\/www.simtaly.com\/it\/wp-json\/wp\/v2\/pages"}],"about":[{"href":"https:\/\/www.simtaly.com\/it\/wp-json\/wp\/v2\/types\/page"}],"author":[{"embeddable":true,"href":"https:\/\/www.simtaly.com\/it\/wp-json\/wp\/v2\/users\/5"}],"replies":[{"embeddable":true,"href":"https:\/\/www.simtaly.com\/it\/wp-json\/wp\/v2\/comments?post=3930"}],"version-history":[{"count":16,"href":"https:\/\/www.simtaly.com\/it\/wp-json\/wp\/v2\/pages\/3930\/revisions"}],"predecessor-version":[{"id":3972,"href":"https:\/\/www.simtaly.com\/it\/wp-json\/wp\/v2\/pages\/3930\/revisions\/3972"}],"wp:attachment":[{"href":"https:\/\/www.simtaly.com\/it\/wp-json\/wp\/v2\/media?parent=3930"}],"curies":[{"name":"wp","href":"https:\/\/api.w.org\/{rel}","templated":true}]}}