{"id":3914,"date":"2025-11-27T15:11:57","date_gmt":"2025-11-27T15:11:57","guid":{"rendered":"https:\/\/www.simtaly.com\/?page_id=3914"},"modified":"2025-11-28T23:02:04","modified_gmt":"2025-11-28T22:02:04","slug":"szallitasi-fizetesi-politika","status":"publish","type":"page","link":"https:\/\/www.simtaly.com\/hu\/szallitasi-fizetesi-politika\/","title":{"rendered":"Sz\u00e1ll\u00edt\u00e1si \u00e9s fizet\u00e9si felt\u00e9telek"},"content":{"rendered":"<div data-elementor-type=\"wp-page\" data-elementor-id=\"3914\" class=\"elementor elementor-3914\" data-elementor-post-type=\"page\">\n\t\t\t\t<div class=\"elementor-element elementor-element-913f3fd e-flex e-con-boxed e-con e-parent\" data-id=\"913f3fd\" data-element_type=\"container\" data-settings=\"{&quot;background_background&quot;:&quot;gradient&quot;}\">\n\t\t\t\t\t<div class=\"e-con-inner\">\n\t\t\t\t<div class=\"elementor-element elementor-element-202bf3b elementor-widget elementor-widget-heading\" data-id=\"202bf3b\" data-element_type=\"widget\" data-widget_type=\"heading.default\">\n\t\t\t\t\t<h1 class=\"elementor-heading-title elementor-size-default\">Sz\u00e1ll\u00edt\u00e1si \u00e9s fizet\u00e9si felt\u00e9telek \u2013 simtaly.com<\/h1>\t\t\t\t<\/div>\n\t\t\t\t\t<\/div>\n\t\t\t\t<\/div>\n\t\t<div class=\"elementor-element elementor-element-9011448 e-flex e-con-boxed e-con e-parent\" data-id=\"9011448\" data-element_type=\"container\">\n\t\t\t\t\t<div class=\"e-con-inner\">\n\t\t\t\t<div class=\"elementor-element elementor-element-22ca553 elementor-widget elementor-widget-spacer\" data-id=\"22ca553\" data-element_type=\"widget\" data-widget_type=\"spacer.default\">\n\t\t\t\t\t\t\t<div class=\"elementor-spacer\">\n\t\t\t<div class=\"elementor-spacer-inner\"><\/div>\n\t\t<\/div>\n\t\t\t\t\t\t<\/div>\n\t\t\t\t\t<\/div>\n\t\t\t\t<\/div>\n\t\t<div class=\"elementor-element elementor-element-eb22c6b e-flex e-con-boxed e-con e-parent\" data-id=\"eb22c6b\" data-element_type=\"container\">\n\t\t\t\t\t<div class=\"e-con-inner\">\n\t\t\t\t<div class=\"elementor-element elementor-element-5784496 elementor-widget elementor-widget-text-editor\" data-id=\"5784496\" data-element_type=\"widget\" data-widget_type=\"text-editor.default\">\n\t\t\t\t\t\t\t\t\t<p>Minden digit\u00e1lis term\u00e9kre vonatkozik, bele\u00e9rtve az eSIM \u00e9s az utaz\u00e1si eSIM szolg\u00e1ltat\u00e1sokat is.<\/p><h3>1. Sz\u00e1ll\u00edt\u00e1si felt\u00e9telek<\/h3><h4>eSIM term\u00e9kek digit\u00e1lis sz\u00e1ll\u00edt\u00e1sa<\/h4><p>Minden eSIM \u00e9s utaz\u00e1si eSIM term\u00e9k digit\u00e1lisan, e-mailben ker\u00fcl kisz\u00e1ll\u00edt\u00e1sra. Nincs sz\u00fcks\u00e9g fizikai sz\u00e1ll\u00edt\u00e1sra.<\/p><h4>Sz\u00e1ll\u00edt\u00e1si id\u0151<\/h4><ul><li>Ingyenes \u00e9s azonnali sz\u00e1ll\u00edt\u00e1s a sikeres fizet\u00e9s ut\u00e1n.<\/li><li>Az eSIM automatikusan elk\u00fcld\u00e9sre ker\u00fcl a fizet\u00e9s sor\u00e1n megadott e-mail c\u00edmre.<\/li><li>A legt\u00f6bb esetben az e-mail n\u00e9h\u00e1ny percen bel\u00fcl meg\u00e9rkezik.<\/li><\/ul><h4>Fontos inform\u00e1ci\u00f3k az e-mailek k\u00e9zbes\u00edt\u00e9s\u00e9r\u0151l<\/h4><ul><li>Az \u00fcgyf\u00e9l felel\u0151s a helyes \u00e9s \u00e9rv\u00e9nyes e-mail c\u00edm megad\u00e1s\u00e1\u00e9rt az eSIM fogad\u00e1s\u00e1hoz.<\/li><li>Ha az e-mail n\u00e9h\u00e1ny percen bel\u00fcl nem \u00e9rkezik meg, k\u00e9rj\u00fck, ellen\u0151rizze a spam vagy a lev\u00e9lszem\u00e9t mapp\u00e1t.<\/li><li>Ha az eSIM e-mail 20 percen bel\u00fcl nem \u00e9rkezik meg, vegye fel a kapcsolatot az \u00fcgyf\u00e9lszolg\u00e1lattal:<br \/><a href=\"mailto:support@simtaly.com\"><strong>support@simtaly.com<\/strong><\/a><\/li><li>Az \u00fcgyf\u00e9lszolg\u00e1lat a lehet\u0151 leggyorsabban v\u00e1laszol, \u00e9s garant\u00e1lja, hogy 24 \u00f3r\u00e1n bel\u00fcl v\u00e1laszol.<\/li><\/ul><h3>2. Fizet\u00e9si felt\u00e9telek<\/h3><h4>Fizet\u00e9s feldolgoz\u00e1sa a Stripe seg\u00edts\u00e9g\u00e9vel<\/h4><p>Minden fizet\u00e9s biztons\u00e1gosan t\u00f6rt\u00e9nik a Stripe rendszeren kereszt\u00fcl. A fizet\u00e9s sor\u00e1n az \u00fcgyfelek automatikusan megtekinthetik a Stripe \u00e1ltal az adott orsz\u00e1gban t\u00e1mogatott fizet\u00e9si m\u00f3dokat. Ezek a k\u00f6vetkez\u0151k lehetnek:<\/p><ul><li>Hitelk\u00e1rty\u00e1k<\/li><li>Bet\u00e9ti k\u00e1rty\u00e1k<\/li><li>Digit\u00e1lis p\u00e9nzt\u00e1rc\u00e1k<\/li><li>Egy\u00e9b helyi fizet\u00e9si lehet\u0151s\u00e9gek<\/li><\/ul><h4>3D-Secure hiteles\u00edt\u00e9s<\/h4><p>Ha az \u00fcgyf\u00e9l hitelk\u00e1rty\u00e1ja t\u00e1mogatja a 3D-Secure funkci\u00f3t, akkor ez a hiteles\u00edt\u00e9si l\u00e9p\u00e9s k\u00f6telez\u0151, \u00e9s a tranzakci\u00f3 sor\u00e1n alkalmaz\u00e1sra ker\u00fcl.<\/p><h4>Ad\u00f3k (\u00e1fa \/ forgalmi ad\u00f3)<\/h4><ul><li>Az \u00fcgyfeleknek a fizet\u00e9s sor\u00e1n ki kell v\u00e1lasztaniuk a sz\u00e1ml\u00e1z\u00e1si orsz\u00e1got, hogy a megfelel\u0151 ad\u00f3\u00f6sszegek ker\u00fcljenek alkalmaz\u00e1sra.<\/li><li>A weboldalon felt\u00fcntetett \u00e1rak az \u00f6sszes orsz\u00e1gra vonatkoz\u00f3an tartalmazz\u00e1k az \u00e1f\u00e1t.<\/li><li>Az Egyes\u00fclt \u00c1llamokban \u00e9l\u0151 \u00fcgyfelek eset\u00e9ben a vonatkoz\u00f3 \u00e1llami vagy helyi forgalmi ad\u00f3t automatikusan kisz\u00e1m\u00edtjuk \u00e9s hozz\u00e1adjuk a fizet\u00e9s sor\u00e1n.<\/li><\/ul><h5>Ha tov\u00e1bbi k\u00e9rd\u00e9sei vannak, ne habozzon kapcsolatba l\u00e9pni vel\u00fcnk:<\/h5><p><strong>E-mail:<\/strong>\u00a0<a href=\"mailto:support@simtaly.com\">support@simtaly.com<\/a><br \/><strong>WhatsApp \u00e9l\u0151 cseveg\u00e9s:<\/strong>\u00a0\u202a<a href=\"https:\/\/wa.me\/16505474744\" target=\"_blank\" rel=\"noopener nofollow\">+16505474744<\/a><\/p>\t\t\t\t\t\t\t\t<\/div>\n\t\t\t\t<div class=\"elementor-element elementor-element-f48aae3 elementor-widget elementor-widget-spacer\" data-id=\"f48aae3\" data-element_type=\"widget\" data-widget_type=\"spacer.default\">\n\t\t\t\t\t\t\t<div class=\"elementor-spacer\">\n\t\t\t<div class=\"elementor-spacer-inner\"><\/div>\n\t\t<\/div>\n\t\t\t\t\t\t<\/div>\n\t\t\t\t\t<\/div>\n\t\t\t\t<\/div>\n\t\t\t\t<\/div>","protected":false},"excerpt":{"rendered":"<p>Shipping &amp; Payment Policy \u2013 simtaly.com Applies to all digital products, including eSIM and travel eSIM services. 1. Shipping Policy [&hellip;]<\/p>","protected":false},"author":5,"featured_media":0,"parent":0,"menu_order":0,"comment_status":"closed","ping_status":"closed","template":"","meta":{"site-sidebar-layout":"no-sidebar","site-content-layout":"","ast-site-content-layout":"full-width-container","site-content-style":"default","site-sidebar-style":"default","ast-global-header-display":"","ast-banner-title-visibility":"","ast-main-header-display":"","ast-hfb-above-header-display":"","ast-hfb-below-header-display":"","ast-hfb-mobile-header-display":"","site-post-title":"disabled","ast-breadcrumbs-content":"","ast-featured-img":"disabled","footer-sml-layout":"","theme-transparent-header-meta":"enabled","adv-header-id-meta":"","stick-header-meta":"","header-above-stick-meta":"","header-main-stick-meta":"","header-below-stick-meta":"","astra-migrate-meta-layouts":"default","ast-page-background-enabled":"default","ast-page-background-meta":{"desktop":{"background-color":"var(--ast-global-color-5)","background-image":"","background-repeat":"repeat","background-position":"center center","background-size":"auto","background-attachment":"scroll","background-type":"","background-media":"","overlay-type":"","overlay-color":"","overlay-opacity":"","overlay-gradient":""},"tablet":{"background-color":"","background-image":"","background-repeat":"repeat","background-position":"center center","background-size":"auto","background-attachment":"scroll","background-type":"","background-media":"","overlay-type":"","overlay-color":"","overlay-opacity":"","overlay-gradient":""},"mobile":{"background-color":"","background-image":"","background-repeat":"repeat","background-position":"center center","background-size":"auto","background-attachment":"scroll","background-type":"","background-media":"","overlay-type":"","overlay-color":"","overlay-opacity":"","overlay-gradient":""}},"ast-content-background-meta":{"desktop":{"background-color":"var(--ast-global-color-4)","background-image":"","background-repeat":"repeat","background-position":"center center","background-size":"auto","background-attachment":"scroll","background-type":"","background-media":"","overlay-type":"","overlay-color":"","overlay-opacity":"","overlay-gradient":""},"tablet":{"background-color":"var(--ast-global-color-4)","background-image":"","background-repeat":"repeat","background-position":"center center","background-size":"auto","background-attachment":"scroll","background-type":"","background-media":"","overlay-type":"","overlay-color":"","overlay-opacity":"","overlay-gradient":""},"mobile":{"background-color":"var(--ast-global-color-4)","background-image":"","background-repeat":"repeat","background-position":"center center","background-size":"auto","background-attachment":"scroll","background-type":"","background-media":"","overlay-type":"","overlay-color":"","overlay-opacity":"","overlay-gradient":""}},"footnotes":""},"class_list":["post-3914","page","type-page","status-publish","hentry"],"_links":{"self":[{"href":"https:\/\/www.simtaly.com\/hu\/wp-json\/wp\/v2\/pages\/3914","targetHints":{"allow":["GET"]}}],"collection":[{"href":"https:\/\/www.simtaly.com\/hu\/wp-json\/wp\/v2\/pages"}],"about":[{"href":"https:\/\/www.simtaly.com\/hu\/wp-json\/wp\/v2\/types\/page"}],"author":[{"embeddable":true,"href":"https:\/\/www.simtaly.com\/hu\/wp-json\/wp\/v2\/users\/5"}],"replies":[{"embeddable":true,"href":"https:\/\/www.simtaly.com\/hu\/wp-json\/wp\/v2\/comments?post=3914"}],"version-history":[{"count":10,"href":"https:\/\/www.simtaly.com\/hu\/wp-json\/wp\/v2\/pages\/3914\/revisions"}],"predecessor-version":[{"id":3929,"href":"https:\/\/www.simtaly.com\/hu\/wp-json\/wp\/v2\/pages\/3914\/revisions\/3929"}],"wp:attachment":[{"href":"https:\/\/www.simtaly.com\/hu\/wp-json\/wp\/v2\/media?parent=3914"}],"curies":[{"name":"wp","href":"https:\/\/api.w.org\/{rel}","templated":true}]}}