{"id":3631,"date":"2025-11-18T16:20:33","date_gmt":"2025-11-18T16:20:33","guid":{"rendered":"https:\/\/www.simtaly.com\/?page_id=3631"},"modified":"2025-11-28T22:59:19","modified_gmt":"2025-11-28T21:59:19","slug":"visszateritesi-politika","status":"publish","type":"page","link":"https:\/\/www.simtaly.com\/hu\/visszateritesi-politika\/","title":{"rendered":"Visszat\u00e9r\u00edt\u00e9si politika"},"content":{"rendered":"<div data-elementor-type=\"wp-page\" data-elementor-id=\"3631\" class=\"elementor elementor-3631\" data-elementor-post-type=\"page\">\n\t\t\t\t<div class=\"elementor-element elementor-element-913f3fd e-flex e-con-boxed e-con e-parent\" data-id=\"913f3fd\" data-element_type=\"container\" data-settings=\"{&quot;background_background&quot;:&quot;gradient&quot;}\">\n\t\t\t\t\t<div class=\"e-con-inner\">\n\t\t\t\t<div class=\"elementor-element elementor-element-202bf3b elementor-widget elementor-widget-heading\" data-id=\"202bf3b\" data-element_type=\"widget\" data-widget_type=\"heading.default\">\n\t\t\t\t\t<h1 class=\"elementor-heading-title elementor-size-default\">Visszat\u00e9r\u00edt\u00e9si politika<\/h1>\t\t\t\t<\/div>\n\t\t\t\t\t<\/div>\n\t\t\t\t<\/div>\n\t\t<div class=\"elementor-element elementor-element-9011448 e-flex e-con-boxed e-con e-parent\" data-id=\"9011448\" data-element_type=\"container\">\n\t\t\t\t\t<div class=\"e-con-inner\">\n\t\t\t\t<div class=\"elementor-element elementor-element-22ca553 elementor-widget elementor-widget-spacer\" data-id=\"22ca553\" data-element_type=\"widget\" data-widget_type=\"spacer.default\">\n\t\t\t\t\t\t\t<div class=\"elementor-spacer\">\n\t\t\t<div class=\"elementor-spacer-inner\"><\/div>\n\t\t<\/div>\n\t\t\t\t\t\t<\/div>\n\t\t\t\t\t<\/div>\n\t\t\t\t<\/div>\n\t\t<div class=\"elementor-element elementor-element-eb22c6b e-flex e-con-boxed e-con e-parent\" data-id=\"eb22c6b\" data-element_type=\"container\">\n\t\t\t\t\t<div class=\"e-con-inner\">\n\t\t\t\t<div class=\"elementor-element elementor-element-5784496 elementor-widget elementor-widget-text-editor\" data-id=\"5784496\" data-element_type=\"widget\" data-widget_type=\"text-editor.default\">\n\t\t\t\t\t\t\t\t\t<h3>Visszat\u00e9r\u00edt\u00e9sek \u00e9s lemond\u00e1sok<\/h3><p>C\u00e9lunk, hogy minden \u00fcgyfel\u00fcnk sz\u00e1m\u00e1ra z\u00f6kken\u0151mentes, megb\u00edzhat\u00f3 \u00e9s tisztess\u00e9ges \u00e9lm\u00e9nyt ny\u00fajtsunk.<\/p><h4>Milyen term\u00e9keket lehet visszat\u00e9r\u00edteni?<\/h4><p>A v\u00e1s\u00e1rl\u00e1st\u00f3l sz\u00e1m\u00edtott hat (6) h\u00f3napon bel\u00fcl k\u00e9rheti a visszat\u00e9r\u00edt\u00e9st a k\u00e9rd\u00e9seket nem tartalmaz\u00f3 garanci\u00e1nkkal mindaddig, am\u00edg az eSIM-et m\u00e9g nem aktiv\u00e1lt\u00e1k.<\/p><p>Az eSIM akkor tekinthet\u0151 aktiv\u00e1ltnak, ha el\u0151sz\u00f6r csatlakozik b\u00e1rmely t\u00e1mogatott h\u00e1l\u00f3zathoz. Az aktiv\u00e1l\u00e1s ut\u00e1n haszn\u00e1ltnak tekintend\u0151, \u00e9s \u00e1ltal\u00e1ban nem jogosult visszat\u00e9r\u00edt\u00e9sre.<\/p><p>Ha azonban az aktiv\u00e1l\u00e1s ut\u00e1n technikai probl\u00e9m\u00e1k mer\u00fclnek fel - p\u00e9ld\u00e1ul ha az eSIM nem tud csatlakozni a c\u00e9lorsz\u00e1gban t\u00e1mogatott h\u00e1l\u00f3zathoz -, kapcsolatba l\u00e9phet \u00fcgyf\u00e9lszolg\u00e1latunkkal, hogy r\u00e9szleges vagy teljes visszat\u00e9r\u00edt\u00e9st k\u00e9rjen. A probl\u00e9ma tisztess\u00e9ges megold\u00e1sa \u00e9rdek\u00e9ben sz\u00fcks\u00e9g\u00fcnk van a probl\u00e9m\u00e1t bizony\u00edt\u00f3 bizony\u00edt\u00e9kokra (p\u00e9ld\u00e1ul k\u00e9perny\u0151k\u00e9pekre, k\u00e9sz\u00fcl\u00e9kadatokra vagy hiba\u00fczenetekre). Miel\u0151tt technikai probl\u00e9m\u00e1k miatt visszat\u00e9r\u00edt\u00e9st k\u00e9rne, a probl\u00e9ma lehets\u00e9ges megold\u00e1sa \u00e9rdek\u00e9ben kapcsolatba kell l\u00e9pnie technikai t\u00e1mogat\u00f3 csapatunkkal chaten vagy e-mailben.<\/p><h4>Id\u0151keret<\/h4><p>A visszat\u00e9r\u00edt\u00e9st vagy cser\u00e9t 14 napon bel\u00fcl feldolgozzuk.<\/p><h4>Visszat\u00e9r\u00edt\u00e9si folyamat<\/h4><p>A teljes vagy r\u00e9szleges visszat\u00e9r\u00edt\u00e9s ig\u00e9nyl\u00e9s\u00e9hez k\u00e9rj\u00fck, k\u00fcldj\u00f6n egy e-mailt a support@simtaly.com c\u00edmre, amelyben k\u00e9ri a visszat\u00e9r\u00edt\u00e9st. K\u00e9rj\u00fck, adja meg a v\u00e1s\u00e1rl\u00e1s d\u00e1tum\u00e1t \u00e9s id\u0151pontj\u00e1t, valamint a v\u00e1s\u00e1rl\u00e1skor haszn\u00e1lt e-mail c\u00edmet. Ha a v\u00e1s\u00e1rl\u00e1s t\u00f6bb term\u00e9ket is tartalmazott, k\u00e9rj\u00fck, adja meg, hogy mely term\u00e9kek \u00e1r\u00e1t szeretn\u00e9 visszakapni. Ha az eSIM-et m\u00e1r aktiv\u00e1lt\u00e1k, k\u00e9rj\u00fck, csatolja a felmer\u00fclt probl\u00e9m\u00e1kat bizony\u00edt\u00f3 bizony\u00edt\u00e9kokat.<\/p><p>Minden j\u00f3v\u00e1hagyott visszat\u00e9r\u00edt\u00e9st az eredeti fizet\u00e9si m\u00f3dra utalunk. Ha a visszat\u00e9r\u00edt\u00e9st j\u00f3v\u00e1hagyj\u00e1k, az \u00e9rintett eSIM-et cser\u00e9be lekapcsolj\u00e1k.<\/p><h4>Cser\u00e9k<\/h4><p>A v\u00e1s\u00e1rl\u00e1st\u00f3l sz\u00e1m\u00edtott 6 h\u00f3napon bel\u00fcl az eSIM visszat\u00e9r\u00edthet\u0151, vagy egy m\u00e1sik, azonos \u00e1r\u00fa term\u00e9kre cser\u00e9lhet\u0151. Ha az \u00faj term\u00e9k \u00e1ra k\u00fcl\u00f6nb\u00f6zik, a t\u00falfizetett \u00f6sszeget visszat\u00e9r\u00edtj\u00fck az eredeti fizet\u00e9si m\u00f3dra, vagy a t\u00falfizetett \u00f6sszeget az \u00fcgyf\u00e9lnek kell kifizetnie az \u00faj term\u00e9k lesz\u00e1ll\u00edt\u00e1sa el\u0151tt.<\/p><h4>D\u00edjak<\/h4><p>A visszat\u00e9r\u00edt\u00e9s ig\u00e9nyl\u00e9s\u00e9\u00e9rt vagy feldolgoz\u00e1s\u00e1\u00e9rt NEM sz\u00e1m\u00edtunk fel semmilyen tov\u00e1bbi d\u00edjat.<\/p><h4>Kapcsolat<\/h4><p>C\u00e9lunk, hogy minden \u00fcgyfel\u00fcnk magabiztosnak \u00e9s gondoskod\u00f3nak \u00e9rezze mag\u00e1t. Elk\u00f6telezettek vagyunk a tisztess\u00e9ges, \u00e9sszer\u0171 kompromisszumok megk\u00f6t\u00e9se mellett, amikor csak sz\u00fcks\u00e9ges, hogy a lehet\u0151 legjobb v\u00e1s\u00e1rl\u00e1si \u00e9lm\u00e9nyt ny\u00fajtsuk. B\u00e1rmilyen k\u00e9rd\u00e9s eset\u00e9n forduljon hozz\u00e1nk e-mailben az al\u00e1bbi c\u00edmen <a href=\"mailto:support@simtaly.com\">support@simtaly.com<\/a>.<\/p><h4>Politikai friss\u00edt\u00e9sek Jogi nyilatkozat<\/h4><p>Ezt a szab\u00e1lyzatot id\u0151r\u0151l id\u0151re friss\u00edthetj\u00fck. K\u00e9rj\u00fck, a visszak\u00fcld\u00e9s kezdem\u00e9nyez\u00e9se el\u0151tt tekintse \u00e1t a legfrissebb verzi\u00f3t.<\/p><h4>Ha tov\u00e1bbi k\u00e9rd\u00e9sei vannak, ne habozzon kapcsolatba l\u00e9pni vel\u00fcnk:<\/h4><p><strong>E-mail:<\/strong> <a href=\"mailto:support@simtaly.com\">support@simtaly.com<\/a><br \/><strong>WhatsApp \u00e9l\u0151 cseveg\u00e9s:<\/strong> <a href=\"https:\/\/wa.me\/16505474744\" rel=\"nofollow noopener\" target=\"_blank\">+16505474744<\/a><\/p>\t\t\t\t\t\t\t\t<\/div>\n\t\t\t\t<div class=\"elementor-element elementor-element-f48aae3 elementor-widget elementor-widget-spacer\" data-id=\"f48aae3\" data-element_type=\"widget\" data-widget_type=\"spacer.default\">\n\t\t\t\t\t\t\t<div class=\"elementor-spacer\">\n\t\t\t<div class=\"elementor-spacer-inner\"><\/div>\n\t\t<\/div>\n\t\t\t\t\t\t<\/div>\n\t\t\t\t\t<\/div>\n\t\t\t\t<\/div>\n\t\t\t\t<\/div>","protected":false},"excerpt":{"rendered":"<p>Return Policy Refunds and Cancellations We aim to deliver a smooth, reliable, and fair experience for every customer. What products [&hellip;]<\/p>","protected":false},"author":5,"featured_media":0,"parent":0,"menu_order":0,"comment_status":"closed","ping_status":"closed","template":"","meta":{"site-sidebar-layout":"no-sidebar","site-content-layout":"","ast-site-content-layout":"full-width-container","site-content-style":"default","site-sidebar-style":"default","ast-global-header-display":"","ast-banner-title-visibility":"","ast-main-header-display":"","ast-hfb-above-header-display":"","ast-hfb-below-header-display":"","ast-hfb-mobile-header-display":"","site-post-title":"disabled","ast-breadcrumbs-content":"","ast-featured-img":"disabled","footer-sml-layout":"","theme-transparent-header-meta":"enabled","adv-header-id-meta":"","stick-header-meta":"","header-above-stick-meta":"","header-main-stick-meta":"","header-below-stick-meta":"","astra-migrate-meta-layouts":"default","ast-page-background-enabled":"default","ast-page-background-meta":{"desktop":{"background-color":"var(--ast-global-color-5)","background-image":"","background-repeat":"repeat","background-position":"center center","background-size":"auto","background-attachment":"scroll","background-type":"","background-media":"","overlay-type":"","overlay-color":"","overlay-opacity":"","overlay-gradient":""},"tablet":{"background-color":"","background-image":"","background-repeat":"repeat","background-position":"center center","background-size":"auto","background-attachment":"scroll","background-type":"","background-media":"","overlay-type":"","overlay-color":"","overlay-opacity":"","overlay-gradient":""},"mobile":{"background-color":"","background-image":"","background-repeat":"repeat","background-position":"center center","background-size":"auto","background-attachment":"scroll","background-type":"","background-media":"","overlay-type":"","overlay-color":"","overlay-opacity":"","overlay-gradient":""}},"ast-content-background-meta":{"desktop":{"background-color":"var(--ast-global-color-4)","background-image":"","background-repeat":"repeat","background-position":"center center","background-size":"auto","background-attachment":"scroll","background-type":"","background-media":"","overlay-type":"","overlay-color":"","overlay-opacity":"","overlay-gradient":""},"tablet":{"background-color":"var(--ast-global-color-4)","background-image":"","background-repeat":"repeat","background-position":"center center","background-size":"auto","background-attachment":"scroll","background-type":"","background-media":"","overlay-type":"","overlay-color":"","overlay-opacity":"","overlay-gradient":""},"mobile":{"background-color":"var(--ast-global-color-4)","background-image":"","background-repeat":"repeat","background-position":"center center","background-size":"auto","background-attachment":"scroll","background-type":"","background-media":"","overlay-type":"","overlay-color":"","overlay-opacity":"","overlay-gradient":""}},"footnotes":""},"class_list":["post-3631","page","type-page","status-publish","hentry"],"_links":{"self":[{"href":"https:\/\/www.simtaly.com\/hu\/wp-json\/wp\/v2\/pages\/3631","targetHints":{"allow":["GET"]}}],"collection":[{"href":"https:\/\/www.simtaly.com\/hu\/wp-json\/wp\/v2\/pages"}],"about":[{"href":"https:\/\/www.simtaly.com\/hu\/wp-json\/wp\/v2\/types\/page"}],"author":[{"embeddable":true,"href":"https:\/\/www.simtaly.com\/hu\/wp-json\/wp\/v2\/users\/5"}],"replies":[{"embeddable":true,"href":"https:\/\/www.simtaly.com\/hu\/wp-json\/wp\/v2\/comments?post=3631"}],"version-history":[{"count":34,"href":"https:\/\/www.simtaly.com\/hu\/wp-json\/wp\/v2\/pages\/3631\/revisions"}],"predecessor-version":[{"id":3887,"href":"https:\/\/www.simtaly.com\/hu\/wp-json\/wp\/v2\/pages\/3631\/revisions\/3887"}],"wp:attachment":[{"href":"https:\/\/www.simtaly.com\/hu\/wp-json\/wp\/v2\/media?parent=3631"}],"curies":[{"name":"wp","href":"https:\/\/api.w.org\/{rel}","templated":true}]}}