{"id":1427,"date":"2025-09-12T09:09:38","date_gmt":"2025-09-12T09:09:38","guid":{"rendered":"https:\/\/www.simtaly.com\/?page_id=1427"},"modified":"2025-11-25T13:41:06","modified_gmt":"2025-11-25T13:41:06","slug":"feltetelek-es-kikotesek","status":"publish","type":"page","link":"https:\/\/www.simtaly.com\/hu\/feltetelek-es-kikotesek\/","title":{"rendered":"Felt\u00e9telek \u00e9s felt\u00e9telek"},"content":{"rendered":"<div data-elementor-type=\"wp-page\" data-elementor-id=\"1427\" class=\"elementor elementor-1427\" data-elementor-post-type=\"page\">\n\t\t\t\t<div class=\"elementor-element elementor-element-913f3fd e-flex e-con-boxed e-con e-parent\" data-id=\"913f3fd\" data-element_type=\"container\" data-settings=\"{&quot;background_background&quot;:&quot;gradient&quot;}\">\n\t\t\t\t\t<div class=\"e-con-inner\">\n\t\t\t\t<div class=\"elementor-element elementor-element-202bf3b elementor-widget elementor-widget-heading\" data-id=\"202bf3b\" data-element_type=\"widget\" data-widget_type=\"heading.default\">\n\t\t\t\t\t<h1 class=\"elementor-heading-title elementor-size-default\">A simtaly.com \u00e1ltal\u00e1nos szerz\u0151d\u00e9si felt\u00e9telei<\/h1>\t\t\t\t<\/div>\n\t\t\t\t\t<\/div>\n\t\t\t\t<\/div>\n\t\t<div class=\"elementor-element elementor-element-9011448 e-flex e-con-boxed e-con e-parent\" data-id=\"9011448\" data-element_type=\"container\">\n\t\t\t\t\t<div class=\"e-con-inner\">\n\t\t\t\t\t<\/div>\n\t\t\t\t<\/div>\n\t\t<div class=\"elementor-element elementor-element-eb22c6b e-flex e-con-boxed e-con e-parent\" data-id=\"eb22c6b\" data-element_type=\"container\">\n\t\t\t\t\t<div class=\"e-con-inner\">\n\t\t\t\t<div class=\"elementor-element elementor-element-34920a3 elementor-widget elementor-widget-spacer\" data-id=\"34920a3\" data-element_type=\"widget\" data-widget_type=\"spacer.default\">\n\t\t\t\t\t\t\t<div class=\"elementor-spacer\">\n\t\t\t<div class=\"elementor-spacer-inner\"><\/div>\n\t\t<\/div>\n\t\t\t\t\t\t<\/div>\n\t\t\t\t<div class=\"elementor-element elementor-element-625ddaa elementor-widget elementor-widget-spacer\" data-id=\"625ddaa\" data-element_type=\"widget\" data-widget_type=\"spacer.default\">\n\t\t\t\t\t\t\t<div class=\"elementor-spacer\">\n\t\t\t<div class=\"elementor-spacer-inner\"><\/div>\n\t\t<\/div>\n\t\t\t\t\t\t<\/div>\n\t\t\t\t<div class=\"elementor-element elementor-element-5784496 elementor-widget elementor-widget-text-editor\" data-id=\"5784496\" data-element_type=\"widget\" data-widget_type=\"text-editor.default\">\n\t\t\t\t\t\t\t\t\t<div class=\"terms\" style=\"font-family: Arial, sans-serif; line-height: 1.6; color: #222;\">\n<p><strong>Utols\u00f3 friss\u00edt\u00e9s:<\/strong> 24.10.2025&nbsp;<\/p>\n<p><strong>Szolg\u00e1ltat\u00f3:<\/strong> DALASON GmbH, Lindenstr. 82, 50674 K\u00f6ln, N\u00e9metorsz\u00e1g<br><strong>E-mail:<\/strong> <a href=\"mailto:support@simtaly.com\">support@simtaly.com<\/a><br><strong>WhatsApp \u00e9l\u0151 cseveg\u00e9s:<\/strong> <a title=\"tel:16505474744\" href=\"tel:16505474744\" target=\"_blank\" rel=\"noopener noreferrer\">+16505474744<\/a><\/p>\n<h3>1. Hat\u00e1ly \u00e9s alkalmazhat\u00f3s\u00e1g<\/h3>\n<p>A jelen \u00c1ltal\u00e1nos Szerz\u0151d\u00e9si Felt\u00e9telek (\"Felt\u00e9telek\") szab\u00e1lyozz\u00e1k a DALASON GmbH (\"T\u00e1rsas\u00e1g\", \"mi\", \"minket\" vagy \"mi\u00e9nk\") \u00e1ltal \u00fczemeltetett simtaly.com weboldalon (\"Weboldal\") kereszt\u00fcl ny\u00fajtott eSIM term\u00e9kek \u00e9s kapcsol\u00f3d\u00f3 szolg\u00e1ltat\u00e1sok (\"Szolg\u00e1ltat\u00e1sok\") megv\u00e1s\u00e1rl\u00e1s\u00e1t \u00e9s haszn\u00e1lat\u00e1t.<\/p>\n<p>A Szolg\u00e1ltat\u00e1s megv\u00e1s\u00e1rl\u00e1s\u00e1val vagy haszn\u00e1lat\u00e1val \u00d6n (\"\u00dcgyf\u00e9l\", \"\u00d6n\") elfogadja, hogy a jelen Felt\u00e9telek k\u00f6telez\u0151 \u00e9rv\u00e9ny\u0171ek.<\/p>\n<p>Az \u00fcgyfeleknek legal\u00e1bb 18 \u00e9vesnek kell lenni\u00fck, \u00e9s rendelkezni\u00fck kell a k\u00f6telez\u0151 erej\u0171 szerz\u0151d\u00e9sek megk\u00f6t\u00e9s\u00e9hez sz\u00fcks\u00e9ges cselekv\u0151k\u00e9pess\u00e9ggel.<\/p>\n<h3>2. Szolg\u00e1ltat\u00e1s le\u00edr\u00e1sa<\/h3>\n<p>A Simtaly digit\u00e1lis eSIM-profilokat k\u00edn\u00e1l mobil adatcsatlakoz\u00e1shoz (\"eSIM\").<\/p>\n<p>A v\u00e1s\u00e1rl\u00e1st k\u00f6vet\u0151en az eSIM-ek elektronikusan, e-mailben ker\u00fclnek k\u00e9zbes\u00edt\u00e9sre, bele\u00e9rtve a QR-k\u00f3ddal, k\u00f6zvetlen hivatkoz\u00e1ssal (Apple-eszk\u00f6z\u00f6k) vagy k\u00e9zi konfigur\u00e1ci\u00f3val t\u00f6rt\u00e9n\u0151 telep\u00edt\u00e9si lehet\u0151s\u00e9geket.<\/p>\n<p>Az eSIM haszn\u00e1lat\u00e1hoz a k\u00f6vetkez\u0151kkel kell rendelkeznie:<\/p>\n<ul>\n<li>eSIM-kompatibilis \u00e9s feloldott k\u00e9sz\u00fcl\u00e9k, \u00e9s<\/li>\n<li>az eSIM-profilhoz enged\u00e9lyezett roaming.<\/li>\n<\/ul>\n<p>Az eSIM akkor v\u00e1lik akt\u00edvv\u00e1, amikor el\u0151sz\u00f6r csatlakozik a megv\u00e1s\u00e1rolt csomagban szerepl\u0151 t\u00e1mogatott h\u00e1l\u00f3zathoz.<\/p>\n<h3>3. Tarifat\u00edpusok \u00e9s adatfelhaszn\u00e1l\u00e1s<\/h3>\n<p>Simtaly k\u00edn\u00e1l:<\/p>\n<ul>\n<li>Korl\u00e1tlan adat\u00e1tviteli csomagok napi nagy sebess\u00e9ggel. E keret ut\u00e1n a sebess\u00e9g a meg\u00faj\u00edt\u00e1sig (24 \u00f3r\u00e1nk\u00e9nt, a kezdeti aktiv\u00e1l\u00e1si id\u0151 alapj\u00e1n) cs\u00f6kken. Az \u00fcgyfelek megv\u00e1s\u00e1rolhatj\u00e1k a Day Boost csomagokat, hogy az aktu\u00e1lis 24 \u00f3r\u00e1s id\u0151szak h\u00e1tral\u00e9v\u0151 r\u00e9sz\u00e9re vissza\u00e1ll\u00edts\u00e1k a teljes sebess\u00e9g\u0171 adatforgalmat.<\/li>\n<li>El\u0151re fizetett adatcsomagok, amelyek a fogyaszt\u00e1sig maxim\u00e1lis sebess\u00e9ggel el\u00e9rhet\u0151, r\u00f6gz\u00edtett adatmennyis\u00e9get tartalmaznak.<\/li>\n<\/ul>\n<p>A tervezetek a v\u00e1s\u00e1rl\u00e1skor megadott id\u0151tartamra \u00e9rv\u00e9nyesek.<\/p>\n<p>Nem jelent hib\u00e1t, ha bizonyos helyi h\u00e1l\u00f3zatok nem \u00e1llnak rendelkez\u00e9sre, felt\u00e9ve, hogy a c\u00e9lorsz\u00e1gban legal\u00e1bb egy h\u00e1l\u00f3zat m\u0171k\u00f6dik.<\/p>\n<h3>4. Megrendel\u00e9si folyamat \u00e9s szerz\u0151d\u00e9sk\u00f6t\u00e9s<\/h3>\n<p>A simtaly.com oldalon t\u00f6rt\u00e9n\u0151 v\u00e1s\u00e1rl\u00e1si folyamat befejez\u00e9s\u00e9vel \u00d6n k\u00f6telez\u0151 \u00e9rv\u00e9ny\u0171 aj\u00e1nlatot tesz az eSIM megv\u00e1s\u00e1rl\u00e1s\u00e1ra.<\/p>\n<p>A szerz\u0151d\u00e9s akkor j\u00f6n l\u00e9tre, amikor elektronikusan visszaigazoljuk a megrendel\u00e9s\u00e9t (e-mail visszaigazol\u00e1s).<\/p>\n<p>A v\u00e1s\u00e1rl\u00e1s befejez\u00e9s\u00e9hez a k\u00f6vetkez\u0151ket kell megadnia:<\/p>\n<ul>\n<li>az \u00d6n e-mail c\u00edme (az eSIM-k\u00fcld\u00e9shez),<\/li>\n<li>az \u00d6n mobilsz\u00e1ma, \u00e9s<\/li>\n<li>az \u00d6n aktu\u00e1lis tart\u00f3zkod\u00e1si hely\u00e9t, hogy a vonatkoz\u00f3 hozz\u00e1adott\u00e9rt\u00e9k-ad\u00f3 (H\u00c9A) helyesen ker\u00fclj\u00f6n kisz\u00e1m\u00edt\u00e1sra.<\/li>\n<\/ul>\n<h3>5. Fizet\u00e9s \u00e9s \u00e1rk\u00e9pz\u00e9s<\/h3>\n<p>A fizet\u00e9s biztons\u00e1gosan t\u00f6rt\u00e9nik a Stripe-on kereszt\u00fcl.<\/p>\n<p>Minden \u00e1r az \u00e1f\u00e1val egy\u00fctt \u00e9rtend\u0151, amelyet az \u00d6n \u00e1ltal megadott tart\u00f3zkod\u00e1si hely alapj\u00e1n sz\u00e1m\u00edtunk ki.<\/p>\n<p>Az eSIM \u00e9s a kieg\u00e9sz\u00edt\u0151 csomagok v\u00e9tel\u00e1r\u00e1n fel\u00fcl nem kell tov\u00e1bbi vagy rejtett d\u00edjakat fizetni.<\/p>\n<h3>6. Sz\u00e1ll\u00edt\u00e1s<\/h3>\n<p>Az eSIM-eket a fizet\u00e9s visszaigazol\u00e1sa ut\u00e1n azonnal digit\u00e1lisan, e-mailben k\u00e9zbes\u00edtj\u00fck.<\/p>\n<p>Az \u00fcgyf\u00e9l felel\u0151s annak biztos\u00edt\u00e1s\u00e1\u00e9rt, hogy az e-mail be\u00e1ll\u00edt\u00e1sai lehet\u0151v\u00e9 tegy\u00e9k az automatikus \u00fczenetek \u00e9s QR-k\u00f3dok fogad\u00e1s\u00e1t.<\/p>\n<h3>7. Visszat\u00e9r\u00edt\u00e9s \u00e9s lemond\u00e1s<\/h3>\n<p>A v\u00e1s\u00e1rl\u00e1st\u00f3l sz\u00e1m\u00edtott hat (6) h\u00f3napon bel\u00fcl csak akkor k\u00e9rheti a visszat\u00e9r\u00edt\u00e9st, ha az eSIM-et nem aktiv\u00e1lt\u00e1k.<\/p>\n<p>Az aktiv\u00e1l\u00e1s ut\u00e1n (azaz amikor el\u0151sz\u00f6r csatlakozik egy t\u00e1mogatott h\u00e1l\u00f3zathoz) a term\u00e9k haszn\u00e1ltnak min\u0151s\u00fcl, \u00e9s nem j\u00e1r visszat\u00e9r\u00edt\u00e9s.<\/p>\n<p>A visszat\u00e9r\u00edt\u00e9seket a v\u00e1s\u00e1rl\u00e1skor haszn\u00e1lt fizet\u00e9si m\u00f3ddal megegyez\u0151en kell feldolgozni.<\/p>\n<p>A r\u00e9szletek\u00e9rt k\u00e9rj\u00fck, olvassa el a <a href=\"https:\/\/www.simtaly.com\/hu\/visszateritesi-politika\/\" rel=\"nofollow noopener\" target=\"_blank\">Visszat\u00e9r\u00edt\u00e9si \u00e9s lemond\u00e1si szab\u00e1lyzat<\/a>.<\/p>\n<\/div>\n<div class=\"terms\" style=\"font-family: Arial, sans-serif; line-height: 1.6; color: #222;\">\n<h3>8. \u00dcgyf\u00e9lszolg\u00e1lat<\/h3>\n<p>A Simtaly c\u00e9lja az \u00fcgyfelek maxim\u00e1lis el\u00e9gedetts\u00e9ge.<\/p>\n<p>Ha el\u00e9gedetlen a term\u00e9kkel, vagy technikai neh\u00e9zs\u00e9gek mer\u00fclnek fel, b\u00e1rmikor kapcsolatba l\u00e9phet \u00fcgyf\u00e9lszolg\u00e1latunkkal az al\u00e1bbi el\u00e9rhet\u0151s\u00e9geken:<\/p>\n<ul>\n<li>E-mail:&nbsp;<a href=\"#\" class=\"simtaly-email-obfuscated\" data-email=\"ZmhjY2JlZ0BmdnpnbnlsLnBieg==\" aria-label=\"Email address (requires JavaScript)\">support@simtaly.com<\/a><noscript><span class=\"simtaly-email-noscript\">support [at] simtaly [dot] com <small>(enable JavaScript to view email)<\/small><\/span><\/noscript><\/li>\n<li>H\u00edrn\u00f6k: <a href=\"https:\/\/wa.me\/16505474744\" rel=\"nofollow noopener\" target=\"_blank\">Kattintson ide a Whatsapp cseveg\u00e9s ind\u00edt\u00e1s\u00e1hoz<\/a><\/li>\n<\/ul>\n<h3>9. Felel\u0151ss\u00e9g<\/h3>\n<p>A Szolg\u00e1ltat\u00e1st \"AZONOSAN\" \u00e9s \"K\u00c9SZENL\u00c9TESEN\" ny\u00fajtjuk, mindenf\u00e9le garancia n\u00e9lk\u00fcl.<\/p>\n<p>A DALASON GmbH a t\u00f6rv\u00e9ny \u00e1ltal megengedett legteljesebb m\u00e9rt\u00e9kben kiz\u00e1r minden felel\u0151ss\u00e9get a k\u00f6vetkez\u0151k\u00e9rt:<\/p>\n<ul>\n<li>a Szolg\u00e1ltat\u00e1s b\u00e1rmilyen megszakad\u00e1sa, el\u00e9rhetetlens\u00e9ge vagy hib\u00e1s m\u0171k\u00f6d\u00e9se,<\/li>\n<li>kompatibilit\u00e1s bizonyos eszk\u00f6z\u00f6kkel vagy szoftverekkel,<\/li>\n<li>h\u00e1l\u00f3zati teljes\u00edtm\u00e9ny vagy lefedetts\u00e9gi korl\u00e1toz\u00e1sok, \u00e9s<\/li>\n<li>k\u00f6zvetett, v\u00e9letlen vagy k\u00f6vetkezm\u00e9nyes k\u00e1rokat.<\/li>\n<\/ul>\n<p>Nem garant\u00e1ljuk a megszak\u00edt\u00e1s n\u00e9lk\u00fcli vagy hibamentes m\u0171k\u00f6d\u00e9st, \u00e9s azt sem, hogy minden h\u00e1l\u00f3zat vagy sebess\u00e9g mindig el\u00e9rhet\u0151 lesz.<\/p>\n<p>Egyes joghat\u00f3s\u00e1gok nem teszik lehet\u0151v\u00e9 az ilyen kiz\u00e1r\u00e1sokat, amely esetben a felel\u0151ss\u00e9g a t\u00f6rv\u00e9ny \u00e1ltal el\u0151\u00edrt minim\u00e1lis m\u00e9rt\u00e9kre korl\u00e1toz\u00f3dik.<\/p>\n<h3>10. Szellemi tulajdon<\/h3>\n<p>A jelen weboldalon megjelen\u0151 valamennyi v\u00e9djegy, log\u00f3 \u00e9s m\u00e1rkan\u00e9v a megfelel\u0151 tulajdonosok tulajdon\u00e1t k\u00e9pezi.<\/p>\n<p>E v\u00e9djegyek haszn\u00e1lata nem jelent semmif\u00e9le k\u00f6t\u0151d\u00e9st vagy j\u00f3v\u00e1hagy\u00e1st, kiv\u00e9ve, ha ez kifejezetten nem szerepel.<\/p>\n<h3>11. Harmadik f\u00e9l webhelyeire mutat\u00f3 linkek<\/h3>\n<p>Szolg\u00e1ltat\u00e1sunk tartalmazhat harmadik felek \u00e1ltal \u00fczemeltetett k\u00fcls\u0151 webhelyekre vagy szolg\u00e1ltat\u00e1sokra mutat\u00f3 linkeket.<\/p>\n<p>Nem rendelkez\u00fcnk ellen\u0151rz\u00e9ssel, \u00e9s nem v\u00e1llalunk felel\u0151ss\u00e9get ezek tartalm\u00e1\u00e9rt, politik\u00e1j\u00e1\u00e9rt vagy gyakorlat\u00e1\u00e9rt.<\/p>\n<p>A harmadik f\u00e9lt\u0151l sz\u00e1rmaz\u00f3 szolg\u00e1ltat\u00e1sok haszn\u00e1lata saj\u00e1t felel\u0151ss\u00e9g\u00e9re t\u00f6rt\u00e9nik.<\/p>\n<p>Javasoljuk, hogy olvassa el a megl\u00e1togatott harmadik f\u00e9l webhelyek felt\u00e9teleit \u00e9s adatv\u00e9delmi ir\u00e1nyelveit.<\/p>\n<h3>12. Joghat\u00f3s\u00e1g \u00e9s alkalmazand\u00f3 jog<\/h3>\n<p>A jelen Felt\u00e9telekre a N\u00e9metorsz\u00e1gi Sz\u00f6vets\u00e9gi K\u00f6zt\u00e1rsas\u00e1g t\u00f6rv\u00e9nyei vonatkoznak, kiv\u00e9ve a koll\u00edzi\u00f3s jogra vonatkoz\u00f3 rendelkez\u00e9seket.<\/p>\n<p>Ahol az uni\u00f3s jogszab\u00e1lyok alapj\u00e1n jogilag lehets\u00e9ges, K\u00f6ln (N\u00e9metorsz\u00e1g) a joghat\u00f3s\u00e1g helye.<\/p>\n<h3>13. Vitarendez\u00e9s<\/h3>\n<p>Ha panasza vagy vit\u00e1ja van a Szolg\u00e1ltat\u00e1ssal kapcsolatban, beleegyezik, hogy el\u0151sz\u00f6r megpr\u00f3b\u00e1lja inform\u00e1lisan megoldani azt, \u00e9s felveszi a kapcsolatot \u00fcgyf\u00e9lszolg\u00e1latunkkal.<\/p>\n<p>Ha nem siker\u00fcl megoldani a probl\u00e9m\u00e1t, \u00d6n hozz\u00e1f\u00e9rhet az uni\u00f3s online vitarendez\u00e9si platformokhoz vagy az uni\u00f3s jog szerinti alkalmazand\u00f3 fogyaszt\u00f3i v\u00e1lasztottb\u00edr\u00f3s\u00e1gi lehet\u0151s\u00e9gekhez.<\/p>\n<h3>14. Az Egyes\u00fclt \u00c1llamok t\u00f6rv\u00e9nyeinek val\u00f3 megfelel\u00e9s<\/h3>\n<p>\u00d6n kijelenti \u00e9s garant\u00e1lja, hogy:<\/p>\n<ul>\n<li>(i) \u00d6n nem tart\u00f3zkodik olyan orsz\u00e1gban, amely az Egyes\u00fclt \u00c1llamok korm\u00e1ny\u00e1nak embarg\u00f3ja alatt \u00e1ll, vagy amelyet a terrorizmus t\u00e1mogat\u00f3jak\u00e9nt tartanak nyilv\u00e1n, \u00e9s<\/li>\n<li>(ii) \u00d6n nem szerepel az Egyes\u00fclt \u00c1llamok korm\u00e1ny\u00e1nak tiltott vagy korl\u00e1toz\u00e1s al\u00e1 es\u0151 felek list\u00e1j\u00e1n.<\/li>\n<\/ul>\n<h3>15. A felt\u00e9telek m\u00f3dos\u00edt\u00e1sa<\/h3>\n<p>Fenntartjuk a jogot, hogy a jelen Felt\u00e9teleket saj\u00e1t bel\u00e1t\u00e1sunk szerint b\u00e1rmikor m\u00f3dos\u00edtsuk.<\/p>\n<p>Ha a v\u00e1ltoz\u00e1sok l\u00e9nyegesek, \u00e9sszer\u0171 er\u0151fesz\u00edt\u00e9seket tesz\u00fcnk annak \u00e9rdek\u00e9ben, hogy legal\u00e1bb 30 nappal az \u00faj Felt\u00e9telek hat\u00e1lyba l\u00e9p\u00e9se el\u0151tt \u00e9rtes\u00edt\u00e9st k\u00fcldj\u00fcnk.<\/p>\n<p>A Szolg\u00e1ltat\u00e1snak a m\u00f3dos\u00edtott Felt\u00e9telek hat\u00e1lybal\u00e9p\u00e9s\u00e9t k\u00f6vet\u0151 tov\u00e1bbi haszn\u00e1lata a m\u00f3dos\u00edt\u00e1sok elfogad\u00e1s\u00e1nak min\u0151s\u00fcl.<\/p>\n<h3>16. Elv\u00e1laszthat\u00f3s\u00e1g<\/h3>\n<p>Ha a jelen Felt\u00e9telek b\u00e1rmely rendelkez\u00e9se \u00e9rv\u00e9nytelennek vagy v\u00e9grehajthatatlannak min\u0151s\u00fcl, a fennmarad\u00f3 rendelkez\u00e9sek teljes m\u00e9rt\u00e9kben hat\u00e1lyban maradnak.<\/p>\n<h3>17. Nyelv \u00e9s els\u0151bbs\u00e9g<\/h3>\n<p>A jelen Felt\u00e9telek angol nyelven k\u00e9sz\u00fcltek.<\/p>\n<p>A m\u00e1s nyelvekre t\u00f6rt\u00e9n\u0151 ford\u00edt\u00e1sok csak a k\u00f6nnyebbs\u00e9get szolg\u00e1lj\u00e1k.<\/p>\n<p>Ellentmond\u00e1s vagy k\u00e9t\u00e9rtelm\u0171s\u00e9g eset\u00e9n az angol nyelv\u0171 v\u00e1ltozat az ir\u00e1nyad\u00f3.<\/p>\n<\/div>\n<h5><strong>Ha tov\u00e1bbi k\u00e9rd\u00e9sei vannak, ne habozzon kapcsolatba l\u00e9pni vel\u00fcnk:<\/strong><\/h5>\n<p><strong style=\"font-size: 16px;\">E-mail:<\/strong> <a style=\"font-size: 16px; background-color: #ffffff;\" href=\"mailto:support@simtaly.com\">support@simtaly.com<\/a><br><strong>WhatsApp \u00e9l\u0151 cseveg\u00e9s:<\/strong> <a title=\"tel:16505474744\" href=\"tel:16505474744\" target=\"_blank\" rel=\"noopener noreferrer\">+16505474744<\/a><\/p>\t\t\t\t\t\t\t\t<\/div>\n\t\t\t\t\t<\/div>\n\t\t\t\t<\/div>\n\t\t\t\t<\/div>","protected":false},"excerpt":{"rendered":"<p>Terms and Conditions for simtaly.com Last updated: 24.10.2025&nbsp; Provider: DALASON GmbH, Lindenstr. 82, 50674 Cologne, GermanyEmail: support@simtaly.comWhatsApp Live Chat: +16505474744 [&hellip;]<\/p>","protected":false},"author":5,"featured_media":0,"parent":0,"menu_order":0,"comment_status":"closed","ping_status":"closed","template":"","meta":{"site-sidebar-layout":"no-sidebar","site-content-layout":"","ast-site-content-layout":"full-width-container","site-content-style":"default","site-sidebar-style":"default","ast-global-header-display":"","ast-banner-title-visibility":"","ast-main-header-display":"","ast-hfb-above-header-display":"","ast-hfb-below-header-display":"","ast-hfb-mobile-header-display":"","site-post-title":"disabled","ast-breadcrumbs-content":"","ast-featured-img":"disabled","footer-sml-layout":"","theme-transparent-header-meta":"enabled","adv-header-id-meta":"","stick-header-meta":"","header-above-stick-meta":"","header-main-stick-meta":"","header-below-stick-meta":"","astra-migrate-meta-layouts":"default","ast-page-background-enabled":"default","ast-page-background-meta":{"desktop":{"background-color":"var(--ast-global-color-5)","background-image":"","background-repeat":"repeat","background-position":"center center","background-size":"auto","background-attachment":"scroll","background-type":"","background-media":"","overlay-type":"","overlay-color":"","overlay-opacity":"","overlay-gradient":""},"tablet":{"background-color":"","background-image":"","background-repeat":"repeat","background-position":"center center","background-size":"auto","background-attachment":"scroll","background-type":"","background-media":"","overlay-type":"","overlay-color":"","overlay-opacity":"","overlay-gradient":""},"mobile":{"background-color":"","background-image":"","background-repeat":"repeat","background-position":"center center","background-size":"auto","background-attachment":"scroll","background-type":"","background-media":"","overlay-type":"","overlay-color":"","overlay-opacity":"","overlay-gradient":""}},"ast-content-background-meta":{"desktop":{"background-color":"var(--ast-global-color-4)","background-image":"","background-repeat":"repeat","background-position":"center center","background-size":"auto","background-attachment":"scroll","background-type":"","background-media":"","overlay-type":"","overlay-color":"","overlay-opacity":"","overlay-gradient":""},"tablet":{"background-color":"var(--ast-global-color-4)","background-image":"","background-repeat":"repeat","background-position":"center center","background-size":"auto","background-attachment":"scroll","background-type":"","background-media":"","overlay-type":"","overlay-color":"","overlay-opacity":"","overlay-gradient":""},"mobile":{"background-color":"var(--ast-global-color-4)","background-image":"","background-repeat":"repeat","background-position":"center center","background-size":"auto","background-attachment":"scroll","background-type":"","background-media":"","overlay-type":"","overlay-color":"","overlay-opacity":"","overlay-gradient":""}},"footnotes":""},"class_list":["post-1427","page","type-page","status-publish","hentry"],"_links":{"self":[{"href":"https:\/\/www.simtaly.com\/hu\/wp-json\/wp\/v2\/pages\/1427","targetHints":{"allow":["GET"]}}],"collection":[{"href":"https:\/\/www.simtaly.com\/hu\/wp-json\/wp\/v2\/pages"}],"about":[{"href":"https:\/\/www.simtaly.com\/hu\/wp-json\/wp\/v2\/types\/page"}],"author":[{"embeddable":true,"href":"https:\/\/www.simtaly.com\/hu\/wp-json\/wp\/v2\/users\/5"}],"replies":[{"embeddable":true,"href":"https:\/\/www.simtaly.com\/hu\/wp-json\/wp\/v2\/comments?post=1427"}],"version-history":[{"count":46,"href":"https:\/\/www.simtaly.com\/hu\/wp-json\/wp\/v2\/pages\/1427\/revisions"}],"predecessor-version":[{"id":3770,"href":"https:\/\/www.simtaly.com\/hu\/wp-json\/wp\/v2\/pages\/1427\/revisions\/3770"}],"wp:attachment":[{"href":"https:\/\/www.simtaly.com\/hu\/wp-json\/wp\/v2\/media?parent=1427"}],"curies":[{"name":"wp","href":"https:\/\/api.w.org\/{rel}","templated":true}]}}