{"id":3631,"date":"2025-11-18T16:20:33","date_gmt":"2025-11-18T16:20:33","guid":{"rendered":"https:\/\/www.simtaly.com\/?page_id=3631"},"modified":"2025-11-28T22:59:19","modified_gmt":"2025-11-28T21:59:19","slug":"politique-de-retour","status":"publish","type":"page","link":"https:\/\/www.simtaly.com\/fr\/politique-de-retour\/","title":{"rendered":"Politique de retour"},"content":{"rendered":"<div data-elementor-type=\"wp-page\" data-elementor-id=\"3631\" class=\"elementor elementor-3631\" data-elementor-post-type=\"page\">\n\t\t\t\t<div class=\"elementor-element elementor-element-913f3fd e-flex e-con-boxed e-con e-parent\" data-id=\"913f3fd\" data-element_type=\"container\" data-settings=\"{&quot;background_background&quot;:&quot;gradient&quot;}\">\n\t\t\t\t\t<div class=\"e-con-inner\">\n\t\t\t\t<div class=\"elementor-element elementor-element-202bf3b elementor-widget elementor-widget-heading\" data-id=\"202bf3b\" data-element_type=\"widget\" data-widget_type=\"heading.default\">\n\t\t\t\t\t<h1 class=\"elementor-heading-title elementor-size-default\">Politique de retour<\/h1>\t\t\t\t<\/div>\n\t\t\t\t\t<\/div>\n\t\t\t\t<\/div>\n\t\t<div class=\"elementor-element elementor-element-9011448 e-flex e-con-boxed e-con e-parent\" data-id=\"9011448\" data-element_type=\"container\">\n\t\t\t\t\t<div class=\"e-con-inner\">\n\t\t\t\t<div class=\"elementor-element elementor-element-22ca553 elementor-widget elementor-widget-spacer\" data-id=\"22ca553\" data-element_type=\"widget\" data-widget_type=\"spacer.default\">\n\t\t\t\t\t\t\t<div class=\"elementor-spacer\">\n\t\t\t<div class=\"elementor-spacer-inner\"><\/div>\n\t\t<\/div>\n\t\t\t\t\t\t<\/div>\n\t\t\t\t\t<\/div>\n\t\t\t\t<\/div>\n\t\t<div class=\"elementor-element elementor-element-eb22c6b e-flex e-con-boxed e-con e-parent\" data-id=\"eb22c6b\" data-element_type=\"container\">\n\t\t\t\t\t<div class=\"e-con-inner\">\n\t\t\t\t<div class=\"elementor-element elementor-element-5784496 elementor-widget elementor-widget-text-editor\" data-id=\"5784496\" data-element_type=\"widget\" data-widget_type=\"text-editor.default\">\n\t\t\t\t\t\t\t\t\t<h3>Remboursements et annulations<\/h3><p>Notre objectif est d'offrir \u00e0 chaque client une exp\u00e9rience fluide, fiable et \u00e9quitable.<\/p><h4>Quels sont les produits qui peuvent \u00eatre rembours\u00e9s ?<\/h4><p>Vous pouvez demander un remboursement dans les six (6) mois suivant l'achat avec notre garantie sans question, tant que la carte eSIM n'a pas \u00e9t\u00e9 activ\u00e9e.<\/p><p>Une eSIM est consid\u00e9r\u00e9e comme activ\u00e9e lorsqu'elle se connecte pour la premi\u00e8re fois \u00e0 un r\u00e9seau pris en charge. Apr\u00e8s l'activation, elle est consid\u00e9r\u00e9e comme utilis\u00e9e et ne peut normalement pas faire l'objet d'un remboursement.<\/p><p>Toutefois, si vous rencontrez des probl\u00e8mes techniques apr\u00e8s l'activation - par exemple, si la carte eSIM ne peut pas se connecter au r\u00e9seau pris en charge dans votre pays de destination - vous pouvez contacter notre \u00e9quipe d'assistance pour demander un remboursement partiel ou total. Pour nous aider \u00e0 r\u00e9soudre le probl\u00e8me de mani\u00e8re \u00e9quitable, nous avons besoin de preuves d\u00e9montrant le probl\u00e8me (telles que des captures d'\u00e9cran, des informations sur l'appareil ou des messages d'erreur). Avant de demander un remboursement en raison de probl\u00e8mes techniques, il est n\u00e9cessaire de contacter notre \u00e9quipe d'assistance technique par chat ou par courrier \u00e9lectronique afin de r\u00e9soudre le probl\u00e8me.<\/p><h4>Cadre temporel<\/h4><p>Votre remboursement ou \u00e9change sera trait\u00e9 dans les 14 jours.<\/p><h4>Proc\u00e9dure de remboursement<\/h4><p>Pour demander un remboursement total ou partiel, veuillez envoyer un courriel \u00e0 support@simtaly.com pour demander le remboursement. Veuillez indiquer la date et l'heure de l'achat ainsi que l'adresse \u00e9lectronique utilis\u00e9e lors de l'achat. Si l'achat comprend plus d'un produit, veuillez indiquer les produits que vous souhaitez voir rembours\u00e9s. Si la carte eSIM a d\u00e9j\u00e0 \u00e9t\u00e9 activ\u00e9e, veuillez ajouter des preuves d\u00e9montrant les probl\u00e8mes rencontr\u00e9s.<\/p><p>Tous les remboursements approuv\u00e9s seront effectu\u00e9s selon la m\u00e9thode de paiement initiale. Si un remboursement est approuv\u00e9, la carte eSIM concern\u00e9e sera d\u00e9connect\u00e9e en retour.<\/p><h4>\u00c9changes<\/h4><p>Dans les 6 mois suivant l'achat, la carte eSIM peut \u00eatre rembours\u00e9e ou \u00e9chang\u00e9e contre un autre produit du m\u00eame prix. S'il y a une diff\u00e9rence de prix avec le nouveau produit, le montant pay\u00e9 en trop sera rembours\u00e9 selon la m\u00e9thode de paiement originale ou tout montant pay\u00e9 en moins devra \u00eatre pay\u00e9 par le client avant la livraison du nouveau produit.<\/p><h4>Honoraires<\/h4><p>Nous ne facturons PAS de frais suppl\u00e9mentaires pour la demande ou le traitement du remboursement.<\/p><h4>Contact<\/h4><p>Notre objectif est de faire en sorte que chaque client se sente en confiance et bien trait\u00e9. Nous nous engageons \u00e0 faire des compromis justes et raisonnables chaque fois que cela est n\u00e9cessaire pour offrir la meilleure exp\u00e9rience d'achat possible. Pour toute question, contactez-nous par courrier \u00e9lectronique \u00e0 l'adresse suivante <a href=\"mailto:support@simtaly.com\">support@simtaly.com<\/a>.<\/p><h4>Mises \u00e0 jour de la politique Clause de non-responsabilit\u00e9<\/h4><p>Nous pouvons mettre \u00e0 jour cette politique de temps \u00e0 autre. Veuillez consulter la derni\u00e8re version avant d'effectuer un retour.<\/p><h4>Si vous avez d'autres questions, n'h\u00e9sitez pas \u00e0 nous contacter :<\/h4><p><strong>Courriel :<\/strong> <a href=\"mailto:support@simtaly.com\">support@simtaly.com<\/a><br \/><strong>Chat en direct WhatsApp :<\/strong> <a href=\"https:\/\/wa.me\/16505474744\" rel=\"nofollow noopener\" target=\"_blank\">+16505474744<\/a><\/p>\t\t\t\t\t\t\t\t<\/div>\n\t\t\t\t<div class=\"elementor-element elementor-element-f48aae3 elementor-widget elementor-widget-spacer\" data-id=\"f48aae3\" data-element_type=\"widget\" data-widget_type=\"spacer.default\">\n\t\t\t\t\t\t\t<div class=\"elementor-spacer\">\n\t\t\t<div class=\"elementor-spacer-inner\"><\/div>\n\t\t<\/div>\n\t\t\t\t\t\t<\/div>\n\t\t\t\t\t<\/div>\n\t\t\t\t<\/div>\n\t\t\t\t<\/div>","protected":false},"excerpt":{"rendered":"<p>Return Policy Refunds and Cancellations We aim to deliver a smooth, reliable, and fair experience for every customer. What products [&hellip;]<\/p>","protected":false},"author":5,"featured_media":0,"parent":0,"menu_order":0,"comment_status":"closed","ping_status":"closed","template":"","meta":{"site-sidebar-layout":"no-sidebar","site-content-layout":"","ast-site-content-layout":"full-width-container","site-content-style":"default","site-sidebar-style":"default","ast-global-header-display":"","ast-banner-title-visibility":"","ast-main-header-display":"","ast-hfb-above-header-display":"","ast-hfb-below-header-display":"","ast-hfb-mobile-header-display":"","site-post-title":"disabled","ast-breadcrumbs-content":"","ast-featured-img":"disabled","footer-sml-layout":"","theme-transparent-header-meta":"enabled","adv-header-id-meta":"","stick-header-meta":"","header-above-stick-meta":"","header-main-stick-meta":"","header-below-stick-meta":"","astra-migrate-meta-layouts":"default","ast-page-background-enabled":"default","ast-page-background-meta":{"desktop":{"background-color":"var(--ast-global-color-5)","background-image":"","background-repeat":"repeat","background-position":"center center","background-size":"auto","background-attachment":"scroll","background-type":"","background-media":"","overlay-type":"","overlay-color":"","overlay-opacity":"","overlay-gradient":""},"tablet":{"background-color":"","background-image":"","background-repeat":"repeat","background-position":"center center","background-size":"auto","background-attachment":"scroll","background-type":"","background-media":"","overlay-type":"","overlay-color":"","overlay-opacity":"","overlay-gradient":""},"mobile":{"background-color":"","background-image":"","background-repeat":"repeat","background-position":"center center","background-size":"auto","background-attachment":"scroll","background-type":"","background-media":"","overlay-type":"","overlay-color":"","overlay-opacity":"","overlay-gradient":""}},"ast-content-background-meta":{"desktop":{"background-color":"var(--ast-global-color-4)","background-image":"","background-repeat":"repeat","background-position":"center center","background-size":"auto","background-attachment":"scroll","background-type":"","background-media":"","overlay-type":"","overlay-color":"","overlay-opacity":"","overlay-gradient":""},"tablet":{"background-color":"var(--ast-global-color-4)","background-image":"","background-repeat":"repeat","background-position":"center center","background-size":"auto","background-attachment":"scroll","background-type":"","background-media":"","overlay-type":"","overlay-color":"","overlay-opacity":"","overlay-gradient":""},"mobile":{"background-color":"var(--ast-global-color-4)","background-image":"","background-repeat":"repeat","background-position":"center center","background-size":"auto","background-attachment":"scroll","background-type":"","background-media":"","overlay-type":"","overlay-color":"","overlay-opacity":"","overlay-gradient":""}},"footnotes":""},"class_list":["post-3631","page","type-page","status-publish","hentry"],"_links":{"self":[{"href":"https:\/\/www.simtaly.com\/fr\/wp-json\/wp\/v2\/pages\/3631","targetHints":{"allow":["GET"]}}],"collection":[{"href":"https:\/\/www.simtaly.com\/fr\/wp-json\/wp\/v2\/pages"}],"about":[{"href":"https:\/\/www.simtaly.com\/fr\/wp-json\/wp\/v2\/types\/page"}],"author":[{"embeddable":true,"href":"https:\/\/www.simtaly.com\/fr\/wp-json\/wp\/v2\/users\/5"}],"replies":[{"embeddable":true,"href":"https:\/\/www.simtaly.com\/fr\/wp-json\/wp\/v2\/comments?post=3631"}],"version-history":[{"count":34,"href":"https:\/\/www.simtaly.com\/fr\/wp-json\/wp\/v2\/pages\/3631\/revisions"}],"predecessor-version":[{"id":3887,"href":"https:\/\/www.simtaly.com\/fr\/wp-json\/wp\/v2\/pages\/3631\/revisions\/3887"}],"wp:attachment":[{"href":"https:\/\/www.simtaly.com\/fr\/wp-json\/wp\/v2\/media?parent=3631"}],"curies":[{"name":"wp","href":"https:\/\/api.w.org\/{rel}","templated":true}]}}