{"id":3930,"date":"2025-11-28T12:10:16","date_gmt":"2025-11-28T12:10:16","guid":{"rendered":"https:\/\/www.simtaly.com\/?page_id=3930"},"modified":"2025-12-01T11:06:50","modified_gmt":"2025-12-01T10:06:50","slug":"meista","status":"publish","type":"page","link":"https:\/\/www.simtaly.com\/fi\/meista\/","title":{"rendered":"Meist\u00e4"},"content":{"rendered":"<div data-elementor-type=\"wp-page\" data-elementor-id=\"3930\" class=\"elementor elementor-3930\" data-elementor-post-type=\"page\">\n\t\t\t\t<div class=\"elementor-element elementor-element-913f3fd e-flex e-con-boxed e-con e-parent\" data-id=\"913f3fd\" data-element_type=\"container\" data-settings=\"{&quot;background_background&quot;:&quot;gradient&quot;}\">\n\t\t\t\t\t<div class=\"e-con-inner\">\n\t\t\t\t<div class=\"elementor-element elementor-element-202bf3b elementor-widget elementor-widget-heading\" data-id=\"202bf3b\" data-element_type=\"widget\" data-widget_type=\"heading.default\">\n\t\t\t\t\t<h1 class=\"elementor-heading-title elementor-size-default\">Meist\u00e4<\/h1>\t\t\t\t<\/div>\n\t\t\t\t\t<\/div>\n\t\t\t\t<\/div>\n\t\t<div class=\"elementor-element elementor-element-9011448 e-flex e-con-boxed e-con e-parent\" data-id=\"9011448\" data-element_type=\"container\">\n\t\t\t\t\t<div class=\"e-con-inner\">\n\t\t\t\t<div class=\"elementor-element elementor-element-22ca553 elementor-widget elementor-widget-spacer\" data-id=\"22ca553\" data-element_type=\"widget\" data-widget_type=\"spacer.default\">\n\t\t\t\t\t\t\t<div class=\"elementor-spacer\">\n\t\t\t<div class=\"elementor-spacer-inner\"><\/div>\n\t\t<\/div>\n\t\t\t\t\t\t<\/div>\n\t\t\t\t\t<\/div>\n\t\t\t\t<\/div>\n\t\t<div class=\"elementor-element elementor-element-eb22c6b e-flex e-con-boxed e-con e-parent\" data-id=\"eb22c6b\" data-element_type=\"container\">\n\t\t\t\t\t<div class=\"e-con-inner\">\n\t\t\t\t<div class=\"elementor-element elementor-element-5784496 elementor-widget elementor-widget-text-editor\" data-id=\"5784496\" data-element_type=\"widget\" data-widget_type=\"text-editor.default\">\n\t\t\t\t\t\t\t\t\t<h3>Meist\u00e4 \u2014 Simtaly Travel eSIM<\/h3><div>Simtaly on DALASON GmbH:n kansainv\u00e4linen eSIM-matkailubr\u00e4ndi. DALASON GmbH on lisensoitu televiestint\u00e4yritys, jonka p\u00e4\u00e4konttori sijaitsee K\u00f6lniss\u00e4, Saksassa. Vuodesta 2007 l\u00e4htien olemme kehitt\u00e4neet digitaalisia viestint\u00e4tuotteita, jotka auttavat ihmisi\u00e4 pysym\u00e4\u00e4n yhteydess\u00e4 toisiinsa sek\u00e4 kotimaassa ett\u00e4 ulkomailla. Nyky\u00e4\u00e4n hy\u00f6dynn\u00e4mme t\u00e4t\u00e4 osaamista tarjotaksemme luotettavia ja edullisia eSIM-ratkaisuja kansainv\u00e4lisille matkailijoille, jotka haluavat yksinkertaista ja l\u00e4pin\u00e4kyv\u00e4\u00e4 mobiilidataa maailmaa tutkiessaan.<\/div><div>\u00a0<\/div><div>Teht\u00e4v\u00e4mme on selke\u00e4:<\/div><div>Tee mobiilidatan k\u00e4yt\u00f6st\u00e4 ulkomailla helppoa, reilua ja stressit\u00f6nt\u00e4 nopeilla, heti aktivoituvilla prepaid-matka-eSIM-korteilla.<\/div><div>\u00a0<\/div><h3>Keit\u00e4 me olemme<\/h3><div>DALASON GmbH on saksalainen osakeyhti\u00f6 (GmbH), jonka p\u00e4\u00e4konttori sijaitsee osoitteessa:<\/div><div>DALASON GmbH<\/div><div>Lindenstra\u00dfe 82<\/div><div>50674 K\u00f6ln<\/div><div>Saksa<\/div><div>\u00a0<\/div><div>Olemme toimineet jo vuosia televiestinn\u00e4n ja IT-alalla tarjoamalla ratkaisuja, kuten verkkojen suunnittelua ja pilvipohjaisia VoIP-\/virtuaalipuhelinj\u00e4rjestelmi\u00e4 br\u00e4ndimme kautta. <a href=\"http:\/\/www.wirecloud.de\" rel=\"nofollow noopener\" target=\"_blank\">WIRECLOUD<\/a>.<\/div><div>Palvelumme <a href=\"https:\/\/www.dcalling.com\/\" rel=\"nofollow noopener\" target=\"_blank\">DCalling<\/a> ja <a href=\"https:\/\/www.flatratebooster.com\" rel=\"nofollow noopener\" target=\"_blank\">FlatrateBooster<\/a> ovat jo palvelleet yli 120 000 asiakasta auttamalla heit\u00e4 v\u00e4hent\u00e4m\u00e4\u00e4n kansainv\u00e4listen matkapuhelupuhelujen kustannuksia.<\/div><div><span style=\"font-size: 1rem;\">Simtaly edustaa seuraavaa askelta: globaali matkailun eSIM-alusta, joka perustuu syv\u00e4lliseen kokemukseemme televiestint\u00e4tekniikasta, asiakaspalvelusta ja digitaalisesta viestinn\u00e4st\u00e4.<\/span><\/div><div>\u00a0<\/div><h3>Mit\u00e4 teemme: Matkailun eSIM-kortit globaaliin yhteyteen<span style=\"color: #5b5b5b; font-family: Inter, sans-serif; font-size: 1rem; font-weight: 500;\">\u00a0<\/span><\/h3><h3><span style=\"color: #5b5b5b; font-family: Inter, sans-serif; font-size: 1rem; font-weight: 500;\">Simtaly tarjoaa matkailijoille eSIM-matkapuhelinkortteja ja kansainv\u00e4lisi\u00e4 eSIM-liittymi\u00e4, jotka haluavat luotettavan mobiilin internetyhteyden yli 100 maassa \u2013 ilman roaming-maksuja tai monimutkaisia sopimuksia.<\/span><\/h3><h4>Keskitymme:<\/h4><ul><li>V\u00e4lit\u00f6n toimitus: Jokainen eSIM l\u00e4hetet\u00e4\u00e4n s\u00e4hk\u00f6postitse muutaman minuutin kuluttua maksun onnistumisesta.<\/li><li>Prepaid- ja rajoittamattomat paketit: Yksinkertaiset, l\u00e4pin\u00e4kyv\u00e4t eSIM-matkapaketit ilman piilokuluja.<\/li><li>Helppo aktivointi: Ohjattu asennus selkeill\u00e4 vaiheittaisilla ohjeilla tukikeskuksessamme.<\/li><li>Laitteiden yhteensopivuus: Tuemme moderneja eSIM-yhteensopivia \u00e4lypuhelimia ja tabletteja, jotka on lueteltu yhteensopivuusoppaassamme.<\/li><\/ul><div>Jokaisen Simtaly-matka-eSIM-kortin takana on s\u00e4\u00e4nnelty teleyritys, jolla on todellinen infrastruktuuri ja pitk\u00e4aikainen asiantuntemus \u2013 ei j\u00e4lleenmyyj\u00e4 tai v\u00e4liaikainen palveluntarjoaja. Meit\u00e4 s\u00e4\u00e4ntelee Saksan Bundesnetzagentur (liittovaltion verkkoalan virasto).<\/div><div>\u00a0<\/div><h3>Miksi voit luottaa meihin<\/h3><h4>1. Yli kahden vuosikymmenen kokemus televiestinn\u00e4n alalta<\/h4><div>DALASON GmbH on toiminut vuodesta 2007 l\u00e4htien ja tarjoaa luotettavia televiestint\u00e4palveluja yksityis- ja yritysasiakkaille. Pitk\u00e4aikainen kokemuksemme kattaa kansainv\u00e4liset puhelinratkaisut, pilvipuhelinpalvelut ja digitaaliset yhteysty\u00f6kalut. T\u00e4m\u00e4n taustan ansiosta voit olla varma, ett\u00e4 matkasi eSIM-kortti on per\u00e4isin yritykselt\u00e4, joka todella ymm\u00e4rt\u00e4\u00e4 verkon laatua, luotettavuutta ja asiakkaiden odotuksia.<\/div><div>\u00a0<\/div><h4>2. Rekister\u00f6ity ja s\u00e4\u00e4nnelty eurooppalainen teleoperaattori<\/h4><ul><li>Oikeudellinen muoto: DALASON GmbH (saksalainen GmbH)<\/li><li>Kaupparekisteri: Amtsgericht K\u00f6ln, HRB 60929<\/li><li>ALV-tunnus: DE255749627<\/li><\/ul><div>Meit\u00e4 valvoo Saksan Bundesnetzagentur, ja my\u00f6s It\u00e4vallan televiestint\u00e4viranomainen on tarkastanut toimintamme.<\/div><div>T\u00e4m\u00e4 takaa l\u00e4pin\u00e4kyvyyden, s\u00e4\u00e4nn\u00f6sten noudattamisen ja kuluttajansuojan Euroopan korkeimpien standardien mukaisesti.<\/div><div>\u00a0<\/div><h4>3. L\u00e4pin\u00e4kyv\u00e4 yhteydenpito ja asiakastuki<\/h4><div><span style=\"font-size: 1rem;\">Oikeat ihmiset ovat k\u00e4ytett\u00e4viss\u00e4si, kun tarvitset apua:<\/span><\/div><ul><li>S\u00e4hk\u00f6posti: <a href=\"mailto:support@simtaly.com\">support@simtaly.com<\/a><\/li><li>WhatsApp-livechat: \u202a<a href=\"https:\/\/wa.me\/16505474744\" target=\"_blank\" rel=\"noopener nofollow\">+16505474744<\/a><\/li><li class=\"translation-block\"><a href=\"https:\/\/support.simtaly.com\/hc\" target=\"_blank\" rel=\"noopener\">Ohjekeskus<\/a>: vianm\u00e4\u00e4ritys, kattavuustiedot, aktivointiohjeet, hyvitykset, maksut<\/li><\/ul><div>Tiimimme vastaa mahdollisimman nopeasti ja aina 24 tunnin kuluessa.<\/div><div>\u00a0<\/div><h3>Tapaa johto<\/h3><div><span style=\"font-size: 1rem;\">Toimitusjohtajat (Gesch\u00e4ftsf\u00fchrer): <\/span>Andreas Damek ja Chung-U Son<\/div><ul><li class=\"translation-block\"><a href=\"https:\/\/www.linkedin.com\/in\/andreas-damek-4a09492\/?locale=en\" target=\"_blank\" rel=\"noopener\">Andreas Damek<\/a> on koulutukseltaan rahoitus-, laki- ja markkinointialan ammattilainen, joka on ty\u00f6skennellyt Goldman Sachsilla ja McKinsey-konsulttiyrityksen spin-off-yrityksess\u00e4 ennen siirtymist\u00e4\u00e4n DALASONiin.<\/li><li><a href=\"https:\/\/www.linkedin.com\/in\/david-c-son-60ba2130\/?locale=en\" rel=\"nofollow noopener\" target=\"_blank\">Chung-U Son<\/a> on osallistunut useisiin televiestint\u00e4- ja teknologiayrityksiin K\u00f6lniss\u00e4, keskittyen operaattoripalveluihin ja ohjelmistokehitykseen.<\/li><\/ul><div>\u00a0<span style=\"font-size: 1rem;\">Yhdess\u00e4 he yhdist\u00e4v\u00e4t syv\u00e4llisen tietoliikenne-, ohjelmisto- ja liiketoimintaosaamisen.<\/span><\/div><div>Tuloksena on matkailijoille tarkoitettu eSIM-palvelu, joka on kehitetty todellisella teknisell\u00e4 osaamisella ja ihmisten ymm\u00e4rryksell\u00e4 siit\u00e4, mit\u00e4 matkailijat tarvitsevat ulkomailla.<\/div><div>\u00a0<\/div><h3>Lupauksemme matkailijoille<\/h3><h4><span style=\"color: #000000; font-family: 'Space Grotesk', sans-serif; font-size: 1.375rem; font-style: inherit; font-weight: bold;\">Tied\u00e4mme, kuinka t\u00e4rke\u00e4ksi mobiilidata on tullut \u2013 etenkin matkoilla:<\/span><\/h4><div>\u2022 pysy\u00e4 yhteydess\u00e4 yst\u00e4viin ja perheeseen<\/div><div>\u2022 turvallinen liikkuminen vieraissa kaupungeissa<\/div><div>\u2022 lippujen, hotellivarauksien ja karttojen k\u00e4ytt\u00f6<\/div><div>\u2022 v\u00e4ltt\u00e4\u00e4 roaming-maksuja tai SIM-korttikauppojen etsimist\u00e4 saapumisen j\u00e4lkeen<\/div><div>\u00a0<\/div><h4>Siksi Simtaly on rakennettu seuraavien periaatteiden ymp\u00e4rille:<\/h4><div>\u2022 rehellinen, l\u00e4pin\u00e4kyv\u00e4 hinnoittelu jokaiselle matka-eSIM-kortille<\/div><div>\u2022 selke\u00e4t tiedot kattavuudesta, tiedoista, nopeudesta ja voimassaolosta<\/div><div>\u2022 v\u00e4lit\u00f6n s\u00e4hk\u00f6postin toimitus maailmanlaajuisesti<\/div><div>\u2022 reilua ja luotettavaa tukea, kun asiat eiv\u00e4t suju suunnitelmien mukaan<\/div><div>\u00a0<\/div><div class=\"translation-block\">Jos Simtaly eSIM-korttia ei ole viel\u00e4 asennettu ja muutat mielesi, selke\u00e4 <a href=\"https:\/\/www.simtaly.com\/fi\/palautusehdot\/\" target=\"_self\">palautusk\u00e4yt\u00e4nt\u00f6mme<\/a> takaa sujuvan peruutuksen.<\/div><div>\u00a0<\/div><div><h5>Jos sinulla on lis\u00e4kysymyksi\u00e4, ota meihin yhteytt\u00e4:<\/h5><p><strong>S\u00e4hk\u00f6posti:<\/strong>\u00a0<a href=\"mailto:support@simtaly.com\">support@simtaly.com<\/a><br \/><strong>WhatsApp-livechat:<\/strong>\u00a0\u202a<a href=\"https:\/\/wa.me\/16505474744\" target=\"_blank\" rel=\"noopener nofollow\">+16505474744<\/a><\/p><\/div>\t\t\t\t\t\t\t\t<\/div>\n\t\t\t\t\t<\/div>\n\t\t\t\t<\/div>\n\t\t\t\t<\/div>","protected":false},"excerpt":{"rendered":"<p>About Us About Us \u2014 Simtaly Travel eSIM Simtaly is the international travel eSIM brand of DALASON GmbH, a licensed [&hellip;]<\/p>","protected":false},"author":5,"featured_media":0,"parent":0,"menu_order":0,"comment_status":"closed","ping_status":"closed","template":"","meta":{"site-sidebar-layout":"no-sidebar","site-content-layout":"","ast-site-content-layout":"full-width-container","site-content-style":"default","site-sidebar-style":"default","ast-global-header-display":"","ast-banner-title-visibility":"","ast-main-header-display":"","ast-hfb-above-header-display":"","ast-hfb-below-header-display":"","ast-hfb-mobile-header-display":"","site-post-title":"disabled","ast-breadcrumbs-content":"","ast-featured-img":"disabled","footer-sml-layout":"","theme-transparent-header-meta":"enabled","adv-header-id-meta":"","stick-header-meta":"","header-above-stick-meta":"","header-main-stick-meta":"","header-below-stick-meta":"","astra-migrate-meta-layouts":"default","ast-page-background-enabled":"default","ast-page-background-meta":{"desktop":{"background-color":"var(--ast-global-color-5)","background-image":"","background-repeat":"repeat","background-position":"center center","background-size":"auto","background-attachment":"scroll","background-type":"","background-media":"","overlay-type":"","overlay-color":"","overlay-opacity":"","overlay-gradient":""},"tablet":{"background-color":"","background-image":"","background-repeat":"repeat","background-position":"center center","background-size":"auto","background-attachment":"scroll","background-type":"","background-media":"","overlay-type":"","overlay-color":"","overlay-opacity":"","overlay-gradient":""},"mobile":{"background-color":"","background-image":"","background-repeat":"repeat","background-position":"center center","background-size":"auto","background-attachment":"scroll","background-type":"","background-media":"","overlay-type":"","overlay-color":"","overlay-opacity":"","overlay-gradient":""}},"ast-content-background-meta":{"desktop":{"background-color":"var(--ast-global-color-4)","background-image":"","background-repeat":"repeat","background-position":"center center","background-size":"auto","background-attachment":"scroll","background-type":"","background-media":"","overlay-type":"","overlay-color":"","overlay-opacity":"","overlay-gradient":""},"tablet":{"background-color":"var(--ast-global-color-4)","background-image":"","background-repeat":"repeat","background-position":"center center","background-size":"auto","background-attachment":"scroll","background-type":"","background-media":"","overlay-type":"","overlay-color":"","overlay-opacity":"","overlay-gradient":""},"mobile":{"background-color":"var(--ast-global-color-4)","background-image":"","background-repeat":"repeat","background-position":"center center","background-size":"auto","background-attachment":"scroll","background-type":"","background-media":"","overlay-type":"","overlay-color":"","overlay-opacity":"","overlay-gradient":""}},"footnotes":""},"class_list":["post-3930","page","type-page","status-publish","hentry"],"_links":{"self":[{"href":"https:\/\/www.simtaly.com\/fi\/wp-json\/wp\/v2\/pages\/3930","targetHints":{"allow":["GET"]}}],"collection":[{"href":"https:\/\/www.simtaly.com\/fi\/wp-json\/wp\/v2\/pages"}],"about":[{"href":"https:\/\/www.simtaly.com\/fi\/wp-json\/wp\/v2\/types\/page"}],"author":[{"embeddable":true,"href":"https:\/\/www.simtaly.com\/fi\/wp-json\/wp\/v2\/users\/5"}],"replies":[{"embeddable":true,"href":"https:\/\/www.simtaly.com\/fi\/wp-json\/wp\/v2\/comments?post=3930"}],"version-history":[{"count":16,"href":"https:\/\/www.simtaly.com\/fi\/wp-json\/wp\/v2\/pages\/3930\/revisions"}],"predecessor-version":[{"id":3972,"href":"https:\/\/www.simtaly.com\/fi\/wp-json\/wp\/v2\/pages\/3930\/revisions\/3972"}],"wp:attachment":[{"href":"https:\/\/www.simtaly.com\/fi\/wp-json\/wp\/v2\/media?parent=3930"}],"curies":[{"name":"wp","href":"https:\/\/api.w.org\/{rel}","templated":true}]}}