{"id":3914,"date":"2025-11-27T15:11:57","date_gmt":"2025-11-27T15:11:57","guid":{"rendered":"https:\/\/www.simtaly.com\/?page_id=3914"},"modified":"2025-11-28T23:02:04","modified_gmt":"2025-11-28T22:02:04","slug":"toimitusmaksupolitiikka","status":"publish","type":"page","link":"https:\/\/www.simtaly.com\/fi\/toimitusmaksupolitiikka\/","title":{"rendered":"Toimitus- ja maksuehdot"},"content":{"rendered":"<div data-elementor-type=\"wp-page\" data-elementor-id=\"3914\" class=\"elementor elementor-3914\" data-elementor-post-type=\"page\">\n\t\t\t\t<div class=\"elementor-element elementor-element-913f3fd e-flex e-con-boxed e-con e-parent\" data-id=\"913f3fd\" data-element_type=\"container\" data-settings=\"{&quot;background_background&quot;:&quot;gradient&quot;}\">\n\t\t\t\t\t<div class=\"e-con-inner\">\n\t\t\t\t<div class=\"elementor-element elementor-element-202bf3b elementor-widget elementor-widget-heading\" data-id=\"202bf3b\" data-element_type=\"widget\" data-widget_type=\"heading.default\">\n\t\t\t\t\t<h1 class=\"elementor-heading-title elementor-size-default\">Toimitus- ja maksuehdot \u2013 simtaly.com<\/h1>\t\t\t\t<\/div>\n\t\t\t\t\t<\/div>\n\t\t\t\t<\/div>\n\t\t<div class=\"elementor-element elementor-element-9011448 e-flex e-con-boxed e-con e-parent\" data-id=\"9011448\" data-element_type=\"container\">\n\t\t\t\t\t<div class=\"e-con-inner\">\n\t\t\t\t<div class=\"elementor-element elementor-element-22ca553 elementor-widget elementor-widget-spacer\" data-id=\"22ca553\" data-element_type=\"widget\" data-widget_type=\"spacer.default\">\n\t\t\t\t\t\t\t<div class=\"elementor-spacer\">\n\t\t\t<div class=\"elementor-spacer-inner\"><\/div>\n\t\t<\/div>\n\t\t\t\t\t\t<\/div>\n\t\t\t\t\t<\/div>\n\t\t\t\t<\/div>\n\t\t<div class=\"elementor-element elementor-element-eb22c6b e-flex e-con-boxed e-con e-parent\" data-id=\"eb22c6b\" data-element_type=\"container\">\n\t\t\t\t\t<div class=\"e-con-inner\">\n\t\t\t\t<div class=\"elementor-element elementor-element-5784496 elementor-widget elementor-widget-text-editor\" data-id=\"5784496\" data-element_type=\"widget\" data-widget_type=\"text-editor.default\">\n\t\t\t\t\t\t\t\t\t<p>Koskee kaikkia digitaalisia tuotteita, mukaan lukien eSIM- ja matka-eSIM-palvelut.<\/p><h3>1. Toimitusk\u00e4yt\u00e4nt\u00f6<\/h3><h4>eSIM-tuotteiden digitaalinen toimitus<\/h4><p>Kaikki eSIM- ja matka-eSIM-tuotteet toimitetaan digitaalisesti s\u00e4hk\u00f6postitse. Fyysist\u00e4 toimitusta ei tapahdu.<\/p><h4>Toimitusaika<\/h4><ul><li>Ilmainen ja v\u00e4lit\u00f6n toimitus onnistuneen maksun j\u00e4lkeen.<\/li><li>eSIM l\u00e4hetet\u00e4\u00e4n automaattisesti kassalla ilmoittamaasi s\u00e4hk\u00f6postiosoitteeseen.<\/li><li>Useimmissa tapauksissa s\u00e4hk\u00f6posti saapuu muutaman minuutin kuluessa.<\/li><\/ul><h4>T\u00e4rke\u00e4\u00e4 tietoa s\u00e4hk\u00f6postin toimituksesta<\/h4><ul><li>Asiakas on vastuussa oikean ja voimassa olevan s\u00e4hk\u00f6postiosoitteen sy\u00f6tt\u00e4misest\u00e4 eSIM-kortin vastaanottamista varten.<\/li><li>Jos s\u00e4hk\u00f6postia ei saavu muutaman minuutin kuluessa, tarkista roskaposti- tai roskakori.<\/li><li>Jos eSIM-s\u00e4hk\u00f6postia ei ole saapunut 20 minuutin kuluessa, ota yhteytt\u00e4 tukeen:<br \/><a href=\"mailto:support@simtaly.com\"><strong>support@simtaly.com<\/strong><\/a><\/li><li>Asiakastuki vastaa mahdollisimman nopeasti ja takaa vastauksen 24 tunnin kuluessa.<\/li><\/ul><h3>2. Maksuehdot<\/h3><h4>Maksujen k\u00e4sittely Stripen kautta<\/h4><p>Kaikki maksut k\u00e4sitell\u00e4\u00e4n turvallisesti Stripen kautta. Kassalla asiakkaat n\u00e4kev\u00e4t automaattisesti Stripen tukemat maksutavat omassa maassaan. N\u00e4it\u00e4 voivat olla esimerkiksi:<\/p><ul><li>Luottokortit<\/li><li>Debit-kortit<\/li><li>Digitaaliset lompakot<\/li><li>Muut paikalliset maksutavat<\/li><\/ul><h4>3D-Secure-todennus<\/h4><p>Jos asiakkaan luottokortti tukee 3D-Secure-turvallisuustekniikkaa, t\u00e4m\u00e4 todennusvaihe on pakollinen ja se suoritetaan transaktion aikana.<\/p><h4>Verot (ALV \/ myyntivero)<\/h4><ul><li>Asiakkaiden on valittava laskutusmaa kassalla, jotta oikeat verot m\u00e4\u00e4r\u00e4t voidaan soveltaa.<\/li><li>Kaikki verkkosivustolla n\u00e4kyv\u00e4t hinnat sis\u00e4lt\u00e4v\u00e4t arvonlis\u00e4veron kaikissa maissa maailmanlaajuisesti.<\/li><li>Yhdysvalloissa asuville asiakkaille sovellettava osavaltion tai paikallinen myyntivero lasketaan automaattisesti ja lis\u00e4t\u00e4\u00e4n ostoksen yhteydess\u00e4.<\/li><\/ul><h5>Jos sinulla on lis\u00e4kysymyksi\u00e4, ota meihin yhteytt\u00e4:<\/h5><p><strong>S\u00e4hk\u00f6posti:<\/strong>\u00a0<a href=\"mailto:support@simtaly.com\">support@simtaly.com<\/a><br \/><strong>WhatsApp-livechat:<\/strong>\u00a0\u202a<a href=\"https:\/\/wa.me\/16505474744\" target=\"_blank\" rel=\"noopener nofollow\">+16505474744<\/a><\/p>\t\t\t\t\t\t\t\t<\/div>\n\t\t\t\t<div class=\"elementor-element elementor-element-f48aae3 elementor-widget elementor-widget-spacer\" data-id=\"f48aae3\" data-element_type=\"widget\" data-widget_type=\"spacer.default\">\n\t\t\t\t\t\t\t<div class=\"elementor-spacer\">\n\t\t\t<div class=\"elementor-spacer-inner\"><\/div>\n\t\t<\/div>\n\t\t\t\t\t\t<\/div>\n\t\t\t\t\t<\/div>\n\t\t\t\t<\/div>\n\t\t\t\t<\/div>","protected":false},"excerpt":{"rendered":"<p>Shipping &amp; Payment Policy \u2013 simtaly.com Applies to all digital products, including eSIM and travel eSIM services. 1. Shipping Policy [&hellip;]<\/p>","protected":false},"author":5,"featured_media":0,"parent":0,"menu_order":0,"comment_status":"closed","ping_status":"closed","template":"","meta":{"site-sidebar-layout":"no-sidebar","site-content-layout":"","ast-site-content-layout":"full-width-container","site-content-style":"default","site-sidebar-style":"default","ast-global-header-display":"","ast-banner-title-visibility":"","ast-main-header-display":"","ast-hfb-above-header-display":"","ast-hfb-below-header-display":"","ast-hfb-mobile-header-display":"","site-post-title":"disabled","ast-breadcrumbs-content":"","ast-featured-img":"disabled","footer-sml-layout":"","theme-transparent-header-meta":"enabled","adv-header-id-meta":"","stick-header-meta":"","header-above-stick-meta":"","header-main-stick-meta":"","header-below-stick-meta":"","astra-migrate-meta-layouts":"default","ast-page-background-enabled":"default","ast-page-background-meta":{"desktop":{"background-color":"var(--ast-global-color-5)","background-image":"","background-repeat":"repeat","background-position":"center center","background-size":"auto","background-attachment":"scroll","background-type":"","background-media":"","overlay-type":"","overlay-color":"","overlay-opacity":"","overlay-gradient":""},"tablet":{"background-color":"","background-image":"","background-repeat":"repeat","background-position":"center center","background-size":"auto","background-attachment":"scroll","background-type":"","background-media":"","overlay-type":"","overlay-color":"","overlay-opacity":"","overlay-gradient":""},"mobile":{"background-color":"","background-image":"","background-repeat":"repeat","background-position":"center center","background-size":"auto","background-attachment":"scroll","background-type":"","background-media":"","overlay-type":"","overlay-color":"","overlay-opacity":"","overlay-gradient":""}},"ast-content-background-meta":{"desktop":{"background-color":"var(--ast-global-color-4)","background-image":"","background-repeat":"repeat","background-position":"center center","background-size":"auto","background-attachment":"scroll","background-type":"","background-media":"","overlay-type":"","overlay-color":"","overlay-opacity":"","overlay-gradient":""},"tablet":{"background-color":"var(--ast-global-color-4)","background-image":"","background-repeat":"repeat","background-position":"center center","background-size":"auto","background-attachment":"scroll","background-type":"","background-media":"","overlay-type":"","overlay-color":"","overlay-opacity":"","overlay-gradient":""},"mobile":{"background-color":"var(--ast-global-color-4)","background-image":"","background-repeat":"repeat","background-position":"center center","background-size":"auto","background-attachment":"scroll","background-type":"","background-media":"","overlay-type":"","overlay-color":"","overlay-opacity":"","overlay-gradient":""}},"footnotes":""},"class_list":["post-3914","page","type-page","status-publish","hentry"],"_links":{"self":[{"href":"https:\/\/www.simtaly.com\/fi\/wp-json\/wp\/v2\/pages\/3914","targetHints":{"allow":["GET"]}}],"collection":[{"href":"https:\/\/www.simtaly.com\/fi\/wp-json\/wp\/v2\/pages"}],"about":[{"href":"https:\/\/www.simtaly.com\/fi\/wp-json\/wp\/v2\/types\/page"}],"author":[{"embeddable":true,"href":"https:\/\/www.simtaly.com\/fi\/wp-json\/wp\/v2\/users\/5"}],"replies":[{"embeddable":true,"href":"https:\/\/www.simtaly.com\/fi\/wp-json\/wp\/v2\/comments?post=3914"}],"version-history":[{"count":10,"href":"https:\/\/www.simtaly.com\/fi\/wp-json\/wp\/v2\/pages\/3914\/revisions"}],"predecessor-version":[{"id":3929,"href":"https:\/\/www.simtaly.com\/fi\/wp-json\/wp\/v2\/pages\/3914\/revisions\/3929"}],"wp:attachment":[{"href":"https:\/\/www.simtaly.com\/fi\/wp-json\/wp\/v2\/media?parent=3914"}],"curies":[{"name":"wp","href":"https:\/\/api.w.org\/{rel}","templated":true}]}}