{"id":1427,"date":"2025-09-12T09:09:38","date_gmt":"2025-09-12T09:09:38","guid":{"rendered":"https:\/\/www.simtaly.com\/?page_id=1427"},"modified":"2025-11-25T13:41:06","modified_gmt":"2025-11-25T13:41:06","slug":"ehdot-ja-edellytykset","status":"publish","type":"page","link":"https:\/\/www.simtaly.com\/fi\/ehdot-ja-edellytykset\/","title":{"rendered":"Ehdot ja edellytykset"},"content":{"rendered":"<div data-elementor-type=\"wp-page\" data-elementor-id=\"1427\" class=\"elementor elementor-1427\" data-elementor-post-type=\"page\">\n\t\t\t\t<div class=\"elementor-element elementor-element-913f3fd e-flex e-con-boxed e-con e-parent\" data-id=\"913f3fd\" data-element_type=\"container\" data-settings=\"{&quot;background_background&quot;:&quot;gradient&quot;}\">\n\t\t\t\t\t<div class=\"e-con-inner\">\n\t\t\t\t<div class=\"elementor-element elementor-element-202bf3b elementor-widget elementor-widget-heading\" data-id=\"202bf3b\" data-element_type=\"widget\" data-widget_type=\"heading.default\">\n\t\t\t\t\t<h1 class=\"elementor-heading-title elementor-size-default\">S\u00e4\u00e4nn\u00f6t ja ehdot simtaly.com-sivustolle<\/h1>\t\t\t\t<\/div>\n\t\t\t\t\t<\/div>\n\t\t\t\t<\/div>\n\t\t<div class=\"elementor-element elementor-element-9011448 e-flex e-con-boxed e-con e-parent\" data-id=\"9011448\" data-element_type=\"container\">\n\t\t\t\t\t<div class=\"e-con-inner\">\n\t\t\t\t\t<\/div>\n\t\t\t\t<\/div>\n\t\t<div class=\"elementor-element elementor-element-eb22c6b e-flex e-con-boxed e-con e-parent\" data-id=\"eb22c6b\" data-element_type=\"container\">\n\t\t\t\t\t<div class=\"e-con-inner\">\n\t\t\t\t<div class=\"elementor-element elementor-element-34920a3 elementor-widget elementor-widget-spacer\" data-id=\"34920a3\" data-element_type=\"widget\" data-widget_type=\"spacer.default\">\n\t\t\t\t\t\t\t<div class=\"elementor-spacer\">\n\t\t\t<div class=\"elementor-spacer-inner\"><\/div>\n\t\t<\/div>\n\t\t\t\t\t\t<\/div>\n\t\t\t\t<div class=\"elementor-element elementor-element-625ddaa elementor-widget elementor-widget-spacer\" data-id=\"625ddaa\" data-element_type=\"widget\" data-widget_type=\"spacer.default\">\n\t\t\t\t\t\t\t<div class=\"elementor-spacer\">\n\t\t\t<div class=\"elementor-spacer-inner\"><\/div>\n\t\t<\/div>\n\t\t\t\t\t\t<\/div>\n\t\t\t\t<div class=\"elementor-element elementor-element-5784496 elementor-widget elementor-widget-text-editor\" data-id=\"5784496\" data-element_type=\"widget\" data-widget_type=\"text-editor.default\">\n\t\t\t\t\t\t\t\t\t<div class=\"terms\" style=\"font-family: Arial, sans-serif; line-height: 1.6; color: #222;\">\n<p><strong>Viimeksi p\u00e4ivitetty:<\/strong> 24.10.2025&nbsp;<\/p>\n<p><strong>Palveluntarjoaja:<\/strong> DALASON GmbH, Lindenstr. 82, 50674 K\u00f6ln, Saksa<br><strong>S\u00e4hk\u00f6posti:<\/strong> <a href=\"mailto:support@simtaly.com\">support@simtaly.com<\/a><br><strong>WhatsApp-livechat:<\/strong> <a title=\"tel:16505474744\" href=\"tel:16505474744\" target=\"_blank\" rel=\"noopener noreferrer\">+16505474744<\/a><\/p>\n<h3>1. Soveltamisala ja sovellettavuus<\/h3>\n<p>N\u00e4m\u00e4 k\u00e4ytt\u00f6ehdot (\"Ehdot\") koskevat DALASON GmbH:n (\"Yritys\", \"me\", \"meit\u00e4\" tai \"meid\u00e4n\") yll\u00e4pit\u00e4m\u00e4n verkkosivuston simtaly.com (\"Verkkosivusto\") kautta tarjottavien eSIM-tuotteiden ja niihin liittyvien palvelujen (\"Palvelut\") ostamista ja k\u00e4ytt\u00f6\u00e4.<\/p>\n<p>Ostaessasi tai k\u00e4ytt\u00e4ess\u00e4si palvelua sin\u00e4 (\"Asiakas\", \"sin\u00e4\") sitoudut noudattamaan n\u00e4it\u00e4 ehtoja.<\/p>\n<p>Asiakkaiden on oltava v\u00e4hint\u00e4\u00e4n 18-vuotiaita, ja heill\u00e4 on oltava oikeustoimikelpoisuus tehd\u00e4 sitovia sopimuksia.<\/p>\n<h3>2. Palvelun kuvaus<\/h3>\n<p>Simtaly tarjoaa digitaalisia eSIM-profiileja mobiilidatayhteyksi\u00e4 varten (\"eSIMit\").<\/p>\n<p>Oston j\u00e4lkeen eSIMit toimitetaan s\u00e4hk\u00f6isesti s\u00e4hk\u00f6postitse, ja ne voidaan asentaa QR-koodilla, suoralla linkill\u00e4 (Applen laitteet) tai manuaalisesti.<\/p>\n<p>Jotta voit k\u00e4ytt\u00e4\u00e4 eSIM-korttia, sinulla on oltava:<\/p>\n<ul>\n<li>eSIM-yhteensopiva ja lukitukseton laite, ja<\/li>\n<li>verkkovierailu k\u00e4yt\u00f6ss\u00e4 eSIM-profiilissa.<\/li>\n<\/ul>\n<p>eSIM tulee aktiiviseksi, kun se muodostaa ensimm\u00e4isen kerran yhteyden ostettuun pakettiin sis\u00e4ltyv\u00e4\u00e4n tuettuun verkkoon.<\/p>\n<h3>3. Hintatyypit ja datan k\u00e4ytt\u00f6<\/h3>\n<p>Simtaly tarjoaa:<\/p>\n<ul>\n<li>Rajoittamattomat datapaketit, joissa on p\u00e4ivitt\u00e4inen nopeusrajoitus. T\u00e4m\u00e4n m\u00e4\u00e4r\u00e4n j\u00e4lkeen nopeus v\u00e4henee, kunnes se uusitaan (24 tunnin v\u00e4lein, alkuper\u00e4isen aktivointiajan perusteella). Asiakkaat voivat ostaa p\u00e4iv\u00e4kohtaisia Boost-paketteja, joilla he voivat palauttaa t\u00e4yden datanopeuden j\u00e4ljell\u00e4 olevaksi 24 tunnin ajaksi.<\/li>\n<li>Prepaid-datapaketit, jotka sis\u00e4lt\u00e4v\u00e4t kiinte\u00e4n datam\u00e4\u00e4r\u00e4n, joka on k\u00e4ytett\u00e4viss\u00e4 maksiminopeudella, kunnes se on k\u00e4ytetty.<\/li>\n<\/ul>\n<p>Suunnitelmat ovat voimassa ostohetkell\u00e4 m\u00e4\u00e4ritellyn ajan.<\/p>\n<p>Se ei ole vika, jos tietyt paikalliset verkot eiv\u00e4t ole k\u00e4ytett\u00e4viss\u00e4, edellytt\u00e4en, ett\u00e4 v\u00e4hint\u00e4\u00e4n yksi mukana oleva verkko kohdemaassa toimii.<\/p>\n<h3>4. Tilausprosessi ja sopimuksen tekeminen<\/h3>\n<p>Suorittamalla ostoprosessin loppuun simtaly.com-sivustolla annat sitovan tarjouksen eSIM:n ostamisesta.<\/p>\n<p>Sopimus on tehty, kun olemme vahvistaneet tilauksesi s\u00e4hk\u00f6isesti (s\u00e4hk\u00f6postivahvistus).<\/p>\n<p>Oston suorittamiseksi sinun on annettava seuraavat tiedot:<\/p>\n<ul>\n<li>s\u00e4hk\u00f6postiosoitteesi (eSIM-toimitusta varten),<\/li>\n<li>matkapuhelinnumerosi, ja<\/li>\n<li>nykyinen sijaintisi, jotta sovellettava arvonlis\u00e4vero (alv) voidaan laskea oikein.<\/li>\n<\/ul>\n<h3>5. Maksaminen ja hinnoittelu<\/h3>\n<p>Maksu k\u00e4sitell\u00e4\u00e4n turvallisesti Stripen kautta.<\/p>\n<p>Kaikkiin hintoihin sis\u00e4ltyy arvonlis\u00e4vero, joka lasketaan ilmoitetun sijaintisi perusteella.<\/p>\n<p>eSIMin ja mahdollisten lis\u00e4pakettien ostohinnan lis\u00e4ksi ei perit\u00e4 muita tai piilotettuja maksuja.<\/p>\n<h3>6. Toimitus<\/h3>\n<p>eSIMit toimitetaan digitaalisesti s\u00e4hk\u00f6postitse heti maksun vahvistamisen j\u00e4lkeen.<\/p>\n<p>Asiakas vastaa siit\u00e4, ett\u00e4 h\u00e4nen s\u00e4hk\u00f6postiasetuksensa sallivat automaattisten viestien ja QR-koodien vastaanottamisen.<\/p>\n<h3>7. Palautukset ja peruutukset<\/h3>\n<p>Voit pyyt\u00e4\u00e4 hyvityst\u00e4 kuuden (6) kuukauden kuluessa ostop\u00e4iv\u00e4st\u00e4 vain, jos eSIM-korttia ei ole aktivoitu.<\/p>\n<p>Kun tuote on aktivoitu (eli kun se on ensimm\u00e4isen kerran yhteydess\u00e4 tuettuun verkkoon), se katsotaan k\u00e4ytetyksi, eik\u00e4 sit\u00e4 voi palauttaa.<\/p>\n<p>Palautukset k\u00e4sitell\u00e4\u00e4n k\u00e4ytt\u00e4en samaa maksutapaa, jota k\u00e4ytettiin ostettaessa.<\/p>\n<p>Yksityiskohtaiset tiedot l\u00f6ytyv\u00e4t osoitteesta <a href=\"https:\/\/www.simtaly.com\/fi\/palautusehdot\/\" rel=\"nofollow noopener\" target=\"_blank\">Palautus- ja peruutusehdot<\/a>.<\/p>\n<\/div>\n<div class=\"terms\" style=\"font-family: Arial, sans-serif; line-height: 1.6; color: #222;\">\n<h3>8. Asiakastuki<\/h3>\n<p>Simtaly pyrkii maksimaaliseen asiakastyytyv\u00e4isyyteen.<\/p>\n<p>Jos olet tyytym\u00e4t\u00f6n tuotteeseesi tai sinulla on teknisi\u00e4 ongelmia, voit ottaa yhteytt\u00e4 tukitiimiimme milloin tahansa:<\/p>\n<ul>\n<li>S\u00e4hk\u00f6posti:&nbsp;<a href=\"#\" class=\"simtaly-email-obfuscated\" data-email=\"ZmhjY2JlZ0BmdnpnbnlsLnBieg==\" aria-label=\"Email address (requires JavaScript)\">support@simtaly.com<\/a><noscript><span class=\"simtaly-email-noscript\">support [at] simtaly [dot] com <small>(enable JavaScript to view email)<\/small><\/span><\/noscript><\/li>\n<li>Sanansaattaja: <a href=\"https:\/\/wa.me\/16505474744\" rel=\"nofollow noopener\" target=\"_blank\">Klikkaa t\u00e4st\u00e4 aloittaaksesi Whatsapp-keskustelun<\/a><\/li>\n<\/ul>\n<h3>9. Vastuu<\/h3>\n<p>Palvelu tarjotaan \"sellaisena kuin se on\" ja \"sellaisena kuin se on saatavilla\", ilman mink\u00e4\u00e4nlaisia takuita.<\/p>\n<p>DALASON GmbH kielt\u00e4ytyy lain sallimissa rajoissa kaikesta vastuusta, joka koskee:<\/p>\n<ul>\n<li>Palvelun keskeytyminen, k\u00e4ytt\u00e4m\u00e4tt\u00f6myys tai toimintah\u00e4iri\u00f6,<\/li>\n<li>yhteensopivuus tiettyjen laitteiden tai ohjelmistojen kanssa,<\/li>\n<li>verkon suorituskyvyn tai peittoalueen rajoitukset, ja<\/li>\n<li>v\u00e4lilliset, satunnaiset tai v\u00e4lilliset vahingot.<\/li>\n<\/ul>\n<p>Emme takaa keskeytym\u00e4t\u00f6nt\u00e4 tai virheet\u00f6nt\u00e4 toimintaa, emmek\u00e4 sit\u00e4, ett\u00e4 kaikki verkot tai nopeudet ovat aina k\u00e4ytett\u00e4viss\u00e4.<\/p>\n<p>Joillakin laink\u00e4ytt\u00f6alueilla t\u00e4llaiset poissulkemiset eiv\u00e4t ole sallittuja, jolloin vastuu on rajoitettu lain edellytt\u00e4m\u00e4\u00e4n v\u00e4himm\u00e4ism\u00e4\u00e4r\u00e4\u00e4n.<\/p>\n<h3>10. Henkinen omaisuus<\/h3>\n<p>Kaikki t\u00e4ll\u00e4 verkkosivustolla esiintyv\u00e4t tavaramerkit, logot ja tuotenimet ovat omistajiensa omaisuutta.<\/p>\n<p>N\u00e4iden merkkien k\u00e4ytt\u00f6 ei tarkoita mit\u00e4\u00e4n sidonnaisuutta tai hyv\u00e4ksynt\u00e4\u00e4, ellei sit\u00e4 ole nimenomaisesti mainittu.<\/p>\n<h3>11. Linkit kolmansien osapuolten verkkosivustoihin<\/h3>\n<p>Palvelumme voi sis\u00e4lt\u00e4\u00e4 linkkej\u00e4 kolmansien osapuolten yll\u00e4pit\u00e4mille ulkoisille verkkosivustoille tai palveluille.<\/p>\n<p>Emme voi valvoa niiden sis\u00e4lt\u00f6\u00e4, k\u00e4yt\u00e4nt\u00f6j\u00e4 tai toimintatapoja emmek\u00e4 ota vastuuta niist\u00e4.<\/p>\n<p>Kolmannen osapuolen palveluiden k\u00e4ytt\u00f6 tapahtuu omalla vastuullasi.<\/p>\n<p>Suosittelemme lukemaan kaikkien vierailemiesi kolmansien osapuolten sivustojen ehdot ja tietosuojak\u00e4yt\u00e4nn\u00f6t.<\/p>\n<h3>12. Toimivalta ja sovellettava laki<\/h3>\n<p>N\u00e4ihin ehtoihin sovelletaan Saksan liittotasavallan lakeja, lukuun ottamatta sen lainvalintas\u00e4\u00e4nn\u00f6ksi\u00e4.<\/p>\n<p>Oikeuspaikkana on K\u00f6ln (Saksa), jos se on EU:n s\u00e4\u00e4nn\u00f6sten mukaan oikeudellisesti mahdollista.<\/p>\n<h3>13. Riitojen ratkaiseminen<\/h3>\n<p>Jos sinulla on palveluun liittyv\u00e4 valitus tai riita, suostut siihen, ett\u00e4 yrit\u00e4t ensin ratkaista asian ep\u00e4virallisesti ottamalla yhteytt\u00e4 tukitiimiimme.<\/p>\n<p>Jos asia ei ratkea, voit k\u00e4ytt\u00e4\u00e4 EU:n verkkov\u00e4litteisi\u00e4 riidanratkaisufoorumeita tai EU:n lains\u00e4\u00e4d\u00e4nn\u00f6n mukaisia kuluttajasovitteluvaihtoehtoja.<\/p>\n<h3>14. Yhdysvaltojen lakien noudattaminen<\/h3>\n<p>Vakuutat ja takaat, ett\u00e4:<\/p>\n<ul>\n<li>(i) et sijaitse maassa, johon Yhdysvaltain hallitus on asettanut kauppasaarron tai jota on nimetty terrorismia tukevaksi maaksi, ja<\/li>\n<li>(ii) et ole miss\u00e4\u00e4n Yhdysvaltain hallituksen luettelossa kielletyist\u00e4 tai rajoitetuista osapuolista.<\/li>\n<\/ul>\n<h3>15. Ehtojen muutokset<\/h3>\n<p>Pid\u00e4t\u00e4mme oikeuden muuttaa n\u00e4it\u00e4 ehtoja milloin tahansa oman harkintamme mukaan.<\/p>\n<p>Jos muutokset ovat olennaisia, pyrimme kohtuullisesti ilmoittamaan niist\u00e4 v\u00e4hint\u00e4\u00e4n 30 p\u00e4iv\u00e4\u00e4 ennen uusien ehtojen voimaantuloa.<\/p>\n<p>Palvelun k\u00e4yt\u00f6n jatkaminen tarkistettujen ehtojen voimaantulop\u00e4iv\u00e4n j\u00e4lkeen merkitsee n\u00e4iden muutosten hyv\u00e4ksymist\u00e4.<\/p>\n<h3>16. Irrotettavuus<\/h3>\n<p>Jos jokin n\u00e4iden ehtojen m\u00e4\u00e4r\u00e4ys katsotaan p\u00e4tem\u00e4tt\u00f6m\u00e4ksi tai t\u00e4yt\u00e4nt\u00f6\u00f6npanokelvottomaksi, muut m\u00e4\u00e4r\u00e4ykset pysyv\u00e4t t\u00e4ysin voimassa.<\/p>\n<h3>17. Kieli ja etusija<\/h3>\n<p>N\u00e4m\u00e4 ehdot on laadittu englanniksi.<\/p>\n<p>K\u00e4\u00e4nn\u00f6kset muille kielille ovat vain tarkoituksenmukaisia.<\/p>\n<p>Ristiriitatilanteissa tai ep\u00e4selvyyksien ilmetess\u00e4 englanninkielinen versio on ensisijainen.<\/p>\n<\/div>\n<h5><strong>Jos sinulla on lis\u00e4kysymyksi\u00e4, ota meihin yhteytt\u00e4:<\/strong><\/h5>\n<p><strong style=\"font-size: 16px;\">S\u00e4hk\u00f6posti:<\/strong> <a style=\"font-size: 16px; background-color: #ffffff;\" href=\"mailto:support@simtaly.com\">support@simtaly.com<\/a><br><strong>WhatsApp-livechat:<\/strong> <a title=\"tel:16505474744\" href=\"tel:16505474744\" target=\"_blank\" rel=\"noopener noreferrer\">+16505474744<\/a><\/p>\t\t\t\t\t\t\t\t<\/div>\n\t\t\t\t\t<\/div>\n\t\t\t\t<\/div>\n\t\t\t\t<\/div>","protected":false},"excerpt":{"rendered":"<p>Terms and Conditions for simtaly.com Last updated: 24.10.2025&nbsp; Provider: DALASON GmbH, Lindenstr. 82, 50674 Cologne, GermanyEmail: support@simtaly.comWhatsApp Live Chat: +16505474744 [&hellip;]<\/p>","protected":false},"author":5,"featured_media":0,"parent":0,"menu_order":0,"comment_status":"closed","ping_status":"closed","template":"","meta":{"site-sidebar-layout":"no-sidebar","site-content-layout":"","ast-site-content-layout":"full-width-container","site-content-style":"default","site-sidebar-style":"default","ast-global-header-display":"","ast-banner-title-visibility":"","ast-main-header-display":"","ast-hfb-above-header-display":"","ast-hfb-below-header-display":"","ast-hfb-mobile-header-display":"","site-post-title":"disabled","ast-breadcrumbs-content":"","ast-featured-img":"disabled","footer-sml-layout":"","theme-transparent-header-meta":"enabled","adv-header-id-meta":"","stick-header-meta":"","header-above-stick-meta":"","header-main-stick-meta":"","header-below-stick-meta":"","astra-migrate-meta-layouts":"default","ast-page-background-enabled":"default","ast-page-background-meta":{"desktop":{"background-color":"var(--ast-global-color-5)","background-image":"","background-repeat":"repeat","background-position":"center center","background-size":"auto","background-attachment":"scroll","background-type":"","background-media":"","overlay-type":"","overlay-color":"","overlay-opacity":"","overlay-gradient":""},"tablet":{"background-color":"","background-image":"","background-repeat":"repeat","background-position":"center center","background-size":"auto","background-attachment":"scroll","background-type":"","background-media":"","overlay-type":"","overlay-color":"","overlay-opacity":"","overlay-gradient":""},"mobile":{"background-color":"","background-image":"","background-repeat":"repeat","background-position":"center center","background-size":"auto","background-attachment":"scroll","background-type":"","background-media":"","overlay-type":"","overlay-color":"","overlay-opacity":"","overlay-gradient":""}},"ast-content-background-meta":{"desktop":{"background-color":"var(--ast-global-color-4)","background-image":"","background-repeat":"repeat","background-position":"center center","background-size":"auto","background-attachment":"scroll","background-type":"","background-media":"","overlay-type":"","overlay-color":"","overlay-opacity":"","overlay-gradient":""},"tablet":{"background-color":"var(--ast-global-color-4)","background-image":"","background-repeat":"repeat","background-position":"center center","background-size":"auto","background-attachment":"scroll","background-type":"","background-media":"","overlay-type":"","overlay-color":"","overlay-opacity":"","overlay-gradient":""},"mobile":{"background-color":"var(--ast-global-color-4)","background-image":"","background-repeat":"repeat","background-position":"center center","background-size":"auto","background-attachment":"scroll","background-type":"","background-media":"","overlay-type":"","overlay-color":"","overlay-opacity":"","overlay-gradient":""}},"footnotes":""},"class_list":["post-1427","page","type-page","status-publish","hentry"],"_links":{"self":[{"href":"https:\/\/www.simtaly.com\/fi\/wp-json\/wp\/v2\/pages\/1427","targetHints":{"allow":["GET"]}}],"collection":[{"href":"https:\/\/www.simtaly.com\/fi\/wp-json\/wp\/v2\/pages"}],"about":[{"href":"https:\/\/www.simtaly.com\/fi\/wp-json\/wp\/v2\/types\/page"}],"author":[{"embeddable":true,"href":"https:\/\/www.simtaly.com\/fi\/wp-json\/wp\/v2\/users\/5"}],"replies":[{"embeddable":true,"href":"https:\/\/www.simtaly.com\/fi\/wp-json\/wp\/v2\/comments?post=1427"}],"version-history":[{"count":46,"href":"https:\/\/www.simtaly.com\/fi\/wp-json\/wp\/v2\/pages\/1427\/revisions"}],"predecessor-version":[{"id":3770,"href":"https:\/\/www.simtaly.com\/fi\/wp-json\/wp\/v2\/pages\/1427\/revisions\/3770"}],"wp:attachment":[{"href":"https:\/\/www.simtaly.com\/fi\/wp-json\/wp\/v2\/media?parent=1427"}],"curies":[{"name":"wp","href":"https:\/\/api.w.org\/{rel}","templated":true}]}}