{"id":1182,"date":"2025-09-10T09:04:47","date_gmt":"2025-09-10T09:04:47","guid":{"rendered":"https:\/\/www.simtaly.com\/?page_id=1182"},"modified":"2025-11-28T22:55:14","modified_gmt":"2025-11-28T21:55:14","slug":"painatus","status":"publish","type":"page","link":"https:\/\/www.simtaly.com\/fi\/painatus\/","title":{"rendered":"J\u00e4lki"},"content":{"rendered":"<div data-elementor-type=\"wp-page\" data-elementor-id=\"1182\" class=\"elementor elementor-1182\" data-elementor-post-type=\"page\">\n\t\t\t\t<div class=\"elementor-element elementor-element-913f3fd e-flex e-con-boxed e-con e-parent\" data-id=\"913f3fd\" data-element_type=\"container\" data-settings=\"{&quot;background_background&quot;:&quot;gradient&quot;}\">\n\t\t\t\t\t<div class=\"e-con-inner\">\n\t\t\t\t<div class=\"elementor-element elementor-element-202bf3b elementor-widget elementor-widget-heading\" data-id=\"202bf3b\" data-element_type=\"widget\" data-widget_type=\"heading.default\">\n\t\t\t\t\t<h1 class=\"elementor-heading-title elementor-size-default\">Oikeudellinen huomautus (J\u00e4lki)<\/h1>\t\t\t\t<\/div>\n\t\t\t\t\t<\/div>\n\t\t\t\t<\/div>\n\t\t<div class=\"elementor-element elementor-element-9011448 e-flex e-con-boxed e-con e-parent\" data-id=\"9011448\" data-element_type=\"container\">\n\t\t\t\t\t<div class=\"e-con-inner\">\n\t\t\t\t<div class=\"elementor-element elementor-element-22ca553 elementor-widget elementor-widget-spacer\" data-id=\"22ca553\" data-element_type=\"widget\" data-widget_type=\"spacer.default\">\n\t\t\t\t\t\t\t<div class=\"elementor-spacer\">\n\t\t\t<div class=\"elementor-spacer-inner\"><\/div>\n\t\t<\/div>\n\t\t\t\t\t\t<\/div>\n\t\t\t\t\t<\/div>\n\t\t\t\t<\/div>\n\t\t<div class=\"elementor-element elementor-element-eb22c6b e-flex e-con-boxed e-con e-parent\" data-id=\"eb22c6b\" data-element_type=\"container\">\n\t\t\t\t\t<div class=\"e-con-inner\">\n\t\t\t\t<div class=\"elementor-element elementor-element-5784496 elementor-widget elementor-widget-text-editor\" data-id=\"5784496\" data-element_type=\"widget\" data-widget_type=\"text-editor.default\">\n\t\t\t\t\t\t\t\t\t<div style=\"line-height: 1.6;\"><h3 style=\"color: #222222; font-family: Arial, sans-serif;\">TMG:n 5 \u00a7:n (Saksan telemedialaki) ja MStV:n 18 \u00a7:n 2 momentin mukaiset tiedot:<\/h3><p style=\"color: #222222; font-family: Arial, sans-serif;\"><strong>Simtaly<\/strong><br \/>DALASON GmbH<br \/>Lindenstra\u00dfe 82<br \/>50674 K\u00f6ln<br \/>Saksa<\/p><p style=\"color: #222222; font-family: Arial, sans-serif;\"><strong>Edustaja:<\/strong><br \/>Toimitusjohtajat: Andreas Damek ja Chung-U Son<\/p><p style=\"color: #222222; font-family: Arial, sans-serif;\"><strong>Yhteystiedot:<\/strong><br \/>S\u00e4hk\u00f6posti: <a href=\"mailto:support@simtaly.com\">support@simtaly.com<\/a><br \/><span style=\"font-style: inherit; font-weight: inherit;\">WhatsApp-livechat: \u202a<a title=\"\" href=\"tel:16505474744\" target=\"_blank\" rel=\"noopener noreferrer\" data-title=\"tel:16505474744\">+16505474744<\/a><\/span><br \/>Verkkosivusto<strong>:<\/strong> <a href=\"https:\/\/www.simtaly.com\/fi\/\" target=\"_blank\" rel=\"noopener noreferrer\">https:\/\/www.simtaly.com<\/a><\/p><p style=\"color: #222222; font-family: Arial, sans-serif;\"><strong>Kaupparekisterimerkint\u00e4:<br \/><\/strong>Rekisterituomioistuin: K\u00f6lnin k\u00e4r\u00e4j\u00e4oikeus (Amtsgericht K\u00f6ln).<br \/>Rekisterinumero: HRB 60929<\/p><p style=\"color: #222222; font-family: Arial, sans-serif;\"><strong>Saksan arvonlis\u00e4verolain 27 a \u00a7:n mukainen arvonlis\u00e4verotunniste:<\/strong><br \/>Verotunnus: DE255749627<\/p><p style=\"color: #222222; font-family: Arial, sans-serif;\"><strong>Vastaa sis\u00e4ll\u00f6st\u00e4 MStV:n 18 \u00a7:n 2 momentin mukaisesti:<\/strong><br \/>Andreas Damek<br \/>DALASON GmbH<br \/>Lindenstra\u00dfe 82<br \/>50674 K\u00f6ln<br \/>Saksa<\/p><h3 style=\"color: #222222; font-family: Arial, sans-serif;\">Vastuuvapauslauseke<\/h3><p style=\"color: #222222; font-family: Arial, sans-serif;\"><strong>Vastuu sis\u00e4ll\u00f6st\u00e4<\/strong><br \/>Verkkosivustomme sis\u00e4lt\u00f6 on luotu \u00e4\u00e4rimm\u00e4isen huolellisesti. Emme kuitenkaan voi taata sis\u00e4ll\u00f6n tarkkuutta, t\u00e4ydellisyytt\u00e4 tai ajantasaisuutta.<br \/>Palveluntarjoajana olemme yleisen lain (TMG:n 7 \u00a7:n 1 momentti) mukaan vastuussa n\u00e4iden sivujen sis\u00e4ll\u00f6st\u00e4.<br \/>TMG:n 8-10 \u00a7:n mukaan meill\u00e4 ei ole velvollisuutta valvoa siirrettyj\u00e4 tai tallennettuja kolmannen osapuolen tietoja tai tutkia laittomaan toimintaan viittaavia olosuhteita.<br \/>Yleisen lains\u00e4\u00e4d\u00e4nn\u00f6n mukaiset velvollisuudet poistaa tai est\u00e4\u00e4 tietojen k\u00e4ytt\u00f6 eiv\u00e4t vaikuta t\u00e4h\u00e4n. Vastuu t\u00e4ss\u00e4 suhteessa on kuitenkin mahdollista vasta siit\u00e4 l\u00e4htien, kun saamme tiet\u00e4\u00e4 tietoisuutemme erityisest\u00e4 lainrikkomuksesta. Kun meille ilmoitetaan t\u00e4llaisista rikkomuksista, poistamme sis\u00e4ll\u00f6n v\u00e4litt\u00f6m\u00e4sti.<\/p><p style=\"color: #222222; font-family: Arial, sans-serif;\"><strong>Linkkien vastuu<\/strong><br \/>Verkkosivustomme sis\u00e4lt\u00e4\u00e4 linkkej\u00e4 kolmansien osapuolten ulkopuolisille verkkosivustoille, joiden sis\u00e4lt\u00f6\u00f6n emme voi vaikuttaa. Siksi emme voi ottaa vastuuta t\u00e4llaisesta ulkoisesta sis\u00e4ll\u00f6st\u00e4.<br \/>Linkitettyjen sivustojen sis\u00e4ll\u00f6st\u00e4 vastaa aina niiden tarjoaja tai yll\u00e4pit\u00e4j\u00e4.<br \/>Linkitetyt sivustot tarkistettiin mahdollisten lainrikkomusten varalta linkitt\u00e4mishetkell\u00e4. Laitonta sis\u00e4lt\u00f6\u00e4 ei ollut tuolloin havaittavissa.<br \/>Linkitettyjen sivujen jatkuva valvonta on kohtuutonta ilman konkreettisia todisteita rikkomuksesta. Kun saamme tiet\u00e4\u00e4 t\u00e4llaisista rikkomuksista, poistamme linkit v\u00e4litt\u00f6m\u00e4sti.<\/p><p style=\"color: #222222; font-family: Arial, sans-serif;\"><strong>Tekij\u00e4noikeus<\/strong><br \/><span style=\"font-size: 16px;\">Kaikki verkkosivuston yll\u00e4pit\u00e4j\u00e4n luoma sis\u00e4lt\u00f6 ja teokset ovat Saksan tekij\u00e4noikeuslain alaisia.<\/span><\/p><p style=\"color: #222222; font-family: Arial, sans-serif;\">Monistaminen, muuttaminen, jakelu tai kaikenlainen tekij\u00e4noikeuslain soveltamisalan ylitt\u00e4v\u00e4 k\u00e4ytt\u00f6 edellytt\u00e4\u00e4 tekij\u00e4n tai luojan kirjallista suostumusta.<br \/><span style=\"font-size: 16px;\">T\u00e4m\u00e4n sivuston lataaminen ja kopioiminen on sallittua vain yksityiseen, ei-kaupalliseen k\u00e4ytt\u00f6\u00f6n.<br \/><\/span>Jos t\u00e4m\u00e4n verkkosivuston sis\u00e4lt\u00f6 ei ole operaattorin luomaa, kolmansien osapuolten tekij\u00e4noikeuksia kunnioitetaan ja t\u00e4llainen sis\u00e4lt\u00f6 ilmoitetaan selv\u00e4sti.<br \/>Jos kuitenkin havaitset tekij\u00e4noikeusrikkomuksen, ilmoita siit\u00e4 meille. Ilmoituksen saatuamme poistamme t\u00e4llaisen sis\u00e4ll\u00f6n viipym\u00e4tt\u00e4.<\/p><p style=\"color: #222222; font-family: Arial, sans-serif;\"><strong>Verkkov\u00e4litteinen riidanratkaisu<\/strong><br \/>Euroopan komissio tarjoaa foorumin verkkov\u00e4litteist\u00e4 riidanratkaisua varten:<br \/><a href=\"https:\/\/ec.europa.eu\/consumers\/odr\" target=\"_blank\" rel=\"noopener noreferrer nofollow\">https:\/\/ec.europa.eu\/consumers\/odr<\/a><\/p><p>S\u00e4hk\u00f6postiosoitteemme on edell\u00e4 t\u00e4ss\u00e4 oikeudellisessa ilmoituksessa.<br \/>Emme ole halukkaita tai velvollisia osallistumaan riidanratkaisumenettelyyn kuluttajasovittelulautakunnassa.<\/p><p style=\"color: #222222; font-family: Arial, sans-serif;\"><strong>Kolmannen osapuolen sis\u00e4lt\u00f6\u00e4 koskeva ilmoitus (\u00a710 TMG)<br \/><\/strong>K\u00e4ytt\u00e4jien tai kolmansien osapuolten kannanotot eiv\u00e4t v\u00e4ltt\u00e4m\u00e4tt\u00e4 vastaa operaattorin n\u00e4kemyksi\u00e4.<br \/>Operaattori ei ota mit\u00e4\u00e4n toimituksellista vastuuta t\u00e4llaisesta sis\u00e4ll\u00f6st\u00e4.<\/p><p><strong>Jos sinulla on kysytt\u00e4v\u00e4\u00e4 painatuksesta, ota meihin yhteytt\u00e4:<\/strong><br \/>S\u00e4hk\u00f6posti: <a href=\"mailto:support@simtaly.com\">support@simtaly.com<\/a><br \/>WhatsApp-livechat: \u202a<a title=\"\" href=\"https:\/\/wa.me\/16505474744\" target=\"_blank\" rel=\"noopener noreferrer nofollow\" data-title=\"tel:16505474744\">+16505474744<\/a><\/p><\/div>\t\t\t\t\t\t\t\t<\/div>\n\t\t\t\t\t<\/div>\n\t\t\t\t<\/div>\n\t\t\t\t<\/div>","protected":false},"excerpt":{"rendered":"<p>Legal Notice (Imprint) Information according to \u00a75 TMG (German Telemedia Act) and \u00a718 (2) MStV: SimtalyDALASON GmbHLindenstra\u00dfe 8250674 CologneGermany Represented [&hellip;]<\/p>","protected":false},"author":5,"featured_media":0,"parent":0,"menu_order":0,"comment_status":"closed","ping_status":"closed","template":"","meta":{"site-sidebar-layout":"no-sidebar","site-content-layout":"","ast-site-content-layout":"full-width-container","site-content-style":"default","site-sidebar-style":"default","ast-global-header-display":"","ast-banner-title-visibility":"","ast-main-header-display":"","ast-hfb-above-header-display":"","ast-hfb-below-header-display":"","ast-hfb-mobile-header-display":"","site-post-title":"disabled","ast-breadcrumbs-content":"","ast-featured-img":"disabled","footer-sml-layout":"","theme-transparent-header-meta":"enabled","adv-header-id-meta":"","stick-header-meta":"","header-above-stick-meta":"","header-main-stick-meta":"","header-below-stick-meta":"","astra-migrate-meta-layouts":"default","ast-page-background-enabled":"default","ast-page-background-meta":{"desktop":{"background-color":"var(--ast-global-color-5)","background-image":"","background-repeat":"repeat","background-position":"center center","background-size":"auto","background-attachment":"scroll","background-type":"","background-media":"","overlay-type":"","overlay-color":"","overlay-opacity":"","overlay-gradient":""},"tablet":{"background-color":"","background-image":"","background-repeat":"repeat","background-position":"center center","background-size":"auto","background-attachment":"scroll","background-type":"","background-media":"","overlay-type":"","overlay-color":"","overlay-opacity":"","overlay-gradient":""},"mobile":{"background-color":"","background-image":"","background-repeat":"repeat","background-position":"center center","background-size":"auto","background-attachment":"scroll","background-type":"","background-media":"","overlay-type":"","overlay-color":"","overlay-opacity":"","overlay-gradient":""}},"ast-content-background-meta":{"desktop":{"background-color":"var(--ast-global-color-4)","background-image":"","background-repeat":"repeat","background-position":"center center","background-size":"auto","background-attachment":"scroll","background-type":"","background-media":"","overlay-type":"","overlay-color":"","overlay-opacity":"","overlay-gradient":""},"tablet":{"background-color":"var(--ast-global-color-4)","background-image":"","background-repeat":"repeat","background-position":"center center","background-size":"auto","background-attachment":"scroll","background-type":"","background-media":"","overlay-type":"","overlay-color":"","overlay-opacity":"","overlay-gradient":""},"mobile":{"background-color":"var(--ast-global-color-4)","background-image":"","background-repeat":"repeat","background-position":"center center","background-size":"auto","background-attachment":"scroll","background-type":"","background-media":"","overlay-type":"","overlay-color":"","overlay-opacity":"","overlay-gradient":""}},"footnotes":""},"class_list":["post-1182","page","type-page","status-publish","hentry"],"_links":{"self":[{"href":"https:\/\/www.simtaly.com\/fi\/wp-json\/wp\/v2\/pages\/1182","targetHints":{"allow":["GET"]}}],"collection":[{"href":"https:\/\/www.simtaly.com\/fi\/wp-json\/wp\/v2\/pages"}],"about":[{"href":"https:\/\/www.simtaly.com\/fi\/wp-json\/wp\/v2\/types\/page"}],"author":[{"embeddable":true,"href":"https:\/\/www.simtaly.com\/fi\/wp-json\/wp\/v2\/users\/5"}],"replies":[{"embeddable":true,"href":"https:\/\/www.simtaly.com\/fi\/wp-json\/wp\/v2\/comments?post=1182"}],"version-history":[{"count":50,"href":"https:\/\/www.simtaly.com\/fi\/wp-json\/wp\/v2\/pages\/1182\/revisions"}],"predecessor-version":[{"id":3983,"href":"https:\/\/www.simtaly.com\/fi\/wp-json\/wp\/v2\/pages\/1182\/revisions\/3983"}],"wp:attachment":[{"href":"https:\/\/www.simtaly.com\/fi\/wp-json\/wp\/v2\/media?parent=1182"}],"curies":[{"name":"wp","href":"https:\/\/api.w.org\/{rel}","templated":true}]}}