{"id":3930,"date":"2025-11-28T12:10:16","date_gmt":"2025-11-28T12:10:16","guid":{"rendered":"https:\/\/www.simtaly.com\/?page_id=3930"},"modified":"2025-12-01T11:06:50","modified_gmt":"2025-12-01T10:06:50","slug":"meist","status":"publish","type":"page","link":"https:\/\/www.simtaly.com\/et\/meist\/","title":{"rendered":"Meist"},"content":{"rendered":"<div data-elementor-type=\"wp-page\" data-elementor-id=\"3930\" class=\"elementor elementor-3930\" data-elementor-post-type=\"page\">\n\t\t\t\t<div class=\"elementor-element elementor-element-913f3fd e-flex e-con-boxed e-con e-parent\" data-id=\"913f3fd\" data-element_type=\"container\" data-settings=\"{&quot;background_background&quot;:&quot;gradient&quot;}\">\n\t\t\t\t\t<div class=\"e-con-inner\">\n\t\t\t\t<div class=\"elementor-element elementor-element-202bf3b elementor-widget elementor-widget-heading\" data-id=\"202bf3b\" data-element_type=\"widget\" data-widget_type=\"heading.default\">\n\t\t\t\t\t<h1 class=\"elementor-heading-title elementor-size-default\">Meist<\/h1>\t\t\t\t<\/div>\n\t\t\t\t\t<\/div>\n\t\t\t\t<\/div>\n\t\t<div class=\"elementor-element elementor-element-9011448 e-flex e-con-boxed e-con e-parent\" data-id=\"9011448\" data-element_type=\"container\">\n\t\t\t\t\t<div class=\"e-con-inner\">\n\t\t\t\t<div class=\"elementor-element elementor-element-22ca553 elementor-widget elementor-widget-spacer\" data-id=\"22ca553\" data-element_type=\"widget\" data-widget_type=\"spacer.default\">\n\t\t\t\t\t\t\t<div class=\"elementor-spacer\">\n\t\t\t<div class=\"elementor-spacer-inner\"><\/div>\n\t\t<\/div>\n\t\t\t\t\t\t<\/div>\n\t\t\t\t\t<\/div>\n\t\t\t\t<\/div>\n\t\t<div class=\"elementor-element elementor-element-eb22c6b e-flex e-con-boxed e-con e-parent\" data-id=\"eb22c6b\" data-element_type=\"container\">\n\t\t\t\t\t<div class=\"e-con-inner\">\n\t\t\t\t<div class=\"elementor-element elementor-element-5784496 elementor-widget elementor-widget-text-editor\" data-id=\"5784496\" data-element_type=\"widget\" data-widget_type=\"text-editor.default\">\n\t\t\t\t\t\t\t\t\t<h3>Meist \u2014 Simtaly Travel eSIM<\/h3><div>Simtaly on rahvusvaheline reisimise eSIM-br\u00e4nd, mis kuulub DALASON GmbH-le, litsentseeritud telekommunikatsiooniettev\u00f5ttele, mille peakontor asub K\u00f6lnis, Saksamaal. Alates 2007. aastast oleme arendanud digitaalseid kommunikatsioonitooteid, mis aitavad inimestel kodus ja v\u00e4lismaal \u00fchenduses olla. T\u00e4nap\u00e4eval kasutame seda kogemust, et pakkuda usaldusv\u00e4\u00e4rseid ja taskukohaseid eSIM-lahendusi \u00fclemaailmsetele reisijatele, kes soovivad maailma avastades lihtsat ja l\u00e4bipaistvat mobiilsidet.<\/div><div>\u00a0<\/div><div>Meie missioon on selge:<\/div><div>Muutke mobiilside kasutamine v\u00e4lismaal lihtsaks, \u00f5iglaseks ja stressivabaks kiirete, ettemakstud reisimise eSIM-kaartidega, mis aktiveeruvad koheselt.<\/div><div>\u00a0<\/div><h3>Kes me oleme<\/h3><div>DALASON GmbH on Saksa osa\u00fching (GmbH), mille peakontor asub aadressil:<\/div><div>DALASON GmbH<\/div><div>Lindenstra\u00dfe 82<\/div><div>50674 K\u00f6ln<\/div><div>Saksamaa<\/div><div>\u00a0<\/div><div>Oleme aastaid tegutsenud telekommunikatsiooni- ja IT-sektoris, pakkudes oma br\u00e4ndi kaudu selliseid lahendusi nagu v\u00f5rgustiku planeerimine ja pilvep\u00f5hised VoIP\/virtuaalsed telefonis\u00fcsteemid. <a href=\"http:\/\/www.wirecloud.de\" rel=\"nofollow noopener\" target=\"_blank\">WIRECLOUD<\/a>.<\/div><div>Meie teenused <a href=\"https:\/\/www.dcalling.com\/\" rel=\"nofollow noopener\" target=\"_blank\">DCalling<\/a> ja <a href=\"https:\/\/www.flatratebooster.com\" rel=\"nofollow noopener\" target=\"_blank\">FlatrateBooster<\/a> oleme juba teenindanud \u00fcle 120 000 kliendi, aidates neil v\u00e4hendada rahvusvaheliste mobiilik\u00f5nede kulusid.<\/div><div><span style=\"font-size: 1rem;\">Simtaly esindab j\u00e4rgmist sammu: globaalne reisimise eSIM-platvorm, mis p\u00f5hineb meie p\u00f5hjalikel kogemustel telekommunikatsioonitehnoloogia, klienditeeninduse ja digitaalse suhtluse valdkonnas.<\/span><\/div><div>\u00a0<\/div><h3>Mida me teeme: reisimise eSIM-kaardid \u00fclemaailmse \u00fchenduvuse tagamiseks<span style=\"color: #5b5b5b; font-family: Inter, sans-serif; font-size: 1rem; font-weight: 500;\">\u00a0<\/span><\/h3><h3><span style=\"color: #5b5b5b; font-family: Inter, sans-serif; font-size: 1rem; font-weight: 500;\">Simtaly pakub reisijatele, kes soovivad usaldusv\u00e4\u00e4rset mobiilset internetti enam kui 100 riigis, reisimise eSIM-kaarte ja rahvusvahelisi eSIM-pakette \u2013 ilma r\u00e4ndlustasude ja keeruliste lepinguteta.<\/span><\/h3><h4>Meie fookus:<\/h4><ul><li>Kiire kohaletoimetamine: iga eSIM saadetakse e-postiga m\u00f5ne minuti jooksul p\u00e4rast edukat makset.<\/li><li>Ettemakstud ja piiramatud paketid: lihtsad, l\u00e4bipaistvad reisimise eSIM-paketid ilma varjatud tasudeta.<\/li><li>Lihtne aktiveerimine: juhendatud installimine koos selgete samm-sammult juhistega meie abikeskuses.<\/li><li>Seadmete \u00fchilduvus: Toetame kaasaegseid eSIM-v\u00f5imelisi nutitelefone ja tahvelarvuteid, mis on dokumenteeritud meie \u00fchilduvusjuhendis.<\/li><\/ul><div>Iga Simtaly reisimise eSIMi taga on reguleeritud telekommunikatsiooniettev\u00f5te, millel on reaalne infrastruktuur ja pikaajaline kogemus \u2013 mitte edasim\u00fc\u00fcja ega ajutine teenusepakkuja. Meid reguleerib Saksamaa Bundesnetzagentur (f\u00f6deraalne v\u00f5rgustikuagentuur).<\/div><div>\u00a0<\/div><h3>Miks v\u00f5ite meid usaldada<\/h3><h4>1. Rohkem kui kaks aastak\u00fcmmet telekommunikatsiooni alast kogemust<\/h4><div>DALASON GmbH tegutseb alates 2007. aastast, pakkudes eraisikutele ja \u00e4riklientidele t\u00f5estatud telekommunikatsiooniteenuseid. Meie pikaajaline kogemus h\u00f5lmab rahvusvahelisi k\u00f5nelahendusi, pilvetelefonisidet ja digitaalseid \u00fchenduvusvahendeid. See tagab, et teie reisimise eSIM p\u00e4rineb ettev\u00f5ttelt, mis t\u00f5esti m\u00f5istab v\u00f5rgu kvaliteeti, usaldusv\u00e4\u00e4rsust ja klientide ootusi.<\/div><div>\u00a0<\/div><h4>2. Registreeritud ja reguleeritud Euroopa telekommunikatsiooniteenuse pakkuja<\/h4><ul><li>\u00d5iguslik vorm: DALASON GmbH (Saksa GmbH)<\/li><li>\u00c4riregister: K\u00f6lni kohtuamet, HRB 60929<\/li><li>K\u00e4ibemaksukohustuslase number: DE255749627<\/li><\/ul><div>Meid kontrollib Saksamaa Bundesnetzagentur ja meid on kontrollinud ka Austria telekommunikatsiooniamet.<\/div><div>See tagab l\u00e4bipaistvuse, n\u00f5uetele vastavuse ja tarbijakaitse Euroopa k\u00f5rgeimate standardite kohaselt.<\/div><div>\u00a0<\/div><h4>3. L\u00e4bipaistev kontakt ja klienditugi<\/h4><div><span style=\"font-size: 1rem;\">Kui vajate abi, on teie jaoks olemas p\u00e4ris inimesed:<\/span><\/div><ul><li>E-post: <a href=\"mailto:support@simtaly.com\">support@simtaly.com<\/a><\/li><li>WhatsAppi live-chat: \u202a<a href=\"https:\/\/wa.me\/16505474744\" target=\"_blank\" rel=\"noopener nofollow\">+16505474744<\/a><\/li><li class=\"translation-block\"><a href=\"https:\/\/support.simtaly.com\/hc\" target=\"_blank\" rel=\"noopener\">Abiinfo<\/a>: probleemide lahendamine, katvuse \u00fcksikasjad, aktiveerimisjuhendid, tagasimaksed, maksed<\/li><\/ul><div>Meie meeskond vastab v\u00f5imalikult kiiresti ja alati 24 tunni jooksul.<\/div><div>\u00a0<\/div><h3>Tutvuge juhtkonnaga<\/h3><div><span style=\"font-size: 1rem;\">Tegevjuhid (Gesch\u00e4ftsf\u00fchrer): <\/span>Andreas Damek ja Chung-U Son<\/div><ul><li class=\"translation-block\"><a href=\"https:\/\/www.linkedin.com\/in\/andreas-damek-4a09492\/?locale=en\" target=\"_blank\" rel=\"noopener\">Andreas Damek<\/a> on t\u00f6\u00f6tanud finants-, \u00f5igus- ja turundusvaldkonnas ning enne DALASONiga liitumist t\u00f6\u00f6tas ta Goldman Sachsis ja McKinsey spin-off konsultatsioonifirmas.<\/li><li><a href=\"https:\/\/www.linkedin.com\/in\/david-c-son-60ba2130\/?locale=en\" rel=\"nofollow noopener\" target=\"_blank\">Chung-U Son<\/a> on osalenud mitmes telekommunikatsiooni- ja tehnoloogiaettev\u00f5tmises K\u00f6lnis, keskendudes operaatoriteenustele ja tarkvaraarendusele.<\/li><\/ul><div>\u00a0<span style=\"font-size: 1rem;\">Koos \u00fchendavad nad s\u00fcgava telekommunikatsiooni-, tarkvara- ja \u00e4rialase oskusteabe.<\/span><\/div><div>Tulemus: reisimise eSIM-teenus, mis on loodud t\u00f5elise tehnilise asjatundlikkuse ja inimliku arusaama p\u00f5hjal sellest, mida reisijad v\u00e4lismaal vajavad.<\/div><div>\u00a0<\/div><h3>Meie lubadus reisijatele<\/h3><h4><span style=\"color: #000000; font-family: 'Space Grotesk', sans-serif; font-size: 1.375rem; font-style: inherit; font-weight: bold;\">Me teame, kui oluliseks on muutunud mobiilsideandmed \u2013 eriti reisides:<\/span><\/h4><div>\u2022 s\u00f5prade ja perega \u00fchenduses olemine<\/div><div>\u2022 turvaline liiklemine v\u00f5\u00f5rastes linnades<\/div><div>\u2022 piletite, hotellibroneeringute ja kaartide kasutamine<\/div><div>\u2022 v\u00e4ltida r\u00e4ndlustasusid v\u00f5i SIM-kaartide m\u00fc\u00fcgikohtade otsimist saabumisel<\/div><div>\u00a0<\/div><h4>Sellep\u00e4rast on Simtaly \u00fcles ehitatud j\u00e4rgmiselt:<\/h4><div>\u2022 aus ja l\u00e4bipaistev hinnakujundus iga reisimise eSIM-kaardi puhul<\/div><div>\u2022 selge teave katvuse, andmete, kiiruse ja kehtivuse kohta<\/div><div>\u2022 kohene e-kirjade k\u00e4ttetoimetamine \u00fcle maailma<\/div><div>\u2022 \u00f5iglane ja usaldusv\u00e4\u00e4rne tugi, kui midagi ei l\u00e4he plaanip\u00e4raselt<\/div><div>\u00a0<\/div><div class=\"translation-block\">Kui teie Simtaly eSIM-kaart pole veel paigaldatud ja te muudate meelt, tagab meie selge <a href=\"https:\/\/www.simtaly.com\/et\/tagastamispoliitika\/\" target=\"_self\">tagastamispoliitika<\/a> sujuva t\u00fchistamise.<\/div><div>\u00a0<\/div><div><h5>Kui teil on lisak\u00fcsimusi, v\u00f5tke meiega julgelt \u00fchendust:<\/h5><p><strong>E-post:<\/strong>\u00a0<a href=\"mailto:support@simtaly.com\">support@simtaly.com<\/a><br \/><strong>WhatsAppi live-chat:<\/strong>\u00a0\u202a<a href=\"https:\/\/wa.me\/16505474744\" target=\"_blank\" rel=\"noopener nofollow\">+16505474744<\/a><\/p><\/div>\t\t\t\t\t\t\t\t<\/div>\n\t\t\t\t\t<\/div>\n\t\t\t\t<\/div>\n\t\t\t\t<\/div>","protected":false},"excerpt":{"rendered":"<p>About Us About Us \u2014 Simtaly Travel eSIM Simtaly is the international travel eSIM brand of DALASON GmbH, a licensed [&hellip;]<\/p>","protected":false},"author":5,"featured_media":0,"parent":0,"menu_order":0,"comment_status":"closed","ping_status":"closed","template":"","meta":{"site-sidebar-layout":"no-sidebar","site-content-layout":"","ast-site-content-layout":"full-width-container","site-content-style":"default","site-sidebar-style":"default","ast-global-header-display":"","ast-banner-title-visibility":"","ast-main-header-display":"","ast-hfb-above-header-display":"","ast-hfb-below-header-display":"","ast-hfb-mobile-header-display":"","site-post-title":"disabled","ast-breadcrumbs-content":"","ast-featured-img":"disabled","footer-sml-layout":"","theme-transparent-header-meta":"enabled","adv-header-id-meta":"","stick-header-meta":"","header-above-stick-meta":"","header-main-stick-meta":"","header-below-stick-meta":"","astra-migrate-meta-layouts":"default","ast-page-background-enabled":"default","ast-page-background-meta":{"desktop":{"background-color":"var(--ast-global-color-5)","background-image":"","background-repeat":"repeat","background-position":"center center","background-size":"auto","background-attachment":"scroll","background-type":"","background-media":"","overlay-type":"","overlay-color":"","overlay-opacity":"","overlay-gradient":""},"tablet":{"background-color":"","background-image":"","background-repeat":"repeat","background-position":"center center","background-size":"auto","background-attachment":"scroll","background-type":"","background-media":"","overlay-type":"","overlay-color":"","overlay-opacity":"","overlay-gradient":""},"mobile":{"background-color":"","background-image":"","background-repeat":"repeat","background-position":"center center","background-size":"auto","background-attachment":"scroll","background-type":"","background-media":"","overlay-type":"","overlay-color":"","overlay-opacity":"","overlay-gradient":""}},"ast-content-background-meta":{"desktop":{"background-color":"var(--ast-global-color-4)","background-image":"","background-repeat":"repeat","background-position":"center center","background-size":"auto","background-attachment":"scroll","background-type":"","background-media":"","overlay-type":"","overlay-color":"","overlay-opacity":"","overlay-gradient":""},"tablet":{"background-color":"var(--ast-global-color-4)","background-image":"","background-repeat":"repeat","background-position":"center center","background-size":"auto","background-attachment":"scroll","background-type":"","background-media":"","overlay-type":"","overlay-color":"","overlay-opacity":"","overlay-gradient":""},"mobile":{"background-color":"var(--ast-global-color-4)","background-image":"","background-repeat":"repeat","background-position":"center center","background-size":"auto","background-attachment":"scroll","background-type":"","background-media":"","overlay-type":"","overlay-color":"","overlay-opacity":"","overlay-gradient":""}},"footnotes":""},"class_list":["post-3930","page","type-page","status-publish","hentry"],"_links":{"self":[{"href":"https:\/\/www.simtaly.com\/et\/wp-json\/wp\/v2\/pages\/3930","targetHints":{"allow":["GET"]}}],"collection":[{"href":"https:\/\/www.simtaly.com\/et\/wp-json\/wp\/v2\/pages"}],"about":[{"href":"https:\/\/www.simtaly.com\/et\/wp-json\/wp\/v2\/types\/page"}],"author":[{"embeddable":true,"href":"https:\/\/www.simtaly.com\/et\/wp-json\/wp\/v2\/users\/5"}],"replies":[{"embeddable":true,"href":"https:\/\/www.simtaly.com\/et\/wp-json\/wp\/v2\/comments?post=3930"}],"version-history":[{"count":16,"href":"https:\/\/www.simtaly.com\/et\/wp-json\/wp\/v2\/pages\/3930\/revisions"}],"predecessor-version":[{"id":3972,"href":"https:\/\/www.simtaly.com\/et\/wp-json\/wp\/v2\/pages\/3930\/revisions\/3972"}],"wp:attachment":[{"href":"https:\/\/www.simtaly.com\/et\/wp-json\/wp\/v2\/media?parent=3930"}],"curies":[{"name":"wp","href":"https:\/\/api.w.org\/{rel}","templated":true}]}}