{"id":3914,"date":"2025-11-27T15:11:57","date_gmt":"2025-11-27T15:11:57","guid":{"rendered":"https:\/\/www.simtaly.com\/?page_id=3914"},"modified":"2025-11-28T23:02:04","modified_gmt":"2025-11-28T22:02:04","slug":"saatmiskulude-maksmise-kord","status":"publish","type":"page","link":"https:\/\/www.simtaly.com\/et\/saatmiskulude-maksmise-kord\/","title":{"rendered":"Saadetiste ja maksete eeskirjad"},"content":{"rendered":"<div data-elementor-type=\"wp-page\" data-elementor-id=\"3914\" class=\"elementor elementor-3914\" data-elementor-post-type=\"page\">\n\t\t\t\t<div class=\"elementor-element elementor-element-913f3fd e-flex e-con-boxed e-con e-parent\" data-id=\"913f3fd\" data-element_type=\"container\" data-settings=\"{&quot;background_background&quot;:&quot;gradient&quot;}\">\n\t\t\t\t\t<div class=\"e-con-inner\">\n\t\t\t\t<div class=\"elementor-element elementor-element-202bf3b elementor-widget elementor-widget-heading\" data-id=\"202bf3b\" data-element_type=\"widget\" data-widget_type=\"heading.default\">\n\t\t\t\t\t<h1 class=\"elementor-heading-title elementor-size-default\">Saadetiste ja maksete eeskirjad \u2013 simtaly.com<\/h1>\t\t\t\t<\/div>\n\t\t\t\t\t<\/div>\n\t\t\t\t<\/div>\n\t\t<div class=\"elementor-element elementor-element-9011448 e-flex e-con-boxed e-con e-parent\" data-id=\"9011448\" data-element_type=\"container\">\n\t\t\t\t\t<div class=\"e-con-inner\">\n\t\t\t\t<div class=\"elementor-element elementor-element-22ca553 elementor-widget elementor-widget-spacer\" data-id=\"22ca553\" data-element_type=\"widget\" data-widget_type=\"spacer.default\">\n\t\t\t\t\t\t\t<div class=\"elementor-spacer\">\n\t\t\t<div class=\"elementor-spacer-inner\"><\/div>\n\t\t<\/div>\n\t\t\t\t\t\t<\/div>\n\t\t\t\t\t<\/div>\n\t\t\t\t<\/div>\n\t\t<div class=\"elementor-element elementor-element-eb22c6b e-flex e-con-boxed e-con e-parent\" data-id=\"eb22c6b\" data-element_type=\"container\">\n\t\t\t\t\t<div class=\"e-con-inner\">\n\t\t\t\t<div class=\"elementor-element elementor-element-5784496 elementor-widget elementor-widget-text-editor\" data-id=\"5784496\" data-element_type=\"widget\" data-widget_type=\"text-editor.default\">\n\t\t\t\t\t\t\t\t\t<p>Kehtib k\u00f5ikide digitaalsete toodete, sealhulgas eSIM-i ja reisimise eSIM-teenuste puhul.<\/p><h3>1. Tarne- ja tagastamistingimused<\/h3><h4>eSIM-toodete digitaalne tarnimine<\/h4><p>K\u00f5ik eSIM- ja reisimise eSIM-tooted tarnitakse digitaalselt e-posti teel. F\u00fc\u00fcsilist saatmist ei toimu.<\/p><h4>Tarneaeg<\/h4><ul><li>Tasuta ja kohene kohaletoimetamine p\u00e4rast edukat makset.<\/li><li>eSIM saadetakse automaatselt kassasse sisestatud e-posti aadressile.<\/li><li>Enamikul juhtudel saabub e-kiri m\u00f5ne minuti jooksul.<\/li><\/ul><h4>Oluline teave e-kirjade k\u00e4ttetoimetamise kohta<\/h4><ul><li>Klient vastutab eSIM-i saamiseks \u00f5ige ja kehtiva e-posti aadressi sisestamise eest.<\/li><li>Kui e-kiri ei j\u00f5ua m\u00f5ne minuti jooksul kohale, kontrollige palun r\u00e4mpsposti v\u00f5i pr\u00fcgikasti.<\/li><li>Kui eSIM-i e-kiri ei ole 20 minuti jooksul saabunud, v\u00f5tke \u00fchendust klienditoega:<br \/><a href=\"mailto:support@simtaly.com\"><strong>support@simtaly.com<\/strong><\/a><\/li><li>Klienditugi vastab v\u00f5imalikult kiiresti ja tagab vastuse 24 tunni jooksul.<\/li><\/ul><h3>2. Maksepoliitika<\/h3><h4>Maksete t\u00f6\u00f6tlemine Stripe'i kaudu<\/h4><p>K\u00f5ik maksed t\u00f6\u00f6deldakse turvaliselt Stripe'i kaudu. Kassasse minnes n\u00e4evad kliendid automaatselt oma riigis Stripe'i poolt toetatavaid makseviise. Need v\u00f5ivad olla j\u00e4rgmised:<\/p><ul><li>Krediitkaardid<\/li><li>Deebetkaardid<\/li><li>Digitaalsed rahakotid<\/li><li>Muud kohalikud makseviisid<\/li><\/ul><h4>3D-Secure autentimine<\/h4><p>Kui kliendi krediitkaart toetab 3D-Secure'i, on see autentimise etapp kohustuslik ja rakendatakse tehingu k\u00e4igus.<\/p><h4>Maksud (k\u00e4ibemaks \/ m\u00fc\u00fcgimaks)<\/h4><ul><li>Kliendid peavad kassasse minnes valima oma arveldusriigi, et tagada \u00f5igete maksusummade kohaldamine.<\/li><li>K\u00f5ik veebisaidil kuvatavad hinnad sisaldavad k\u00e4ibemaksu k\u00f5ikides riikides \u00fcle maailma.<\/li><li>Ameerika \u00dchendriikide klientide puhul arvutatakse kohaldatavad riiklikud v\u00f5i kohalikud m\u00fc\u00fcgimaksud automaatselt v\u00e4lja ja lisatakse kassasse.<\/li><\/ul><h5>Kui teil on lisak\u00fcsimusi, v\u00f5tke meiega julgelt \u00fchendust:<\/h5><p><strong>E-post:<\/strong>\u00a0<a href=\"mailto:support@simtaly.com\">support@simtaly.com<\/a><br \/><strong>WhatsAppi live-chat:<\/strong>\u00a0\u202a<a href=\"https:\/\/wa.me\/16505474744\" target=\"_blank\" rel=\"noopener nofollow\">+16505474744<\/a><\/p>\t\t\t\t\t\t\t\t<\/div>\n\t\t\t\t<div class=\"elementor-element elementor-element-f48aae3 elementor-widget elementor-widget-spacer\" data-id=\"f48aae3\" data-element_type=\"widget\" data-widget_type=\"spacer.default\">\n\t\t\t\t\t\t\t<div class=\"elementor-spacer\">\n\t\t\t<div class=\"elementor-spacer-inner\"><\/div>\n\t\t<\/div>\n\t\t\t\t\t\t<\/div>\n\t\t\t\t\t<\/div>\n\t\t\t\t<\/div>\n\t\t\t\t<\/div>","protected":false},"excerpt":{"rendered":"<p>Shipping &amp; Payment Policy \u2013 simtaly.com Applies to all digital products, including eSIM and travel eSIM services. 1. Shipping Policy [&hellip;]<\/p>","protected":false},"author":5,"featured_media":0,"parent":0,"menu_order":0,"comment_status":"closed","ping_status":"closed","template":"","meta":{"site-sidebar-layout":"no-sidebar","site-content-layout":"","ast-site-content-layout":"full-width-container","site-content-style":"default","site-sidebar-style":"default","ast-global-header-display":"","ast-banner-title-visibility":"","ast-main-header-display":"","ast-hfb-above-header-display":"","ast-hfb-below-header-display":"","ast-hfb-mobile-header-display":"","site-post-title":"disabled","ast-breadcrumbs-content":"","ast-featured-img":"disabled","footer-sml-layout":"","theme-transparent-header-meta":"enabled","adv-header-id-meta":"","stick-header-meta":"","header-above-stick-meta":"","header-main-stick-meta":"","header-below-stick-meta":"","astra-migrate-meta-layouts":"default","ast-page-background-enabled":"default","ast-page-background-meta":{"desktop":{"background-color":"var(--ast-global-color-5)","background-image":"","background-repeat":"repeat","background-position":"center center","background-size":"auto","background-attachment":"scroll","background-type":"","background-media":"","overlay-type":"","overlay-color":"","overlay-opacity":"","overlay-gradient":""},"tablet":{"background-color":"","background-image":"","background-repeat":"repeat","background-position":"center center","background-size":"auto","background-attachment":"scroll","background-type":"","background-media":"","overlay-type":"","overlay-color":"","overlay-opacity":"","overlay-gradient":""},"mobile":{"background-color":"","background-image":"","background-repeat":"repeat","background-position":"center center","background-size":"auto","background-attachment":"scroll","background-type":"","background-media":"","overlay-type":"","overlay-color":"","overlay-opacity":"","overlay-gradient":""}},"ast-content-background-meta":{"desktop":{"background-color":"var(--ast-global-color-4)","background-image":"","background-repeat":"repeat","background-position":"center center","background-size":"auto","background-attachment":"scroll","background-type":"","background-media":"","overlay-type":"","overlay-color":"","overlay-opacity":"","overlay-gradient":""},"tablet":{"background-color":"var(--ast-global-color-4)","background-image":"","background-repeat":"repeat","background-position":"center center","background-size":"auto","background-attachment":"scroll","background-type":"","background-media":"","overlay-type":"","overlay-color":"","overlay-opacity":"","overlay-gradient":""},"mobile":{"background-color":"var(--ast-global-color-4)","background-image":"","background-repeat":"repeat","background-position":"center center","background-size":"auto","background-attachment":"scroll","background-type":"","background-media":"","overlay-type":"","overlay-color":"","overlay-opacity":"","overlay-gradient":""}},"footnotes":""},"class_list":["post-3914","page","type-page","status-publish","hentry"],"_links":{"self":[{"href":"https:\/\/www.simtaly.com\/et\/wp-json\/wp\/v2\/pages\/3914","targetHints":{"allow":["GET"]}}],"collection":[{"href":"https:\/\/www.simtaly.com\/et\/wp-json\/wp\/v2\/pages"}],"about":[{"href":"https:\/\/www.simtaly.com\/et\/wp-json\/wp\/v2\/types\/page"}],"author":[{"embeddable":true,"href":"https:\/\/www.simtaly.com\/et\/wp-json\/wp\/v2\/users\/5"}],"replies":[{"embeddable":true,"href":"https:\/\/www.simtaly.com\/et\/wp-json\/wp\/v2\/comments?post=3914"}],"version-history":[{"count":10,"href":"https:\/\/www.simtaly.com\/et\/wp-json\/wp\/v2\/pages\/3914\/revisions"}],"predecessor-version":[{"id":3929,"href":"https:\/\/www.simtaly.com\/et\/wp-json\/wp\/v2\/pages\/3914\/revisions\/3929"}],"wp:attachment":[{"href":"https:\/\/www.simtaly.com\/et\/wp-json\/wp\/v2\/media?parent=3914"}],"curies":[{"name":"wp","href":"https:\/\/api.w.org\/{rel}","templated":true}]}}