{"id":3631,"date":"2025-11-18T16:20:33","date_gmt":"2025-11-18T16:20:33","guid":{"rendered":"https:\/\/www.simtaly.com\/?page_id=3631"},"modified":"2025-11-28T22:59:19","modified_gmt":"2025-11-28T21:59:19","slug":"tagastamispoliitika","status":"publish","type":"page","link":"https:\/\/www.simtaly.com\/et\/tagastamispoliitika\/","title":{"rendered":"Tagastamispoliitika"},"content":{"rendered":"<div data-elementor-type=\"wp-page\" data-elementor-id=\"3631\" class=\"elementor elementor-3631\" data-elementor-post-type=\"page\">\n\t\t\t\t<div class=\"elementor-element elementor-element-913f3fd e-flex e-con-boxed e-con e-parent\" data-id=\"913f3fd\" data-element_type=\"container\" data-settings=\"{&quot;background_background&quot;:&quot;gradient&quot;}\">\n\t\t\t\t\t<div class=\"e-con-inner\">\n\t\t\t\t<div class=\"elementor-element elementor-element-202bf3b elementor-widget elementor-widget-heading\" data-id=\"202bf3b\" data-element_type=\"widget\" data-widget_type=\"heading.default\">\n\t\t\t\t\t<h1 class=\"elementor-heading-title elementor-size-default\">Tagastamispoliitika<\/h1>\t\t\t\t<\/div>\n\t\t\t\t\t<\/div>\n\t\t\t\t<\/div>\n\t\t<div class=\"elementor-element elementor-element-9011448 e-flex e-con-boxed e-con e-parent\" data-id=\"9011448\" data-element_type=\"container\">\n\t\t\t\t\t<div class=\"e-con-inner\">\n\t\t\t\t<div class=\"elementor-element elementor-element-22ca553 elementor-widget elementor-widget-spacer\" data-id=\"22ca553\" data-element_type=\"widget\" data-widget_type=\"spacer.default\">\n\t\t\t\t\t\t\t<div class=\"elementor-spacer\">\n\t\t\t<div class=\"elementor-spacer-inner\"><\/div>\n\t\t<\/div>\n\t\t\t\t\t\t<\/div>\n\t\t\t\t\t<\/div>\n\t\t\t\t<\/div>\n\t\t<div class=\"elementor-element elementor-element-eb22c6b e-flex e-con-boxed e-con e-parent\" data-id=\"eb22c6b\" data-element_type=\"container\">\n\t\t\t\t\t<div class=\"e-con-inner\">\n\t\t\t\t<div class=\"elementor-element elementor-element-5784496 elementor-widget elementor-widget-text-editor\" data-id=\"5784496\" data-element_type=\"widget\" data-widget_type=\"text-editor.default\">\n\t\t\t\t\t\t\t\t\t<h3>Tagasimaksed ja t\u00fchistamised<\/h3><p>Meie eesm\u00e4rk on pakkuda igale kliendile sujuvat, usaldusv\u00e4\u00e4rset ja \u00f5iglast kogemust.<\/p><h4>Milliseid tooteid saab tagastada?<\/h4><p>V\u00f5ite taotleda raha tagasi kuue (6) kuu jooksul p\u00e4rast ostu sooritamist meie k\u00fcsimusteta garantii alusel, kui eSIM-i ei ole veel aktiveeritud.<\/p><p>eSIM loetakse aktiveerituks, kui see \u00fchendub esimest korda mis tahes toetatud v\u00f5rku. P\u00e4rast aktiveerimist k\u00e4sitatakse seda kasutatuna ja tavaliselt ei saa seda tagastada.<\/p><p>Kui p\u00e4rast aktiveerimist tekivad siiski tehnilised probleemid - n\u00e4iteks kui eSIM ei saa teie sihtriigis toetatud v\u00f5rku \u00fchendada -, v\u00f5ite p\u00f6\u00f6rduda meie klienditoe poole, et taotleda osalist v\u00f5i t\u00e4ielikku raha tagasimaksmist. Et aidata meil probleemi \u00f5iglaselt lahendada, vajame t\u00f5endeid, mis t\u00f5endavad probleemi olemasolu (n\u00e4iteks ekraanipilte, seadme andmeid v\u00f5i veateateid). Enne tagasimakse taotlemist tehniliste probleemide t\u00f5ttu on vaja v\u00f5tta \u00fchendust meie tehnilise toe meeskonnaga chat'i v\u00f5i e-posti teel, et probleemi v\u00f5imalikuks lahendamiseks v\u00f5tta \u00fchendust.<\/p><h4>Ajakava<\/h4><p>Teie tagasimakseid v\u00f5i vahetusi t\u00f6\u00f6deldakse 14 p\u00e4eva jooksul.<\/p><h4>Tagasimakse protsess<\/h4><p>T\u00e4ieliku v\u00f5i osalise tagasimakse taotlemiseks saatke palun e-posti aadressile support@simtaly.com. Palun m\u00e4rkige ostu kuup\u00e4ev ja kellaaeg ning e-posti aadress, mida ostmisel kasutati. Kui ostu h\u00f5lmas rohkem kui \u00fchte toodet, m\u00e4rkige palun tooted, mille eest soovite raha tagasi saada. Kui eSIM on juba aktiveeritud, lisage t\u00f5endid tekkinud probleemide kohta.<\/p><p>K\u00f5ik heakskiidetud tagasimaksed v\u00e4ljastatakse algsele makseviisile. Kui tagasimakse on heaks kiidetud, katkestatakse vastutasuks asjaomase eSIMi \u00fchendus.<\/p><h4>Vahetused<\/h4><p>6 kuu jooksul p\u00e4rast ostu sooritamist saab eSIMi tagasi maksta v\u00f5i vahetada teise sama hinnaga toote vastu. Kui uue toote hind erineb, tagastatakse \u00fcle makstud summa algsele makseviisile v\u00f5i tuleb kliendil tasuda mis tahes alakasutatud summa enne uue toote tarnimist.<\/p><h4>Tasud<\/h4><p>Me EI v\u00f5ta tagasimakse taotlemise v\u00f5i t\u00f6\u00f6tlemise eest lisatasusid.<\/p><h4>Kontakt<\/h4><p>Meie eesm\u00e4rk on tagada, et iga klient tunneks end kindlalt ja h\u00e4sti hoituna. Oleme p\u00fchendunud sellele, et teha \u00f5iglasi ja m\u00f5istlikke kompromisse, kui see on vajalik, et pakkuda parimat v\u00f5imalikku ostukogemust. K\u00fcsimuste korral v\u00f5tke meiega \u00fchendust e-posti teel aadressil <a href=\"mailto:support@simtaly.com\">support@simtaly.com<\/a>.<\/p><h4>Poliitika uuendused Vastutusest loobumine<\/h4><p>Me v\u00f5ime seda poliitikat aeg-ajalt ajakohastada. Palun tutvuge enne tagastamise algatamist viimase versiooniga.<\/p><h4>Kui teil on lisak\u00fcsimusi, v\u00f5tke meiega julgelt \u00fchendust:<\/h4><p><strong>E-post:<\/strong> <a href=\"mailto:support@simtaly.com\">support@simtaly.com<\/a><br \/><strong>WhatsAppi live-chat:<\/strong> <a href=\"https:\/\/wa.me\/16505474744\" rel=\"nofollow noopener\" target=\"_blank\">+16505474744<\/a><\/p>\t\t\t\t\t\t\t\t<\/div>\n\t\t\t\t<div class=\"elementor-element elementor-element-f48aae3 elementor-widget elementor-widget-spacer\" data-id=\"f48aae3\" data-element_type=\"widget\" data-widget_type=\"spacer.default\">\n\t\t\t\t\t\t\t<div class=\"elementor-spacer\">\n\t\t\t<div class=\"elementor-spacer-inner\"><\/div>\n\t\t<\/div>\n\t\t\t\t\t\t<\/div>\n\t\t\t\t\t<\/div>\n\t\t\t\t<\/div>\n\t\t\t\t<\/div>","protected":false},"excerpt":{"rendered":"<p>Return Policy Refunds and Cancellations We aim to deliver a smooth, reliable, and fair experience for every customer. What products [&hellip;]<\/p>","protected":false},"author":5,"featured_media":0,"parent":0,"menu_order":0,"comment_status":"closed","ping_status":"closed","template":"","meta":{"site-sidebar-layout":"no-sidebar","site-content-layout":"","ast-site-content-layout":"full-width-container","site-content-style":"default","site-sidebar-style":"default","ast-global-header-display":"","ast-banner-title-visibility":"","ast-main-header-display":"","ast-hfb-above-header-display":"","ast-hfb-below-header-display":"","ast-hfb-mobile-header-display":"","site-post-title":"disabled","ast-breadcrumbs-content":"","ast-featured-img":"disabled","footer-sml-layout":"","theme-transparent-header-meta":"enabled","adv-header-id-meta":"","stick-header-meta":"","header-above-stick-meta":"","header-main-stick-meta":"","header-below-stick-meta":"","astra-migrate-meta-layouts":"default","ast-page-background-enabled":"default","ast-page-background-meta":{"desktop":{"background-color":"var(--ast-global-color-5)","background-image":"","background-repeat":"repeat","background-position":"center center","background-size":"auto","background-attachment":"scroll","background-type":"","background-media":"","overlay-type":"","overlay-color":"","overlay-opacity":"","overlay-gradient":""},"tablet":{"background-color":"","background-image":"","background-repeat":"repeat","background-position":"center center","background-size":"auto","background-attachment":"scroll","background-type":"","background-media":"","overlay-type":"","overlay-color":"","overlay-opacity":"","overlay-gradient":""},"mobile":{"background-color":"","background-image":"","background-repeat":"repeat","background-position":"center center","background-size":"auto","background-attachment":"scroll","background-type":"","background-media":"","overlay-type":"","overlay-color":"","overlay-opacity":"","overlay-gradient":""}},"ast-content-background-meta":{"desktop":{"background-color":"var(--ast-global-color-4)","background-image":"","background-repeat":"repeat","background-position":"center center","background-size":"auto","background-attachment":"scroll","background-type":"","background-media":"","overlay-type":"","overlay-color":"","overlay-opacity":"","overlay-gradient":""},"tablet":{"background-color":"var(--ast-global-color-4)","background-image":"","background-repeat":"repeat","background-position":"center center","background-size":"auto","background-attachment":"scroll","background-type":"","background-media":"","overlay-type":"","overlay-color":"","overlay-opacity":"","overlay-gradient":""},"mobile":{"background-color":"var(--ast-global-color-4)","background-image":"","background-repeat":"repeat","background-position":"center center","background-size":"auto","background-attachment":"scroll","background-type":"","background-media":"","overlay-type":"","overlay-color":"","overlay-opacity":"","overlay-gradient":""}},"footnotes":""},"class_list":["post-3631","page","type-page","status-publish","hentry"],"_links":{"self":[{"href":"https:\/\/www.simtaly.com\/et\/wp-json\/wp\/v2\/pages\/3631","targetHints":{"allow":["GET"]}}],"collection":[{"href":"https:\/\/www.simtaly.com\/et\/wp-json\/wp\/v2\/pages"}],"about":[{"href":"https:\/\/www.simtaly.com\/et\/wp-json\/wp\/v2\/types\/page"}],"author":[{"embeddable":true,"href":"https:\/\/www.simtaly.com\/et\/wp-json\/wp\/v2\/users\/5"}],"replies":[{"embeddable":true,"href":"https:\/\/www.simtaly.com\/et\/wp-json\/wp\/v2\/comments?post=3631"}],"version-history":[{"count":34,"href":"https:\/\/www.simtaly.com\/et\/wp-json\/wp\/v2\/pages\/3631\/revisions"}],"predecessor-version":[{"id":3887,"href":"https:\/\/www.simtaly.com\/et\/wp-json\/wp\/v2\/pages\/3631\/revisions\/3887"}],"wp:attachment":[{"href":"https:\/\/www.simtaly.com\/et\/wp-json\/wp\/v2\/media?parent=3631"}],"curies":[{"name":"wp","href":"https:\/\/api.w.org\/{rel}","templated":true}]}}