{"id":1182,"date":"2025-09-10T09:04:47","date_gmt":"2025-09-10T09:04:47","guid":{"rendered":"https:\/\/www.simtaly.com\/?page_id=1182"},"modified":"2025-11-28T22:55:14","modified_gmt":"2025-11-28T21:55:14","slug":"jaljend","status":"publish","type":"page","link":"https:\/\/www.simtaly.com\/et\/jaljend\/","title":{"rendered":"J\u00e4lg"},"content":{"rendered":"<div data-elementor-type=\"wp-page\" data-elementor-id=\"1182\" class=\"elementor elementor-1182\" data-elementor-post-type=\"page\">\n\t\t\t\t<div class=\"elementor-element elementor-element-913f3fd e-flex e-con-boxed e-con e-parent\" data-id=\"913f3fd\" data-element_type=\"container\" data-settings=\"{&quot;background_background&quot;:&quot;gradient&quot;}\">\n\t\t\t\t\t<div class=\"e-con-inner\">\n\t\t\t\t<div class=\"elementor-element elementor-element-202bf3b elementor-widget elementor-widget-heading\" data-id=\"202bf3b\" data-element_type=\"widget\" data-widget_type=\"heading.default\">\n\t\t\t\t\t<h1 class=\"elementor-heading-title elementor-size-default\">\u00d5igusaktid (Impressum)<\/h1>\t\t\t\t<\/div>\n\t\t\t\t\t<\/div>\n\t\t\t\t<\/div>\n\t\t<div class=\"elementor-element elementor-element-9011448 e-flex e-con-boxed e-con e-parent\" data-id=\"9011448\" data-element_type=\"container\">\n\t\t\t\t\t<div class=\"e-con-inner\">\n\t\t\t\t<div class=\"elementor-element elementor-element-22ca553 elementor-widget elementor-widget-spacer\" data-id=\"22ca553\" data-element_type=\"widget\" data-widget_type=\"spacer.default\">\n\t\t\t\t\t\t\t<div class=\"elementor-spacer\">\n\t\t\t<div class=\"elementor-spacer-inner\"><\/div>\n\t\t<\/div>\n\t\t\t\t\t\t<\/div>\n\t\t\t\t\t<\/div>\n\t\t\t\t<\/div>\n\t\t<div class=\"elementor-element elementor-element-eb22c6b e-flex e-con-boxed e-con e-parent\" data-id=\"eb22c6b\" data-element_type=\"container\">\n\t\t\t\t\t<div class=\"e-con-inner\">\n\t\t\t\t<div class=\"elementor-element elementor-element-5784496 elementor-widget elementor-widget-text-editor\" data-id=\"5784496\" data-element_type=\"widget\" data-widget_type=\"text-editor.default\">\n\t\t\t\t\t\t\t\t\t<div style=\"line-height: 1.6;\"><h3 style=\"color: #222222; font-family: Arial, sans-serif;\">Teave vastavalt \u00a75 TMG (Saksa telemediaseadus) ja \u00a718 (2) MStV:<\/h3><p style=\"color: #222222; font-family: Arial, sans-serif;\"><strong>Simtaly<\/strong><br \/>DALASON GmbH<br \/>Lindenstra\u00dfe 82<br \/>50674 K\u00f6ln<br \/>Saksamaa<\/p><p style=\"color: #222222; font-family: Arial, sans-serif;\"><strong>Esindab:<\/strong><br \/>Tegevjuhid: Andreas Damek ja Chung-U Son<\/p><p style=\"color: #222222; font-family: Arial, sans-serif;\"><strong>Kontakt:<\/strong><br \/>E-post: <a href=\"mailto:support@simtaly.com\">support@simtaly.com<\/a><br \/><span style=\"font-style: inherit; font-weight: inherit;\">WhatsAppi live-chat: \u202a<a title=\"\" href=\"tel:16505474744\" target=\"_blank\" rel=\"noopener noreferrer\" data-title=\"tel:16505474744\">+16505474744<\/a><\/span><br \/>Veebileht<strong>:<\/strong> <a href=\"https:\/\/www.simtaly.com\/et\/\" target=\"_blank\" rel=\"noopener noreferrer\">https:\/\/www.simtaly.com<\/a><\/p><p style=\"color: #222222; font-family: Arial, sans-serif;\"><strong>\u00c4riregistri kanne:<br \/><\/strong>Registrikohus: K\u00f6lni kohalik kohus (Amtsgericht K\u00f6ln)<br \/>Registreerimisnumber: HRB 60929<\/p><p style=\"color: #222222; font-family: Arial, sans-serif;\"><strong>K\u00e4ibemaksu identifitseerimisnumber vastavalt Saksamaa k\u00e4ibemaksuseaduse \u00a727a:<\/strong><br \/>Maksukood: DE255749627<\/p><p style=\"color: #222222; font-family: Arial, sans-serif;\"><strong>Vastutab sisu eest vastavalt MStV \u00a718 l\u00f5ikele 2:<\/strong><br \/>Andreas Damek<br \/>DALASON GmbH<br \/>Lindenstra\u00dfe 82<br \/>50674 K\u00f6ln<br \/>Saksamaa<\/p><h3 style=\"color: #222222; font-family: Arial, sans-serif;\">Vastutusn\u00f5ue<\/h3><p style=\"color: #222222; font-family: Arial, sans-serif;\"><strong>Vastutus sisu eest<\/strong><br \/>Meie veebisaidi sisu on loodud \u00fclima hoolikusega. Siiski ei saa me garanteerida sisu t\u00e4psust, t\u00e4ielikkust ega ajakohasust.<br \/>Teenusepakkujana vastutame \u00fcldiste seaduste kohaselt (TMG \u00a77 l\u00f5ige 1) meie enda sisu eest nendel lehek\u00fclgedel.<br \/>Vastavalt TMG \u00a7\u00a7 8-10 ei ole me kohustatud j\u00e4lgima kolmandate isikute edastatud v\u00f5i salvestatud teavet ega uurima ebaseaduslikule tegevusele viitavaid asjaolusid.<br \/>\u00dcldise \u00f5iguse kohased kohustused teabe eemaldamiseks v\u00f5i selle kasutamise blokeerimiseks ei m\u00f5juta seda. Vastutus selles osas on aga v\u00f5imalik alles alates hetkest, mil me saame teada konkreetsest \u00f5igusrikkumisest. Sellistest rikkumistest teavitamise korral eemaldame sisu viivitamatult.<\/p><p style=\"color: #222222; font-family: Arial, sans-serif;\"><strong>Vastutus linkide eest<\/strong><br \/>Meie veebisait sisaldab linke kolmandate isikute v\u00e4listele veebisaitidele, mille sisu \u00fcle meil puudub kontroll. Seet\u00f5ttu ei saa me v\u00f5tta vastutust sellise v\u00e4lise sisu eest.<br \/>Nende sisu eest vastutab alati vastav teenusepakkuja v\u00f5i lingitud veebilehtede operaator.<br \/>Lingitud saite kontrolliti linkimise ajal v\u00f5imalike \u00f5igusrikkumiste suhtes. Ebaseaduslik sisu ei olnud sel ajal tuvastatav.<br \/>Seotud lehek\u00fclgede pidev j\u00e4lgimine on ebam\u00f5istlik ilma konkreetsete t\u00f5enditeta rikkumise kohta. Kui me saame teada sellistest rikkumistest, eemaldame lingid viivitamatult.<\/p><p style=\"color: #222222; font-family: Arial, sans-serif;\"><strong>Autori\u00f5igus<\/strong><br \/><span style=\"font-size: 16px;\">Kogu veebilehe operaatori loodud sisu ja teosed kuuluvad Saksamaa autori\u00f5iguse alla.<\/span><\/p><p style=\"color: #222222; font-family: Arial, sans-serif;\">Reprodutseerimine, muutmine, levitamine v\u00f5i mis tahes vormis kasutamine v\u00e4ljaspool autori\u00f5iguse ulatust n\u00f5uab vastava autori v\u00f5i looja kirjalikku n\u00f5usolekut.<br \/><span style=\"font-size: 16px;\">Selle saidi allalaadimine ja koopiate tegemine on lubatud ainult isiklikuks, mitte\u00e4riliseks kasutamiseks.<br \/><\/span>Kui selle veebisaidi sisu ei ole loodud operaatori poolt, austatakse kolmandate isikute autori\u00f5igusi ja selline sisu on selgelt m\u00e4rgitud.<br \/>Kui teile peaks siiski teatavaks saama autori\u00f5iguste rikkumine, teavitage meid sellest. Teavitamise korral eemaldame sellise sisu viivitamatult.<\/p><p style=\"color: #222222; font-family: Arial, sans-serif;\"><strong>Online vaidluste lahendamine<\/strong><br \/>Euroopa Komisjon pakub platvormi vaidluste veebip\u00f5hiseks lahendamiseks (OS):<br \/><a href=\"https:\/\/ec.europa.eu\/consumers\/odr\" target=\"_blank\" rel=\"noopener noreferrer nofollow\">https:\/\/ec.europa.eu\/consumers\/odr<\/a><\/p><p>Meie e-posti aadressi leiate eespool k\u00e4esolevas \u00f5iguslikus teatises.<br \/>Me ei ole valmis ega kohustatud osalema vaidluste lahendamise menetluses tarbijakohtus.<\/p><p style=\"color: #222222; font-family: Arial, sans-serif;\"><strong>Kolmandate isikute sisu k\u00e4sitlev teatis (TMG \u00a710)<br \/><\/strong>Kasutajate v\u00f5i kolmandate isikute panused ei pruugi kajastada operaatori seisukohti.<br \/>Operaator ei v\u00f5ta endale mingit toimetuslikku vastutust sellise sisu eest.<\/p><p><strong>Kui teil on k\u00fcsimusi tr\u00fckise kohta, v\u00f5tke meiega julgelt \u00fchendust:<\/strong><br \/>E-post: <a href=\"mailto:support@simtaly.com\">support@simtaly.com<\/a><br \/>WhatsAppi live-chat: \u202a<a title=\"\" href=\"https:\/\/wa.me\/16505474744\" target=\"_blank\" rel=\"noopener noreferrer nofollow\" data-title=\"tel:16505474744\">+16505474744<\/a><\/p><\/div>\t\t\t\t\t\t\t\t<\/div>\n\t\t\t\t\t<\/div>\n\t\t\t\t<\/div>\n\t\t\t\t<\/div>","protected":false},"excerpt":{"rendered":"<p>Legal Notice (Imprint) Information according to \u00a75 TMG (German Telemedia Act) and \u00a718 (2) MStV: SimtalyDALASON GmbHLindenstra\u00dfe 8250674 CologneGermany Represented [&hellip;]<\/p>","protected":false},"author":5,"featured_media":0,"parent":0,"menu_order":0,"comment_status":"closed","ping_status":"closed","template":"","meta":{"site-sidebar-layout":"no-sidebar","site-content-layout":"","ast-site-content-layout":"full-width-container","site-content-style":"default","site-sidebar-style":"default","ast-global-header-display":"","ast-banner-title-visibility":"","ast-main-header-display":"","ast-hfb-above-header-display":"","ast-hfb-below-header-display":"","ast-hfb-mobile-header-display":"","site-post-title":"disabled","ast-breadcrumbs-content":"","ast-featured-img":"disabled","footer-sml-layout":"","theme-transparent-header-meta":"enabled","adv-header-id-meta":"","stick-header-meta":"","header-above-stick-meta":"","header-main-stick-meta":"","header-below-stick-meta":"","astra-migrate-meta-layouts":"default","ast-page-background-enabled":"default","ast-page-background-meta":{"desktop":{"background-color":"var(--ast-global-color-5)","background-image":"","background-repeat":"repeat","background-position":"center center","background-size":"auto","background-attachment":"scroll","background-type":"","background-media":"","overlay-type":"","overlay-color":"","overlay-opacity":"","overlay-gradient":""},"tablet":{"background-color":"","background-image":"","background-repeat":"repeat","background-position":"center center","background-size":"auto","background-attachment":"scroll","background-type":"","background-media":"","overlay-type":"","overlay-color":"","overlay-opacity":"","overlay-gradient":""},"mobile":{"background-color":"","background-image":"","background-repeat":"repeat","background-position":"center center","background-size":"auto","background-attachment":"scroll","background-type":"","background-media":"","overlay-type":"","overlay-color":"","overlay-opacity":"","overlay-gradient":""}},"ast-content-background-meta":{"desktop":{"background-color":"var(--ast-global-color-4)","background-image":"","background-repeat":"repeat","background-position":"center center","background-size":"auto","background-attachment":"scroll","background-type":"","background-media":"","overlay-type":"","overlay-color":"","overlay-opacity":"","overlay-gradient":""},"tablet":{"background-color":"var(--ast-global-color-4)","background-image":"","background-repeat":"repeat","background-position":"center center","background-size":"auto","background-attachment":"scroll","background-type":"","background-media":"","overlay-type":"","overlay-color":"","overlay-opacity":"","overlay-gradient":""},"mobile":{"background-color":"var(--ast-global-color-4)","background-image":"","background-repeat":"repeat","background-position":"center center","background-size":"auto","background-attachment":"scroll","background-type":"","background-media":"","overlay-type":"","overlay-color":"","overlay-opacity":"","overlay-gradient":""}},"footnotes":""},"class_list":["post-1182","page","type-page","status-publish","hentry"],"_links":{"self":[{"href":"https:\/\/www.simtaly.com\/et\/wp-json\/wp\/v2\/pages\/1182","targetHints":{"allow":["GET"]}}],"collection":[{"href":"https:\/\/www.simtaly.com\/et\/wp-json\/wp\/v2\/pages"}],"about":[{"href":"https:\/\/www.simtaly.com\/et\/wp-json\/wp\/v2\/types\/page"}],"author":[{"embeddable":true,"href":"https:\/\/www.simtaly.com\/et\/wp-json\/wp\/v2\/users\/5"}],"replies":[{"embeddable":true,"href":"https:\/\/www.simtaly.com\/et\/wp-json\/wp\/v2\/comments?post=1182"}],"version-history":[{"count":50,"href":"https:\/\/www.simtaly.com\/et\/wp-json\/wp\/v2\/pages\/1182\/revisions"}],"predecessor-version":[{"id":3983,"href":"https:\/\/www.simtaly.com\/et\/wp-json\/wp\/v2\/pages\/1182\/revisions\/3983"}],"wp:attachment":[{"href":"https:\/\/www.simtaly.com\/et\/wp-json\/wp\/v2\/media?parent=1182"}],"curies":[{"name":"wp","href":"https:\/\/api.w.org\/{rel}","templated":true}]}}