{"id":3914,"date":"2025-11-27T15:11:57","date_gmt":"2025-11-27T15:11:57","guid":{"rendered":"https:\/\/www.simtaly.com\/?page_id=3914"},"modified":"2025-11-28T23:02:04","modified_gmt":"2025-11-28T22:02:04","slug":"politica-de-pago-de-envios","status":"publish","type":"page","link":"https:\/\/www.simtaly.com\/es\/politica-de-pago-de-envios\/","title":{"rendered":"Pol\u00edtica de env\u00edos y pagos"},"content":{"rendered":"<div data-elementor-type=\"wp-page\" data-elementor-id=\"3914\" class=\"elementor elementor-3914\" data-elementor-post-type=\"page\">\n\t\t\t\t<div class=\"elementor-element elementor-element-913f3fd e-flex e-con-boxed e-con e-parent\" data-id=\"913f3fd\" data-element_type=\"container\" data-settings=\"{&quot;background_background&quot;:&quot;gradient&quot;}\">\n\t\t\t\t\t<div class=\"e-con-inner\">\n\t\t\t\t<div class=\"elementor-element elementor-element-202bf3b elementor-widget elementor-widget-heading\" data-id=\"202bf3b\" data-element_type=\"widget\" data-widget_type=\"heading.default\">\n\t\t\t\t\t<h1 class=\"elementor-heading-title elementor-size-default\">Pol\u00edtica de env\u00edos y pagos \u2013 simtaly.com<\/h1>\t\t\t\t<\/div>\n\t\t\t\t\t<\/div>\n\t\t\t\t<\/div>\n\t\t<div class=\"elementor-element elementor-element-9011448 e-flex e-con-boxed e-con e-parent\" data-id=\"9011448\" data-element_type=\"container\">\n\t\t\t\t\t<div class=\"e-con-inner\">\n\t\t\t\t<div class=\"elementor-element elementor-element-22ca553 elementor-widget elementor-widget-spacer\" data-id=\"22ca553\" data-element_type=\"widget\" data-widget_type=\"spacer.default\">\n\t\t\t\t\t\t\t<div class=\"elementor-spacer\">\n\t\t\t<div class=\"elementor-spacer-inner\"><\/div>\n\t\t<\/div>\n\t\t\t\t\t\t<\/div>\n\t\t\t\t\t<\/div>\n\t\t\t\t<\/div>\n\t\t<div class=\"elementor-element elementor-element-eb22c6b e-flex e-con-boxed e-con e-parent\" data-id=\"eb22c6b\" data-element_type=\"container\">\n\t\t\t\t\t<div class=\"e-con-inner\">\n\t\t\t\t<div class=\"elementor-element elementor-element-5784496 elementor-widget elementor-widget-text-editor\" data-id=\"5784496\" data-element_type=\"widget\" data-widget_type=\"text-editor.default\">\n\t\t\t\t\t\t\t\t\t<p>Se aplica a todos los productos digitales, incluidos los servicios eSIM y eSIM para viajes.<\/p><h3>1. Pol\u00edtica de env\u00edos<\/h3><h4>Entrega digital de productos eSIM<\/h4><p>Todos los productos eSIM y eSIM para viajes se env\u00edan digitalmente por correo electr\u00f3nico. No hay env\u00edo f\u00edsico.<\/p><h4>Plazo de entrega<\/h4><ul><li>Entrega gratuita e inmediata tras el pago satisfactorio.<\/li><li>La eSIM se env\u00eda autom\u00e1ticamente a la direcci\u00f3n de correo electr\u00f3nico proporcionada durante el proceso de pago.<\/li><li>En la mayor\u00eda de los casos, el correo electr\u00f3nico llega en unos minutos.<\/li><\/ul><h4>Informaci\u00f3n importante sobre la entrega de correos electr\u00f3nicos<\/h4><ul><li>El cliente es responsable de introducir una direcci\u00f3n de correo electr\u00f3nico correcta y v\u00e1lida para recibir la eSIM.<\/li><li>Si el correo electr\u00f3nico no llega en unos minutos, comprueba la carpeta de spam o correo no deseado.<\/li><li>Si no ha recibido el correo electr\u00f3nico con la eSIM en un plazo de 20 minutos, p\u00f3ngase en contacto con el servicio de asistencia:<br \/><a href=\"mailto:support@simtaly.com\"><strong>support@simtaly.com<\/strong><\/a><\/li><li>El servicio de atenci\u00f3n al cliente responde lo m\u00e1s r\u00e1pido posible y garantiza una respuesta en un plazo de 24 horas.<\/li><\/ul><h3>2. Pol\u00edtica de pago<\/h3><h4>Procesamiento de pagos a trav\u00e9s de Stripe<\/h4><p>Todos los pagos se procesan de forma segura a trav\u00e9s de Stripe. Durante el proceso de pago, los clientes ver\u00e1n autom\u00e1ticamente los m\u00e9todos de pago que Stripe admite en su pa\u00eds respectivo. Estos pueden incluir:<\/p><ul><li>Tarjetas de cr\u00e9dito<\/li><li>Tarjetas de d\u00e9bito<\/li><li>Monederos digitales<\/li><li>Otras opciones de pago locales<\/li><\/ul><h4>Autenticaci\u00f3n 3D Secure<\/h4><p>Si la tarjeta de cr\u00e9dito del cliente es compatible con 3D-Secure, este paso de autenticaci\u00f3n es obligatorio y se aplicar\u00e1 durante la transacci\u00f3n.<\/p><h4>Impuestos (IVA \/ Impuesto sobre las ventas)<\/h4><ul><li>Los clientes deben seleccionar su pa\u00eds de facturaci\u00f3n durante el proceso de pago para garantizar que se apliquen los importes fiscales correctos.<\/li><li>Todos los precios que aparecen en el sitio web incluyen el IVA para todos los pa\u00edses del mundo.<\/li><li>Para los clientes de Estados Unidos, los impuestos estatales o locales aplicables se calculan autom\u00e1ticamente y se a\u00f1aden durante el proceso de pago.<\/li><\/ul><h5>Si tiene alguna otra pregunta, no dude en ponerse en contacto con nosotros:<\/h5><p><strong>Correo electr\u00f3nico:<\/strong>\u00a0<a href=\"mailto:support@simtaly.com\">support@simtaly.com<\/a><br \/><strong>Chat en vivo de WhatsApp:<\/strong>\u00a0\u202a<a href=\"https:\/\/wa.me\/16505474744\" target=\"_blank\" rel=\"noopener nofollow\">+16505474744<\/a><\/p>\t\t\t\t\t\t\t\t<\/div>\n\t\t\t\t<div class=\"elementor-element elementor-element-f48aae3 elementor-widget elementor-widget-spacer\" data-id=\"f48aae3\" data-element_type=\"widget\" data-widget_type=\"spacer.default\">\n\t\t\t\t\t\t\t<div class=\"elementor-spacer\">\n\t\t\t<div class=\"elementor-spacer-inner\"><\/div>\n\t\t<\/div>\n\t\t\t\t\t\t<\/div>\n\t\t\t\t\t<\/div>\n\t\t\t\t<\/div>\n\t\t\t\t<\/div>","protected":false},"excerpt":{"rendered":"<p>Shipping &amp; Payment Policy \u2013 simtaly.com Applies to all digital products, including eSIM and travel eSIM services. 1. Shipping Policy [&hellip;]<\/p>","protected":false},"author":5,"featured_media":0,"parent":0,"menu_order":0,"comment_status":"closed","ping_status":"closed","template":"","meta":{"site-sidebar-layout":"no-sidebar","site-content-layout":"","ast-site-content-layout":"full-width-container","site-content-style":"default","site-sidebar-style":"default","ast-global-header-display":"","ast-banner-title-visibility":"","ast-main-header-display":"","ast-hfb-above-header-display":"","ast-hfb-below-header-display":"","ast-hfb-mobile-header-display":"","site-post-title":"disabled","ast-breadcrumbs-content":"","ast-featured-img":"disabled","footer-sml-layout":"","theme-transparent-header-meta":"enabled","adv-header-id-meta":"","stick-header-meta":"","header-above-stick-meta":"","header-main-stick-meta":"","header-below-stick-meta":"","astra-migrate-meta-layouts":"default","ast-page-background-enabled":"default","ast-page-background-meta":{"desktop":{"background-color":"var(--ast-global-color-5)","background-image":"","background-repeat":"repeat","background-position":"center center","background-size":"auto","background-attachment":"scroll","background-type":"","background-media":"","overlay-type":"","overlay-color":"","overlay-opacity":"","overlay-gradient":""},"tablet":{"background-color":"","background-image":"","background-repeat":"repeat","background-position":"center center","background-size":"auto","background-attachment":"scroll","background-type":"","background-media":"","overlay-type":"","overlay-color":"","overlay-opacity":"","overlay-gradient":""},"mobile":{"background-color":"","background-image":"","background-repeat":"repeat","background-position":"center center","background-size":"auto","background-attachment":"scroll","background-type":"","background-media":"","overlay-type":"","overlay-color":"","overlay-opacity":"","overlay-gradient":""}},"ast-content-background-meta":{"desktop":{"background-color":"var(--ast-global-color-4)","background-image":"","background-repeat":"repeat","background-position":"center center","background-size":"auto","background-attachment":"scroll","background-type":"","background-media":"","overlay-type":"","overlay-color":"","overlay-opacity":"","overlay-gradient":""},"tablet":{"background-color":"var(--ast-global-color-4)","background-image":"","background-repeat":"repeat","background-position":"center center","background-size":"auto","background-attachment":"scroll","background-type":"","background-media":"","overlay-type":"","overlay-color":"","overlay-opacity":"","overlay-gradient":""},"mobile":{"background-color":"var(--ast-global-color-4)","background-image":"","background-repeat":"repeat","background-position":"center center","background-size":"auto","background-attachment":"scroll","background-type":"","background-media":"","overlay-type":"","overlay-color":"","overlay-opacity":"","overlay-gradient":""}},"footnotes":""},"class_list":["post-3914","page","type-page","status-publish","hentry"],"_links":{"self":[{"href":"https:\/\/www.simtaly.com\/es\/wp-json\/wp\/v2\/pages\/3914","targetHints":{"allow":["GET"]}}],"collection":[{"href":"https:\/\/www.simtaly.com\/es\/wp-json\/wp\/v2\/pages"}],"about":[{"href":"https:\/\/www.simtaly.com\/es\/wp-json\/wp\/v2\/types\/page"}],"author":[{"embeddable":true,"href":"https:\/\/www.simtaly.com\/es\/wp-json\/wp\/v2\/users\/5"}],"replies":[{"embeddable":true,"href":"https:\/\/www.simtaly.com\/es\/wp-json\/wp\/v2\/comments?post=3914"}],"version-history":[{"count":10,"href":"https:\/\/www.simtaly.com\/es\/wp-json\/wp\/v2\/pages\/3914\/revisions"}],"predecessor-version":[{"id":3929,"href":"https:\/\/www.simtaly.com\/es\/wp-json\/wp\/v2\/pages\/3914\/revisions\/3929"}],"wp:attachment":[{"href":"https:\/\/www.simtaly.com\/es\/wp-json\/wp\/v2\/media?parent=3914"}],"curies":[{"name":"wp","href":"https:\/\/api.w.org\/{rel}","templated":true}]}}