{"id":3930,"date":"2025-11-28T12:10:16","date_gmt":"2025-11-28T12:10:16","guid":{"rendered":"https:\/\/www.simtaly.com\/?page_id=3930"},"modified":"2025-12-01T11:06:50","modified_gmt":"2025-12-01T10:06:50","slug":"uber-uns","status":"publish","type":"page","link":"https:\/\/www.simtaly.com\/de\/uber-uns\/","title":{"rendered":"\u00dcber uns"},"content":{"rendered":"<div data-elementor-type=\"wp-page\" data-elementor-id=\"3930\" class=\"elementor elementor-3930\" data-elementor-post-type=\"page\">\n\t\t\t\t<div class=\"elementor-element elementor-element-913f3fd e-flex e-con-boxed e-con e-parent\" data-id=\"913f3fd\" data-element_type=\"container\" data-settings=\"{&quot;background_background&quot;:&quot;gradient&quot;}\">\n\t\t\t\t\t<div class=\"e-con-inner\">\n\t\t\t\t<div class=\"elementor-element elementor-element-202bf3b elementor-widget elementor-widget-heading\" data-id=\"202bf3b\" data-element_type=\"widget\" data-widget_type=\"heading.default\">\n\t\t\t\t\t<h1 class=\"elementor-heading-title elementor-size-default\">\u00dcber uns<\/h1>\t\t\t\t<\/div>\n\t\t\t\t\t<\/div>\n\t\t\t\t<\/div>\n\t\t<div class=\"elementor-element elementor-element-9011448 e-flex e-con-boxed e-con e-parent\" data-id=\"9011448\" data-element_type=\"container\">\n\t\t\t\t\t<div class=\"e-con-inner\">\n\t\t\t\t<div class=\"elementor-element elementor-element-22ca553 elementor-widget elementor-widget-spacer\" data-id=\"22ca553\" data-element_type=\"widget\" data-widget_type=\"spacer.default\">\n\t\t\t\t\t\t\t<div class=\"elementor-spacer\">\n\t\t\t<div class=\"elementor-spacer-inner\"><\/div>\n\t\t<\/div>\n\t\t\t\t\t\t<\/div>\n\t\t\t\t\t<\/div>\n\t\t\t\t<\/div>\n\t\t<div class=\"elementor-element elementor-element-eb22c6b e-flex e-con-boxed e-con e-parent\" data-id=\"eb22c6b\" data-element_type=\"container\">\n\t\t\t\t\t<div class=\"e-con-inner\">\n\t\t\t\t<div class=\"elementor-element elementor-element-5784496 elementor-widget elementor-widget-text-editor\" data-id=\"5784496\" data-element_type=\"widget\" data-widget_type=\"text-editor.default\">\n\t\t\t\t\t\t\t\t\t<h3>\u00dcber uns \u2013 Simtaly Travel eSIM<\/h3><div>Simtaly ist die internationale eSIM-Marke f\u00fcr Reisen der DALASON GmbH, einem lizenzierten Telekommunikationsunternehmen mit Sitz in K\u00f6ln. Seit 2007 entwickeln wir digitale Kommunikationsprodukte, die Menschen dabei helfen, in Verbindung zu bleiben \u2013 zu Hause und im Ausland. Heute nutzen wir dieses Know-how, um zuverl\u00e4ssige, erschwingliche eSIM-L\u00f6sungen f\u00fcr Weltreisende anzubieten, die sich beim Erkunden der Welt einfache und transparente mobile Daten w\u00fcnschen.<\/div><div>\u00a0<\/div><div>Unsere Mission ist klar:<\/div><div>Machen Sie mobile Daten im Ausland einfach, fair und stressfrei mit schnellen, sofort aktivierbaren Prepaid-Reise-eSIMs.<\/div><div>\u00a0<\/div><h3>Wer wir sind<\/h3><div>Die DALASON GmbH ist eine deutsche Gesellschaft mit beschr\u00e4nkter Haftung (GmbH) mit Sitz in:<\/div><div>DALASON GmbH<\/div><div>Lindenstra\u00dfe 82<\/div><div>50674 K\u00f6ln<\/div><div>Deutschland<\/div><div>\u00a0<\/div><div>Seit vielen Jahren sind wir im Telekommunikations- und IT-Sektor t\u00e4tig und bieten \u00fcber unsere Marke L\u00f6sungen wie Netzwerkplanung und cloudbasierte VoIP-\/virtuelle Telefonsysteme an. <a href=\"http:\/\/www.wirecloud.de\" rel=\"nofollow noopener\" target=\"_blank\">WIRECLOUD<\/a>.<\/div><div>Unsere Dienstleistungen <a href=\"https:\/\/www.dcalling.com\/\" rel=\"nofollow noopener\" target=\"_blank\">DCalling<\/a> und <a href=\"https:\/\/www.flatratebooster.com\" rel=\"nofollow noopener\" target=\"_blank\">Flatrate-Booster<\/a> haben bereits mehr als 120.000 Kunden bedient und ihnen dabei geholfen, die Kosten f\u00fcr internationale Mobilfunkgespr\u00e4che zu senken.<\/div><div><span style=\"font-size: 1rem;\">Simtaly ist der n\u00e4chste Schritt: eine globale eSIM-Plattform f\u00fcr Reisen, die auf unserer langj\u00e4hrigen Erfahrung in den Bereichen Telekommunikationstechnologie, Kundenservice und digitale Kommunikation basiert.<\/span><\/div><div>\u00a0<\/div><h3>Was wir tun: Reise-eSIMs f\u00fcr globale Konnektivit\u00e4t<span style=\"color: #5b5b5b; font-family: Inter, sans-serif; font-size: 1rem; font-weight: 500;\">\u00a0<\/span><\/h3><h3><span style=\"color: #5b5b5b; font-family: Inter, sans-serif; font-size: 1rem; font-weight: 500;\">Simtaly bietet Reise-eSIMs und internationale eSIM-Tarife f\u00fcr Reisende, die in mehr als 100 L\u00e4ndern zuverl\u00e4ssiges mobiles Internet w\u00fcnschen \u2013 ohne Roaming-Geb\u00fchren oder komplizierte Vertr\u00e4ge.<\/span><\/h3><h4>Unser Schwerpunkt:<\/h4><ul><li>Sofortige Lieferung: Jede eSIM wird innerhalb weniger Minuten nach erfolgreicher Zahlung per E-Mail versandt.<\/li><li>Prepaid- und Flatrate-Tarife: Einfache, transparente eSIM-Pakete f\u00fcr Reisen ohne versteckte Geb\u00fchren.<\/li><li>Einfache Aktivierung: Gef\u00fchrte Installation mit klaren Schritt-f\u00fcr-Schritt-Anweisungen in unserem Hilfe-Center.<\/li><li>Ger\u00e4tekompatibilit\u00e4t: Wir unterst\u00fctzen moderne eSIM-f\u00e4hige Smartphones und Tablets, die in unserem Kompatibilit\u00e4tsleitfaden aufgef\u00fchrt sind.<\/li><\/ul><div>Hinter jeder Simtaly-Reise-eSIM steht ein reguliertes Telekommunikationsunternehmen mit echter Infrastruktur und langj\u00e4hriger Erfahrung \u2013 kein Wiederverk\u00e4ufer oder tempor\u00e4rer Anbieter. Wir unterliegen der Aufsicht der deutschen Bundesnetzagentur.<\/div><div>\u00a0<\/div><h3>Warum Sie uns vertrauen k\u00f6nnen<\/h3><h4>1. Mehr als zwei Jahrzehnte Erfahrung in der Telekommunikation<\/h4><div>Die DALASON GmbH ist seit 2007 t\u00e4tig und bietet bew\u00e4hrte Telekommunikationsdienste f\u00fcr Privat- und Gesch\u00e4ftskunden an. Unsere langj\u00e4hrige Erfahrung umfasst internationale Anrufl\u00f6sungen, Cloud-Telefonie und digitale Konnektivit\u00e4ts-Tools. Dieser Hintergrund stellt sicher, dass Ihre Reise-eSIM von einem Unternehmen stammt, das sich mit Netzwerkqualit\u00e4t, Zuverl\u00e4ssigkeit und Kundenerwartungen bestens auskennt.<\/div><div>\u00a0<\/div><h4>2. Ein registrierter und regulierter europ\u00e4ischer Telekommunikationsanbieter<\/h4><ul><li>Rechtsform: DALASON GmbH (deutsche GmbH)<\/li><li>Handelsregister: Amtsgericht K\u00f6ln, HRB 60929<\/li><li>Umsatzsteuer-Identifikationsnummer: DE255749627<\/li><\/ul><div>Wir werden von der deutschen Bundesnetzagentur beaufsichtigt und wurden auch von der \u00f6sterreichischen Telekommunikationsbeh\u00f6rde gepr\u00fcft.<\/div><div>Dies gew\u00e4hrleistet Transparenz, Compliance und Verbraucherschutz auf h\u00f6chstem europ\u00e4ischen Niveau.<\/div><div>\u00a0<\/div><h4>3. Transparenter Kontakt und Kundensupport<\/h4><div><span style=\"font-size: 1rem;\">Echte Menschen stehen Ihnen zur Verf\u00fcgung, wenn Sie Hilfe ben\u00f6tigen:<\/span><\/div><ul><li>E-Mail: <a href=\"mailto:support@simtaly.com\">support@simtaly.com<\/a><\/li><li>WhatsApp Live-Chat: \u202a<a href=\"https:\/\/wa.me\/16505474744\" target=\"_blank\" rel=\"noopener nofollow\">+16505474744<\/a><\/li><li class=\"translation-block\"><a href=\"https:\/\/support.simtaly.com\/hc\" target=\"_blank\" rel=\"noopener\">Hilfezentrum<\/a>: Fehlerbehebung, Details zur Abdeckung, Aktivierungsanleitungen, R\u00fcckerstattungen, Zahlungen<\/li><\/ul><div>Unser Team antwortet so schnell wie m\u00f6glich und immer innerhalb von 24 Stunden.<\/div><div>\u00a0<\/div><h3>Lernen Sie die Gesch\u00e4ftsleitung kennen<\/h3><div><span style=\"font-size: 1rem;\">Gesch\u00e4ftsf\u00fchrer: <\/span>Andreas Damek und Chung-U Son<\/div><ul><li class=\"translation-block\"><a href=\"https:\/\/www.linkedin.com\/in\/andreas-damek-4a09492\/?locale=en\" target=\"_blank\" rel=\"noopener\">Andreas Damek<\/a> hat einen Hintergrund in den Bereichen Finanzen, Recht und Marketing und war vor seinem Eintritt bei DALASON bei Goldman Sachs und einer aus McKinsey hervorgegangenen Unternehmensberatung t\u00e4tig.<\/li><li><a href=\"https:\/\/www.linkedin.com\/in\/david-c-son-60ba2130\/?locale=en\" rel=\"nofollow noopener\" target=\"_blank\">Chung-U Son<\/a> hat an mehreren Telekommunikations- und Technologieprojekten in K\u00f6ln teilgenommen, wobei der Schwerpunkt auf Carrier-Services und Softwareentwicklung lag.<\/li><\/ul><div>\u00a0<span style=\"font-size: 1rem;\">Gemeinsam vereinen sie fundiertes Know-how in den Bereichen Telekommunikation, Software und Wirtschaft.<\/span><\/div><div>Das Ergebnis: ein eSIM-Reisedienst, der mit echtem technischen Know-how und menschlichem Verst\u00e4ndnis f\u00fcr die Bed\u00fcrfnisse von Reisenden im Ausland entwickelt wurde.<\/div><div>\u00a0<\/div><h3>Unser Versprechen an Reisende<\/h3><h4><span style=\"color: #000000; font-family: 'Space Grotesk', sans-serif; font-size: 1.375rem; font-style: inherit; font-weight: bold;\">Wir wissen, wie wichtig mobile Daten geworden sind \u2013 insbesondere auf Reisen:<\/span><\/h4><div>\u2022 mit Freunden und Familie in Verbindung bleiben<\/div><div>\u2022 sicheres Navigieren in unbekannten St\u00e4dten<\/div><div>\u2022 Zugriff auf Tickets, Hotelreservierungen und Karten<\/div><div>\u2022 Vermeidung von Roaming-Geb\u00fchren oder der Suche nach SIM-Shops bei der Ankunft<\/div><div>\u00a0<\/div><h4>Deshalb basiert Simtaly auf folgenden Grunds\u00e4tzen:<\/h4><div>\u2022 Ehrliche, transparente Preise f\u00fcr jede Reise-eSIM<\/div><div>\u2022 klare Informationen zu Abdeckung, Datenvolumen, Geschwindigkeit und G\u00fcltigkeit<\/div><div>\u2022 Sofortige E-Mail-Zustellung weltweit<\/div><div>\u2022 Faire, zuverl\u00e4ssige Unterst\u00fctzung, wenn etwas nicht wie geplant verl\u00e4uft<\/div><div>\u00a0<\/div><div class=\"translation-block\">Wenn Ihre Simtaly eSIM noch nicht installiert wurde und Sie Ihre Meinung \u00e4ndern, gew\u00e4hrleistet unser klares <a href=\"https:\/\/www.simtaly.com\/de\/rueckerstattungsrichtlinie\/\" target=\"_self\">R\u00fcckgaberecht<\/a> eine reibungslose Stornierung.<\/div><div>\u00a0<\/div><div><h5>Wenn Sie weitere Fragen haben, z\u00f6gern Sie nicht, uns zu kontaktieren:<\/h5><p><strong>E-Mail:<\/strong>\u00a0<a href=\"mailto:support@simtaly.com\">support@simtaly.com<\/a><br \/><strong>WhatsApp Live-Chat:<\/strong>\u00a0\u202a<a href=\"https:\/\/wa.me\/16505474744\" target=\"_blank\" rel=\"noopener nofollow\">+16505474744<\/a><\/p><\/div>\t\t\t\t\t\t\t\t<\/div>\n\t\t\t\t\t<\/div>\n\t\t\t\t<\/div>\n\t\t\t\t<\/div>","protected":false},"excerpt":{"rendered":"<p>About Us About Us \u2014 Simtaly Travel eSIM Simtaly is the international travel eSIM brand of DALASON GmbH, a licensed [&hellip;]<\/p>","protected":false},"author":5,"featured_media":0,"parent":0,"menu_order":0,"comment_status":"closed","ping_status":"closed","template":"","meta":{"site-sidebar-layout":"no-sidebar","site-content-layout":"","ast-site-content-layout":"full-width-container","site-content-style":"default","site-sidebar-style":"default","ast-global-header-display":"","ast-banner-title-visibility":"","ast-main-header-display":"","ast-hfb-above-header-display":"","ast-hfb-below-header-display":"","ast-hfb-mobile-header-display":"","site-post-title":"disabled","ast-breadcrumbs-content":"","ast-featured-img":"disabled","footer-sml-layout":"","theme-transparent-header-meta":"enabled","adv-header-id-meta":"","stick-header-meta":"","header-above-stick-meta":"","header-main-stick-meta":"","header-below-stick-meta":"","astra-migrate-meta-layouts":"default","ast-page-background-enabled":"default","ast-page-background-meta":{"desktop":{"background-color":"var(--ast-global-color-5)","background-image":"","background-repeat":"repeat","background-position":"center center","background-size":"auto","background-attachment":"scroll","background-type":"","background-media":"","overlay-type":"","overlay-color":"","overlay-opacity":"","overlay-gradient":""},"tablet":{"background-color":"","background-image":"","background-repeat":"repeat","background-position":"center center","background-size":"auto","background-attachment":"scroll","background-type":"","background-media":"","overlay-type":"","overlay-color":"","overlay-opacity":"","overlay-gradient":""},"mobile":{"background-color":"","background-image":"","background-repeat":"repeat","background-position":"center center","background-size":"auto","background-attachment":"scroll","background-type":"","background-media":"","overlay-type":"","overlay-color":"","overlay-opacity":"","overlay-gradient":""}},"ast-content-background-meta":{"desktop":{"background-color":"var(--ast-global-color-4)","background-image":"","background-repeat":"repeat","background-position":"center center","background-size":"auto","background-attachment":"scroll","background-type":"","background-media":"","overlay-type":"","overlay-color":"","overlay-opacity":"","overlay-gradient":""},"tablet":{"background-color":"var(--ast-global-color-4)","background-image":"","background-repeat":"repeat","background-position":"center center","background-size":"auto","background-attachment":"scroll","background-type":"","background-media":"","overlay-type":"","overlay-color":"","overlay-opacity":"","overlay-gradient":""},"mobile":{"background-color":"var(--ast-global-color-4)","background-image":"","background-repeat":"repeat","background-position":"center center","background-size":"auto","background-attachment":"scroll","background-type":"","background-media":"","overlay-type":"","overlay-color":"","overlay-opacity":"","overlay-gradient":""}},"footnotes":""},"class_list":["post-3930","page","type-page","status-publish","hentry"],"_links":{"self":[{"href":"https:\/\/www.simtaly.com\/de\/wp-json\/wp\/v2\/pages\/3930","targetHints":{"allow":["GET"]}}],"collection":[{"href":"https:\/\/www.simtaly.com\/de\/wp-json\/wp\/v2\/pages"}],"about":[{"href":"https:\/\/www.simtaly.com\/de\/wp-json\/wp\/v2\/types\/page"}],"author":[{"embeddable":true,"href":"https:\/\/www.simtaly.com\/de\/wp-json\/wp\/v2\/users\/5"}],"replies":[{"embeddable":true,"href":"https:\/\/www.simtaly.com\/de\/wp-json\/wp\/v2\/comments?post=3930"}],"version-history":[{"count":16,"href":"https:\/\/www.simtaly.com\/de\/wp-json\/wp\/v2\/pages\/3930\/revisions"}],"predecessor-version":[{"id":3972,"href":"https:\/\/www.simtaly.com\/de\/wp-json\/wp\/v2\/pages\/3930\/revisions\/3972"}],"wp:attachment":[{"href":"https:\/\/www.simtaly.com\/de\/wp-json\/wp\/v2\/media?parent=3930"}],"curies":[{"name":"wp","href":"https:\/\/api.w.org\/{rel}","templated":true}]}}