{"id":3914,"date":"2025-11-27T15:11:57","date_gmt":"2025-11-27T15:11:57","guid":{"rendered":"https:\/\/www.simtaly.com\/?page_id=3914"},"modified":"2025-11-28T23:02:04","modified_gmt":"2025-11-28T22:02:04","slug":"versand-und-zahlungsbedingungen","status":"publish","type":"page","link":"https:\/\/www.simtaly.com\/de\/versand-und-zahlungsbedingungen\/","title":{"rendered":"Versand- und Zahlungsbedingungen"},"content":{"rendered":"<div data-elementor-type=\"wp-page\" data-elementor-id=\"3914\" class=\"elementor elementor-3914\" data-elementor-post-type=\"page\">\n\t\t\t\t<div class=\"elementor-element elementor-element-913f3fd e-flex e-con-boxed e-con e-parent\" data-id=\"913f3fd\" data-element_type=\"container\" data-settings=\"{&quot;background_background&quot;:&quot;gradient&quot;}\">\n\t\t\t\t\t<div class=\"e-con-inner\">\n\t\t\t\t<div class=\"elementor-element elementor-element-202bf3b elementor-widget elementor-widget-heading\" data-id=\"202bf3b\" data-element_type=\"widget\" data-widget_type=\"heading.default\">\n\t\t\t\t\t<h1 class=\"elementor-heading-title elementor-size-default\">Versand- und Zahlungsbedingungen \u2013 simtaly.com<\/h1>\t\t\t\t<\/div>\n\t\t\t\t\t<\/div>\n\t\t\t\t<\/div>\n\t\t<div class=\"elementor-element elementor-element-9011448 e-flex e-con-boxed e-con e-parent\" data-id=\"9011448\" data-element_type=\"container\">\n\t\t\t\t\t<div class=\"e-con-inner\">\n\t\t\t\t<div class=\"elementor-element elementor-element-22ca553 elementor-widget elementor-widget-spacer\" data-id=\"22ca553\" data-element_type=\"widget\" data-widget_type=\"spacer.default\">\n\t\t\t\t\t\t\t<div class=\"elementor-spacer\">\n\t\t\t<div class=\"elementor-spacer-inner\"><\/div>\n\t\t<\/div>\n\t\t\t\t\t\t<\/div>\n\t\t\t\t\t<\/div>\n\t\t\t\t<\/div>\n\t\t<div class=\"elementor-element elementor-element-eb22c6b e-flex e-con-boxed e-con e-parent\" data-id=\"eb22c6b\" data-element_type=\"container\">\n\t\t\t\t\t<div class=\"e-con-inner\">\n\t\t\t\t<div class=\"elementor-element elementor-element-5784496 elementor-widget elementor-widget-text-editor\" data-id=\"5784496\" data-element_type=\"widget\" data-widget_type=\"text-editor.default\">\n\t\t\t\t\t\t\t\t\t<p>Gilt f\u00fcr alle digitalen Produkte, einschlie\u00dflich eSIM- und Reise-eSIM-Dienste.<\/p><h3>1. Versandbedingungen<\/h3><h4>Digitale Lieferung von eSIM-Produkten<\/h4><p>Alle eSIM- und Reise-eSIM-Produkte werden digital per E-Mail geliefert. Es erfolgt kein physischer Versand.<\/p><h4>Lieferzeit<\/h4><ul><li>Kostenlos und sofortige Lieferung nach erfolgreicher Zahlung.<\/li><li>Die eSIM wird automatisch an die beim Bezahlvorgang angegebene E-Mail-Adresse gesendet.<\/li><li>In den meisten F\u00e4llen kommt die E-Mail innerhalb weniger Minuten an.<\/li><\/ul><h4>Wichtige Informationen zur E-Mail-Zustellung<\/h4><ul><li>Der Kunde ist daf\u00fcr verantwortlich, eine korrekte und g\u00fcltige E-Mail-Adresse anzugeben, um die eSIM zu erhalten.<\/li><li>Wenn die E-Mail nicht innerhalb weniger Minuten eintrifft, \u00fcberpr\u00fcfen Sie bitte Ihren Spam- oder Junk-Ordner.<\/li><li>Wenn die eSIM-E-Mail nicht innerhalb von 20 Minuten angekommen ist, wenden Sie sich bitte an den Support:<br \/><a href=\"mailto:support@simtaly.com\"><strong>support@simtaly.com<\/strong><\/a><\/li><li>Der Kundensupport antwortet so schnell wie m\u00f6glich und garantiert eine Antwort innerhalb von 24 Stunden.<\/li><\/ul><h3>2. Zahlungsbedingungen<\/h3><h4>Zahlungsabwicklung \u00fcber Stripe<\/h4><p>Alle Zahlungen werden sicher \u00fcber Stripe abgewickelt. Beim Bezahlvorgang werden den Kunden automatisch die Zahlungsmethoden angezeigt, die Stripe in ihrem jeweiligen Land unterst\u00fctzt. Dazu k\u00f6nnen geh\u00f6ren:<\/p><ul><li>Kreditkarten<\/li><li>Debitkarten<\/li><li>Digitale Geldb\u00f6rsen<\/li><li>Andere lokale Zahlungsoptionen<\/li><\/ul><h4>3D-Secure-Authentifizierung<\/h4><p>Wenn die Kreditkarte des Kunden 3D-Secure unterst\u00fctzt, ist dieser Authentifizierungsschritt erforderlich und wird w\u00e4hrend der Transaktion angewendet.<\/p><h4>Steuern (Mehrwertsteuer\/Umsatzsteuer)<\/h4><ul><li>Kunden m\u00fcssen beim Bezahlvorgang ihr Rechnungsland ausw\u00e4hlen, um sicherzustellen, dass die richtigen Steuerbetr\u00e4ge angewendet werden.<\/li><li>Alle auf der Website angezeigten Preise enthalten die Mehrwertsteuer f\u00fcr alle L\u00e4nder weltweit.<\/li><li>F\u00fcr Kunden in den Vereinigten Staaten werden die geltenden staatlichen oder lokalen Umsatzsteuern automatisch berechnet und beim Bezahlvorgang hinzugef\u00fcgt.<\/li><\/ul><h5>Wenn Sie weitere Fragen haben, z\u00f6gern Sie nicht, uns zu kontaktieren:<\/h5><p><strong>E-Mail:<\/strong>\u00a0<a href=\"mailto:support@simtaly.com\">support@simtaly.com<\/a><br \/><strong>WhatsApp Live-Chat:<\/strong>\u00a0\u202a<a href=\"https:\/\/wa.me\/16505474744\" target=\"_blank\" rel=\"noopener nofollow\">+16505474744<\/a><\/p>\t\t\t\t\t\t\t\t<\/div>\n\t\t\t\t<div class=\"elementor-element elementor-element-f48aae3 elementor-widget elementor-widget-spacer\" data-id=\"f48aae3\" data-element_type=\"widget\" data-widget_type=\"spacer.default\">\n\t\t\t\t\t\t\t<div class=\"elementor-spacer\">\n\t\t\t<div class=\"elementor-spacer-inner\"><\/div>\n\t\t<\/div>\n\t\t\t\t\t\t<\/div>\n\t\t\t\t\t<\/div>\n\t\t\t\t<\/div>\n\t\t\t\t<\/div>","protected":false},"excerpt":{"rendered":"<p>Shipping &amp; Payment Policy \u2013 simtaly.com Applies to all digital products, including eSIM and travel eSIM services. 1. Shipping Policy [&hellip;]<\/p>","protected":false},"author":5,"featured_media":0,"parent":0,"menu_order":0,"comment_status":"closed","ping_status":"closed","template":"","meta":{"site-sidebar-layout":"no-sidebar","site-content-layout":"","ast-site-content-layout":"full-width-container","site-content-style":"default","site-sidebar-style":"default","ast-global-header-display":"","ast-banner-title-visibility":"","ast-main-header-display":"","ast-hfb-above-header-display":"","ast-hfb-below-header-display":"","ast-hfb-mobile-header-display":"","site-post-title":"disabled","ast-breadcrumbs-content":"","ast-featured-img":"disabled","footer-sml-layout":"","theme-transparent-header-meta":"enabled","adv-header-id-meta":"","stick-header-meta":"","header-above-stick-meta":"","header-main-stick-meta":"","header-below-stick-meta":"","astra-migrate-meta-layouts":"default","ast-page-background-enabled":"default","ast-page-background-meta":{"desktop":{"background-color":"var(--ast-global-color-5)","background-image":"","background-repeat":"repeat","background-position":"center center","background-size":"auto","background-attachment":"scroll","background-type":"","background-media":"","overlay-type":"","overlay-color":"","overlay-opacity":"","overlay-gradient":""},"tablet":{"background-color":"","background-image":"","background-repeat":"repeat","background-position":"center center","background-size":"auto","background-attachment":"scroll","background-type":"","background-media":"","overlay-type":"","overlay-color":"","overlay-opacity":"","overlay-gradient":""},"mobile":{"background-color":"","background-image":"","background-repeat":"repeat","background-position":"center center","background-size":"auto","background-attachment":"scroll","background-type":"","background-media":"","overlay-type":"","overlay-color":"","overlay-opacity":"","overlay-gradient":""}},"ast-content-background-meta":{"desktop":{"background-color":"var(--ast-global-color-4)","background-image":"","background-repeat":"repeat","background-position":"center center","background-size":"auto","background-attachment":"scroll","background-type":"","background-media":"","overlay-type":"","overlay-color":"","overlay-opacity":"","overlay-gradient":""},"tablet":{"background-color":"var(--ast-global-color-4)","background-image":"","background-repeat":"repeat","background-position":"center center","background-size":"auto","background-attachment":"scroll","background-type":"","background-media":"","overlay-type":"","overlay-color":"","overlay-opacity":"","overlay-gradient":""},"mobile":{"background-color":"var(--ast-global-color-4)","background-image":"","background-repeat":"repeat","background-position":"center center","background-size":"auto","background-attachment":"scroll","background-type":"","background-media":"","overlay-type":"","overlay-color":"","overlay-opacity":"","overlay-gradient":""}},"footnotes":""},"class_list":["post-3914","page","type-page","status-publish","hentry"],"_links":{"self":[{"href":"https:\/\/www.simtaly.com\/de\/wp-json\/wp\/v2\/pages\/3914","targetHints":{"allow":["GET"]}}],"collection":[{"href":"https:\/\/www.simtaly.com\/de\/wp-json\/wp\/v2\/pages"}],"about":[{"href":"https:\/\/www.simtaly.com\/de\/wp-json\/wp\/v2\/types\/page"}],"author":[{"embeddable":true,"href":"https:\/\/www.simtaly.com\/de\/wp-json\/wp\/v2\/users\/5"}],"replies":[{"embeddable":true,"href":"https:\/\/www.simtaly.com\/de\/wp-json\/wp\/v2\/comments?post=3914"}],"version-history":[{"count":10,"href":"https:\/\/www.simtaly.com\/de\/wp-json\/wp\/v2\/pages\/3914\/revisions"}],"predecessor-version":[{"id":3929,"href":"https:\/\/www.simtaly.com\/de\/wp-json\/wp\/v2\/pages\/3914\/revisions\/3929"}],"wp:attachment":[{"href":"https:\/\/www.simtaly.com\/de\/wp-json\/wp\/v2\/media?parent=3914"}],"curies":[{"name":"wp","href":"https:\/\/api.w.org\/{rel}","templated":true}]}}