{"id":1182,"date":"2025-09-10T09:04:47","date_gmt":"2025-09-10T09:04:47","guid":{"rendered":"https:\/\/www.simtaly.com\/?page_id=1182"},"modified":"2025-11-28T22:55:14","modified_gmt":"2025-11-28T21:55:14","slug":"impressum","status":"publish","type":"page","link":"https:\/\/www.simtaly.com\/de\/impressum\/","title":{"rendered":"Impressum"},"content":{"rendered":"<div data-elementor-type=\"wp-page\" data-elementor-id=\"1182\" class=\"elementor elementor-1182\" data-elementor-post-type=\"page\">\n\t\t\t\t<div class=\"elementor-element elementor-element-913f3fd e-flex e-con-boxed e-con e-parent\" data-id=\"913f3fd\" data-element_type=\"container\" data-settings=\"{&quot;background_background&quot;:&quot;gradient&quot;}\">\n\t\t\t\t\t<div class=\"e-con-inner\">\n\t\t\t\t<div class=\"elementor-element elementor-element-202bf3b elementor-widget elementor-widget-heading\" data-id=\"202bf3b\" data-element_type=\"widget\" data-widget_type=\"heading.default\">\n\t\t\t\t\t<h1 class=\"elementor-heading-title elementor-size-default\">Rechtliche Hinweise (Impressum)<\/h1>\t\t\t\t<\/div>\n\t\t\t\t\t<\/div>\n\t\t\t\t<\/div>\n\t\t<div class=\"elementor-element elementor-element-9011448 e-flex e-con-boxed e-con e-parent\" data-id=\"9011448\" data-element_type=\"container\">\n\t\t\t\t\t<div class=\"e-con-inner\">\n\t\t\t\t<div class=\"elementor-element elementor-element-22ca553 elementor-widget elementor-widget-spacer\" data-id=\"22ca553\" data-element_type=\"widget\" data-widget_type=\"spacer.default\">\n\t\t\t\t\t\t\t<div class=\"elementor-spacer\">\n\t\t\t<div class=\"elementor-spacer-inner\"><\/div>\n\t\t<\/div>\n\t\t\t\t\t\t<\/div>\n\t\t\t\t\t<\/div>\n\t\t\t\t<\/div>\n\t\t<div class=\"elementor-element elementor-element-eb22c6b e-flex e-con-boxed e-con e-parent\" data-id=\"eb22c6b\" data-element_type=\"container\">\n\t\t\t\t\t<div class=\"e-con-inner\">\n\t\t\t\t<div class=\"elementor-element elementor-element-5784496 elementor-widget elementor-widget-text-editor\" data-id=\"5784496\" data-element_type=\"widget\" data-widget_type=\"text-editor.default\">\n\t\t\t\t\t\t\t\t\t<div style=\"line-height: 1.6;\"><h3 style=\"color: #222222; font-family: Arial, sans-serif;\">Informationen gem\u00e4\u00df \u00a75 TMG und \u00a718 (2) MStV:<\/h3><p style=\"color: #222222; font-family: Arial, sans-serif;\"><strong>Simtaly<\/strong><br \/>DALASON GmbH<br \/>Lindenstra\u00dfe 82<br \/>50674 K\u00f6ln<br \/>Deutschland<\/p><p style=\"color: #222222; font-family: Arial, sans-serif;\"><strong>Vertreten durch:<\/strong><br \/>Gesch\u00e4ftsf\u00fchrer: Andreas Damek und Chung-U Son<\/p><p style=\"color: #222222; font-family: Arial, sans-serif;\"><strong>Kontakt:<\/strong><br \/>E-Mail: <a href=\"mailto:support@simtaly.com\">support@simtaly.com<\/a><br \/><span style=\"font-style: inherit; font-weight: inherit;\">WhatsApp Live-Chat: \u202a<a title=\"\" href=\"tel:16505474744\" target=\"_blank\" rel=\"noopener noreferrer\" data-title=\"tel:16505474744\">+16505474744<\/a><\/span><br \/>Website<strong>:<\/strong> <a href=\"https:\/\/www.simtaly.com\/de\/\" target=\"_blank\" rel=\"noopener noreferrer\">https:\/\/www.simtaly.com<\/a><\/p><p style=\"color: #222222; font-family: Arial, sans-serif;\"><strong>Handelsregistereintrag:<br \/><\/strong>Registergericht: Amtsgericht K\u00f6ln<br \/>Registernummer: HRB 60929<\/p><p style=\"color: #222222; font-family: Arial, sans-serif;\"><strong>Umsatzsteuer-Identifikationsnummer gem\u00e4\u00df \u00a727a Umsatzsteuergesetz:<\/strong><br \/>Steuernummer: DE255749627<\/p><p style=\"color: #222222; font-family: Arial, sans-serif;\"><strong>Verantwortlich f\u00fcr den Inhalt gem\u00e4\u00df \u00a718 (2) MStV:<\/strong><br \/>Andreas Damek<br \/>DALASON GmbH<br \/>Lindenstra\u00dfe 82<br \/>50674 K\u00f6ln<br \/>Deutschland<\/p><h3 style=\"color: #222222; font-family: Arial, sans-serif;\">Haftungsausschluss<\/h3><p style=\"color: #222222; font-family: Arial, sans-serif;\"><strong>Haftung f\u00fcr Inhalte<\/strong><br \/>Die Inhalte unserer Seiten wurden mit gr\u00f6\u00dfter Sorgfalt erstellt. F\u00fcr die Richtigkeit, Vollst\u00e4ndigkeit und Aktualit\u00e4t der Inhalte k\u00f6nnen wir jedoch keine Gew\u00e4hr \u00fcbernehmen.<br \/>Als Diensteanbieter sind wir gem\u00e4\u00df \u00a7 7 Abs.1 TMG f\u00fcr eigene Inhalte auf diesen Seiten nach den allgemeinen Gesetzen verantwortlich.<br \/>Nach \u00a7\u00a7 8 bis 10 TMG sind wir als Diensteanbieter jedoch nicht verpflichtet, \u00fcbermittelte oder gespeicherte fremde Informationen zu \u00fcberwachen oder nach Umst\u00e4nden zu forschen, die auf eine rechtswidrige T\u00e4tigkeit hinweisen.<br \/>Verpflichtungen zur Entfernung oder Sperrung der Nutzung von Informationen nach den allgemeinen Gesetzen bleiben hiervon unber\u00fchrt. Eine diesbez\u00fcgliche Haftung ist jedoch erst ab dem Zeitpunkt der Kenntnis einer konkreten Rechtsverletzung m\u00f6glich. Bei Bekanntwerden von entsprechenden Rechtsverletzungen werden wir diese Inhalte umgehend entfernen.<\/p><p style=\"color: #222222; font-family: Arial, sans-serif;\"><strong>Haftung f\u00fcr Links<\/strong><br \/>Unser Angebot enth\u00e4lt Links zu externen Webseiten Dritter, auf deren Inhalte wir keinen Einfluss haben. Deshalb k\u00f6nnen wir f\u00fcr diese fremden Inhalte auch keine Gew\u00e4hr \u00fcbernehmen.<br \/>F\u00fcr die Inhalte der verlinkten Seiten ist stets der jeweilige Anbieter oder Betreiber der Seiten verantwortlich.<br \/>Die verlinkten Seiten wurden zum Zeitpunkt der Verlinkung auf m\u00f6gliche Rechtsverst\u00f6\u00dfe \u00fcberpr\u00fcft. Rechtswidrige Inhalte waren zum Zeitpunkt der Verlinkung nicht erkennbar.<br \/>Eine permanente inhaltliche Kontrolle der verlinkten Seiten ist jedoch ohne konkrete Anhaltspunkte einer Rechtsverletzung nicht zumutbar. Bei Bekanntwerden von Rechtsverletzungen werden wir derartige Links umgehend entfernen.<\/p><p style=\"color: #222222; font-family: Arial, sans-serif;\"><strong>Urheberrecht<\/strong><br \/><span style=\"font-size: 16px;\">Die durch die Seitenbetreiber erstellten Inhalte und Werke auf diesen Seiten unterliegen dem deutschen Urheberrecht.<\/span><\/p><p style=\"color: #222222; font-family: Arial, sans-serif;\">Die Vervielf\u00e4ltigung, Bearbeitung, Verbreitung und jede Art der Verwertung au\u00dferhalb der Grenzen des Urheberrechtes bed\u00fcrfen der schriftlichen Zustimmung des jeweiligen Autors bzw. Erstellers.<br \/><span style=\"font-size: 16px;\">Downloads und Kopien dieser Seite sind nur f\u00fcr den privaten, nicht kommerziellen Gebrauch gestattet.<br \/><\/span>Soweit die Inhalte auf dieser Seite nicht vom Betreiber erstellt wurden, werden die Urheberrechte Dritter beachtet und der Inhalt klar als solcher gekennzeichnet.<br \/>Sollten Sie trotzdem auf eine Urheberrechtsverletzung aufmerksam werden, bitten wir um einen entsprechenden Hinweis. Bei Bekanntwerden werden wir derartige Inhalte umgehend entfernen.<\/p><p style=\"color: #222222; font-family: Arial, sans-serif;\"><strong>Online-Streitbeilegung<\/strong><br \/>Die Europ\u00e4ische Kommission stellt eine Plattform f\u00fcr die Online-Streitbeilegung (OS) bereit:<br \/><a href=\"https:\/\/ec.europa.eu\/consumers\/odr\" target=\"_blank\" rel=\"noopener noreferrer nofollow\">https:\/\/ec.europa.eu\/consumers\/odr<\/a><\/p><p>Unsere E-Mail-Adresse finden Sie weiter oben in diesem rechtlichen Hinweis.<br \/>Wir sind nicht bereit oder verpflichtet, an einem Streitbeilegungsverfahren vor einer Verbraucherschlichtungsstelle teilzunehmen.<\/p><p style=\"color: #222222; font-family: Arial, sans-serif;\"><strong>Hinweis auf fremde Inhalte (\u00a710 TMG)<br \/><\/strong>Beitr\u00e4ge von Nutzern oder Dritten spiegeln nicht unbedingt die Meinung des Betreibers wider.<br \/>Der Betreiber \u00fcbernimmt keine redaktionelle Verantwortung f\u00fcr diese Inhalte.<\/p><p><strong>Wenn Sie Fragen zum Impressum haben, k\u00f6nnen Sie sich gerne an uns wenden:<\/strong><br \/>E-Mail: <a href=\"mailto:support@simtaly.com\">support@simtaly.com<\/a><br \/>WhatsApp Live-Chat: \u202a<a title=\"\" href=\"https:\/\/wa.me\/16505474744\" target=\"_blank\" rel=\"noopener noreferrer nofollow\" data-title=\"tel:16505474744\">+16505474744<\/a><\/p><\/div>\t\t\t\t\t\t\t\t<\/div>\n\t\t\t\t\t<\/div>\n\t\t\t\t<\/div>\n\t\t\t\t<\/div>","protected":false},"excerpt":{"rendered":"<p>Legal Notice (Imprint) Information according to \u00a75 TMG (German Telemedia Act) and \u00a718 (2) MStV: SimtalyDALASON GmbHLindenstra\u00dfe 8250674 CologneGermany Represented [&hellip;]<\/p>","protected":false},"author":5,"featured_media":0,"parent":0,"menu_order":0,"comment_status":"closed","ping_status":"closed","template":"","meta":{"site-sidebar-layout":"no-sidebar","site-content-layout":"","ast-site-content-layout":"full-width-container","site-content-style":"default","site-sidebar-style":"default","ast-global-header-display":"","ast-banner-title-visibility":"","ast-main-header-display":"","ast-hfb-above-header-display":"","ast-hfb-below-header-display":"","ast-hfb-mobile-header-display":"","site-post-title":"disabled","ast-breadcrumbs-content":"","ast-featured-img":"disabled","footer-sml-layout":"","theme-transparent-header-meta":"enabled","adv-header-id-meta":"","stick-header-meta":"","header-above-stick-meta":"","header-main-stick-meta":"","header-below-stick-meta":"","astra-migrate-meta-layouts":"default","ast-page-background-enabled":"default","ast-page-background-meta":{"desktop":{"background-color":"var(--ast-global-color-5)","background-image":"","background-repeat":"repeat","background-position":"center center","background-size":"auto","background-attachment":"scroll","background-type":"","background-media":"","overlay-type":"","overlay-color":"","overlay-opacity":"","overlay-gradient":""},"tablet":{"background-color":"","background-image":"","background-repeat":"repeat","background-position":"center center","background-size":"auto","background-attachment":"scroll","background-type":"","background-media":"","overlay-type":"","overlay-color":"","overlay-opacity":"","overlay-gradient":""},"mobile":{"background-color":"","background-image":"","background-repeat":"repeat","background-position":"center center","background-size":"auto","background-attachment":"scroll","background-type":"","background-media":"","overlay-type":"","overlay-color":"","overlay-opacity":"","overlay-gradient":""}},"ast-content-background-meta":{"desktop":{"background-color":"var(--ast-global-color-4)","background-image":"","background-repeat":"repeat","background-position":"center center","background-size":"auto","background-attachment":"scroll","background-type":"","background-media":"","overlay-type":"","overlay-color":"","overlay-opacity":"","overlay-gradient":""},"tablet":{"background-color":"var(--ast-global-color-4)","background-image":"","background-repeat":"repeat","background-position":"center center","background-size":"auto","background-attachment":"scroll","background-type":"","background-media":"","overlay-type":"","overlay-color":"","overlay-opacity":"","overlay-gradient":""},"mobile":{"background-color":"var(--ast-global-color-4)","background-image":"","background-repeat":"repeat","background-position":"center center","background-size":"auto","background-attachment":"scroll","background-type":"","background-media":"","overlay-type":"","overlay-color":"","overlay-opacity":"","overlay-gradient":""}},"footnotes":""},"class_list":["post-1182","page","type-page","status-publish","hentry"],"_links":{"self":[{"href":"https:\/\/www.simtaly.com\/de\/wp-json\/wp\/v2\/pages\/1182","targetHints":{"allow":["GET"]}}],"collection":[{"href":"https:\/\/www.simtaly.com\/de\/wp-json\/wp\/v2\/pages"}],"about":[{"href":"https:\/\/www.simtaly.com\/de\/wp-json\/wp\/v2\/types\/page"}],"author":[{"embeddable":true,"href":"https:\/\/www.simtaly.com\/de\/wp-json\/wp\/v2\/users\/5"}],"replies":[{"embeddable":true,"href":"https:\/\/www.simtaly.com\/de\/wp-json\/wp\/v2\/comments?post=1182"}],"version-history":[{"count":50,"href":"https:\/\/www.simtaly.com\/de\/wp-json\/wp\/v2\/pages\/1182\/revisions"}],"predecessor-version":[{"id":3983,"href":"https:\/\/www.simtaly.com\/de\/wp-json\/wp\/v2\/pages\/1182\/revisions\/3983"}],"wp:attachment":[{"href":"https:\/\/www.simtaly.com\/de\/wp-json\/wp\/v2\/media?parent=1182"}],"curies":[{"name":"wp","href":"https:\/\/api.w.org\/{rel}","templated":true}]}}