{"id":3930,"date":"2025-11-28T12:10:16","date_gmt":"2025-11-28T12:10:16","guid":{"rendered":"https:\/\/www.simtaly.com\/?page_id=3930"},"modified":"2025-12-01T11:06:50","modified_gmt":"2025-12-01T10:06:50","slug":"om-os","status":"publish","type":"page","link":"https:\/\/www.simtaly.com\/da\/om-os\/","title":{"rendered":"Om os"},"content":{"rendered":"<div data-elementor-type=\"wp-page\" data-elementor-id=\"3930\" class=\"elementor elementor-3930\" data-elementor-post-type=\"page\">\n\t\t\t\t<div class=\"elementor-element elementor-element-913f3fd e-flex e-con-boxed e-con e-parent\" data-id=\"913f3fd\" data-element_type=\"container\" data-settings=\"{&quot;background_background&quot;:&quot;gradient&quot;}\">\n\t\t\t\t\t<div class=\"e-con-inner\">\n\t\t\t\t<div class=\"elementor-element elementor-element-202bf3b elementor-widget elementor-widget-heading\" data-id=\"202bf3b\" data-element_type=\"widget\" data-widget_type=\"heading.default\">\n\t\t\t\t\t<h1 class=\"elementor-heading-title elementor-size-default\">Om os<\/h1>\t\t\t\t<\/div>\n\t\t\t\t\t<\/div>\n\t\t\t\t<\/div>\n\t\t<div class=\"elementor-element elementor-element-9011448 e-flex e-con-boxed e-con e-parent\" data-id=\"9011448\" data-element_type=\"container\">\n\t\t\t\t\t<div class=\"e-con-inner\">\n\t\t\t\t<div class=\"elementor-element elementor-element-22ca553 elementor-widget elementor-widget-spacer\" data-id=\"22ca553\" data-element_type=\"widget\" data-widget_type=\"spacer.default\">\n\t\t\t\t\t\t\t<div class=\"elementor-spacer\">\n\t\t\t<div class=\"elementor-spacer-inner\"><\/div>\n\t\t<\/div>\n\t\t\t\t\t\t<\/div>\n\t\t\t\t\t<\/div>\n\t\t\t\t<\/div>\n\t\t<div class=\"elementor-element elementor-element-eb22c6b e-flex e-con-boxed e-con e-parent\" data-id=\"eb22c6b\" data-element_type=\"container\">\n\t\t\t\t\t<div class=\"e-con-inner\">\n\t\t\t\t<div class=\"elementor-element elementor-element-5784496 elementor-widget elementor-widget-text-editor\" data-id=\"5784496\" data-element_type=\"widget\" data-widget_type=\"text-editor.default\">\n\t\t\t\t\t\t\t\t\t<h3>Om os \u2014 Simtaly Travel eSIM<\/h3><div>Simtaly er det internationale rejse-eSIM-brand fra DALASON GmbH, et godkendt telekommunikationsselskab med base i K\u00f6ln, Tyskland. Siden 2007 har vi udviklet digitale kommunikationsprodukter, der hj\u00e6lper folk med at holde kontakten \u2013 b\u00e5de hjemme og i udlandet. I dag bruger vi denne ekspertise til at levere p\u00e5lidelige og prisvenlige eSIM-l\u00f8sninger til globale rejsende, der \u00f8nsker enkel og gennemsigtig mobildata, n\u00e5r de udforsker verden.<\/div><div>\u00a0<\/div><div>Vores mission er klar:<\/div><div>G\u00f8r mobildata i udlandet enkelt, fair og stressfrit med hurtige, forudbetalte rejse-eSIM'er, der aktiveres med det samme.<\/div><div>\u00a0<\/div><h3>Hvem vi er<\/h3><div>DALASON GmbH er et tysk aktieselskab (GmbH) med hovedkontor p\u00e5 f\u00f8lgende adresse:<\/div><div>DALASON GmbH<\/div><div>Lindenstra\u00dfe 82<\/div><div>50674 K\u00f6ln<\/div><div>Tyskland<\/div><div>\u00a0<\/div><div>I mange \u00e5r har vi v\u00e6ret aktive inden for telekommunikations- og IT-sektoren, hvor vi gennem vores brand tilbyder l\u00f8sninger s\u00e5som netv\u00e6rksplanl\u00e6gning og cloudbaserede VoIP\/virtuelle telefonsystemer. <a href=\"http:\/\/www.wirecloud.de\" rel=\"nofollow noopener\" target=\"_blank\">WIRECLOUD<\/a>.<\/div><div>Vores tjenester <a href=\"https:\/\/www.dcalling.com\/\" rel=\"nofollow noopener\" target=\"_blank\">DCalling<\/a> og <a href=\"https:\/\/www.flatratebooster.com\" rel=\"nofollow noopener\" target=\"_blank\">FlatrateBooster<\/a> har allerede betjent mere end 120.000 kunder og hjulpet dem med at reducere omkostningerne ved internationale mobilsamtaler.<\/div><div><span style=\"font-size: 1rem;\">Simtaly repr\u00e6senterer det n\u00e6ste skridt: en global eSIM-platform til rejser, der bygger p\u00e5 vores store erfaring inden for telekommunikationsteknologi, kundeservice og digital kommunikation.<\/span><\/div><div>\u00a0<\/div><h3>Hvad vi g\u00f8r: Rejse-eSIM'er til global forbindelse<span style=\"color: #5b5b5b; font-family: Inter, sans-serif; font-size: 1rem; font-weight: 500;\">\u00a0<\/span><\/h3><h3><span style=\"color: #5b5b5b; font-family: Inter, sans-serif; font-size: 1rem; font-weight: 500;\">Simtaly leverer rejse-eSIM'er og internationale eSIM-abonnementer til rejsende, der \u00f8nsker p\u00e5lideligt mobilt internet i mere end 100 lande \u2013 uden roaming-gebyrer eller komplicerede kontrakter.<\/span><\/h3><h4>Vores fokus:<\/h4><ul><li>\u00d8jeblikkelig levering: Hvert eSIM sendes via e-mail inden for f\u00e5 minutter efter gennemf\u00f8rt betaling.<\/li><li>Forudbetalte og ubegr\u00e6nsede abonnementer: Enkle, gennemsigtige eSIM-pakker til rejser uden skjulte gebyrer.<\/li><li>Nem aktivering: Vejledet installation med klare trin-for-trin-instruktioner i vores Hj\u00e6lpcenter.<\/li><li>Enhedskompatibilitet: Vi underst\u00f8tter moderne eSIM-kompatible smartphones og tablets, som er dokumenteret i vores kompatibilitetsguide.<\/li><\/ul><div>Bag hvert Simtaly-rejse-eSIM st\u00e5r et reguleret telekommunikationsselskab med reel infrastruktur og mange \u00e5rs erfaring \u2013 ikke en forhandler eller midlertidig udbyder. Vi er reguleret af det tyske Bundesnetzagentur (det f\u00f8derale netagentur).<\/div><div>\u00a0<\/div><h3>Hvorfor du kan stole p\u00e5 os<\/h3><h4>1. Mere end to \u00e5rtier med ekspertise inden for telekommunikation<\/h4><div>DALASON GmbH har v\u00e6ret aktiv siden 2007 og tilbyder gennempr\u00f8vede telekommunikationstjenester til private og erhvervskunder. Vores mange\u00e5rige erfaring omfatter internationale opkaldsl\u00f8sninger, cloud-telefoni og digitale forbindelsesv\u00e6rkt\u00f8jer. Denne baggrund sikrer, at dit rejse-eSIM kommer fra et firma, der virkelig forst\u00e5r netv\u00e6rkskvalitet, p\u00e5lidelighed og kundernes forventninger.<\/div><div>\u00a0<\/div><h4>2. En registreret og reguleret europ\u00e6isk teleleverand\u00f8r<\/h4><ul><li>Juridisk form: DALASON GmbH (tysk GmbH)<\/li><li>Handelsregister: Amtsgericht K\u00f6ln, HRB 60929<\/li><li>Momsnummer: DE255749627<\/li><\/ul><div>Vi er under tilsyn af det tyske Bundesnetzagentur og er ogs\u00e5 blevet unders\u00f8gt af den \u00f8strigske telemyndighed.<\/div><div>Dette sikrer gennemsigtighed, overholdelse af reglerne og forbrugerbeskyttelse i henhold til de h\u00f8jeste europ\u00e6iske standarder.<\/div><div>\u00a0<\/div><h4>3. Gennemsigtig kontakt og kundesupport<\/h4><div><span style=\"font-size: 1rem;\">Der er rigtige mennesker til r\u00e5dighed, n\u00e5r du har brug for hj\u00e6lp:<\/span><\/div><ul><li>E-mail: <a href=\"mailto:support@simtaly.com\">support@simtaly.com<\/a><\/li><li>WhatsApp Live Chat: \u202a<a href=\"https:\/\/wa.me\/16505474744\" target=\"_blank\" rel=\"noopener nofollow\">+16505474744<\/a><\/li><li class=\"translation-block\"><a href=\"https:\/\/support.simtaly.com\/hc\" target=\"_blank\" rel=\"noopener\">Hj\u00e6lp<\/a>: fejlfinding, d\u00e6kningsoplysninger, aktiveringsvejledninger, refusioner, betalinger<\/li><\/ul><div>Vores team svarer s\u00e5 hurtigt som muligt og altid inden for 24 timer.<\/div><div>\u00a0<\/div><h3>M\u00f8d ledelsen<\/h3><div><span style=\"font-size: 1rem;\">Administrerende direkt\u00f8rer (Gesch\u00e4ftsf\u00fchrer): <\/span>Andreas Damek og Chung-U Son<\/div><ul><li class=\"translation-block\"><a href=\"https:\/\/www.linkedin.com\/in\/andreas-damek-4a09492\/?locale=en\" target=\"_blank\" rel=\"noopener\">Andreas Damek<\/a> har en baggrund inden for finans, jura og marketing og har tidligere arbejdet hos Goldman Sachs og et konsulentfirma, der er udsprunget af McKinsey, inden han kom til DALASON.<\/li><li><a href=\"https:\/\/www.linkedin.com\/in\/david-c-son-60ba2130\/?locale=en\" rel=\"nofollow noopener\" target=\"_blank\">Chung-U Son<\/a> har deltaget i flere telekommunikations- og teknologiprojekter i K\u00f6ln med fokus p\u00e5 carrier-tjenester og softwareudvikling.<\/li><\/ul><div>\u00a0<span style=\"font-size: 1rem;\">Sammen kombinerer de dyb viden om telekommunikation, software og forretning.<\/span><\/div><div>Resultatet: en rejse-eSIM-tjeneste udviklet med reel teknisk ekspertise og menneskelig forst\u00e5else for, hvad rejsende har brug for i udlandet.<\/div><div>\u00a0<\/div><h3>Vores l\u00f8fte til rejsende<\/h3><h4><span style=\"color: #000000; font-family: 'Space Grotesk', sans-serif; font-size: 1.375rem; font-style: inherit; font-weight: bold;\">Vi ved, hvor vigtig mobildata er blevet \u2013 is\u00e6r n\u00e5r man rejser:<\/span><\/h4><div>\u2022 holde kontakten med venner og familie<\/div><div>\u2022 at navigere sikkert i ukendte byer<\/div><div>\u2022 adgang til billetter, hotelreservationer og kort<\/div><div>\u2022 undg\u00e5 roaming-gebyrer eller at skulle lede efter SIM-butikker ved ankomsten<\/div><div>\u00a0<\/div><h4>Derfor er Simtaly bygget op omkring:<\/h4><div>\u2022 \u00c6rlig og gennemsigtig priss\u00e6tning for alle rejse-eSIM'er<\/div><div>\u2022 klare oplysninger om d\u00e6kning, data, hastighed og gyldighed<\/div><div>\u2022 \u00f8jeblikkelig levering af e-mails over hele verden<\/div><div>\u2022 retf\u00e6rdig og p\u00e5lidelig support, n\u00e5r noget ikke g\u00e5r som planlagt<\/div><div>\u00a0<\/div><div class=\"translation-block\">Hvis din Simtaly eSIM ikke er blevet installeret, og du ombestemmer dig, sikrer vores klare <a href=\"https:\/\/www.simtaly.com\/da\/returpolitik\/\" target=\"_self\">returpolitik<\/a> en problemfri annullering.<\/div><div>\u00a0<\/div><div><h5>Hvis du har yderligere sp\u00f8rgsm\u00e5l, er du velkommen til at kontakte os:<\/h5><p><strong>E-mail:<\/strong>\u00a0<a href=\"mailto:support@simtaly.com\">support@simtaly.com<\/a><br \/><strong>WhatsApp Live Chat:<\/strong>\u00a0\u202a<a href=\"https:\/\/wa.me\/16505474744\" target=\"_blank\" rel=\"noopener nofollow\">+16505474744<\/a><\/p><\/div>\t\t\t\t\t\t\t\t<\/div>\n\t\t\t\t\t<\/div>\n\t\t\t\t<\/div>\n\t\t\t\t<\/div>","protected":false},"excerpt":{"rendered":"<p>About Us About Us \u2014 Simtaly Travel eSIM Simtaly is the international travel eSIM brand of DALASON GmbH, a licensed [&hellip;]<\/p>","protected":false},"author":5,"featured_media":0,"parent":0,"menu_order":0,"comment_status":"closed","ping_status":"closed","template":"","meta":{"site-sidebar-layout":"no-sidebar","site-content-layout":"","ast-site-content-layout":"full-width-container","site-content-style":"default","site-sidebar-style":"default","ast-global-header-display":"","ast-banner-title-visibility":"","ast-main-header-display":"","ast-hfb-above-header-display":"","ast-hfb-below-header-display":"","ast-hfb-mobile-header-display":"","site-post-title":"disabled","ast-breadcrumbs-content":"","ast-featured-img":"disabled","footer-sml-layout":"","theme-transparent-header-meta":"enabled","adv-header-id-meta":"","stick-header-meta":"","header-above-stick-meta":"","header-main-stick-meta":"","header-below-stick-meta":"","astra-migrate-meta-layouts":"default","ast-page-background-enabled":"default","ast-page-background-meta":{"desktop":{"background-color":"var(--ast-global-color-5)","background-image":"","background-repeat":"repeat","background-position":"center center","background-size":"auto","background-attachment":"scroll","background-type":"","background-media":"","overlay-type":"","overlay-color":"","overlay-opacity":"","overlay-gradient":""},"tablet":{"background-color":"","background-image":"","background-repeat":"repeat","background-position":"center center","background-size":"auto","background-attachment":"scroll","background-type":"","background-media":"","overlay-type":"","overlay-color":"","overlay-opacity":"","overlay-gradient":""},"mobile":{"background-color":"","background-image":"","background-repeat":"repeat","background-position":"center center","background-size":"auto","background-attachment":"scroll","background-type":"","background-media":"","overlay-type":"","overlay-color":"","overlay-opacity":"","overlay-gradient":""}},"ast-content-background-meta":{"desktop":{"background-color":"var(--ast-global-color-4)","background-image":"","background-repeat":"repeat","background-position":"center center","background-size":"auto","background-attachment":"scroll","background-type":"","background-media":"","overlay-type":"","overlay-color":"","overlay-opacity":"","overlay-gradient":""},"tablet":{"background-color":"var(--ast-global-color-4)","background-image":"","background-repeat":"repeat","background-position":"center center","background-size":"auto","background-attachment":"scroll","background-type":"","background-media":"","overlay-type":"","overlay-color":"","overlay-opacity":"","overlay-gradient":""},"mobile":{"background-color":"var(--ast-global-color-4)","background-image":"","background-repeat":"repeat","background-position":"center center","background-size":"auto","background-attachment":"scroll","background-type":"","background-media":"","overlay-type":"","overlay-color":"","overlay-opacity":"","overlay-gradient":""}},"footnotes":""},"class_list":["post-3930","page","type-page","status-publish","hentry"],"_links":{"self":[{"href":"https:\/\/www.simtaly.com\/da\/wp-json\/wp\/v2\/pages\/3930","targetHints":{"allow":["GET"]}}],"collection":[{"href":"https:\/\/www.simtaly.com\/da\/wp-json\/wp\/v2\/pages"}],"about":[{"href":"https:\/\/www.simtaly.com\/da\/wp-json\/wp\/v2\/types\/page"}],"author":[{"embeddable":true,"href":"https:\/\/www.simtaly.com\/da\/wp-json\/wp\/v2\/users\/5"}],"replies":[{"embeddable":true,"href":"https:\/\/www.simtaly.com\/da\/wp-json\/wp\/v2\/comments?post=3930"}],"version-history":[{"count":16,"href":"https:\/\/www.simtaly.com\/da\/wp-json\/wp\/v2\/pages\/3930\/revisions"}],"predecessor-version":[{"id":3972,"href":"https:\/\/www.simtaly.com\/da\/wp-json\/wp\/v2\/pages\/3930\/revisions\/3972"}],"wp:attachment":[{"href":"https:\/\/www.simtaly.com\/da\/wp-json\/wp\/v2\/media?parent=3930"}],"curies":[{"name":"wp","href":"https:\/\/api.w.org\/{rel}","templated":true}]}}