{"id":3914,"date":"2025-11-27T15:11:57","date_gmt":"2025-11-27T15:11:57","guid":{"rendered":"https:\/\/www.simtaly.com\/?page_id=3914"},"modified":"2025-11-28T23:02:04","modified_gmt":"2025-11-28T22:02:04","slug":"politik-for-forsendelsesbetaling","status":"publish","type":"page","link":"https:\/\/www.simtaly.com\/da\/politik-for-forsendelsesbetaling\/","title":{"rendered":"Forsendelses- og betalingspolitik"},"content":{"rendered":"<div data-elementor-type=\"wp-page\" data-elementor-id=\"3914\" class=\"elementor elementor-3914\" data-elementor-post-type=\"page\">\n\t\t\t\t<div class=\"elementor-element elementor-element-913f3fd e-flex e-con-boxed e-con e-parent\" data-id=\"913f3fd\" data-element_type=\"container\" data-settings=\"{&quot;background_background&quot;:&quot;gradient&quot;}\">\n\t\t\t\t\t<div class=\"e-con-inner\">\n\t\t\t\t<div class=\"elementor-element elementor-element-202bf3b elementor-widget elementor-widget-heading\" data-id=\"202bf3b\" data-element_type=\"widget\" data-widget_type=\"heading.default\">\n\t\t\t\t\t<h1 class=\"elementor-heading-title elementor-size-default\">Forsendelses- og betalingspolitik \u2013 simtaly.com<\/h1>\t\t\t\t<\/div>\n\t\t\t\t\t<\/div>\n\t\t\t\t<\/div>\n\t\t<div class=\"elementor-element elementor-element-9011448 e-flex e-con-boxed e-con e-parent\" data-id=\"9011448\" data-element_type=\"container\">\n\t\t\t\t\t<div class=\"e-con-inner\">\n\t\t\t\t<div class=\"elementor-element elementor-element-22ca553 elementor-widget elementor-widget-spacer\" data-id=\"22ca553\" data-element_type=\"widget\" data-widget_type=\"spacer.default\">\n\t\t\t\t\t\t\t<div class=\"elementor-spacer\">\n\t\t\t<div class=\"elementor-spacer-inner\"><\/div>\n\t\t<\/div>\n\t\t\t\t\t\t<\/div>\n\t\t\t\t\t<\/div>\n\t\t\t\t<\/div>\n\t\t<div class=\"elementor-element elementor-element-eb22c6b e-flex e-con-boxed e-con e-parent\" data-id=\"eb22c6b\" data-element_type=\"container\">\n\t\t\t\t\t<div class=\"e-con-inner\">\n\t\t\t\t<div class=\"elementor-element elementor-element-5784496 elementor-widget elementor-widget-text-editor\" data-id=\"5784496\" data-element_type=\"widget\" data-widget_type=\"text-editor.default\">\n\t\t\t\t\t\t\t\t\t<p>G\u00e6lder for alle digitale produkter, herunder eSIM- og rejse-eSIM-tjenester.<\/p><h3>1. Forsendelsespolitik<\/h3><h4>Digital levering af eSIM-produkter<\/h4><p>Alle eSIM- og rejse-eSIM-produkter leveres digitalt via e-mail. Der er ingen fysisk forsendelse involveret.<\/p><h4>Leveringstid<\/h4><ul><li>Gratis og \u00f8jeblikkelig levering efter vellykket betaling.<\/li><li>eSIM'en sendes automatisk til den e-mailadresse, der er angivet ved kassen.<\/li><li>I de fleste tilf\u00e6lde modtages e-mailen inden for f\u00e5 minutter.<\/li><\/ul><h4>Vigtig information om levering af e-mails<\/h4><ul><li>Kunden er ansvarlig for at indtaste en korrekt og gyldig e-mailadresse for at modtage eSIM'en.<\/li><li>Hvis e-mailen ikke ankommer inden for f\u00e5 minutter, skal du tjekke spam- eller junk-mappen.<\/li><li>Hvis e-mailen med eSIM ikke er ankommet inden for 20 minutter, skal du kontakte support:<br \/><a href=\"mailto:support@simtaly.com\"><strong>support@simtaly.com<\/strong><\/a><\/li><li>Kundesupport svarer s\u00e5 hurtigt som muligt og garanterer et svar inden for 24 timer.<\/li><\/ul><h3>2. Betalingspolitik<\/h3><h4>Betalingsbehandling via Stripe<\/h4><p>Alle betalinger behandles sikkert via Stripe. Ved kassen vil kunderne automatisk se de betalingsmetoder, som Stripe underst\u00f8tter i deres respektive land. Disse kan omfatte:<\/p><ul><li>Kreditkort<\/li><li>Debitkort<\/li><li>Digitale tegneb\u00f8ger<\/li><li>Andre lokale betalingsmuligheder<\/li><\/ul><h4>3D-sikker autentificering<\/h4><p>Hvis kundens kreditkort underst\u00f8tter 3D-Secure, er dette godkendelsestrin p\u00e5kr\u00e6vet og vil blive anvendt under transaktionen.<\/p><h4>Skatter (moms\/oms\u00e6tningsafgift)<\/h4><ul><li>Kunder skal v\u00e6lge deres faktureringsland ved kassen for at sikre, at de korrekte skattebel\u00f8b anvendes.<\/li><li>Alle priser, der vises p\u00e5 hjemmesiden, inkluderer moms for alle lande verden over.<\/li><li>For kunder i USA beregnes og tilf\u00f8jes g\u00e6ldende statslige eller lokale salgsafgifter automatisk ved kassen.<\/li><\/ul><h5>Hvis du har yderligere sp\u00f8rgsm\u00e5l, er du velkommen til at kontakte os:<\/h5><p><strong>E-mail:<\/strong>\u00a0<a href=\"mailto:support@simtaly.com\">support@simtaly.com<\/a><br \/><strong>WhatsApp Live Chat:<\/strong>\u00a0\u202a<a href=\"https:\/\/wa.me\/16505474744\" target=\"_blank\" rel=\"noopener nofollow\">+16505474744<\/a><\/p>\t\t\t\t\t\t\t\t<\/div>\n\t\t\t\t<div class=\"elementor-element elementor-element-f48aae3 elementor-widget elementor-widget-spacer\" data-id=\"f48aae3\" data-element_type=\"widget\" data-widget_type=\"spacer.default\">\n\t\t\t\t\t\t\t<div class=\"elementor-spacer\">\n\t\t\t<div class=\"elementor-spacer-inner\"><\/div>\n\t\t<\/div>\n\t\t\t\t\t\t<\/div>\n\t\t\t\t\t<\/div>\n\t\t\t\t<\/div>\n\t\t\t\t<\/div>","protected":false},"excerpt":{"rendered":"<p>Shipping &amp; Payment Policy \u2013 simtaly.com Applies to all digital products, including eSIM and travel eSIM services. 1. Shipping Policy [&hellip;]<\/p>","protected":false},"author":5,"featured_media":0,"parent":0,"menu_order":0,"comment_status":"closed","ping_status":"closed","template":"","meta":{"site-sidebar-layout":"no-sidebar","site-content-layout":"","ast-site-content-layout":"full-width-container","site-content-style":"default","site-sidebar-style":"default","ast-global-header-display":"","ast-banner-title-visibility":"","ast-main-header-display":"","ast-hfb-above-header-display":"","ast-hfb-below-header-display":"","ast-hfb-mobile-header-display":"","site-post-title":"disabled","ast-breadcrumbs-content":"","ast-featured-img":"disabled","footer-sml-layout":"","theme-transparent-header-meta":"enabled","adv-header-id-meta":"","stick-header-meta":"","header-above-stick-meta":"","header-main-stick-meta":"","header-below-stick-meta":"","astra-migrate-meta-layouts":"default","ast-page-background-enabled":"default","ast-page-background-meta":{"desktop":{"background-color":"var(--ast-global-color-5)","background-image":"","background-repeat":"repeat","background-position":"center center","background-size":"auto","background-attachment":"scroll","background-type":"","background-media":"","overlay-type":"","overlay-color":"","overlay-opacity":"","overlay-gradient":""},"tablet":{"background-color":"","background-image":"","background-repeat":"repeat","background-position":"center center","background-size":"auto","background-attachment":"scroll","background-type":"","background-media":"","overlay-type":"","overlay-color":"","overlay-opacity":"","overlay-gradient":""},"mobile":{"background-color":"","background-image":"","background-repeat":"repeat","background-position":"center center","background-size":"auto","background-attachment":"scroll","background-type":"","background-media":"","overlay-type":"","overlay-color":"","overlay-opacity":"","overlay-gradient":""}},"ast-content-background-meta":{"desktop":{"background-color":"var(--ast-global-color-4)","background-image":"","background-repeat":"repeat","background-position":"center center","background-size":"auto","background-attachment":"scroll","background-type":"","background-media":"","overlay-type":"","overlay-color":"","overlay-opacity":"","overlay-gradient":""},"tablet":{"background-color":"var(--ast-global-color-4)","background-image":"","background-repeat":"repeat","background-position":"center center","background-size":"auto","background-attachment":"scroll","background-type":"","background-media":"","overlay-type":"","overlay-color":"","overlay-opacity":"","overlay-gradient":""},"mobile":{"background-color":"var(--ast-global-color-4)","background-image":"","background-repeat":"repeat","background-position":"center center","background-size":"auto","background-attachment":"scroll","background-type":"","background-media":"","overlay-type":"","overlay-color":"","overlay-opacity":"","overlay-gradient":""}},"footnotes":""},"class_list":["post-3914","page","type-page","status-publish","hentry"],"_links":{"self":[{"href":"https:\/\/www.simtaly.com\/da\/wp-json\/wp\/v2\/pages\/3914","targetHints":{"allow":["GET"]}}],"collection":[{"href":"https:\/\/www.simtaly.com\/da\/wp-json\/wp\/v2\/pages"}],"about":[{"href":"https:\/\/www.simtaly.com\/da\/wp-json\/wp\/v2\/types\/page"}],"author":[{"embeddable":true,"href":"https:\/\/www.simtaly.com\/da\/wp-json\/wp\/v2\/users\/5"}],"replies":[{"embeddable":true,"href":"https:\/\/www.simtaly.com\/da\/wp-json\/wp\/v2\/comments?post=3914"}],"version-history":[{"count":10,"href":"https:\/\/www.simtaly.com\/da\/wp-json\/wp\/v2\/pages\/3914\/revisions"}],"predecessor-version":[{"id":3929,"href":"https:\/\/www.simtaly.com\/da\/wp-json\/wp\/v2\/pages\/3914\/revisions\/3929"}],"wp:attachment":[{"href":"https:\/\/www.simtaly.com\/da\/wp-json\/wp\/v2\/media?parent=3914"}],"curies":[{"name":"wp","href":"https:\/\/api.w.org\/{rel}","templated":true}]}}