{"id":3631,"date":"2025-11-18T16:20:33","date_gmt":"2025-11-18T16:20:33","guid":{"rendered":"https:\/\/www.simtaly.com\/?page_id=3631"},"modified":"2025-11-28T22:59:19","modified_gmt":"2025-11-28T21:59:19","slug":"returpolitik","status":"publish","type":"page","link":"https:\/\/www.simtaly.com\/da\/returpolitik\/","title":{"rendered":"Returpolitik"},"content":{"rendered":"<div data-elementor-type=\"wp-page\" data-elementor-id=\"3631\" class=\"elementor elementor-3631\" data-elementor-post-type=\"page\">\n\t\t\t\t<div class=\"elementor-element elementor-element-913f3fd e-flex e-con-boxed e-con e-parent\" data-id=\"913f3fd\" data-element_type=\"container\" data-settings=\"{&quot;background_background&quot;:&quot;gradient&quot;}\">\n\t\t\t\t\t<div class=\"e-con-inner\">\n\t\t\t\t<div class=\"elementor-element elementor-element-202bf3b elementor-widget elementor-widget-heading\" data-id=\"202bf3b\" data-element_type=\"widget\" data-widget_type=\"heading.default\">\n\t\t\t\t\t<h1 class=\"elementor-heading-title elementor-size-default\">Returpolitik<\/h1>\t\t\t\t<\/div>\n\t\t\t\t\t<\/div>\n\t\t\t\t<\/div>\n\t\t<div class=\"elementor-element elementor-element-9011448 e-flex e-con-boxed e-con e-parent\" data-id=\"9011448\" data-element_type=\"container\">\n\t\t\t\t\t<div class=\"e-con-inner\">\n\t\t\t\t<div class=\"elementor-element elementor-element-22ca553 elementor-widget elementor-widget-spacer\" data-id=\"22ca553\" data-element_type=\"widget\" data-widget_type=\"spacer.default\">\n\t\t\t\t\t\t\t<div class=\"elementor-spacer\">\n\t\t\t<div class=\"elementor-spacer-inner\"><\/div>\n\t\t<\/div>\n\t\t\t\t\t\t<\/div>\n\t\t\t\t\t<\/div>\n\t\t\t\t<\/div>\n\t\t<div class=\"elementor-element elementor-element-eb22c6b e-flex e-con-boxed e-con e-parent\" data-id=\"eb22c6b\" data-element_type=\"container\">\n\t\t\t\t\t<div class=\"e-con-inner\">\n\t\t\t\t<div class=\"elementor-element elementor-element-5784496 elementor-widget elementor-widget-text-editor\" data-id=\"5784496\" data-element_type=\"widget\" data-widget_type=\"text-editor.default\">\n\t\t\t\t\t\t\t\t\t<h3>Refusioner og aflysninger<\/h3><p>Vores m\u00e5l er at levere en smidig, p\u00e5lidelig og fair oplevelse for alle kunder.<\/p><h4>Hvilke produkter kan refunderes?<\/h4><p>Du kan anmode om refusion inden for seks (6) m\u00e5neder efter k\u00f8bet med vores garanti uden sp\u00f8rgsm\u00e5l, s\u00e5 l\u00e6nge eSIM endnu ikke er blevet aktiveret.<\/p><p>Et eSIM anses for at v\u00e6re aktiveret, n\u00e5r det opretter forbindelse til et underst\u00f8ttet netv\u00e6rk for f\u00f8rste gang. Efter aktivering behandles det som brugt og er normalt ikke berettiget til refusion.<\/p><p>Men hvis du oplever tekniske problemer efter aktivering - f.eks. hvis eSIM ikke kan oprette forbindelse til det underst\u00f8ttede netv\u00e6rk i dit destinationsland - kan du kontakte vores supportteam for at anmode om en delvis eller fuld refusion. For at hj\u00e6lpe os med at l\u00f8se problemet retf\u00e6rdigt har vi brug for dokumentation, der viser problemet (f.eks. sk\u00e6rmbilleder, enhedsoplysninger eller fejlmeddelelser). F\u00f8r du anmoder om tilbagebetaling p\u00e5 grund af tekniske problemer, skal du kontakte vores tekniske supportteam via chat eller e-mail for en mulig l\u00f8sning af problemet.<\/p><h4>Tidsramme<\/h4><p>Din tilbagebetaling eller ombytning vil blive behandlet inden for 14 dage.<\/p><h4>Proces for tilbagebetaling<\/h4><p>For at anmode om hel eller delvis tilbagebetaling skal du sende en e-mail til support@simtaly.com og anmode om tilbagebetaling. Angiv venligst dato og tidspunkt for k\u00f8bet samt den e-mail, der blev brugt ved k\u00f8bet. Hvis k\u00f8bet omfattede mere end \u00e9t produkt, bedes du angive, hvilke produkter du \u00f8nsker at f\u00e5 refunderet. Hvis eSIM allerede er blevet aktiveret, bedes du tilf\u00f8je dokumentation for de opst\u00e5ede problemer.<\/p><p>Alle tilbagebetalinger, der godkendes, vil blive udstedt til den oprindelige betalingsmetode. Hvis en tilbagebetaling godkendes, vil det p\u00e5g\u00e6ldende eSIM blive afbrudt til geng\u00e6ld.<\/p><h4>Udvekslinger<\/h4><p>Inden for 6 m\u00e5neder efter k\u00f8bet kan eSIM refunderes eller ombyttes til et andet produkt til samme pris. Hvis der er en prisforskel p\u00e5 det nye produkt, vil det for meget betalte bel\u00f8b blive refunderet til den oprindelige betalingsmetode, eller et eventuelt for lidt betalt bel\u00f8b skal betales af kunden inden levering af det nye produkt.<\/p><h4>Gebyrer<\/h4><p>Vi opkr\u00e6ver IKKE yderligere gebyrer for at anmode om eller behandle refusionen.<\/p><h4>Kontakt<\/h4><p>Vores m\u00e5l er at sikre, at alle kunder f\u00f8ler sig trygge og godt behandlet. Vi er forpligtet til at indg\u00e5 fair, rimelige kompromiser, n\u00e5r det er n\u00f8dvendigt for at levere den bedst mulige shoppingoplevelse. Hvis du har sp\u00f8rgsm\u00e5l, kan du kontakte os via e-mail p\u00e5 <a href=\"mailto:support@simtaly.com\">support@simtaly.com<\/a>.<\/p><h4>Politiske opdateringer Ansvarsfraskrivelse<\/h4><p>Vi kan opdatere denne politik fra tid til anden. L\u00e6s venligst den seneste version, f\u00f8r du starter en returnering.<\/p><h4>Hvis du har yderligere sp\u00f8rgsm\u00e5l, er du velkommen til at kontakte os:<\/h4><p><strong>E-mail:<\/strong> <a href=\"mailto:support@simtaly.com\">support@simtaly.com<\/a><br \/><strong>WhatsApp Live Chat:<\/strong> <a href=\"https:\/\/wa.me\/16505474744\" rel=\"nofollow noopener\" target=\"_blank\">+16505474744<\/a><\/p>\t\t\t\t\t\t\t\t<\/div>\n\t\t\t\t<div class=\"elementor-element elementor-element-f48aae3 elementor-widget elementor-widget-spacer\" data-id=\"f48aae3\" data-element_type=\"widget\" data-widget_type=\"spacer.default\">\n\t\t\t\t\t\t\t<div class=\"elementor-spacer\">\n\t\t\t<div class=\"elementor-spacer-inner\"><\/div>\n\t\t<\/div>\n\t\t\t\t\t\t<\/div>\n\t\t\t\t\t<\/div>\n\t\t\t\t<\/div>\n\t\t\t\t<\/div>","protected":false},"excerpt":{"rendered":"<p>Return Policy Refunds and Cancellations We aim to deliver a smooth, reliable, and fair experience for every customer. What products [&hellip;]<\/p>","protected":false},"author":5,"featured_media":0,"parent":0,"menu_order":0,"comment_status":"closed","ping_status":"closed","template":"","meta":{"site-sidebar-layout":"no-sidebar","site-content-layout":"","ast-site-content-layout":"full-width-container","site-content-style":"default","site-sidebar-style":"default","ast-global-header-display":"","ast-banner-title-visibility":"","ast-main-header-display":"","ast-hfb-above-header-display":"","ast-hfb-below-header-display":"","ast-hfb-mobile-header-display":"","site-post-title":"disabled","ast-breadcrumbs-content":"","ast-featured-img":"disabled","footer-sml-layout":"","theme-transparent-header-meta":"enabled","adv-header-id-meta":"","stick-header-meta":"","header-above-stick-meta":"","header-main-stick-meta":"","header-below-stick-meta":"","astra-migrate-meta-layouts":"default","ast-page-background-enabled":"default","ast-page-background-meta":{"desktop":{"background-color":"var(--ast-global-color-5)","background-image":"","background-repeat":"repeat","background-position":"center center","background-size":"auto","background-attachment":"scroll","background-type":"","background-media":"","overlay-type":"","overlay-color":"","overlay-opacity":"","overlay-gradient":""},"tablet":{"background-color":"","background-image":"","background-repeat":"repeat","background-position":"center center","background-size":"auto","background-attachment":"scroll","background-type":"","background-media":"","overlay-type":"","overlay-color":"","overlay-opacity":"","overlay-gradient":""},"mobile":{"background-color":"","background-image":"","background-repeat":"repeat","background-position":"center center","background-size":"auto","background-attachment":"scroll","background-type":"","background-media":"","overlay-type":"","overlay-color":"","overlay-opacity":"","overlay-gradient":""}},"ast-content-background-meta":{"desktop":{"background-color":"var(--ast-global-color-4)","background-image":"","background-repeat":"repeat","background-position":"center center","background-size":"auto","background-attachment":"scroll","background-type":"","background-media":"","overlay-type":"","overlay-color":"","overlay-opacity":"","overlay-gradient":""},"tablet":{"background-color":"var(--ast-global-color-4)","background-image":"","background-repeat":"repeat","background-position":"center center","background-size":"auto","background-attachment":"scroll","background-type":"","background-media":"","overlay-type":"","overlay-color":"","overlay-opacity":"","overlay-gradient":""},"mobile":{"background-color":"var(--ast-global-color-4)","background-image":"","background-repeat":"repeat","background-position":"center center","background-size":"auto","background-attachment":"scroll","background-type":"","background-media":"","overlay-type":"","overlay-color":"","overlay-opacity":"","overlay-gradient":""}},"footnotes":""},"class_list":["post-3631","page","type-page","status-publish","hentry"],"_links":{"self":[{"href":"https:\/\/www.simtaly.com\/da\/wp-json\/wp\/v2\/pages\/3631","targetHints":{"allow":["GET"]}}],"collection":[{"href":"https:\/\/www.simtaly.com\/da\/wp-json\/wp\/v2\/pages"}],"about":[{"href":"https:\/\/www.simtaly.com\/da\/wp-json\/wp\/v2\/types\/page"}],"author":[{"embeddable":true,"href":"https:\/\/www.simtaly.com\/da\/wp-json\/wp\/v2\/users\/5"}],"replies":[{"embeddable":true,"href":"https:\/\/www.simtaly.com\/da\/wp-json\/wp\/v2\/comments?post=3631"}],"version-history":[{"count":34,"href":"https:\/\/www.simtaly.com\/da\/wp-json\/wp\/v2\/pages\/3631\/revisions"}],"predecessor-version":[{"id":3887,"href":"https:\/\/www.simtaly.com\/da\/wp-json\/wp\/v2\/pages\/3631\/revisions\/3887"}],"wp:attachment":[{"href":"https:\/\/www.simtaly.com\/da\/wp-json\/wp\/v2\/media?parent=3631"}],"curies":[{"name":"wp","href":"https:\/\/api.w.org\/{rel}","templated":true}]}}