{"id":1182,"date":"2025-09-10T09:04:47","date_gmt":"2025-09-10T09:04:47","guid":{"rendered":"https:\/\/www.simtaly.com\/?page_id=1182"},"modified":"2025-11-28T22:55:14","modified_gmt":"2025-11-28T21:55:14","slug":"aftryk","status":"publish","type":"page","link":"https:\/\/www.simtaly.com\/da\/aftryk\/","title":{"rendered":"P\u00e5tryk"},"content":{"rendered":"<div data-elementor-type=\"wp-page\" data-elementor-id=\"1182\" class=\"elementor elementor-1182\" data-elementor-post-type=\"page\">\n\t\t\t\t<div class=\"elementor-element elementor-element-913f3fd e-flex e-con-boxed e-con e-parent\" data-id=\"913f3fd\" data-element_type=\"container\" data-settings=\"{&quot;background_background&quot;:&quot;gradient&quot;}\">\n\t\t\t\t\t<div class=\"e-con-inner\">\n\t\t\t\t<div class=\"elementor-element elementor-element-202bf3b elementor-widget elementor-widget-heading\" data-id=\"202bf3b\" data-element_type=\"widget\" data-widget_type=\"heading.default\">\n\t\t\t\t\t<h1 class=\"elementor-heading-title elementor-size-default\">Juridisk meddelelse (aftryk)<\/h1>\t\t\t\t<\/div>\n\t\t\t\t\t<\/div>\n\t\t\t\t<\/div>\n\t\t<div class=\"elementor-element elementor-element-9011448 e-flex e-con-boxed e-con e-parent\" data-id=\"9011448\" data-element_type=\"container\">\n\t\t\t\t\t<div class=\"e-con-inner\">\n\t\t\t\t<div class=\"elementor-element elementor-element-22ca553 elementor-widget elementor-widget-spacer\" data-id=\"22ca553\" data-element_type=\"widget\" data-widget_type=\"spacer.default\">\n\t\t\t\t\t\t\t<div class=\"elementor-spacer\">\n\t\t\t<div class=\"elementor-spacer-inner\"><\/div>\n\t\t<\/div>\n\t\t\t\t\t\t<\/div>\n\t\t\t\t\t<\/div>\n\t\t\t\t<\/div>\n\t\t<div class=\"elementor-element elementor-element-eb22c6b e-flex e-con-boxed e-con e-parent\" data-id=\"eb22c6b\" data-element_type=\"container\">\n\t\t\t\t\t<div class=\"e-con-inner\">\n\t\t\t\t<div class=\"elementor-element elementor-element-5784496 elementor-widget elementor-widget-text-editor\" data-id=\"5784496\" data-element_type=\"widget\" data-widget_type=\"text-editor.default\">\n\t\t\t\t\t\t\t\t\t<div style=\"line-height: 1.6;\"><h3 style=\"color: #222222; font-family: Arial, sans-serif;\">Oplysninger i henhold til \u00a75 TMG (tysk telemedielov) og \u00a718 (2) MStV:<\/h3><p style=\"color: #222222; font-family: Arial, sans-serif;\"><strong>Simtaly<\/strong><br \/>DALASON GmbH<br \/>Lindenstra\u00dfe 82<br \/>50674 K\u00f6ln<br \/>Tyskland<\/p><p style=\"color: #222222; font-family: Arial, sans-serif;\"><strong>Repr\u00e6senteret af:<\/strong><br \/>Administrerende direkt\u00f8rer: Andreas Damek og Chung-U Son<\/p><p style=\"color: #222222; font-family: Arial, sans-serif;\"><strong>Kontakt:<\/strong><br \/>E-mail: <a href=\"mailto:support@simtaly.com\">support@simtaly.com<\/a><br \/><span style=\"font-style: inherit; font-weight: inherit;\">WhatsApp Live Chat: \u202a<a title=\"\" href=\"tel:16505474744\" target=\"_blank\" rel=\"noopener noreferrer\" data-title=\"tel:16505474744\">+16505474744<\/a><\/span><br \/>Hjemmeside<strong>:<\/strong> <a href=\"https:\/\/www.simtaly.com\/da\/\" target=\"_blank\" rel=\"noopener noreferrer\">https:\/\/www.simtaly.com<\/a><\/p><p style=\"color: #222222; font-family: Arial, sans-serif;\"><strong>Registrering i handelsregistret:<br \/><\/strong>Registreringsdomstol: Den lokale domstol i K\u00f6ln (Amtsgericht K\u00f6ln)<br \/>Registreringsnummer: HRB 60929<\/p><p style=\"color: #222222; font-family: Arial, sans-serif;\"><strong>Momsregistreringsnummer i henhold til \u00a727a i den tyske momslov:<\/strong><br \/>Skatteregistreringsnummer: DE255749627<\/p><p style=\"color: #222222; font-family: Arial, sans-serif;\"><strong>Ansvarlig for indhold i henhold til \u00a718 (2) MStV:<\/strong><br \/>Andreas Damek<br \/>DALASON GmbH<br \/>Lindenstra\u00dfe 82<br \/>50674 K\u00f6ln<br \/>Tyskland<\/p><h3 style=\"color: #222222; font-family: Arial, sans-serif;\">Ansvarsfraskrivelse<\/h3><p style=\"color: #222222; font-family: Arial, sans-serif;\"><strong>Ansvar for indhold<\/strong><br \/>Indholdet p\u00e5 vores hjemmeside er skabt med den st\u00f8rste omhu. Vi kan dog ikke garantere for indholdets n\u00f8jagtighed, fuldst\u00e6ndighed eller aktualitet.<br \/>Som tjenesteudbyder er vi ansvarlige for vores eget indhold p\u00e5 disse sider i henhold til den generelle lovgivning (\u00a77 stk. 1 TMG).<br \/>I henhold til \u00a7\u00a78-10 TMG er vi ikke forpligtet til at overv\u00e5ge transmitterede eller lagrede tredjepartsoplysninger eller til at unders\u00f8ge omst\u00e6ndigheder, der tyder p\u00e5 ulovlig aktivitet.<br \/>Forpligtelser til at fjerne eller blokere brugen af oplysninger i henhold til generel lovgivning forbliver up\u00e5virket. Ansvar i denne henseende er dog kun muligt fra det tidspunkt, hvor vi bliver opm\u00e6rksomme p\u00e5 en specifik juridisk overtr\u00e6delse. Ved meddelelse om s\u00e5danne overtr\u00e6delser vil vi straks fjerne indholdet.<\/p><p style=\"color: #222222; font-family: Arial, sans-serif;\"><strong>Ansvar for links<\/strong><br \/>Vores hjemmeside indeholder links til eksterne tredjepartswebsteder, hvis indhold vi ikke har nogen kontrol over. Derfor kan vi ikke p\u00e5tage os noget ansvar for s\u00e5dant eksternt indhold.<br \/>Den respektive udbyder eller operat\u00f8r af de linkede sider er altid ansvarlig for deres indhold.<br \/>De linkede sider blev kontrolleret for mulige lovovertr\u00e6delser p\u00e5 tidspunktet for linkningen. Ulovligt indhold var ikke genkendeligt p\u00e5 det tidspunkt.<br \/>En permanent overv\u00e5gning af de linkede sider er urimelig uden konkrete beviser for en overtr\u00e6delse. N\u00e5r vi bliver opm\u00e6rksomme p\u00e5 s\u00e5danne overtr\u00e6delser, vil vi straks fjerne linkene.<\/p><p style=\"color: #222222; font-family: Arial, sans-serif;\"><strong>Ophavsret<\/strong><br \/><span style=\"font-size: 16px;\">Alt indhold og alle v\u00e6rker, der er skabt af webstedsoperat\u00f8ren, er underlagt tysk lov om ophavsret.<\/span><\/p><p style=\"color: #222222; font-family: Arial, sans-serif;\">Reproduktion, \u00e6ndring, distribution eller enhver form for anvendelse, der ligger uden for rammerne af ophavsretsloven, kr\u00e6ver skriftligt samtykke fra den respektive forfatter eller skaber.<br \/><span style=\"font-size: 16px;\">Downloads og kopier af dette websted er kun tilladt til privat, ikke-kommerciel brug.<br \/><\/span>Hvis indholdet p\u00e5 dette websted ikke er oprettet af operat\u00f8ren, respekteres tredjeparters ophavsret, og s\u00e5dant indhold er tydeligt angivet.<br \/>Hvis du alligevel bliver opm\u00e6rksom p\u00e5 en kr\u00e6nkelse af ophavsretten, bedes du underrette os. Efter underretning vil vi fjerne s\u00e5dant indhold uden forsinkelse.<\/p><p style=\"color: #222222; font-family: Arial, sans-serif;\"><strong>Online tvistbil\u00e6ggelse<\/strong><br \/>Europa-Kommissionen stiller en platform til r\u00e5dighed for onlinetvistbil\u00e6ggelse (OS):<br \/><a href=\"https:\/\/ec.europa.eu\/consumers\/odr\" target=\"_blank\" rel=\"noopener noreferrer nofollow\">https:\/\/ec.europa.eu\/consumers\/odr<\/a><\/p><p>Vores e-mailadresse kan findes ovenfor i denne juridiske meddelelse.<br \/>Vi er ikke villige eller forpligtede til at deltage i tvistbil\u00e6ggelsesprocedurer ved et forbrugervoldgiftsn\u00e6vn.<\/p><p style=\"color: #222222; font-family: Arial, sans-serif;\"><strong>Meddelelse om tredjepartsindhold (\u00a710 TMG)<br \/><\/strong>Bidrag fra brugere eller tredjeparter afspejler ikke n\u00f8dvendigvis operat\u00f8rens synspunkter.<br \/>Operat\u00f8ren p\u00e5tager sig intet redaktionelt ansvar for s\u00e5dant indhold.<\/p><p><strong>Hvis du har sp\u00f8rgsm\u00e5l vedr\u00f8rende aftrykket, er du velkommen til at kontakte os:<\/strong><br \/>E-mail: <a href=\"mailto:support@simtaly.com\">support@simtaly.com<\/a><br \/>WhatsApp Live Chat: \u202a<a title=\"\" href=\"https:\/\/wa.me\/16505474744\" target=\"_blank\" rel=\"noopener noreferrer nofollow\" data-title=\"tel:16505474744\">+16505474744<\/a><\/p><\/div>\t\t\t\t\t\t\t\t<\/div>\n\t\t\t\t\t<\/div>\n\t\t\t\t<\/div>\n\t\t\t\t<\/div>","protected":false},"excerpt":{"rendered":"<p>Legal Notice (Imprint) Information according to \u00a75 TMG (German Telemedia Act) and \u00a718 (2) MStV: SimtalyDALASON GmbHLindenstra\u00dfe 8250674 CologneGermany Represented [&hellip;]<\/p>","protected":false},"author":5,"featured_media":0,"parent":0,"menu_order":0,"comment_status":"closed","ping_status":"closed","template":"","meta":{"site-sidebar-layout":"no-sidebar","site-content-layout":"","ast-site-content-layout":"full-width-container","site-content-style":"default","site-sidebar-style":"default","ast-global-header-display":"","ast-banner-title-visibility":"","ast-main-header-display":"","ast-hfb-above-header-display":"","ast-hfb-below-header-display":"","ast-hfb-mobile-header-display":"","site-post-title":"disabled","ast-breadcrumbs-content":"","ast-featured-img":"disabled","footer-sml-layout":"","theme-transparent-header-meta":"enabled","adv-header-id-meta":"","stick-header-meta":"","header-above-stick-meta":"","header-main-stick-meta":"","header-below-stick-meta":"","astra-migrate-meta-layouts":"default","ast-page-background-enabled":"default","ast-page-background-meta":{"desktop":{"background-color":"var(--ast-global-color-5)","background-image":"","background-repeat":"repeat","background-position":"center center","background-size":"auto","background-attachment":"scroll","background-type":"","background-media":"","overlay-type":"","overlay-color":"","overlay-opacity":"","overlay-gradient":""},"tablet":{"background-color":"","background-image":"","background-repeat":"repeat","background-position":"center center","background-size":"auto","background-attachment":"scroll","background-type":"","background-media":"","overlay-type":"","overlay-color":"","overlay-opacity":"","overlay-gradient":""},"mobile":{"background-color":"","background-image":"","background-repeat":"repeat","background-position":"center center","background-size":"auto","background-attachment":"scroll","background-type":"","background-media":"","overlay-type":"","overlay-color":"","overlay-opacity":"","overlay-gradient":""}},"ast-content-background-meta":{"desktop":{"background-color":"var(--ast-global-color-4)","background-image":"","background-repeat":"repeat","background-position":"center center","background-size":"auto","background-attachment":"scroll","background-type":"","background-media":"","overlay-type":"","overlay-color":"","overlay-opacity":"","overlay-gradient":""},"tablet":{"background-color":"var(--ast-global-color-4)","background-image":"","background-repeat":"repeat","background-position":"center center","background-size":"auto","background-attachment":"scroll","background-type":"","background-media":"","overlay-type":"","overlay-color":"","overlay-opacity":"","overlay-gradient":""},"mobile":{"background-color":"var(--ast-global-color-4)","background-image":"","background-repeat":"repeat","background-position":"center center","background-size":"auto","background-attachment":"scroll","background-type":"","background-media":"","overlay-type":"","overlay-color":"","overlay-opacity":"","overlay-gradient":""}},"footnotes":""},"class_list":["post-1182","page","type-page","status-publish","hentry"],"_links":{"self":[{"href":"https:\/\/www.simtaly.com\/da\/wp-json\/wp\/v2\/pages\/1182","targetHints":{"allow":["GET"]}}],"collection":[{"href":"https:\/\/www.simtaly.com\/da\/wp-json\/wp\/v2\/pages"}],"about":[{"href":"https:\/\/www.simtaly.com\/da\/wp-json\/wp\/v2\/types\/page"}],"author":[{"embeddable":true,"href":"https:\/\/www.simtaly.com\/da\/wp-json\/wp\/v2\/users\/5"}],"replies":[{"embeddable":true,"href":"https:\/\/www.simtaly.com\/da\/wp-json\/wp\/v2\/comments?post=1182"}],"version-history":[{"count":50,"href":"https:\/\/www.simtaly.com\/da\/wp-json\/wp\/v2\/pages\/1182\/revisions"}],"predecessor-version":[{"id":3983,"href":"https:\/\/www.simtaly.com\/da\/wp-json\/wp\/v2\/pages\/1182\/revisions\/3983"}],"wp:attachment":[{"href":"https:\/\/www.simtaly.com\/da\/wp-json\/wp\/v2\/media?parent=1182"}],"curies":[{"name":"wp","href":"https:\/\/api.w.org\/{rel}","templated":true}]}}