{"id":3930,"date":"2025-11-28T12:10:16","date_gmt":"2025-11-28T12:10:16","guid":{"rendered":"https:\/\/www.simtaly.com\/?page_id=3930"},"modified":"2025-12-01T11:06:50","modified_gmt":"2025-12-01T10:06:50","slug":"o-nas","status":"publish","type":"page","link":"https:\/\/www.simtaly.com\/cs\/o-nas\/","title":{"rendered":"O n\u00e1s"},"content":{"rendered":"<div data-elementor-type=\"wp-page\" data-elementor-id=\"3930\" class=\"elementor elementor-3930\" data-elementor-post-type=\"page\">\n\t\t\t\t<div class=\"elementor-element elementor-element-913f3fd e-flex e-con-boxed e-con e-parent\" data-id=\"913f3fd\" data-element_type=\"container\" data-settings=\"{&quot;background_background&quot;:&quot;gradient&quot;}\">\n\t\t\t\t\t<div class=\"e-con-inner\">\n\t\t\t\t<div class=\"elementor-element elementor-element-202bf3b elementor-widget elementor-widget-heading\" data-id=\"202bf3b\" data-element_type=\"widget\" data-widget_type=\"heading.default\">\n\t\t\t\t\t<h1 class=\"elementor-heading-title elementor-size-default\">O n\u00e1s<\/h1>\t\t\t\t<\/div>\n\t\t\t\t\t<\/div>\n\t\t\t\t<\/div>\n\t\t<div class=\"elementor-element elementor-element-9011448 e-flex e-con-boxed e-con e-parent\" data-id=\"9011448\" data-element_type=\"container\">\n\t\t\t\t\t<div class=\"e-con-inner\">\n\t\t\t\t<div class=\"elementor-element elementor-element-22ca553 elementor-widget elementor-widget-spacer\" data-id=\"22ca553\" data-element_type=\"widget\" data-widget_type=\"spacer.default\">\n\t\t\t\t\t\t\t<div class=\"elementor-spacer\">\n\t\t\t<div class=\"elementor-spacer-inner\"><\/div>\n\t\t<\/div>\n\t\t\t\t\t\t<\/div>\n\t\t\t\t\t<\/div>\n\t\t\t\t<\/div>\n\t\t<div class=\"elementor-element elementor-element-eb22c6b e-flex e-con-boxed e-con e-parent\" data-id=\"eb22c6b\" data-element_type=\"container\">\n\t\t\t\t\t<div class=\"e-con-inner\">\n\t\t\t\t<div class=\"elementor-element elementor-element-5784496 elementor-widget elementor-widget-text-editor\" data-id=\"5784496\" data-element_type=\"widget\" data-widget_type=\"text-editor.default\">\n\t\t\t\t\t\t\t\t\t<h3>O n\u00e1s \u2014 Simtaly Travel eSIM<\/h3><div>Simtaly je mezin\u00e1rodn\u00ed zna\u010dka eSIM pro cestov\u00e1n\u00ed spole\u010dnosti DALASON GmbH, licencovan\u00e9 telekomunika\u010dn\u00ed spole\u010dnosti se s\u00eddlem v Kol\u00edn\u011b nad R\u00fdnem v N\u011bmecku. Od roku 2007 vyv\u00edj\u00edme produkty digit\u00e1ln\u00ed komunikace, kter\u00e9 pom\u00e1haj\u00ed lidem z\u016fstat v kontaktu \u2013 doma i v zahrani\u010d\u00ed. Dnes vyu\u017e\u00edv\u00e1me tyto zku\u0161enosti k poskytov\u00e1n\u00ed spolehliv\u00fdch a cenov\u011b dostupn\u00fdch \u0159e\u0161en\u00ed eSIM pro glob\u00e1ln\u00ed cestovatele, kte\u0159\u00ed p\u0159i objevov\u00e1n\u00ed sv\u011bta cht\u011bj\u00ed jednoduch\u00e1 a transparentn\u00ed mobiln\u00ed data.<\/div><div>\u00a0<\/div><div>Na\u0161e posl\u00e1n\u00ed je jasn\u00e9:<\/div><div>Zjednodu\u0161te si mobiln\u00ed data v zahrani\u010d\u00ed, zajist\u011bte si spravedliv\u00e9 a bezprobl\u00e9mov\u00e9 p\u0159ipojen\u00ed d\u00edky rychl\u00fdm p\u0159edplacen\u00fdm cestovn\u00edm eSIM kart\u00e1m, kter\u00e9 se aktivuj\u00ed okam\u017eit\u011b.<\/div><div>\u00a0<\/div><h3>Kdo jsme<\/h3><div>DALASON GmbH je n\u011bmeck\u00e1 spole\u010dnost s ru\u010den\u00edm omezen\u00fdm (GmbH) se s\u00eddlem na adrese:<\/div><div>DALASON GmbH<\/div><div>Lindenstra\u00dfe 82<\/div><div>50674 Kol\u00edn nad R\u00fdnem<\/div><div>N\u011bmecko<\/div><div>\u00a0<\/div><div>Ji\u017e mnoho let p\u016fsob\u00edme v odv\u011btv\u00ed telekomunikac\u00ed a IT, kde prost\u0159ednictv\u00edm na\u0161\u00ed zna\u010dky nab\u00edz\u00edme \u0159e\u0161en\u00ed, jako je pl\u00e1nov\u00e1n\u00ed s\u00edt\u00ed a cloudov\u00e9 VoIP\/virtu\u00e1ln\u00ed telefonn\u00ed syst\u00e9my. <a href=\"http:\/\/www.wirecloud.de\" rel=\"nofollow noopener\" target=\"_blank\">WIRECLOUD<\/a>.<\/div><div>Na\u0161e slu\u017eby <a href=\"https:\/\/www.dcalling.com\/\" rel=\"nofollow noopener\" target=\"_blank\">DCalling<\/a> a <a href=\"https:\/\/www.flatratebooster.com\" rel=\"nofollow noopener\" target=\"_blank\">FlatrateBooster<\/a> ji\u017e obslou\u017eili v\u00edce ne\u017e 120 000 z\u00e1kazn\u00edk\u016f a pomohli jim sn\u00ed\u017eit n\u00e1klady na mezin\u00e1rodn\u00ed mobiln\u00ed hovory.<\/div><div><span style=\"font-size: 1rem;\">Simtaly p\u0159edstavuje dal\u0161\u00ed krok: glob\u00e1ln\u00ed platformu pro cestovn\u00ed eSIM, kter\u00e1 vych\u00e1z\u00ed z na\u0161ich bohat\u00fdch zku\u0161enost\u00ed v oblasti telekomunika\u010dn\u00edch technologi\u00ed, z\u00e1kaznick\u00fdch slu\u017eeb a digit\u00e1ln\u00ed komunikace.<\/span><\/div><div>\u00a0<\/div><h3>Co d\u011bl\u00e1me: Cestovn\u00ed eSIM karty pro glob\u00e1ln\u00ed p\u0159ipojen\u00ed<span style=\"color: #5b5b5b; font-family: Inter, sans-serif; font-size: 1rem; font-weight: 500;\">\u00a0<\/span><\/h3><h3><span style=\"color: #5b5b5b; font-family: Inter, sans-serif; font-size: 1rem; font-weight: 500;\">Simtaly poskytuje cestovn\u00ed eSIM karty a mezin\u00e1rodn\u00ed eSIM tarify pro cestovatele, kte\u0159\u00ed cht\u011bj\u00ed spolehliv\u00e9 mobiln\u00ed p\u0159ipojen\u00ed k internetu ve v\u00edce ne\u017e 100 zem\u00edch \u2013 bez roamingov\u00fdch poplatk\u016f a slo\u017eit\u00fdch smluv.<\/span><\/h3><h4>Na\u0161e zam\u011b\u0159en\u00ed:<\/h4><ul><li>Okam\u017eit\u00e9 doru\u010den\u00ed: Ka\u017ed\u00e1 eSIM je zasl\u00e1na e-mailem b\u011bhem n\u011bkolika minut po \u00fasp\u011b\u0161n\u00e9 platb\u011b.<\/li><li>P\u0159edplacen\u00e9 a neomezen\u00e9 tarify: Jednoduch\u00e9 a transparentn\u00ed cestovn\u00ed bal\u00ed\u010dky eSIM bez skryt\u00fdch poplatk\u016f.<\/li><li>Snadn\u00e1 aktivace: Pr\u016fvodce instalac\u00ed s jasn\u00fdmi pokyny krok za krokem v na\u0161em Centru n\u00e1pov\u011bdy.<\/li><li>Kompatibilita za\u0159\u00edzen\u00ed: Podporujeme modern\u00ed smartphony a tablety s podporou eSIM, kter\u00e9 jsou uvedeny v na\u0161em pr\u016fvodci kompatibilitou.<\/li><\/ul><div>Za ka\u017edou cestovn\u00ed eSIM kartou Simtaly stoj\u00ed regulovan\u00e1 telekomunika\u010dn\u00ed spole\u010dnost s re\u00e1lnou infrastrukturou a dlouholet\u00fdmi zku\u0161enostmi \u2013 nejde o prodejce ani do\u010dasn\u00e9ho poskytovatele. Podl\u00e9h\u00e1me regulaci n\u011bmeck\u00e9 Bundesnetzagentur (Spolkov\u00e9 s\u00ed\u0165ov\u00e9 agentury).<\/div><div>\u00a0<\/div><h3>Pro\u010d n\u00e1m m\u016f\u017eete v\u011b\u0159it<\/h3><h4>1. V\u00edce ne\u017e dv\u011b desetilet\u00ed zku\u0161enost\u00ed v oblasti telekomunikac\u00ed<\/h4><div>Spole\u010dnost DALASON GmbH p\u016fsob\u00ed na trhu od roku 2007 a nab\u00edz\u00ed osv\u011bd\u010den\u00e9 telekomunika\u010dn\u00ed slu\u017eby pro soukrom\u00e9 i firemn\u00ed z\u00e1kazn\u00edky. Na\u0161e dlouholet\u00e9 zku\u0161enosti zahrnuj\u00ed \u0159e\u0161en\u00ed pro mezin\u00e1rodn\u00ed vol\u00e1n\u00ed, cloudovou telefonii a n\u00e1stroje pro digit\u00e1ln\u00ed p\u0159ipojen\u00ed. D\u00edky t\u011bmto zku\u0161enostem m\u00e1te jistotu, \u017ee va\u0161e cestovn\u00ed eSIM poch\u00e1z\u00ed od spole\u010dnosti, kter\u00e1 skute\u010dn\u011b rozum\u00ed kvalit\u011b s\u00edt\u011b, spolehlivosti a o\u010dek\u00e1v\u00e1n\u00edm z\u00e1kazn\u00edk\u016f.<\/div><div>\u00a0<\/div><h4>2. Registrovan\u00fd a regulovan\u00fd evropsk\u00fd telekomunika\u010dn\u00ed poskytovatel<\/h4><ul><li>Pr\u00e1vn\u00ed forma: DALASON GmbH (n\u011bmeck\u00e1 spole\u010dnost s ru\u010den\u00edm omezen\u00fdm)<\/li><li>Obchodn\u00ed rejst\u0159\u00edk: Amtsgericht K\u00f6ln, HRB 60929<\/li><li>DI\u010c: DE255749627<\/li><\/ul><div>Podl\u00e9h\u00e1me dohledu n\u011bmeck\u00e9 Bundesnetzagentur a byli jsme prov\u011b\u0159eni tak\u00e9 rakousk\u00fdm telekomunika\u010dn\u00edm \u00fa\u0159adem.<\/div><div>To zaji\u0161\u0165uje transparentnost, dodr\u017eov\u00e1n\u00ed p\u0159edpis\u016f a ochranu spot\u0159ebitel\u016f na nejvy\u0161\u0161\u00ed evropsk\u00e9 \u00farovni.<\/div><div>\u00a0<\/div><h4>3. Transparentn\u00ed kontakt a z\u00e1kaznick\u00e1 podpora<\/h4><div><span style=\"font-size: 1rem;\">Kdy\u017e pot\u0159ebujete pomoc, jsou v\u00e1m k dispozici skute\u010dn\u00ed lid\u00e9:<\/span><\/div><ul><li>E-mail: <a href=\"mailto:support@simtaly.com\">support@simtaly.com<\/a><\/li><li>WhatsApp Live Chat: \u202a<a href=\"https:\/\/wa.me\/16505474744\" target=\"_blank\" rel=\"noopener nofollow\">+16505474744<\/a><\/li><li class=\"translation-block\"><a href=\"https:\/\/support.simtaly.com\/hc\" target=\"_blank\" rel=\"noopener\">Centrum n\u00e1pov\u011bdy<\/a>: \u0159e\u0161en\u00ed probl\u00e9m\u016f, podrobnosti o pokryt\u00ed, pr\u016fvodce aktivac\u00ed, vr\u00e1cen\u00ed pen\u011bz, platby<\/li><\/ul><div>N\u00e1\u0161 t\u00fdm reaguje co nejrychleji, v\u017edy do 24 hodin.<\/div><div>\u00a0<\/div><h3>Seznamte se s veden\u00edm<\/h3><div><span style=\"font-size: 1rem;\">\u0158editel\u00e9 (Gesch\u00e4ftsf\u00fchrer): <\/span>Andreas Damek a Chung-U Son<\/div><ul><li class=\"translation-block\"><a href=\"https:\/\/www.linkedin.com\/in\/andreas-damek-4a09492\/?locale=en\" target=\"_blank\" rel=\"noopener\">Andreas Damek<\/a> m\u00e1 zku\u0161enosti z oblasti financ\u00ed, pr\u00e1va a marketingu. P\u0159ed n\u00e1stupem do spole\u010dnosti DALASON pracoval ve spole\u010dnosti Goldman Sachs a v poradensk\u00e9 firm\u011b, kter\u00e1 vznikla od\u0161t\u011bpen\u00edm od spole\u010dnosti McKinsey.<\/li><li><a href=\"https:\/\/www.linkedin.com\/in\/david-c-son-60ba2130\/?locale=en\" rel=\"nofollow noopener\" target=\"_blank\">Chung-U Son<\/a> se pod\u00edlel na n\u011bkolika telekomunika\u010dn\u00edch a technologick\u00fdch projektech v Kol\u00edn\u011b nad R\u00fdnem, zam\u011b\u0159en\u00fdch na slu\u017eby oper\u00e1tor\u016f a v\u00fdvoj softwaru.<\/li><\/ul><div>\u00a0<span style=\"font-size: 1rem;\">Spole\u010dn\u011b kombinuj\u00ed hlubok\u00e9 znalosti v oblasti telekomunikac\u00ed, softwaru a podnik\u00e1n\u00ed.<\/span><\/div><div>V\u00fdsledek: slu\u017eba cestovn\u00ed eSIM navr\u017een\u00e1 s vyu\u017eit\u00edm skute\u010dn\u00fdch technick\u00fdch znalost\u00ed a lidsk\u00e9ho porozum\u011bn\u00ed tomu, co cestovatel\u00e9 v zahrani\u010d\u00ed pot\u0159ebuj\u00ed.<\/div><div>\u00a0<\/div><h3>N\u00e1\u0161 slib cestuj\u00edc\u00edm<\/h3><h4><span style=\"color: #000000; font-family: 'Space Grotesk', sans-serif; font-size: 1.375rem; font-style: inherit; font-weight: bold;\">V\u00edme, jak nezbytn\u00e1 se stala mobiln\u00ed data \u2013 zejm\u00e9na na cest\u00e1ch:<\/span><\/h4><div>\u2022 z\u016fstat v kontaktu s p\u0159\u00e1teli a rodinou<\/div><div>\u2022 bezpe\u010dn\u00e9 orientov\u00e1n\u00ed se v nezn\u00e1m\u00fdch m\u011bstech<\/div><div>\u2022 p\u0159\u00edstup k letenk\u00e1m, hotelov\u00fdm rezervac\u00edm a map\u00e1m<\/div><div>\u2022 vyhnete se poplatk\u016fm za roaming nebo hled\u00e1n\u00ed obchod\u016f s SIM kartami po p\u0159\u00edjezdu<\/div><div>\u00a0<\/div><h4>Proto je Simtaly postaveno na:<\/h4><div>\u2022 poctiv\u00e9 a transparentn\u00ed ceny za ka\u017edou cestovn\u00ed eSIM kartu<\/div><div>\u2022 jasn\u00e9 informace o pokryt\u00ed, datech, rychlosti a platnosti<\/div><div>\u2022 okam\u017eit\u00e9 doru\u010den\u00ed e-mail\u016f po cel\u00e9m sv\u011bt\u011b<\/div><div>\u2022 spravedliv\u00e1 a spolehliv\u00e1 podpora, kdy\u017e n\u011bco nejde podle pl\u00e1nu<\/div><div>\u00a0<\/div><div class=\"translation-block\">Pokud va\u0161e eSIM Simtaly nebyla nainstalov\u00e1na a vy jste si to rozmysleli, na\u0161e jasn\u00e9 <a href=\"https:\/\/www.simtaly.com\/cs\/pravidla-pro-vraceni-zbozi\/\" target=\"_self\">podm\u00ednky vr\u00e1cen\u00ed zbo\u017e\u00ed<\/a> zajist\u00ed hladk\u00e9 zru\u0161en\u00ed.<\/div><div>\u00a0<\/div><div><h5>M\u00e1te-li dal\u0161\u00ed dotazy, nev\u00e1hejte n\u00e1s kontaktovat:<\/h5><p><strong>E-mail:<\/strong>\u00a0<a href=\"mailto:support@simtaly.com\">support@simtaly.com<\/a><br \/><strong>\u017div\u00fd chat WhatsApp:<\/strong>\u00a0\u202a<a href=\"https:\/\/wa.me\/16505474744\" target=\"_blank\" rel=\"noopener nofollow\">+16505474744<\/a><\/p><\/div>\t\t\t\t\t\t\t\t<\/div>\n\t\t\t\t\t<\/div>\n\t\t\t\t<\/div>\n\t\t\t\t<\/div>","protected":false},"excerpt":{"rendered":"<p>About Us About Us \u2014 Simtaly Travel eSIM Simtaly is the international travel eSIM brand of DALASON GmbH, a licensed [&hellip;]<\/p>","protected":false},"author":5,"featured_media":0,"parent":0,"menu_order":0,"comment_status":"closed","ping_status":"closed","template":"","meta":{"site-sidebar-layout":"no-sidebar","site-content-layout":"","ast-site-content-layout":"full-width-container","site-content-style":"default","site-sidebar-style":"default","ast-global-header-display":"","ast-banner-title-visibility":"","ast-main-header-display":"","ast-hfb-above-header-display":"","ast-hfb-below-header-display":"","ast-hfb-mobile-header-display":"","site-post-title":"disabled","ast-breadcrumbs-content":"","ast-featured-img":"disabled","footer-sml-layout":"","theme-transparent-header-meta":"enabled","adv-header-id-meta":"","stick-header-meta":"","header-above-stick-meta":"","header-main-stick-meta":"","header-below-stick-meta":"","astra-migrate-meta-layouts":"default","ast-page-background-enabled":"default","ast-page-background-meta":{"desktop":{"background-color":"var(--ast-global-color-5)","background-image":"","background-repeat":"repeat","background-position":"center center","background-size":"auto","background-attachment":"scroll","background-type":"","background-media":"","overlay-type":"","overlay-color":"","overlay-opacity":"","overlay-gradient":""},"tablet":{"background-color":"","background-image":"","background-repeat":"repeat","background-position":"center center","background-size":"auto","background-attachment":"scroll","background-type":"","background-media":"","overlay-type":"","overlay-color":"","overlay-opacity":"","overlay-gradient":""},"mobile":{"background-color":"","background-image":"","background-repeat":"repeat","background-position":"center center","background-size":"auto","background-attachment":"scroll","background-type":"","background-media":"","overlay-type":"","overlay-color":"","overlay-opacity":"","overlay-gradient":""}},"ast-content-background-meta":{"desktop":{"background-color":"var(--ast-global-color-4)","background-image":"","background-repeat":"repeat","background-position":"center center","background-size":"auto","background-attachment":"scroll","background-type":"","background-media":"","overlay-type":"","overlay-color":"","overlay-opacity":"","overlay-gradient":""},"tablet":{"background-color":"var(--ast-global-color-4)","background-image":"","background-repeat":"repeat","background-position":"center center","background-size":"auto","background-attachment":"scroll","background-type":"","background-media":"","overlay-type":"","overlay-color":"","overlay-opacity":"","overlay-gradient":""},"mobile":{"background-color":"var(--ast-global-color-4)","background-image":"","background-repeat":"repeat","background-position":"center center","background-size":"auto","background-attachment":"scroll","background-type":"","background-media":"","overlay-type":"","overlay-color":"","overlay-opacity":"","overlay-gradient":""}},"footnotes":""},"class_list":["post-3930","page","type-page","status-publish","hentry"],"_links":{"self":[{"href":"https:\/\/www.simtaly.com\/cs\/wp-json\/wp\/v2\/pages\/3930","targetHints":{"allow":["GET"]}}],"collection":[{"href":"https:\/\/www.simtaly.com\/cs\/wp-json\/wp\/v2\/pages"}],"about":[{"href":"https:\/\/www.simtaly.com\/cs\/wp-json\/wp\/v2\/types\/page"}],"author":[{"embeddable":true,"href":"https:\/\/www.simtaly.com\/cs\/wp-json\/wp\/v2\/users\/5"}],"replies":[{"embeddable":true,"href":"https:\/\/www.simtaly.com\/cs\/wp-json\/wp\/v2\/comments?post=3930"}],"version-history":[{"count":16,"href":"https:\/\/www.simtaly.com\/cs\/wp-json\/wp\/v2\/pages\/3930\/revisions"}],"predecessor-version":[{"id":3972,"href":"https:\/\/www.simtaly.com\/cs\/wp-json\/wp\/v2\/pages\/3930\/revisions\/3972"}],"wp:attachment":[{"href":"https:\/\/www.simtaly.com\/cs\/wp-json\/wp\/v2\/media?parent=3930"}],"curies":[{"name":"wp","href":"https:\/\/api.w.org\/{rel}","templated":true}]}}