{"id":3914,"date":"2025-11-27T15:11:57","date_gmt":"2025-11-27T15:11:57","guid":{"rendered":"https:\/\/www.simtaly.com\/?page_id=3914"},"modified":"2025-11-28T23:02:04","modified_gmt":"2025-11-28T22:02:04","slug":"zasady-platby-za-dopravu","status":"publish","type":"page","link":"https:\/\/www.simtaly.com\/cs\/zasady-platby-za-dopravu\/","title":{"rendered":"Z\u00e1sady p\u0159epravy a platby"},"content":{"rendered":"<div data-elementor-type=\"wp-page\" data-elementor-id=\"3914\" class=\"elementor elementor-3914\" data-elementor-post-type=\"page\">\n\t\t\t\t<div class=\"elementor-element elementor-element-913f3fd e-flex e-con-boxed e-con e-parent\" data-id=\"913f3fd\" data-element_type=\"container\" data-settings=\"{&quot;background_background&quot;:&quot;gradient&quot;}\">\n\t\t\t\t\t<div class=\"e-con-inner\">\n\t\t\t\t<div class=\"elementor-element elementor-element-202bf3b elementor-widget elementor-widget-heading\" data-id=\"202bf3b\" data-element_type=\"widget\" data-widget_type=\"heading.default\">\n\t\t\t\t\t<h1 class=\"elementor-heading-title elementor-size-default\">Z\u00e1sady p\u0159epravy a platby \u2013 simtaly.com<\/h1>\t\t\t\t<\/div>\n\t\t\t\t\t<\/div>\n\t\t\t\t<\/div>\n\t\t<div class=\"elementor-element elementor-element-9011448 e-flex e-con-boxed e-con e-parent\" data-id=\"9011448\" data-element_type=\"container\">\n\t\t\t\t\t<div class=\"e-con-inner\">\n\t\t\t\t<div class=\"elementor-element elementor-element-22ca553 elementor-widget elementor-widget-spacer\" data-id=\"22ca553\" data-element_type=\"widget\" data-widget_type=\"spacer.default\">\n\t\t\t\t\t\t\t<div class=\"elementor-spacer\">\n\t\t\t<div class=\"elementor-spacer-inner\"><\/div>\n\t\t<\/div>\n\t\t\t\t\t\t<\/div>\n\t\t\t\t\t<\/div>\n\t\t\t\t<\/div>\n\t\t<div class=\"elementor-element elementor-element-eb22c6b e-flex e-con-boxed e-con e-parent\" data-id=\"eb22c6b\" data-element_type=\"container\">\n\t\t\t\t\t<div class=\"e-con-inner\">\n\t\t\t\t<div class=\"elementor-element elementor-element-5784496 elementor-widget elementor-widget-text-editor\" data-id=\"5784496\" data-element_type=\"widget\" data-widget_type=\"text-editor.default\">\n\t\t\t\t\t\t\t\t\t<p>Plat\u00ed pro v\u0161echny digit\u00e1ln\u00ed produkty, v\u010detn\u011b slu\u017eeb eSIM a cestovn\u00ed eSIM.<\/p><h3>1. Z\u00e1sady p\u0159epravy<\/h3><h4>Digit\u00e1ln\u00ed dod\u00e1vka produkt\u016f eSIM<\/h4><p>V\u0161echny produkty eSIM a cestovn\u00ed eSIM jsou dod\u00e1v\u00e1ny digit\u00e1ln\u011b prost\u0159ednictv\u00edm e-mailu. Nejedn\u00e1 se o fyzickou z\u00e1silku.<\/p><h4>Dodac\u00ed lh\u016fta<\/h4><ul><li>Bezplatn\u00e9 a okam\u017eit\u00e9 doru\u010den\u00ed po \u00fasp\u011b\u0161n\u00e9 platb\u011b.<\/li><li>eSIM je automaticky zasl\u00e1na na e-mailovou adresu uvedenou p\u0159i placen\u00ed.<\/li><li>Ve v\u011bt\u0161in\u011b p\u0159\u00edpad\u016f doraz\u00ed e-mail b\u011bhem n\u011bkolika minut.<\/li><\/ul><h4>D\u016fle\u017eit\u00e9 informace o doru\u010dov\u00e1n\u00ed e-mail\u016f<\/h4><ul><li>Z\u00e1kazn\u00edk je odpov\u011bdn\u00fd za zad\u00e1n\u00ed spr\u00e1vn\u00e9 a platn\u00e9 e-mailov\u00e9 adresy pro p\u0159\u00edjem eSIM.<\/li><li>Pokud e-mail nedoraz\u00ed b\u011bhem n\u011bkolika minut, zkontrolujte pros\u00edm slo\u017eku se spamem nebo nevy\u017e\u00e1danou po\u0161tou.<\/li><li>Pokud e-mail s eSIM nedorazil do 20 minut, kontaktujte podporu:<br \/><a href=\"mailto:support@simtaly.com\"><strong>support@simtaly.com<\/strong><\/a><\/li><li>Z\u00e1kaznick\u00e1 podpora odpov\u00edd\u00e1 co nejrychleji a garantuje odpov\u011b\u010f do 24 hodin.<\/li><\/ul><h3>2. Platebn\u00ed podm\u00ednky<\/h3><h4>Zpracov\u00e1n\u00ed plateb prost\u0159ednictv\u00edm Stripe<\/h4><p>V\u0161echny platby jsou bezpe\u010dn\u011b zpracov\u00e1v\u00e1ny prost\u0159ednictv\u00edm slu\u017eby Stripe. P\u0159i placen\u00ed se z\u00e1kazn\u00edk\u016fm automaticky zobraz\u00ed platebn\u00ed metody, kter\u00e9 slu\u017eba Stripe podporuje v jejich zemi. Mezi n\u011b mohou pat\u0159it:<\/p><ul><li>Kreditn\u00ed karty<\/li><li>Debetn\u00ed karty<\/li><li>Digit\u00e1ln\u00ed pen\u011b\u017eenky<\/li><li>Dal\u0161\u00ed m\u00edstn\u00ed platebn\u00ed mo\u017enosti<\/li><\/ul><h4>3D-Secure ov\u011b\u0159ov\u00e1n\u00ed<\/h4><p>Pokud kreditn\u00ed karta z\u00e1kazn\u00edka podporuje 3D-Secure, je tento ov\u011b\u0159ovac\u00ed krok povinn\u00fd a bude proveden b\u011bhem transakce.<\/p><h4>Dan\u011b (DPH \/ da\u0148 z prodeje)<\/h4><ul><li>Z\u00e1kazn\u00edci mus\u00ed p\u0159i placen\u00ed vybrat zemi fakturace, aby bylo zaji\u0161t\u011bno spr\u00e1vn\u00e9 uplatn\u011bn\u00ed dan\u00ed.<\/li><li>V\u0161echny ceny uveden\u00e9 na webov\u00fdch str\u00e1nk\u00e1ch zahrnuj\u00ed DPH pro v\u0161echny zem\u011b po cel\u00e9m sv\u011bt\u011b.<\/li><li>Pro z\u00e1kazn\u00edky ve Spojen\u00fdch st\u00e1tech jsou p\u0159\u00edslu\u0161n\u00e9 st\u00e1tn\u00ed nebo m\u00edstn\u00ed dan\u011b z prodeje automaticky vypo\u010d\u00edt\u00e1ny a p\u0159ipo\u010d\u00edt\u00e1ny p\u0159i placen\u00ed.<\/li><\/ul><h5>M\u00e1te-li dal\u0161\u00ed dotazy, nev\u00e1hejte n\u00e1s kontaktovat:<\/h5><p><strong>E-mail:<\/strong>\u00a0<a href=\"mailto:support@simtaly.com\">support@simtaly.com<\/a><br \/><strong>\u017div\u00fd chat WhatsApp:<\/strong>\u00a0\u202a<a href=\"https:\/\/wa.me\/16505474744\" target=\"_blank\" rel=\"noopener nofollow\">+16505474744<\/a><\/p>\t\t\t\t\t\t\t\t<\/div>\n\t\t\t\t<div class=\"elementor-element elementor-element-f48aae3 elementor-widget elementor-widget-spacer\" data-id=\"f48aae3\" data-element_type=\"widget\" data-widget_type=\"spacer.default\">\n\t\t\t\t\t\t\t<div class=\"elementor-spacer\">\n\t\t\t<div class=\"elementor-spacer-inner\"><\/div>\n\t\t<\/div>\n\t\t\t\t\t\t<\/div>\n\t\t\t\t\t<\/div>\n\t\t\t\t<\/div>\n\t\t\t\t<\/div>","protected":false},"excerpt":{"rendered":"<p>Shipping &amp; Payment Policy \u2013 simtaly.com Applies to all digital products, including eSIM and travel eSIM services. 1. Shipping Policy [&hellip;]<\/p>","protected":false},"author":5,"featured_media":0,"parent":0,"menu_order":0,"comment_status":"closed","ping_status":"closed","template":"","meta":{"site-sidebar-layout":"no-sidebar","site-content-layout":"","ast-site-content-layout":"full-width-container","site-content-style":"default","site-sidebar-style":"default","ast-global-header-display":"","ast-banner-title-visibility":"","ast-main-header-display":"","ast-hfb-above-header-display":"","ast-hfb-below-header-display":"","ast-hfb-mobile-header-display":"","site-post-title":"disabled","ast-breadcrumbs-content":"","ast-featured-img":"disabled","footer-sml-layout":"","theme-transparent-header-meta":"enabled","adv-header-id-meta":"","stick-header-meta":"","header-above-stick-meta":"","header-main-stick-meta":"","header-below-stick-meta":"","astra-migrate-meta-layouts":"default","ast-page-background-enabled":"default","ast-page-background-meta":{"desktop":{"background-color":"var(--ast-global-color-5)","background-image":"","background-repeat":"repeat","background-position":"center center","background-size":"auto","background-attachment":"scroll","background-type":"","background-media":"","overlay-type":"","overlay-color":"","overlay-opacity":"","overlay-gradient":""},"tablet":{"background-color":"","background-image":"","background-repeat":"repeat","background-position":"center center","background-size":"auto","background-attachment":"scroll","background-type":"","background-media":"","overlay-type":"","overlay-color":"","overlay-opacity":"","overlay-gradient":""},"mobile":{"background-color":"","background-image":"","background-repeat":"repeat","background-position":"center center","background-size":"auto","background-attachment":"scroll","background-type":"","background-media":"","overlay-type":"","overlay-color":"","overlay-opacity":"","overlay-gradient":""}},"ast-content-background-meta":{"desktop":{"background-color":"var(--ast-global-color-4)","background-image":"","background-repeat":"repeat","background-position":"center center","background-size":"auto","background-attachment":"scroll","background-type":"","background-media":"","overlay-type":"","overlay-color":"","overlay-opacity":"","overlay-gradient":""},"tablet":{"background-color":"var(--ast-global-color-4)","background-image":"","background-repeat":"repeat","background-position":"center center","background-size":"auto","background-attachment":"scroll","background-type":"","background-media":"","overlay-type":"","overlay-color":"","overlay-opacity":"","overlay-gradient":""},"mobile":{"background-color":"var(--ast-global-color-4)","background-image":"","background-repeat":"repeat","background-position":"center center","background-size":"auto","background-attachment":"scroll","background-type":"","background-media":"","overlay-type":"","overlay-color":"","overlay-opacity":"","overlay-gradient":""}},"footnotes":""},"class_list":["post-3914","page","type-page","status-publish","hentry"],"_links":{"self":[{"href":"https:\/\/www.simtaly.com\/cs\/wp-json\/wp\/v2\/pages\/3914","targetHints":{"allow":["GET"]}}],"collection":[{"href":"https:\/\/www.simtaly.com\/cs\/wp-json\/wp\/v2\/pages"}],"about":[{"href":"https:\/\/www.simtaly.com\/cs\/wp-json\/wp\/v2\/types\/page"}],"author":[{"embeddable":true,"href":"https:\/\/www.simtaly.com\/cs\/wp-json\/wp\/v2\/users\/5"}],"replies":[{"embeddable":true,"href":"https:\/\/www.simtaly.com\/cs\/wp-json\/wp\/v2\/comments?post=3914"}],"version-history":[{"count":10,"href":"https:\/\/www.simtaly.com\/cs\/wp-json\/wp\/v2\/pages\/3914\/revisions"}],"predecessor-version":[{"id":3929,"href":"https:\/\/www.simtaly.com\/cs\/wp-json\/wp\/v2\/pages\/3914\/revisions\/3929"}],"wp:attachment":[{"href":"https:\/\/www.simtaly.com\/cs\/wp-json\/wp\/v2\/media?parent=3914"}],"curies":[{"name":"wp","href":"https:\/\/api.w.org\/{rel}","templated":true}]}}