{"id":3631,"date":"2025-11-18T16:20:33","date_gmt":"2025-11-18T16:20:33","guid":{"rendered":"https:\/\/www.simtaly.com\/?page_id=3631"},"modified":"2025-11-28T22:59:19","modified_gmt":"2025-11-28T21:59:19","slug":"pravidla-pro-vraceni-zbozi","status":"publish","type":"page","link":"https:\/\/www.simtaly.com\/cs\/pravidla-pro-vraceni-zbozi\/","title":{"rendered":"Pravidla pro vracen\u00ed zbo\u017e\u00ed"},"content":{"rendered":"<div data-elementor-type=\"wp-page\" data-elementor-id=\"3631\" class=\"elementor elementor-3631\" data-elementor-post-type=\"page\">\n\t\t\t\t<div class=\"elementor-element elementor-element-913f3fd e-flex e-con-boxed e-con e-parent\" data-id=\"913f3fd\" data-element_type=\"container\" data-settings=\"{&quot;background_background&quot;:&quot;gradient&quot;}\">\n\t\t\t\t\t<div class=\"e-con-inner\">\n\t\t\t\t<div class=\"elementor-element elementor-element-202bf3b elementor-widget elementor-widget-heading\" data-id=\"202bf3b\" data-element_type=\"widget\" data-widget_type=\"heading.default\">\n\t\t\t\t\t<h1 class=\"elementor-heading-title elementor-size-default\">Pravidla pro vracen\u00ed zbo\u017e\u00ed<\/h1>\t\t\t\t<\/div>\n\t\t\t\t\t<\/div>\n\t\t\t\t<\/div>\n\t\t<div class=\"elementor-element elementor-element-9011448 e-flex e-con-boxed e-con e-parent\" data-id=\"9011448\" data-element_type=\"container\">\n\t\t\t\t\t<div class=\"e-con-inner\">\n\t\t\t\t<div class=\"elementor-element elementor-element-22ca553 elementor-widget elementor-widget-spacer\" data-id=\"22ca553\" data-element_type=\"widget\" data-widget_type=\"spacer.default\">\n\t\t\t\t\t\t\t<div class=\"elementor-spacer\">\n\t\t\t<div class=\"elementor-spacer-inner\"><\/div>\n\t\t<\/div>\n\t\t\t\t\t\t<\/div>\n\t\t\t\t\t<\/div>\n\t\t\t\t<\/div>\n\t\t<div class=\"elementor-element elementor-element-eb22c6b e-flex e-con-boxed e-con e-parent\" data-id=\"eb22c6b\" data-element_type=\"container\">\n\t\t\t\t\t<div class=\"e-con-inner\">\n\t\t\t\t<div class=\"elementor-element elementor-element-5784496 elementor-widget elementor-widget-text-editor\" data-id=\"5784496\" data-element_type=\"widget\" data-widget_type=\"text-editor.default\">\n\t\t\t\t\t\t\t\t\t<h3>Vr\u00e1cen\u00ed pen\u011bz a zru\u0161en\u00ed rezervace<\/h3><p>Na\u0161\u00edm c\u00edlem je poskytnout ka\u017ed\u00e9mu z\u00e1kazn\u00edkovi bezprobl\u00e9mov\u00e9, spolehliv\u00e9 a spravedliv\u00e9 slu\u017eby.<\/p><h4>Jak\u00e9 produkty lze vr\u00e1tit?<\/h4><p>O vr\u00e1cen\u00ed pen\u011bz m\u016f\u017eete po\u017e\u00e1dat do \u0161esti (6) m\u011bs\u00edc\u016f od zakoupen\u00ed s na\u0161\u00ed z\u00e1rukou bez dotaz\u016f, pokud eSIM je\u0161t\u011b nebyla aktivov\u00e1na.<\/p><p>Karta eSIM se pova\u017euje za aktivovanou, jakmile se poprv\u00e9 p\u0159ipoj\u00ed k jak\u00e9koli podporovan\u00e9 s\u00edti. Po aktivaci je pova\u017eov\u00e1na za pou\u017eitou a obvykle nen\u00ed n\u00e1rok na vr\u00e1cen\u00ed pen\u011bz.<\/p><p>Pokud se v\u0161ak po aktivaci vyskytnou technick\u00e9 probl\u00e9my - nap\u0159\u00edklad pokud se eSIM nem\u016f\u017ee p\u0159ipojit k podporovan\u00e9 s\u00edti v c\u00edlov\u00e9 zemi - m\u016f\u017eete kontaktovat n\u00e1\u0161 t\u00fdm podpory a po\u017e\u00e1dat o \u010d\u00e1ste\u010dn\u00e9 nebo \u00fapln\u00e9 vr\u00e1cen\u00ed pen\u011bz. Abychom mohli probl\u00e9m spravedliv\u011b vy\u0159e\u0161it, po\u017eadujeme d\u016fkazy prokazuj\u00edc\u00ed probl\u00e9m (nap\u0159\u00edklad sn\u00edmky obrazovky, informace o za\u0159\u00edzen\u00ed nebo chybov\u00e9 zpr\u00e1vy). P\u0159ed \u017e\u00e1dost\u00ed o vr\u00e1cen\u00ed pen\u011bz z d\u016fvodu technick\u00fdch probl\u00e9m\u016f je nutn\u00e9 kontaktovat n\u00e1\u0161 t\u00fdm technick\u00e9 podpory prost\u0159ednictv\u00edm chatu nebo e-mailu pro p\u0159\u00edpadn\u00e9 vy\u0159e\u0161en\u00ed probl\u00e9mu.<\/p><h4>\u010casov\u00fd r\u00e1mec<\/h4><p>Vr\u00e1cen\u00ed pen\u011bz nebo v\u00fdm\u011bna zbo\u017e\u00ed budou zpracov\u00e1ny do 14 dn\u016f.<\/p><h4>Proces vracen\u00ed pen\u011bz<\/h4><p>Chcete-li po\u017e\u00e1dat o vr\u00e1cen\u00ed cel\u00e9 \u010d\u00e1stky nebo jej\u00ed \u010d\u00e1sti, za\u0161lete pros\u00edm e-mail na adresu support@simtaly.com a po\u017e\u00e1dejte o vr\u00e1cen\u00ed pen\u011bz. Uve\u010fte pros\u00edm datum a \u010das n\u00e1kupu a e-mail, kter\u00fd byl pou\u017eit p\u0159i n\u00e1kupu. Pokud n\u00e1kup zahrnoval v\u00edce ne\u017e jeden v\u00fdrobek, uve\u010fte, kter\u00e9 v\u00fdrobky chcete vr\u00e1tit. Pokud ji\u017e byla eSIM aktivov\u00e1na, p\u0159idejte pros\u00edm d\u016fkazy prokazuj\u00edc\u00ed vznikl\u00e9 probl\u00e9my.<\/p><p>V\u0161echny schv\u00e1len\u00e9 n\u00e1hrady budou pouk\u00e1z\u00e1ny na p\u016fvodn\u00ed zp\u016fsob platby. Pokud je vr\u00e1cen\u00ed pen\u011bz schv\u00e1leno, bude p\u0159\u00edslu\u0161n\u00e1 eSIM na opl\u00e1tku odpojena.<\/p><h4>V\u00fdm\u011bny<\/h4><p>Do 6 m\u011bs\u00edc\u016f od zakoupen\u00ed lze eSIM vr\u00e1tit nebo vym\u011bnit za jin\u00fd produkt za stejnou cenu. V p\u0159\u00edpad\u011b rozd\u00edlu v cen\u011b nov\u00e9ho produktu bude p\u0159eplatek vr\u00e1cen na p\u016fvodn\u00ed zp\u016fsob platby nebo p\u0159\u00edpadn\u00fd nedoplatek mus\u00ed z\u00e1kazn\u00edk uhradit p\u0159ed dod\u00e1n\u00edm nov\u00e9ho produktu.<\/p><h4>Poplatky<\/h4><p>Za \u017e\u00e1dost o vr\u00e1cen\u00ed pen\u011bz ani za jejich zpracov\u00e1n\u00ed NE\u00da\u010cTUJEME \u017e\u00e1dn\u00e9 dal\u0161\u00ed poplatky.<\/p><h4>Kontakt<\/h4><p>Na\u0161\u00edm c\u00edlem je zajistit, aby se ka\u017ed\u00fd z\u00e1kazn\u00edk c\u00edtil jist\u011b a bylo o n\u011bj dob\u0159e postar\u00e1no. Jsme odhodl\u00e1ni d\u011blat f\u00e9rov\u00e9 a rozumn\u00e9 kompromisy, kdykoli je to nutn\u00e9, abychom poskytli co nejlep\u0161\u00ed z\u00e1\u017eitek z nakupov\u00e1n\u00ed. V p\u0159\u00edpad\u011b jak\u00fdchkoli dotaz\u016f n\u00e1s kontaktujte e-mailem na adrese <a href=\"mailto:support@simtaly.com\">support@simtaly.com<\/a>.<\/p><h4>Aktualizace z\u00e1sad Z\u0159eknut\u00ed se odpov\u011bdnosti<\/h4><p>Tyto z\u00e1sady m\u016f\u017eeme \u010das od \u010dasu aktualizovat. P\u0159ed zah\u00e1jen\u00edm vr\u00e1cen\u00ed zbo\u017e\u00ed se pros\u00edm seznamte s nejnov\u011bj\u0161\u00ed verz\u00ed.<\/p><h4>M\u00e1te-li dal\u0161\u00ed dotazy, nev\u00e1hejte n\u00e1s kontaktovat:<\/h4><p><strong>E-mail:<\/strong> <a href=\"mailto:support@simtaly.com\">support@simtaly.com<\/a><br \/><strong>\u017div\u00fd chat WhatsApp:<\/strong> <a href=\"https:\/\/wa.me\/16505474744\" rel=\"nofollow noopener\" target=\"_blank\">+16505474744<\/a><\/p>\t\t\t\t\t\t\t\t<\/div>\n\t\t\t\t<div class=\"elementor-element elementor-element-f48aae3 elementor-widget elementor-widget-spacer\" data-id=\"f48aae3\" data-element_type=\"widget\" data-widget_type=\"spacer.default\">\n\t\t\t\t\t\t\t<div class=\"elementor-spacer\">\n\t\t\t<div class=\"elementor-spacer-inner\"><\/div>\n\t\t<\/div>\n\t\t\t\t\t\t<\/div>\n\t\t\t\t\t<\/div>\n\t\t\t\t<\/div>\n\t\t\t\t<\/div>","protected":false},"excerpt":{"rendered":"<p>Return Policy Refunds and Cancellations We aim to deliver a smooth, reliable, and fair experience for every customer. What products [&hellip;]<\/p>","protected":false},"author":5,"featured_media":0,"parent":0,"menu_order":0,"comment_status":"closed","ping_status":"closed","template":"","meta":{"site-sidebar-layout":"no-sidebar","site-content-layout":"","ast-site-content-layout":"full-width-container","site-content-style":"default","site-sidebar-style":"default","ast-global-header-display":"","ast-banner-title-visibility":"","ast-main-header-display":"","ast-hfb-above-header-display":"","ast-hfb-below-header-display":"","ast-hfb-mobile-header-display":"","site-post-title":"disabled","ast-breadcrumbs-content":"","ast-featured-img":"disabled","footer-sml-layout":"","theme-transparent-header-meta":"enabled","adv-header-id-meta":"","stick-header-meta":"","header-above-stick-meta":"","header-main-stick-meta":"","header-below-stick-meta":"","astra-migrate-meta-layouts":"default","ast-page-background-enabled":"default","ast-page-background-meta":{"desktop":{"background-color":"var(--ast-global-color-5)","background-image":"","background-repeat":"repeat","background-position":"center center","background-size":"auto","background-attachment":"scroll","background-type":"","background-media":"","overlay-type":"","overlay-color":"","overlay-opacity":"","overlay-gradient":""},"tablet":{"background-color":"","background-image":"","background-repeat":"repeat","background-position":"center center","background-size":"auto","background-attachment":"scroll","background-type":"","background-media":"","overlay-type":"","overlay-color":"","overlay-opacity":"","overlay-gradient":""},"mobile":{"background-color":"","background-image":"","background-repeat":"repeat","background-position":"center center","background-size":"auto","background-attachment":"scroll","background-type":"","background-media":"","overlay-type":"","overlay-color":"","overlay-opacity":"","overlay-gradient":""}},"ast-content-background-meta":{"desktop":{"background-color":"var(--ast-global-color-4)","background-image":"","background-repeat":"repeat","background-position":"center center","background-size":"auto","background-attachment":"scroll","background-type":"","background-media":"","overlay-type":"","overlay-color":"","overlay-opacity":"","overlay-gradient":""},"tablet":{"background-color":"var(--ast-global-color-4)","background-image":"","background-repeat":"repeat","background-position":"center center","background-size":"auto","background-attachment":"scroll","background-type":"","background-media":"","overlay-type":"","overlay-color":"","overlay-opacity":"","overlay-gradient":""},"mobile":{"background-color":"var(--ast-global-color-4)","background-image":"","background-repeat":"repeat","background-position":"center center","background-size":"auto","background-attachment":"scroll","background-type":"","background-media":"","overlay-type":"","overlay-color":"","overlay-opacity":"","overlay-gradient":""}},"footnotes":""},"class_list":["post-3631","page","type-page","status-publish","hentry"],"_links":{"self":[{"href":"https:\/\/www.simtaly.com\/cs\/wp-json\/wp\/v2\/pages\/3631","targetHints":{"allow":["GET"]}}],"collection":[{"href":"https:\/\/www.simtaly.com\/cs\/wp-json\/wp\/v2\/pages"}],"about":[{"href":"https:\/\/www.simtaly.com\/cs\/wp-json\/wp\/v2\/types\/page"}],"author":[{"embeddable":true,"href":"https:\/\/www.simtaly.com\/cs\/wp-json\/wp\/v2\/users\/5"}],"replies":[{"embeddable":true,"href":"https:\/\/www.simtaly.com\/cs\/wp-json\/wp\/v2\/comments?post=3631"}],"version-history":[{"count":34,"href":"https:\/\/www.simtaly.com\/cs\/wp-json\/wp\/v2\/pages\/3631\/revisions"}],"predecessor-version":[{"id":3887,"href":"https:\/\/www.simtaly.com\/cs\/wp-json\/wp\/v2\/pages\/3631\/revisions\/3887"}],"wp:attachment":[{"href":"https:\/\/www.simtaly.com\/cs\/wp-json\/wp\/v2\/media?parent=3631"}],"curies":[{"name":"wp","href":"https:\/\/api.w.org\/{rel}","templated":true}]}}