{"id":1427,"date":"2025-09-12T09:09:38","date_gmt":"2025-09-12T09:09:38","guid":{"rendered":"https:\/\/www.simtaly.com\/?page_id=1427"},"modified":"2025-11-25T13:41:06","modified_gmt":"2025-11-25T13:41:06","slug":"podminky","status":"publish","type":"page","link":"https:\/\/www.simtaly.com\/cs\/podminky\/","title":{"rendered":"Podm\u00ednky a pravidla"},"content":{"rendered":"<div data-elementor-type=\"wp-page\" data-elementor-id=\"1427\" class=\"elementor elementor-1427\" data-elementor-post-type=\"page\">\n\t\t\t\t<div class=\"elementor-element elementor-element-913f3fd e-flex e-con-boxed e-con e-parent\" data-id=\"913f3fd\" data-element_type=\"container\" data-settings=\"{&quot;background_background&quot;:&quot;gradient&quot;}\">\n\t\t\t\t\t<div class=\"e-con-inner\">\n\t\t\t\t<div class=\"elementor-element elementor-element-202bf3b elementor-widget elementor-widget-heading\" data-id=\"202bf3b\" data-element_type=\"widget\" data-widget_type=\"heading.default\">\n\t\t\t\t\t<h1 class=\"elementor-heading-title elementor-size-default\">Smluvn\u00ed podm\u00ednky pro simtaly.com<\/h1>\t\t\t\t<\/div>\n\t\t\t\t\t<\/div>\n\t\t\t\t<\/div>\n\t\t<div class=\"elementor-element elementor-element-9011448 e-flex e-con-boxed e-con e-parent\" data-id=\"9011448\" data-element_type=\"container\">\n\t\t\t\t\t<div class=\"e-con-inner\">\n\t\t\t\t\t<\/div>\n\t\t\t\t<\/div>\n\t\t<div class=\"elementor-element elementor-element-eb22c6b e-flex e-con-boxed e-con e-parent\" data-id=\"eb22c6b\" data-element_type=\"container\">\n\t\t\t\t\t<div class=\"e-con-inner\">\n\t\t\t\t<div class=\"elementor-element elementor-element-34920a3 elementor-widget elementor-widget-spacer\" data-id=\"34920a3\" data-element_type=\"widget\" data-widget_type=\"spacer.default\">\n\t\t\t\t\t\t\t<div class=\"elementor-spacer\">\n\t\t\t<div class=\"elementor-spacer-inner\"><\/div>\n\t\t<\/div>\n\t\t\t\t\t\t<\/div>\n\t\t\t\t<div class=\"elementor-element elementor-element-625ddaa elementor-widget elementor-widget-spacer\" data-id=\"625ddaa\" data-element_type=\"widget\" data-widget_type=\"spacer.default\">\n\t\t\t\t\t\t\t<div class=\"elementor-spacer\">\n\t\t\t<div class=\"elementor-spacer-inner\"><\/div>\n\t\t<\/div>\n\t\t\t\t\t\t<\/div>\n\t\t\t\t<div class=\"elementor-element elementor-element-5784496 elementor-widget elementor-widget-text-editor\" data-id=\"5784496\" data-element_type=\"widget\" data-widget_type=\"text-editor.default\">\n\t\t\t\t\t\t\t\t\t<div class=\"terms\" style=\"font-family: Arial, sans-serif; line-height: 1.6; color: #222;\">\n<p><strong>Posledn\u00ed aktualizace:<\/strong> 24.10.2025&nbsp;<\/p>\n<p><strong>Poskytovatel:<\/strong> DALASON GmbH, Lindenstr. 82, 50674 Kol\u00edn nad R\u00fdnem, N\u011bmecko<br><strong>E-mail:<\/strong> <a href=\"mailto:support@simtaly.com\">support@simtaly.com<\/a><br><strong>\u017div\u00fd chat WhatsApp:<\/strong> <a title=\"tel:16505474744\" href=\"tel:16505474744\" target=\"_blank\" rel=\"noopener noreferrer\">+16505474744<\/a><\/p>\n<h3>1. Oblast p\u016fsobnosti a pou\u017eitelnost<\/h3>\n<p>Tyto smluvn\u00ed podm\u00ednky (\"Podm\u00ednky\") upravuj\u00ed n\u00e1kup a pou\u017e\u00edv\u00e1n\u00ed produkt\u016f eSIM a souvisej\u00edc\u00edch slu\u017eeb (\"Slu\u017eby\") poskytovan\u00fdch prost\u0159ednictv\u00edm webov\u00fdch str\u00e1nek simtaly.com (\"Webov\u00e9 str\u00e1nky\"), kter\u00e9 provozuje spole\u010dnost DALASON GmbH (\"Spole\u010dnost\", \"my\", \"n\u00e1s\" nebo \"na\u0161e\").<\/p>\n<p>Zakoupen\u00edm nebo pou\u017e\u00edv\u00e1n\u00edm jak\u00e9koli slu\u017eby souhlas\u00edte s t\u011bmito podm\u00ednkami (\"z\u00e1kazn\u00edk\", \"vy\").<\/p>\n<p>Z\u00e1kazn\u00edci mus\u00ed b\u00fdt star\u0161\u00ed 18 let a m\u00edt pr\u00e1vn\u00ed zp\u016fsobilost k uzav\u00edr\u00e1n\u00ed z\u00e1vazn\u00fdch smluv.<\/p>\n<h3>2. Popis slu\u017eby<\/h3>\n<p>Simtaly nab\u00edz\u00ed digit\u00e1ln\u00ed profily eSIM pro mobiln\u00ed datov\u00e9 p\u0159ipojen\u00ed (\"eSIM\").<\/p>\n<p>Po zakoupen\u00ed jsou eSIM doru\u010deny elektronicky e-mailem, v\u010detn\u011b mo\u017enost\u00ed instalace pomoc\u00ed QR k\u00f3du, p\u0159\u00edm\u00e9ho odkazu (za\u0159\u00edzen\u00ed Apple) nebo ru\u010dn\u00ed konfigurace.<\/p>\n<p>Chcete-li pou\u017e\u00edvat kartu eSIM, mus\u00edte m\u00edt:<\/p>\n<ul>\n<li>odem\u010den\u00e9 za\u0159\u00edzen\u00ed kompatibiln\u00ed s eSIM a<\/li>\n<li>roaming povolen pro profil eSIM.<\/li>\n<\/ul>\n<p>eSIM se aktivuje p\u0159i prvn\u00edm p\u0159ipojen\u00ed k podporovan\u00e9 s\u00edti zahrnut\u00e9 v zakoupen\u00e9m tarifu.<\/p>\n<h3>3. Typy tarif\u016f a pou\u017e\u00edv\u00e1n\u00ed dat<\/h3>\n<p>Simtaly nab\u00edz\u00ed:<\/p>\n<ul>\n<li>Neomezen\u00e9 datov\u00e9 tarify s denn\u00edm p\u0159\u00edd\u011blem vysokorychlostn\u00edho p\u0159ipojen\u00ed. Po vy\u010derp\u00e1n\u00ed tohoto p\u0159\u00edd\u011blu se rychlost sni\u017euje a\u017e do obnoven\u00ed (ka\u017ed\u00fdch 24 hodin podle po\u010d\u00e1te\u010dn\u00ed doby aktivace). Z\u00e1kazn\u00edci si mohou zakoupit bal\u00ed\u010dky Day Boost, kter\u00e9 obnov\u00ed plnou rychlost dat po zbytek aktu\u00e1ln\u00edho 24hodinov\u00e9ho obdob\u00ed.<\/li>\n<li>P\u0159edplacen\u00e9 datov\u00e9 bal\u00ed\u010dky, kter\u00e9 zahrnuj\u00ed pevn\u00fd objem dat dostupn\u00fd maxim\u00e1ln\u00ed rychlost\u00ed a\u017e do jejich vy\u010derp\u00e1n\u00ed.<\/li>\n<\/ul>\n<p>Pl\u00e1ny jsou platn\u00e9 po dobu uvedenou p\u0159i n\u00e1kupu.<\/p>\n<p>Nen\u00ed na z\u00e1vadu, pokud jsou ur\u010dit\u00e9 m\u00edstn\u00ed s\u00edt\u011b nedostupn\u00e9, pokud v c\u00edlov\u00e9 zemi funguje alespo\u0148 jedna zahrnut\u00e1 s\u00ed\u0165.<\/p>\n<h3>4. Proces objedn\u00e1v\u00e1n\u00ed a uzav\u00edr\u00e1n\u00ed smluv<\/h3>\n<p>Dokon\u010den\u00edm procesu n\u00e1kupu na str\u00e1nk\u00e1ch simtaly.com p\u0159edkl\u00e1d\u00e1te z\u00e1vaznou nab\u00eddku na n\u00e1kup eSIM.<\/p>\n<p>Smlouva je uzav\u0159ena, jakmile v\u00e1m elektronicky potvrd\u00edme objedn\u00e1vku (potvrzen\u00ed e-mailem).<\/p>\n<p>Pro dokon\u010den\u00ed n\u00e1kupu je t\u0159eba poskytnout:<\/p>\n<ul>\n<li>va\u0161i e-mailovou adresu (pro doru\u010den\u00ed eSIM),<\/li>\n<li>va\u0161e \u010d\u00edslo mobiln\u00edho telefonu a<\/li>\n<li>va\u0161\u00ed aktu\u00e1ln\u00ed polohy, aby bylo mo\u017en\u00e9 spr\u00e1vn\u011b vypo\u010d\u00edtat p\u0159\u00edslu\u0161nou da\u0148 z p\u0159idan\u00e9 hodnoty (DPH).<\/li>\n<\/ul>\n<h3>5. Platby a ceny<\/h3>\n<p>Platba je zpracov\u00e1v\u00e1na bezpe\u010dn\u011b prost\u0159ednictv\u00edm slu\u017eby Stripe.<\/p>\n<p>V\u0161echny ceny jsou uvedeny v\u010detn\u011b DPH, kter\u00e1 se vypo\u010d\u00edt\u00e1v\u00e1 na z\u00e1klad\u011b va\u0161\u00ed deklarovan\u00e9 polohy.<\/p>\n<p>Nad r\u00e1mec kupn\u00ed ceny eSIM a p\u0159\u00edpadn\u00fdch dopl\u0148kov\u00fdch bal\u00ed\u010dk\u016f se ne\u00fa\u010dtuj\u00ed \u017e\u00e1dn\u00e9 dal\u0161\u00ed ani skryt\u00e9 poplatky.<\/p>\n<h3>6. Dod\u00e1vka<\/h3>\n<p>Karty eSIM jsou doru\u010deny v digit\u00e1ln\u00ed podob\u011b e-mailem ihned po potvrzen\u00ed platby.<\/p>\n<p>Z\u00e1kazn\u00edk je zodpov\u011bdn\u00fd za to, \u017ee jeho nastaven\u00ed e-mailu umo\u017e\u0148uje p\u0159ij\u00edm\u00e1n\u00ed automatick\u00fdch zpr\u00e1v a QR k\u00f3d\u016f.<\/p>\n<h3>7. Vr\u00e1cen\u00ed pen\u011bz a zru\u0161en\u00ed rezervace<\/h3>\n<p>O vr\u00e1cen\u00ed pen\u011bz m\u016f\u017eete po\u017e\u00e1dat do \u0161esti (6) m\u011bs\u00edc\u016f od zakoupen\u00ed pouze v p\u0159\u00edpad\u011b, \u017ee eSIM nebyla aktivov\u00e1na.<\/p>\n<p>Po aktivaci (tj. po prvn\u00edm p\u0159ipojen\u00ed k podporovan\u00e9 s\u00edti) je produkt pova\u017eov\u00e1n za pou\u017eit\u00fd a nelze jej vr\u00e1tit.<\/p>\n<p>Vr\u00e1cen\u00ed pen\u011bz bude provedeno stejn\u00fdm zp\u016fsobem platby, kter\u00fd byl pou\u017eit p\u0159i n\u00e1kupu.<\/p>\n<p>Podrobnosti naleznete v na\u0161em <a href=\"https:\/\/www.simtaly.com\/cs\/pravidla-pro-vraceni-zbozi\/\" rel=\"nofollow noopener\" target=\"_blank\">Pravidla pro vr\u00e1cen\u00ed pen\u011bz a zru\u0161en\u00ed rezervace<\/a>.<\/p>\n<\/div>\n<div class=\"terms\" style=\"font-family: Arial, sans-serif; line-height: 1.6; color: #222;\">\n<h3>8. Z\u00e1kaznick\u00e1 podpora<\/h3>\n<p>Spole\u010dnost Simtaly usiluje o maxim\u00e1ln\u00ed spokojenost z\u00e1kazn\u00edk\u016f.<\/p>\n<p>Pokud nejste spokojeni s produktem nebo m\u00e1te technick\u00e9 pot\u00ed\u017ee, m\u016f\u017eete kdykoli kontaktovat n\u00e1\u0161 t\u00fdm podpory prost\u0159ednictv\u00edm:<\/p>\n<ul>\n<li>E-mail:&nbsp;<a href=\"#\" class=\"simtaly-email-obfuscated\" data-email=\"ZmhjY2JlZ0BmdnpnbnlsLnBieg==\" aria-label=\"Email address (requires JavaScript)\">support@simtaly.com<\/a><noscript><span class=\"simtaly-email-noscript\">support [at] simtaly [dot] com <small>(enable JavaScript to view email)<\/small><\/span><\/noscript><\/li>\n<li>Posel: <a href=\"https:\/\/wa.me\/16505474744\" rel=\"nofollow noopener\" target=\"_blank\">Klikn\u011bte zde pro zah\u00e1jen\u00ed chatu p\u0159es Whatsapp<\/a><\/li>\n<\/ul>\n<h3>9. Odpov\u011bdnost<\/h3>\n<p>Slu\u017eba je poskytov\u00e1na \"TAK, JAK JE\" a \"JAK JE DOSTUPN\u00c1\", bez jak\u00fdchkoli z\u00e1ruk.<\/p>\n<p>Spole\u010dnost DALASON GmbH se v maxim\u00e1ln\u00edm z\u00e1konem povolen\u00e9m rozsahu z\u0159\u00edk\u00e1 ve\u0161ker\u00e9 odpov\u011bdnosti za:<\/p>\n<ul>\n<li>jak\u00e9koli p\u0159eru\u0161en\u00ed, nedostupnost nebo nespr\u00e1vn\u00e9 fungov\u00e1n\u00ed Slu\u017eby,<\/li>\n<li>kompatibilitu s konkr\u00e9tn\u00edmi za\u0159\u00edzen\u00edmi nebo softwarem,<\/li>\n<li>omezen\u00ed v\u00fdkonu nebo pokryt\u00ed s\u00edt\u011b a<\/li>\n<li>nep\u0159\u00edm\u00e9, n\u00e1hodn\u00e9 nebo n\u00e1sledn\u00e9 \u0161kody.<\/li>\n<\/ul>\n<p>Nezaru\u010dujeme nep\u0159etr\u017eit\u00fd nebo bezchybn\u00fd provoz, ani to, \u017ee v\u0161echny s\u00edt\u011b nebo rychlosti budou v\u017edy dostupn\u00e9.<\/p>\n<p>N\u011bkter\u00e9 jurisdikce takov\u00e9 v\u00fdjimky neumo\u017e\u0148uj\u00ed, v takov\u00e9m p\u0159\u00edpad\u011b je odpov\u011bdnost omezena na minim\u00e1ln\u00ed rozsah po\u017eadovan\u00fd z\u00e1konem.<\/p>\n<h3>10. Du\u0161evn\u00ed vlastnictv\u00ed<\/h3>\n<p>V\u0161echny ochrann\u00e9 zn\u00e1mky, loga a n\u00e1zvy zna\u010dek uveden\u00e9 na t\u011bchto webov\u00fdch str\u00e1nk\u00e1ch jsou majetkem p\u0159\u00edslu\u0161n\u00fdch vlastn\u00edk\u016f.<\/p>\n<p>Pou\u017eit\u00ed t\u011bchto zna\u010dek neznamen\u00e1 \u017e\u00e1dnou p\u0159\u00edslu\u0161nost nebo podporu, pokud to nen\u00ed v\u00fdslovn\u011b uvedeno.<\/p>\n<h3>11. Odkazy na webov\u00e9 str\u00e1nky t\u0159et\u00edch stran<\/h3>\n<p>Na\u0161e slu\u017eba m\u016f\u017ee obsahovat odkazy na extern\u00ed webov\u00e9 str\u00e1nky nebo slu\u017eby provozovan\u00e9 t\u0159et\u00edmi stranami.<\/p>\n<p>Nad jejich obsahem, z\u00e1sadami a postupy nem\u00e1me \u017e\u00e1dnou kontrolu a nep\u0159eb\u00edr\u00e1me za n\u011b \u017e\u00e1dnou odpov\u011bdnost.<\/p>\n<p>Slu\u017eby t\u0159et\u00edch stran pou\u017e\u00edv\u00e1te na vlastn\u00ed nebezpe\u010d\u00ed.<\/p>\n<p>Doporu\u010dujeme p\u0159e\u010d\u00edst si podm\u00ednky a z\u00e1sady ochrany osobn\u00edch \u00fadaj\u016f na v\u0161ech str\u00e1nk\u00e1ch t\u0159et\u00edch stran, kter\u00e9 nav\u0161t\u00edv\u00edte.<\/p>\n<h3>12. Pr\u00e1vn\u00ed p\u0159\u00edslu\u0161nost a rozhodn\u00e9 pr\u00e1vo<\/h3>\n<p>Tyto podm\u00ednky se \u0159\u00edd\u00ed pr\u00e1vem Spolkov\u00e9 republiky N\u011bmecko s v\u00fdjimkou kolizn\u00edch ustanoven\u00ed.<\/p>\n<p>Pokud to pr\u00e1vn\u00ed p\u0159edpisy EU umo\u017e\u0148uj\u00ed, je m\u00edstem soudn\u00ed p\u0159\u00edslu\u0161nosti Kol\u00edn nad R\u00fdnem (N\u011bmecko).<\/p>\n<h3>13. \u0158e\u0161en\u00ed spor\u016f<\/h3>\n<p>Pokud m\u00e1te st\u00ed\u017enost nebo spor t\u00fdkaj\u00edc\u00ed se slu\u017eby, souhlas\u00edte s t\u00edm, \u017ee se jej nejprve pokus\u00edte vy\u0159e\u0161it neform\u00e1ln\u011b kontaktov\u00e1n\u00edm na\u0161eho t\u00fdmu podpory.<\/p>\n<p>V p\u0159\u00edpad\u011b nevy\u0159e\u0161en\u00ed m\u016f\u017eete vyu\u017e\u00edt platformy EU pro online \u0159e\u0161en\u00ed spor\u016f nebo p\u0159\u00edslu\u0161n\u00e9 mo\u017enosti spot\u0159ebitelsk\u00e9 arbitr\u00e1\u017ee podle pr\u00e1va EU.<\/p>\n<h3>14. Dodr\u017eov\u00e1n\u00ed z\u00e1kon\u016f Spojen\u00fdch st\u00e1t\u016f<\/h3>\n<p>Prohla\u0161ujete a zaru\u010dujete, \u017ee:<\/p>\n<ul>\n<li>(i) se nenach\u00e1z\u00edte v zemi, na kterou vl\u00e1da USA uvalila embargo nebo kter\u00e1 je ozna\u010dena jako zem\u011b podporuj\u00edc\u00ed terorismus, a<\/li>\n<li>(ii) nejste uvedeni na \u017e\u00e1dn\u00e9m vl\u00e1dn\u00edm seznamu zak\u00e1zan\u00fdch nebo omezen\u00fdch stran USA.<\/li>\n<\/ul>\n<h3>15. \u00dapravy podm\u00ednek<\/h3>\n<p>Vyhrazujeme si pr\u00e1vo tyto podm\u00ednky kdykoli upravit podle vlastn\u00edho uv\u00e1\u017een\u00ed.<\/p>\n<p>Pokud jsou zm\u011bny podstatn\u00e9, vynalo\u017e\u00edme p\u0159im\u011b\u0159en\u00e9 \u00fasil\u00ed, abychom v\u00e1s o nich informovali alespo\u0148 30 dn\u00ed p\u0159edt\u00edm, ne\u017e nov\u00e9 podm\u00ednky vstoup\u00ed v platnost.<\/p>\n<p>Pokra\u010dov\u00e1n\u00ed v pou\u017e\u00edv\u00e1n\u00ed slu\u017eby po datu \u00fa\u010dinnosti revidovan\u00fdch podm\u00ednek znamen\u00e1 souhlas s t\u011bmito zm\u011bnami.<\/p>\n<h3>16. Odd\u011blitelnost<\/h3>\n<p>Pokud bude n\u011bkter\u00e9 ustanoven\u00ed t\u011bchto Podm\u00ednek shled\u00e1no neplatn\u00fdm nebo nevymahateln\u00fdm, ostatn\u00ed ustanoven\u00ed z\u016fst\u00e1vaj\u00ed v platnosti.<\/p>\n<h3>17. Jazyk a p\u0159ednost<\/h3>\n<p>Tyto podm\u00ednky jsou uvedeny v angli\u010dtin\u011b.<\/p>\n<p>P\u0159eklady do jin\u00fdch jazyk\u016f jsou ur\u010deny pouze pro usnadn\u011bn\u00ed.<\/p>\n<p>V p\u0159\u00edpad\u011b rozporu nebo nejasnost\u00ed je rozhoduj\u00edc\u00ed anglick\u00e1 verze.<\/p>\n<\/div>\n<h5><strong>M\u00e1te-li dal\u0161\u00ed dotazy, nev\u00e1hejte n\u00e1s kontaktovat:<\/strong><\/h5>\n<p><strong style=\"font-size: 16px;\">E-mail:<\/strong> <a style=\"font-size: 16px; background-color: #ffffff;\" href=\"mailto:support@simtaly.com\">support@simtaly.com<\/a><br><strong>\u017div\u00fd chat WhatsApp:<\/strong> <a title=\"tel:16505474744\" href=\"tel:16505474744\" target=\"_blank\" rel=\"noopener noreferrer\">+16505474744<\/a><\/p>\t\t\t\t\t\t\t\t<\/div>\n\t\t\t\t\t<\/div>\n\t\t\t\t<\/div>\n\t\t\t\t<\/div>","protected":false},"excerpt":{"rendered":"<p>Terms and Conditions for simtaly.com Last updated: 24.10.2025&nbsp; Provider: DALASON GmbH, Lindenstr. 82, 50674 Cologne, GermanyEmail: support@simtaly.comWhatsApp Live Chat: +16505474744 [&hellip;]<\/p>","protected":false},"author":5,"featured_media":0,"parent":0,"menu_order":0,"comment_status":"closed","ping_status":"closed","template":"","meta":{"site-sidebar-layout":"no-sidebar","site-content-layout":"","ast-site-content-layout":"full-width-container","site-content-style":"default","site-sidebar-style":"default","ast-global-header-display":"","ast-banner-title-visibility":"","ast-main-header-display":"","ast-hfb-above-header-display":"","ast-hfb-below-header-display":"","ast-hfb-mobile-header-display":"","site-post-title":"disabled","ast-breadcrumbs-content":"","ast-featured-img":"disabled","footer-sml-layout":"","theme-transparent-header-meta":"enabled","adv-header-id-meta":"","stick-header-meta":"","header-above-stick-meta":"","header-main-stick-meta":"","header-below-stick-meta":"","astra-migrate-meta-layouts":"default","ast-page-background-enabled":"default","ast-page-background-meta":{"desktop":{"background-color":"var(--ast-global-color-5)","background-image":"","background-repeat":"repeat","background-position":"center center","background-size":"auto","background-attachment":"scroll","background-type":"","background-media":"","overlay-type":"","overlay-color":"","overlay-opacity":"","overlay-gradient":""},"tablet":{"background-color":"","background-image":"","background-repeat":"repeat","background-position":"center center","background-size":"auto","background-attachment":"scroll","background-type":"","background-media":"","overlay-type":"","overlay-color":"","overlay-opacity":"","overlay-gradient":""},"mobile":{"background-color":"","background-image":"","background-repeat":"repeat","background-position":"center center","background-size":"auto","background-attachment":"scroll","background-type":"","background-media":"","overlay-type":"","overlay-color":"","overlay-opacity":"","overlay-gradient":""}},"ast-content-background-meta":{"desktop":{"background-color":"var(--ast-global-color-4)","background-image":"","background-repeat":"repeat","background-position":"center center","background-size":"auto","background-attachment":"scroll","background-type":"","background-media":"","overlay-type":"","overlay-color":"","overlay-opacity":"","overlay-gradient":""},"tablet":{"background-color":"var(--ast-global-color-4)","background-image":"","background-repeat":"repeat","background-position":"center center","background-size":"auto","background-attachment":"scroll","background-type":"","background-media":"","overlay-type":"","overlay-color":"","overlay-opacity":"","overlay-gradient":""},"mobile":{"background-color":"var(--ast-global-color-4)","background-image":"","background-repeat":"repeat","background-position":"center center","background-size":"auto","background-attachment":"scroll","background-type":"","background-media":"","overlay-type":"","overlay-color":"","overlay-opacity":"","overlay-gradient":""}},"footnotes":""},"class_list":["post-1427","page","type-page","status-publish","hentry"],"_links":{"self":[{"href":"https:\/\/www.simtaly.com\/cs\/wp-json\/wp\/v2\/pages\/1427","targetHints":{"allow":["GET"]}}],"collection":[{"href":"https:\/\/www.simtaly.com\/cs\/wp-json\/wp\/v2\/pages"}],"about":[{"href":"https:\/\/www.simtaly.com\/cs\/wp-json\/wp\/v2\/types\/page"}],"author":[{"embeddable":true,"href":"https:\/\/www.simtaly.com\/cs\/wp-json\/wp\/v2\/users\/5"}],"replies":[{"embeddable":true,"href":"https:\/\/www.simtaly.com\/cs\/wp-json\/wp\/v2\/comments?post=1427"}],"version-history":[{"count":46,"href":"https:\/\/www.simtaly.com\/cs\/wp-json\/wp\/v2\/pages\/1427\/revisions"}],"predecessor-version":[{"id":3770,"href":"https:\/\/www.simtaly.com\/cs\/wp-json\/wp\/v2\/pages\/1427\/revisions\/3770"}],"wp:attachment":[{"href":"https:\/\/www.simtaly.com\/cs\/wp-json\/wp\/v2\/media?parent=1427"}],"curies":[{"name":"wp","href":"https:\/\/api.w.org\/{rel}","templated":true}]}}