{"id":1182,"date":"2025-09-10T09:04:47","date_gmt":"2025-09-10T09:04:47","guid":{"rendered":"https:\/\/www.simtaly.com\/?page_id=1182"},"modified":"2025-11-28T22:55:14","modified_gmt":"2025-11-28T21:55:14","slug":"otisk","status":"publish","type":"page","link":"https:\/\/www.simtaly.com\/cs\/otisk\/","title":{"rendered":"Otisk"},"content":{"rendered":"<div data-elementor-type=\"wp-page\" data-elementor-id=\"1182\" class=\"elementor elementor-1182\" data-elementor-post-type=\"page\">\n\t\t\t\t<div class=\"elementor-element elementor-element-913f3fd e-flex e-con-boxed e-con e-parent\" data-id=\"913f3fd\" data-element_type=\"container\" data-settings=\"{&quot;background_background&quot;:&quot;gradient&quot;}\">\n\t\t\t\t\t<div class=\"e-con-inner\">\n\t\t\t\t<div class=\"elementor-element elementor-element-202bf3b elementor-widget elementor-widget-heading\" data-id=\"202bf3b\" data-element_type=\"widget\" data-widget_type=\"heading.default\">\n\t\t\t\t\t<h1 class=\"elementor-heading-title elementor-size-default\">Pr\u00e1vn\u00ed upozorn\u011bn\u00ed (Imprint)<\/h1>\t\t\t\t<\/div>\n\t\t\t\t\t<\/div>\n\t\t\t\t<\/div>\n\t\t<div class=\"elementor-element elementor-element-9011448 e-flex e-con-boxed e-con e-parent\" data-id=\"9011448\" data-element_type=\"container\">\n\t\t\t\t\t<div class=\"e-con-inner\">\n\t\t\t\t<div class=\"elementor-element elementor-element-22ca553 elementor-widget elementor-widget-spacer\" data-id=\"22ca553\" data-element_type=\"widget\" data-widget_type=\"spacer.default\">\n\t\t\t\t\t\t\t<div class=\"elementor-spacer\">\n\t\t\t<div class=\"elementor-spacer-inner\"><\/div>\n\t\t<\/div>\n\t\t\t\t\t\t<\/div>\n\t\t\t\t\t<\/div>\n\t\t\t\t<\/div>\n\t\t<div class=\"elementor-element elementor-element-eb22c6b e-flex e-con-boxed e-con e-parent\" data-id=\"eb22c6b\" data-element_type=\"container\">\n\t\t\t\t\t<div class=\"e-con-inner\">\n\t\t\t\t<div class=\"elementor-element elementor-element-5784496 elementor-widget elementor-widget-text-editor\" data-id=\"5784496\" data-element_type=\"widget\" data-widget_type=\"text-editor.default\">\n\t\t\t\t\t\t\t\t\t<div style=\"line-height: 1.6;\"><h3 style=\"color: #222222; font-family: Arial, sans-serif;\">Informace podle \u00a7 5 TMG (n\u011bmeck\u00fd z\u00e1kon o telem\u00e9di\u00edch) a \u00a7 18 odst. 2 MStV:<\/h3><p style=\"color: #222222; font-family: Arial, sans-serif;\"><strong>Simtaly<\/strong><br \/>DALASON GmbH<br \/>Lindenstra\u00dfe 82<br \/>50674 Kol\u00edn nad R\u00fdnem<br \/>N\u011bmecko<\/p><p style=\"color: #222222; font-family: Arial, sans-serif;\"><strong>Zastoupen\u00e1:<\/strong><br \/>\u0158editel\u00e9: Andreas Damek a Chung-U Son<\/p><p style=\"color: #222222; font-family: Arial, sans-serif;\"><strong>Kontakt:<\/strong><br \/>E-mail: <a href=\"mailto:support@simtaly.com\">support@simtaly.com<\/a><br \/><span style=\"font-style: inherit; font-weight: inherit;\">WhatsApp Live Chat: \u202a<a title=\"\" href=\"tel:16505474744\" target=\"_blank\" rel=\"noopener noreferrer\" data-title=\"tel:16505474744\">+16505474744<\/a><\/span><br \/>Webov\u00e9 str\u00e1nky<strong>:<\/strong> <a href=\"https:\/\/www.simtaly.com\/cs\/\" target=\"_blank\" rel=\"noopener noreferrer\">https:\/\/www.simtaly.com<\/a><\/p><p style=\"color: #222222; font-family: Arial, sans-serif;\"><strong>Z\u00e1pis do obchodn\u00edho rejst\u0159\u00edku:<br \/><\/strong>Rejst\u0159\u00edkov\u00fd soud: M\u00edstn\u00ed soud v Kol\u00edn\u011b nad R\u00fdnem (Amtsgericht K\u00f6ln)<br \/>Registra\u010dn\u00ed \u010d\u00edslo: HRB 60929<\/p><p style=\"color: #222222; font-family: Arial, sans-serif;\"><strong>Identifika\u010dn\u00ed \u010d\u00edslo pro DPH podle \u00a7 27a n\u011bmeck\u00e9ho z\u00e1kona o DPH:<\/strong><br \/>Da\u0148ov\u00e9 identifika\u010dn\u00ed \u010d\u00edslo: DE255749627<\/p><p style=\"color: #222222; font-family: Arial, sans-serif;\"><strong>Odpov\u011bdnost za obsah podle \u00a7 18 odst. 2 MStV:<\/strong><br \/>Andreas Damek<br \/>DALASON GmbH<br \/>Lindenstra\u00dfe 82<br \/>50674 Kol\u00edn nad R\u00fdnem<br \/>N\u011bmecko<\/p><h3 style=\"color: #222222; font-family: Arial, sans-serif;\">Odm\u00edtnut\u00ed odpov\u011bdnosti<\/h3><p style=\"color: #222222; font-family: Arial, sans-serif;\"><strong>Odpov\u011bdnost za obsah<\/strong><br \/>Obsah na\u0161ich webov\u00fdch str\u00e1nek byl vytvo\u0159en s maxim\u00e1ln\u00ed p\u00e9\u010d\u00ed. Nem\u016f\u017eeme v\u0161ak zaru\u010dit p\u0159esnost, \u00faplnost nebo aktu\u00e1lnost obsahu.<br \/>Jako poskytovatel slu\u017eeb jsme podle obecn\u00fdch pr\u00e1vn\u00edch p\u0159edpis\u016f (\u00a7 7 odst. 1 TMG) odpov\u011bdn\u00ed za vlastn\u00ed obsah t\u011bchto str\u00e1nek.<br \/>Podle \u00a7\u00a7 8-10 TMG nejsme povinni sledovat p\u0159en\u00e1\u0161en\u00e9 nebo ukl\u00e1dan\u00e9 informace t\u0159et\u00edch stran ani vy\u0161et\u0159ovat okolnosti nazna\u010duj\u00edc\u00ed nez\u00e1konnou \u010dinnost.<br \/>Povinnosti odstranit nebo zablokovat pou\u017e\u00edv\u00e1n\u00ed informac\u00ed podle obecn\u00fdch pr\u00e1vn\u00edch p\u0159edpis\u016f z\u016fst\u00e1vaj\u00ed nedot\u010deny. Odpov\u011bdnost v tomto ohledu je v\u0161ak mo\u017en\u00e1 a\u017e od okam\u017eiku, kdy se dozv\u00edme o konkr\u00e9tn\u00edm poru\u0161en\u00ed z\u00e1kona. Po ozn\u00e1men\u00ed takov\u00e9ho poru\u0161en\u00ed obsah neprodlen\u011b odstran\u00edme.<\/p><p style=\"color: #222222; font-family: Arial, sans-serif;\"><strong>Odpov\u011bdnost za odkazy<\/strong><br \/>Na\u0161e webov\u00e9 str\u00e1nky obsahuj\u00ed odkazy na extern\u00ed webov\u00e9 str\u00e1nky t\u0159et\u00edch stran, nad jejich\u017e obsahem nem\u00e1me kontrolu. Proto nem\u016f\u017eeme p\u0159evz\u00edt \u017e\u00e1dnou odpov\u011bdnost za takov\u00fd extern\u00ed obsah.<br \/>Za obsah odkazovan\u00fdch str\u00e1nek je v\u017edy odpov\u011bdn\u00fd jejich provozovatel.<br \/>Odkazovan\u00e9 str\u00e1nky byly v dob\u011b odkazov\u00e1n\u00ed zkontrolov\u00e1ny z hlediska mo\u017en\u00e9ho poru\u0161en\u00ed pr\u00e1vn\u00edch p\u0159edpis\u016f. Neleg\u00e1ln\u00ed obsah nebyl v t\u00e9 dob\u011b rozpozn\u00e1n.<br \/>Trval\u00e9 sledov\u00e1n\u00ed odkazovan\u00fdch str\u00e1nek je bez konkr\u00e9tn\u00edch d\u016fkaz\u016f o poru\u0161en\u00ed p\u0159edpis\u016f nep\u0159im\u011b\u0159en\u00e9. Jakmile se o takov\u00e9m poru\u0161en\u00ed dozv\u00edme, odkazy okam\u017eit\u011b odstran\u00edme.<\/p><p style=\"color: #222222; font-family: Arial, sans-serif;\"><strong>Autorsk\u00e1 pr\u00e1va<\/strong><br \/><span style=\"font-size: 16px;\">Ve\u0161ker\u00fd obsah a d\u00edla vytvo\u0159en\u00e1 provozovatelem webov\u00fdch str\u00e1nek podl\u00e9haj\u00ed n\u011bmeck\u00e9mu autorsk\u00e9mu pr\u00e1vu.<\/span><\/p><p style=\"color: #222222; font-family: Arial, sans-serif;\">Reprodukce, \u00fapravy, \u0161\u00ed\u0159en\u00ed nebo jak\u00e1koli forma vyu\u017eit\u00ed nad r\u00e1mec autorsk\u00e9ho z\u00e1kona vy\u017eaduje p\u00edsemn\u00fd souhlas p\u0159\u00edslu\u0161n\u00e9ho autora nebo tv\u016frce.<br \/><span style=\"font-size: 16px;\">Stahov\u00e1n\u00ed a kop\u00edrov\u00e1n\u00ed t\u011bchto str\u00e1nek je povoleno pouze pro soukrom\u00e9, nekomer\u010dn\u00ed pou\u017eit\u00ed.<br \/><\/span>Pokud obsah na t\u011bchto webov\u00fdch str\u00e1nk\u00e1ch nevytvo\u0159il provozovatel, jsou autorsk\u00e1 pr\u00e1va t\u0159et\u00edch stran respektov\u00e1na a takov\u00fd obsah je jasn\u011b ozna\u010den.<br \/>Pokud se p\u0159esto dozv\u00edte o poru\u0161en\u00ed autorsk\u00fdch pr\u00e1v, upozorn\u011bte n\u00e1s na to. Po ozn\u00e1men\u00ed takov\u00fd obsah neprodlen\u011b odstran\u00edme.<\/p><p style=\"color: #222222; font-family: Arial, sans-serif;\"><strong>\u0158e\u0161en\u00ed spor\u016f online<\/strong><br \/>Evropsk\u00e1 komise poskytuje platformu pro online \u0159e\u0161en\u00ed spor\u016f (OS):<br \/><a href=\"https:\/\/ec.europa.eu\/consumers\/odr\" target=\"_blank\" rel=\"noopener noreferrer nofollow\">https:\/\/ec.europa.eu\/consumers\/odr<\/a><\/p><p>Na\u0161i e-mailovou adresu najdete v\u00fd\u0161e v tomto pr\u00e1vn\u00edm upozorn\u011bn\u00ed.<br \/>Nejsme ochotni ani povinni \u00fa\u010dastnit se \u0159\u00edzen\u00ed o \u0159e\u0161en\u00ed spor\u016f p\u0159ed spot\u0159ebitelskou rozhod\u010d\u00ed komis\u00ed.<\/p><p style=\"color: #222222; font-family: Arial, sans-serif;\"><strong>Upozorn\u011bn\u00ed t\u00fdkaj\u00edc\u00ed se obsahu t\u0159et\u00edch stran (\u00a710 TMG)<br \/><\/strong>P\u0159\u00edsp\u011bvky u\u017eivatel\u016f nebo t\u0159et\u00edch stran nemus\u00ed nutn\u011b odr\u00e1\u017eet n\u00e1zory provozovatele.<br \/>Provozovatel nenese za takov\u00fd obsah \u017e\u00e1dnou redak\u010dn\u00ed odpov\u011bdnost.<\/p><p><strong>M\u00e1te-li jak\u00e9koli dotazy t\u00fdkaj\u00edc\u00ed se otisku, nev\u00e1hejte n\u00e1s kontaktovat:<\/strong><br \/>E-mail: <a href=\"mailto:support@simtaly.com\">support@simtaly.com<\/a><br \/>WhatsApp Live Chat: \u202a<a title=\"\" href=\"https:\/\/wa.me\/16505474744\" target=\"_blank\" rel=\"noopener noreferrer nofollow\" data-title=\"tel:16505474744\">+16505474744<\/a><\/p><\/div>\t\t\t\t\t\t\t\t<\/div>\n\t\t\t\t\t<\/div>\n\t\t\t\t<\/div>\n\t\t\t\t<\/div>","protected":false},"excerpt":{"rendered":"<p>Legal Notice (Imprint) Information according to \u00a75 TMG (German Telemedia Act) and \u00a718 (2) MStV: SimtalyDALASON GmbHLindenstra\u00dfe 8250674 CologneGermany Represented [&hellip;]<\/p>","protected":false},"author":5,"featured_media":0,"parent":0,"menu_order":0,"comment_status":"closed","ping_status":"closed","template":"","meta":{"site-sidebar-layout":"no-sidebar","site-content-layout":"","ast-site-content-layout":"full-width-container","site-content-style":"default","site-sidebar-style":"default","ast-global-header-display":"","ast-banner-title-visibility":"","ast-main-header-display":"","ast-hfb-above-header-display":"","ast-hfb-below-header-display":"","ast-hfb-mobile-header-display":"","site-post-title":"disabled","ast-breadcrumbs-content":"","ast-featured-img":"disabled","footer-sml-layout":"","theme-transparent-header-meta":"enabled","adv-header-id-meta":"","stick-header-meta":"","header-above-stick-meta":"","header-main-stick-meta":"","header-below-stick-meta":"","astra-migrate-meta-layouts":"default","ast-page-background-enabled":"default","ast-page-background-meta":{"desktop":{"background-color":"var(--ast-global-color-5)","background-image":"","background-repeat":"repeat","background-position":"center center","background-size":"auto","background-attachment":"scroll","background-type":"","background-media":"","overlay-type":"","overlay-color":"","overlay-opacity":"","overlay-gradient":""},"tablet":{"background-color":"","background-image":"","background-repeat":"repeat","background-position":"center center","background-size":"auto","background-attachment":"scroll","background-type":"","background-media":"","overlay-type":"","overlay-color":"","overlay-opacity":"","overlay-gradient":""},"mobile":{"background-color":"","background-image":"","background-repeat":"repeat","background-position":"center center","background-size":"auto","background-attachment":"scroll","background-type":"","background-media":"","overlay-type":"","overlay-color":"","overlay-opacity":"","overlay-gradient":""}},"ast-content-background-meta":{"desktop":{"background-color":"var(--ast-global-color-4)","background-image":"","background-repeat":"repeat","background-position":"center center","background-size":"auto","background-attachment":"scroll","background-type":"","background-media":"","overlay-type":"","overlay-color":"","overlay-opacity":"","overlay-gradient":""},"tablet":{"background-color":"var(--ast-global-color-4)","background-image":"","background-repeat":"repeat","background-position":"center center","background-size":"auto","background-attachment":"scroll","background-type":"","background-media":"","overlay-type":"","overlay-color":"","overlay-opacity":"","overlay-gradient":""},"mobile":{"background-color":"var(--ast-global-color-4)","background-image":"","background-repeat":"repeat","background-position":"center center","background-size":"auto","background-attachment":"scroll","background-type":"","background-media":"","overlay-type":"","overlay-color":"","overlay-opacity":"","overlay-gradient":""}},"footnotes":""},"class_list":["post-1182","page","type-page","status-publish","hentry"],"_links":{"self":[{"href":"https:\/\/www.simtaly.com\/cs\/wp-json\/wp\/v2\/pages\/1182","targetHints":{"allow":["GET"]}}],"collection":[{"href":"https:\/\/www.simtaly.com\/cs\/wp-json\/wp\/v2\/pages"}],"about":[{"href":"https:\/\/www.simtaly.com\/cs\/wp-json\/wp\/v2\/types\/page"}],"author":[{"embeddable":true,"href":"https:\/\/www.simtaly.com\/cs\/wp-json\/wp\/v2\/users\/5"}],"replies":[{"embeddable":true,"href":"https:\/\/www.simtaly.com\/cs\/wp-json\/wp\/v2\/comments?post=1182"}],"version-history":[{"count":50,"href":"https:\/\/www.simtaly.com\/cs\/wp-json\/wp\/v2\/pages\/1182\/revisions"}],"predecessor-version":[{"id":3983,"href":"https:\/\/www.simtaly.com\/cs\/wp-json\/wp\/v2\/pages\/1182\/revisions\/3983"}],"wp:attachment":[{"href":"https:\/\/www.simtaly.com\/cs\/wp-json\/wp\/v2\/media?parent=1182"}],"curies":[{"name":"wp","href":"https:\/\/api.w.org\/{rel}","templated":true}]}}